{"id":11129,"date":"2024-08-21T12:35:15","date_gmt":"2024-08-21T09:35:15","guid":{"rendered":"https:\/\/msmklinik.com.tr\/?page_id=11129"},"modified":"2024-08-21T14:11:58","modified_gmt":"2024-08-21T11:11:58","slug":"sehnenverletzung","status":"publish","type":"page","link":"http:\/\/msmklinik.com.tr\/de\/sehnenverletzung\/","title":{"rendered":"Sehnenverletzung"},"content":{"rendered":"\t\t<div data-elementor-type=\"wp-page\" data-elementor-id=\"11129\" class=\"elementor elementor-11129 elementor-11103\" data-elementor-post-type=\"page\">\n\t\t\t\t<div class=\"elementor-element elementor-element-37687536 e-flex e-con-boxed e-con e-parent\" data-id=\"37687536\" data-element_type=\"container\" data-e-type=\"container\">\n\t\t\t\t\t<div class=\"e-con-inner\">\n\t\t\t\t<div class=\"elementor-element elementor-element-391f2bad elementor-icon-list--layout-traditional elementor-list-item-link-full_width elementor-widget elementor-widget-icon-list\" data-id=\"391f2bad\" data-element_type=\"widget\" data-e-type=\"widget\" data-widget_type=\"icon-list.default\">\n\t\t\t\t<div class=\"elementor-widget-container\">\n\t\t\t\t\t\t\t<ul class=\"elementor-icon-list-items\">\n\t\t\t\t\t\t\t<li class=\"elementor-icon-list-item\">\n\t\t\t\t\t\t\t\t\t\t\t<a href=\"#1\">\n\n\t\t\t\t\t\t\t\t\t\t\t\t<span class=\"elementor-icon-list-icon\">\n\t\t\t\t\t\t\t<svg aria-hidden=\"true\" class=\"e-font-icon-svg e-fas-angle-right\" viewBox=\"0 0 256 512\" xmlns=\"http:\/\/www.w3.org\/2000\/svg\"><path d=\"M224.3 273l-136 136c-9.4 9.4-24.6 9.4-33.9 0l-22.6-22.6c-9.4-9.4-9.4-24.6 0-33.9l96.4-96.4-96.4-96.4c-9.4-9.4-9.4-24.6 0-33.9L54.3 103c9.4-9.4 24.6-9.4 33.9 0l136 136c9.5 9.4 9.5 24.6.1 34z\"><\/path><\/svg>\t\t\t\t\t\t<\/span>\n\t\t\t\t\t\t\t\t\t\t<span class=\"elementor-icon-list-text\">Was ist eine Sehnenverletzung?<\/span>\n\t\t\t\t\t\t\t\t\t\t\t<\/a>\n\t\t\t\t\t\t\t\t\t<\/li>\n\t\t\t\t\t\t\t\t<li class=\"elementor-icon-list-item\">\n\t\t\t\t\t\t\t\t\t\t\t<a href=\"#2\">\n\n\t\t\t\t\t\t\t\t\t\t\t\t<span class=\"elementor-icon-list-icon\">\n\t\t\t\t\t\t\t<svg aria-hidden=\"true\" class=\"e-font-icon-svg e-fas-angle-right\" viewBox=\"0 0 256 512\" xmlns=\"http:\/\/www.w3.org\/2000\/svg\"><path d=\"M224.3 273l-136 136c-9.4 9.4-24.6 9.4-33.9 0l-22.6-22.6c-9.4-9.4-9.4-24.6 0-33.9l96.4-96.4-96.4-96.4c-9.4-9.4-9.4-24.6 0-33.9L54.3 103c9.4-9.4 24.6-9.4 33.9 0l136 136c9.5 9.4 9.5 24.6.1 34z\"><\/path><\/svg>\t\t\t\t\t\t<\/span>\n\t\t\t\t\t\t\t\t\t\t<span class=\"elementor-icon-list-text\">Was sind die Ursachen einer Sehnenverletzung?<\/span>\n\t\t\t\t\t\t\t\t\t\t\t<\/a>\n\t\t\t\t\t\t\t\t\t<\/li>\n\t\t\t\t\t\t\t\t<li class=\"elementor-icon-list-item\">\n\t\t\t\t\t\t\t\t\t\t\t<a href=\"#3\">\n\n\t\t\t\t\t\t\t\t\t\t\t\t<span class=\"elementor-icon-list-icon\">\n\t\t\t\t\t\t\t<svg aria-hidden=\"true\" class=\"e-font-icon-svg e-fas-angle-right\" viewBox=\"0 0 256 512\" xmlns=\"http:\/\/www.w3.org\/2000\/svg\"><path d=\"M224.3 273l-136 136c-9.4 9.4-24.6 9.4-33.9 0l-22.6-22.6c-9.4-9.4-9.4-24.6 0-33.9l96.4-96.4-96.4-96.4c-9.4-9.4-9.4-24.6 0-33.9L54.3 103c9.4-9.4 24.6-9.4 33.9 0l136 136c9.5 9.4 9.5 24.6.1 34z\"><\/path><\/svg>\t\t\t\t\t\t<\/span>\n\t\t\t\t\t\t\t\t\t\t<span class=\"elementor-icon-list-text\">Was sind die Symptome einer Sehnenverletzung?<\/span>\n\t\t\t\t\t\t\t\t\t\t\t<\/a>\n\t\t\t\t\t\t\t\t\t<\/li>\n\t\t\t\t\t\t\t\t<li class=\"elementor-icon-list-item\">\n\t\t\t\t\t\t\t\t\t\t\t<a href=\"#4\">\n\n\t\t\t\t\t\t\t\t\t\t\t\t<span class=\"elementor-icon-list-icon\">\n\t\t\t\t\t\t\t<svg aria-hidden=\"true\" class=\"e-font-icon-svg e-fas-angle-right\" viewBox=\"0 0 256 512\" xmlns=\"http:\/\/www.w3.org\/2000\/svg\"><path d=\"M224.3 273l-136 136c-9.4 9.4-24.6 9.4-33.9 0l-22.6-22.6c-9.4-9.4-9.4-24.6 0-33.9l96.4-96.4-96.4-96.4c-9.4-9.4-9.4-24.6 0-33.9L54.3 103c9.4-9.4 24.6-9.4 33.9 0l136 136c9.5 9.4 9.5 24.6.1 34z\"><\/path><\/svg>\t\t\t\t\t\t<\/span>\n\t\t\t\t\t\t\t\t\t\t<span class=\"elementor-icon-list-text\">Wie wird eine Hand Sehnenverletzung diagnostiziert?<\/span>\n\t\t\t\t\t\t\t\t\t\t\t<\/a>\n\t\t\t\t\t\t\t\t\t<\/li>\n\t\t\t\t\t\t\t\t<li class=\"elementor-icon-list-item\">\n\t\t\t\t\t\t\t\t\t\t\t<a href=\"#5\">\n\n\t\t\t\t\t\t\t\t\t\t\t\t<span class=\"elementor-icon-list-icon\">\n\t\t\t\t\t\t\t<svg aria-hidden=\"true\" class=\"e-font-icon-svg e-fas-angle-right\" viewBox=\"0 0 256 512\" xmlns=\"http:\/\/www.w3.org\/2000\/svg\"><path d=\"M224.3 273l-136 136c-9.4 9.4-24.6 9.4-33.9 0l-22.6-22.6c-9.4-9.4-9.4-24.6 0-33.9l96.4-96.4-96.4-96.4c-9.4-9.4-9.4-24.6 0-33.9L54.3 103c9.4-9.4 24.6-9.4 33.9 0l136 136c9.5 9.4 9.5 24.6.1 34z\"><\/path><\/svg>\t\t\t\t\t\t<\/span>\n\t\t\t\t\t\t\t\t\t\t<span class=\"elementor-icon-list-text\">Wie wird eine Sehnenverletzung behandelt?<\/span>\n\t\t\t\t\t\t\t\t\t\t\t<\/a>\n\t\t\t\t\t\t\t\t\t<\/li>\n\t\t\t\t\t\t\t\t<li class=\"elementor-icon-list-item\">\n\t\t\t\t\t\t\t\t\t\t\t<a href=\"#6\">\n\n\t\t\t\t\t\t\t\t\t\t\t\t<span class=\"elementor-icon-list-icon\">\n\t\t\t\t\t\t\t<svg aria-hidden=\"true\" class=\"e-font-icon-svg e-fas-angle-right\" viewBox=\"0 0 256 512\" xmlns=\"http:\/\/www.w3.org\/2000\/svg\"><path d=\"M224.3 273l-136 136c-9.4 9.4-24.6 9.4-33.9 0l-22.6-22.6c-9.4-9.4-9.4-24.6 0-33.9l96.4-96.4-96.4-96.4c-9.4-9.4-9.4-24.6 0-33.9L54.3 103c9.4-9.4 24.6-9.4 33.9 0l136 136c9.5 9.4 9.5 24.6.1 34z\"><\/path><\/svg>\t\t\t\t\t\t<\/span>\n\t\t\t\t\t\t\t\t\t\t<span class=\"elementor-icon-list-text\">Heilungsprozess einer Sehnenverletzung<\/span>\n\t\t\t\t\t\t\t\t\t\t\t<\/a>\n\t\t\t\t\t\t\t\t\t<\/li>\n\t\t\t\t\t\t<\/ul>\n\t\t\t\t\t\t<\/div>\n\t\t\t\t<\/div>\n\t\t\t\t\t<\/div>\n\t\t\t\t<\/div>\n\t\t<div class=\"elementor-element elementor-element-282c9d74 e-flex e-con-boxed e-con e-parent\" data-id=\"282c9d74\" data-element_type=\"container\" data-e-type=\"container\">\n\t\t\t\t\t<div class=\"e-con-inner\">\n\t\t<div class=\"elementor-element elementor-element-78749813 e-con-full e-flex e-con e-child\" data-id=\"78749813\" data-element_type=\"container\" data-e-type=\"container\">\n\t\t\t\t<div class=\"elementor-element elementor-element-507ff17d elementor-widget elementor-widget-heading\" data-id=\"507ff17d\" data-element_type=\"widget\" data-e-type=\"widget\" id=\"1\" data-widget_type=\"heading.default\">\n\t\t\t\t<div class=\"elementor-widget-container\">\n\t\t\t\t\t<h2 class=\"elementor-heading-title elementor-size-default\">Was ist eine Sehnenverletzung?<\/h2>\t\t\t\t<\/div>\n\t\t\t\t<\/div>\n\t\t\t\t<div class=\"elementor-element elementor-element-7cc77a elementor-widget elementor-widget-text-editor\" data-id=\"7cc77a\" data-element_type=\"widget\" data-e-type=\"widget\" data-widget_type=\"text-editor.default\">\n\t\t\t\t<div class=\"elementor-widget-container\">\n\t\t\t\t\t\t\t\t\t<p>Eine Sehnenverletzung ist ein Zustand, bei dem die Sehnen, die die Bewegung der Hand erm\u00f6glichen, gerissen oder besch\u00e4digt sind. Sehnen sind faserige Gewebe, die Muskeln mit Knochen verbinden und unsere Bewegungen erm\u00f6glichen. Sehnenverletzungen in der Hand k\u00f6nnen die Aktivit\u00e4ten des t\u00e4glichen Lebens erheblich einschr\u00e4nken und zum Verlust der Handfunktion f\u00fchren.<\/p>\t\t\t\t\t\t\t\t<\/div>\n\t\t\t\t<\/div>\n\t\t\t\t<div class=\"elementor-element elementor-element-17722a4d elementor-widget elementor-widget-heading\" data-id=\"17722a4d\" data-element_type=\"widget\" data-e-type=\"widget\" id=\"2\" data-widget_type=\"heading.default\">\n\t\t\t\t<div class=\"elementor-widget-container\">\n\t\t\t\t\t<h2 class=\"elementor-heading-title elementor-size-default\">Was sind die Ursachen einer Sehnenverletzung?<\/h2>\t\t\t\t<\/div>\n\t\t\t\t<\/div>\n\t\t\t\t<div class=\"elementor-element elementor-element-479ae82f elementor-widget elementor-widget-text-editor\" data-id=\"479ae82f\" data-element_type=\"widget\" data-e-type=\"widget\" data-widget_type=\"text-editor.default\">\n\t\t\t\t<div class=\"elementor-widget-container\">\n\t\t\t\t\t\t\t\t\t<p>Zu den offensichtlichsten Gr\u00fcnden:<\/p><ul><li><strong>Verletzungen durch Schneidwerkzeuge<\/strong>: Durch Schneidwerkzeuge wie Messer, Glas oder Scheren verursachte Wunden k\u00f6nnen zu Sehnendurchtrennungen f\u00fchren.<\/li><li><strong> Quetschverletzungen:<\/strong> Wenn Sie beispielsweise in einer T\u00fcr stecken bleiben oder auf einen schweren Gegenstand fallen, k\u00f6nnen Sehnen gequetscht oder gerissen werden.<\/li><li><strong>Sportverletzungen:<\/strong> Besonders bei Sportarten wie Ballspielen und Ringen kommt es h\u00e4ufig zu Sehnenverletzungen.<\/li><li><strong>Wiederholte Bewegungen:<\/strong> Wiederholte Bewegungen k\u00f6nnen in manchen Berufen zu einer Abnutzung der Sehnen f\u00fchren.<\/li><\/ul>\t\t\t\t\t\t\t\t<\/div>\n\t\t\t\t<\/div>\n\t\t\t\t<\/div>\n\t\t<div class=\"elementor-element elementor-element-2b2096f9 e-flex e-con-boxed e-con e-child\" data-id=\"2b2096f9\" data-element_type=\"container\" data-e-type=\"container\">\n\t\t\t\t\t<div class=\"e-con-inner\">\n\t\t\t\t<div class=\"elementor-element elementor-element-6f50922a elementor-widget elementor-widget-image\" data-id=\"6f50922a\" data-element_type=\"widget\" data-e-type=\"widget\" data-widget_type=\"image.default\">\n\t\t\t\t<div class=\"elementor-widget-container\">\n\t\t\t\t\t\t\t\t\t\t\t\t\t\t\t<img fetchpriority=\"high\" decoding=\"async\" width=\"392\" height=\"580\" src=\"https:\/\/msmklinik.com.tr\/wp-content\/uploads\/2024\/08\/el-tendon-yaralanmasi.png\" class=\"attachment-large size-large wp-image-11109\" alt=\"El tendon yaralanmas\u0131\" srcset=\"https:\/\/msmklinik.com.tr\/wp-content\/uploads\/2024\/08\/el-tendon-yaralanmasi.png.webp 392w, https:\/\/msmklinik.com.tr\/wp-content\/uploads\/2024\/08\/el-tendon-yaralanmasi-203x300.png.webp 203w\" sizes=\"(max-width: 392px) 100vw, 392px\" \/>\t\t\t\t\t\t\t\t\t\t\t\t\t\t\t<\/div>\n\t\t\t\t<\/div>\n\t\t\t\t\t<\/div>\n\t\t\t\t<\/div>\n\t\t\t\t\t<\/div>\n\t\t\t\t<\/div>\n\t\t<div class=\"elementor-element elementor-element-52da35a0 e-flex e-con-boxed e-con e-parent\" data-id=\"52da35a0\" data-element_type=\"container\" data-e-type=\"container\">\n\t\t\t\t\t<div class=\"e-con-inner\">\n\t\t\t\t<div class=\"elementor-element elementor-element-3ab81d74 elementor-mobile-align-justify elementor-widget__width-auto elementor-align-left elementor-widget elementor-widget-button\" data-id=\"3ab81d74\" data-element_type=\"widget\" data-e-type=\"widget\" data-widget_type=\"button.default\">\n\t\t\t\t<div class=\"elementor-widget-container\">\n\t\t\t\t\t\t\t\t\t<div class=\"elementor-button-wrapper\">\n\t\t\t\t\t<a class=\"elementor-button elementor-button-link elementor-size-sm\" href=\"#elementor-action%3Aaction%3Dpopup%3Aopen%26settings%3DeyJpZCI6NzA3OCwidG9nZ2xlIjpmYWxzZX0%3D\">\n\t\t\t\t\t\t<span class=\"elementor-button-content-wrapper\">\n\t\t\t\t\t\t\t\t\t<span class=\"elementor-button-text\">Information<\/span>\n\t\t\t\t\t<\/span>\n\t\t\t\t\t<\/a>\n\t\t\t\t<\/div>\n\t\t\t\t\t\t\t\t<\/div>\n\t\t\t\t<\/div>\n\t\t\t\t<div class=\"elementor-element elementor-element-f15ea55 elementor-widget elementor-widget-heading\" data-id=\"f15ea55\" data-element_type=\"widget\" data-e-type=\"widget\" id=\"3\" data-widget_type=\"heading.default\">\n\t\t\t\t<div class=\"elementor-widget-container\">\n\t\t\t\t\t<h2 class=\"elementor-heading-title elementor-size-default\">Was sind die Symptome einer Sehnenverletzung?<\/h2>\t\t\t\t<\/div>\n\t\t\t\t<\/div>\n\t\t\t\t<div class=\"elementor-element elementor-element-5ed1b023 elementor-widget elementor-widget-text-editor\" data-id=\"5ed1b023\" data-element_type=\"widget\" data-e-type=\"widget\" data-widget_type=\"text-editor.default\">\n\t\t\t\t<div class=\"elementor-widget-container\">\n\t\t\t\t\t\t\t\t\t<p>Obwohl die Symptome von Sehnenverletzungen je nach Schweregrad und Ort der Verletzung variieren, sind im Allgemeinen folgende Symptome zu beobachten:<\/p><ul><li><strong> Schmerzen:<\/strong> Im verletzten Bereich sind starke Schmerzen zu sp\u00fcren. Dieser Schmerz nimmt besonders zu, wenn Sie Ihre Hand bewegen oder Druck aus\u00fcben.<\/li><li><strong> Schwellung:<\/strong> Im verletzten Bereich kommt es zu Schwellungen und Bluterg\u00fcssen. Diese Schwellung kann die Bewegung der Hand einschr\u00e4nken.<\/li><li><strong> Bewegungseinschr\u00e4nkung:<\/strong> Es besteht eine Bewegungseinschr\u00e4nkung des Fingers oder Handgelenks, an dem die verletzte Sehne befestigt ist. M\u00f6glicherweise k\u00f6nnen Sie Ihre Finger nicht vollst\u00e4ndig beugen oder strecken.<\/li><li><strong> Schw\u00e4che:<\/strong> Die F\u00e4higkeit, H\u00e4nde zu halten oder zu greifen, ist eingeschr\u00e4nkt. Es f\u00e4llt Ihnen schwer, einen schweren Gegenstand zu halten.<\/li><li><strong> Deformit\u00e4t:<\/strong> In einigen F\u00e4llen, insbesondere wenn die Sehne vollst\u00e4ndig gerissen ist, kann es zu einer Fingerdeformit\u00e4t kommen.<\/li><li><strong>Empfindlichkeit:<\/strong> Bei Ber\u00fchrung des verletzten Bereichs kann es zu starker Empfindlichkeit kommen.<\/li><li><strong>Temperaturanstieg:<\/strong> An der Verletzungsstelle kann ein leichter Temperaturanstieg festgestellt werden.<\/li><\/ul>\t\t\t\t\t\t\t\t<\/div>\n\t\t\t\t<\/div>\n\t\t\t\t<div class=\"elementor-element elementor-element-20b1afc1 elementor-mobile-align-justify elementor-widget__width-auto elementor-align-left elementor-widget elementor-widget-button\" data-id=\"20b1afc1\" data-element_type=\"widget\" data-e-type=\"widget\" data-widget_type=\"button.default\">\n\t\t\t\t<div class=\"elementor-widget-container\">\n\t\t\t\t\t\t\t\t\t<div class=\"elementor-button-wrapper\">\n\t\t\t\t\t<a class=\"elementor-button elementor-button-link elementor-size-sm\" href=\"#elementor-action%3Aaction%3Dpopup%3Aopen%26settings%3DeyJpZCI6NzA3OCwidG9nZ2xlIjpmYWxzZX0%3D\">\n\t\t\t\t\t\t<span class=\"elementor-button-content-wrapper\">\n\t\t\t\t\t\t\t\t\t<span class=\"elementor-button-text\">Information<\/span>\n\t\t\t\t\t<\/span>\n\t\t\t\t\t<\/a>\n\t\t\t\t<\/div>\n\t\t\t\t\t\t\t\t<\/div>\n\t\t\t\t<\/div>\n\t\t\t\t<div class=\"elementor-element elementor-element-21b11145 elementor-widget elementor-widget-heading\" data-id=\"21b11145\" data-element_type=\"widget\" data-e-type=\"widget\" id=\"4\" data-widget_type=\"heading.default\">\n\t\t\t\t<div class=\"elementor-widget-container\">\n\t\t\t\t\t<h2 class=\"elementor-heading-title elementor-size-default\">Wie wird eine Hand Sehnenverletzung diagnostiziert?<\/h2>\t\t\t\t<\/div>\n\t\t\t\t<\/div>\n\t\t\t\t<div class=\"elementor-element elementor-element-68da4750 elementor-widget elementor-widget-text-editor\" data-id=\"68da4750\" data-element_type=\"widget\" data-e-type=\"widget\" data-widget_type=\"text-editor.default\">\n\t\t\t\t<div class=\"elementor-widget-container\">\n\t\t\t\t\t\t\t\t\t<p>Abh\u00e4ngig von der Ursache und dem Zustand der Hand Sehnenverletzung gibt es unterschiedliche Diagnosemethoden und -verfahren. Es wird wie folgt bereitgestellt;<\/p><ol><li><strong> Krankengeschichte:<\/strong> Ihr Arzt wird detaillierte Informationen dar\u00fcber erhalten, wie die Verletzung aufgetreten ist, wann sie aufgetreten ist und welche Symptome bei Ihnen auftreten.<\/li><li><strong> K\u00f6rperliche Untersuchung:<\/strong><\/li><\/ol><ul><li><strong>Bewegungsumfang:<\/strong> Ihr Arzt wird den Bewegungsumfang Ihrer Finger und Hand beurteilen.<\/li><li><strong>Kraft:<\/strong> Versucht, die Greif- und Greifkraft Ihrer Hand zu messen.<\/li><li><strong>Empfindlichkeit:<\/strong> Bestimmt, wie empfindlich der verletzte Bereich bei Ber\u00fchrung ist.<\/li><li><strong>Deformit\u00e4t:<\/strong> Es wird \u00fcberpr\u00fcft, ob Ihre Finger deformiert sind.<\/li><\/ul><ol start=\"3\"><li><strong> Bewertungen ansehen:<\/strong><\/li><\/ol><ul><li><strong>R\u00f6ntgen:<\/strong> Es wird verwendet, um festzustellen, ob Br\u00fcche oder Luxationen in den Knochen vorliegen.<\/li><li><strong>Ultraschall:<\/strong> Bietet eine detailliertere Ansicht von Sehnen und Weichteilen. Mit Ultraschall lassen sich Sehnenrisse, -verdickungen oder -schwellungen besser beurteilen.<\/li><li><strong>Magnetresonanztomographie (MRT<\/strong>): Bietet eine detailliertere Ansicht von Sehnen und umgebendem Gewebe. Die MRT wird insbesondere bei komplexen Sehnenverletzungen und in F\u00e4llen, in denen mit anderen bildgebenden Verfahren keine Klarheit erzielt werden kann, bevorzugt.<\/li><\/ul>\t\t\t\t\t\t\t\t<\/div>\n\t\t\t\t<\/div>\n\t\t\t\t<div class=\"elementor-element elementor-element-a841da elementor-mobile-align-justify elementor-widget__width-auto elementor-align-left elementor-widget elementor-widget-button\" data-id=\"a841da\" data-element_type=\"widget\" data-e-type=\"widget\" data-widget_type=\"button.default\">\n\t\t\t\t<div class=\"elementor-widget-container\">\n\t\t\t\t\t\t\t\t\t<div class=\"elementor-button-wrapper\">\n\t\t\t\t\t<a class=\"elementor-button elementor-button-link elementor-size-sm\" href=\"#elementor-action%3Aaction%3Dpopup%3Aopen%26settings%3DeyJpZCI6NzA3OCwidG9nZ2xlIjpmYWxzZX0%3D\">\n\t\t\t\t\t\t<span class=\"elementor-button-content-wrapper\">\n\t\t\t\t\t\t\t\t\t<span class=\"elementor-button-text\">Information<\/span>\n\t\t\t\t\t<\/span>\n\t\t\t\t\t<\/a>\n\t\t\t\t<\/div>\n\t\t\t\t\t\t\t\t<\/div>\n\t\t\t\t<\/div>\n\t\t\t\t<div class=\"elementor-element elementor-element-511f2fdf elementor-widget elementor-widget-heading\" data-id=\"511f2fdf\" data-element_type=\"widget\" data-e-type=\"widget\" id=\"5\" data-widget_type=\"heading.default\">\n\t\t\t\t<div class=\"elementor-widget-container\">\n\t\t\t\t\t<h2 class=\"elementor-heading-title elementor-size-default\">Wie wird eine Sehnenverletzung behandelt?<\/h2>\t\t\t\t<\/div>\n\t\t\t\t<\/div>\n\t\t\t\t<div class=\"elementor-element elementor-element-74cca407 elementor-widget elementor-widget-text-editor\" data-id=\"74cca407\" data-element_type=\"widget\" data-e-type=\"widget\" data-widget_type=\"text-editor.default\">\n\t\t\t\t<div class=\"elementor-widget-container\">\n\t\t\t\t\t\t\t\t\t<p>Die Behandlung von Sehnenverletzungen variiert je nach Schwere und Ort der Verletzung. Oft ist ein chirurgischer Eingriff erforderlich.<\/p><ul><li><strong> Chirurgische Behandlung:<\/strong><\/li><\/ul><p>o Sehnenreparaturen: Durchtrennte oder gerissene Sehnenenden werden mit mikrochirurgischen Techniken repariert.<\/p><p>o Sehnentransfers: Hierbei handelt es sich um einen Eingriff, der durchgef\u00fchrt wird, um die Funktion der besch\u00e4digten Sehne durch eine andere Sehne zu ersetzen.<\/p><p>o Sehnentransplantation: Bei schwerwiegenden Sehnendefiziten wird der Mangel durch die Verwendung von Sehnengewebe aus einem anderen K\u00f6rperteil ausgeglichen.<\/p><p>\u00a0<\/p><ul><li><strong> Nach der Operation:<\/strong><\/li><\/ul><p>o Schiene oder Gips: Um sicherzustellen, dass die Hand nach der Operation unbeweglich bleibt, wird eine Schiene oder ein Gips angelegt.<\/p><p>o Physiotherapie: Ein Physiotherapieprogramm dient der Wiederherstellung der Beweglichkeit und der Steigerung der Muskelkraft.<\/p>\t\t\t\t\t\t\t\t<\/div>\n\t\t\t\t<\/div>\n\t\t\t\t<div class=\"elementor-element elementor-element-649123e5 elementor-mobile-align-justify elementor-widget__width-auto elementor-align-left elementor-widget elementor-widget-button\" data-id=\"649123e5\" data-element_type=\"widget\" data-e-type=\"widget\" data-widget_type=\"button.default\">\n\t\t\t\t<div class=\"elementor-widget-container\">\n\t\t\t\t\t\t\t\t\t<div class=\"elementor-button-wrapper\">\n\t\t\t\t\t<a class=\"elementor-button elementor-button-link elementor-size-sm\" href=\"#elementor-action%3Aaction%3Dpopup%3Aopen%26settings%3DeyJpZCI6NzA3OCwidG9nZ2xlIjpmYWxzZX0%3D\">\n\t\t\t\t\t\t<span class=\"elementor-button-content-wrapper\">\n\t\t\t\t\t\t\t\t\t<span class=\"elementor-button-text\">Information<\/span>\n\t\t\t\t\t<\/span>\n\t\t\t\t\t<\/a>\n\t\t\t\t<\/div>\n\t\t\t\t\t\t\t\t<\/div>\n\t\t\t\t<\/div>\n\t\t\t\t<div class=\"elementor-element elementor-element-2b5d5e50 elementor-widget elementor-widget-heading\" data-id=\"2b5d5e50\" data-element_type=\"widget\" data-e-type=\"widget\" id=\"6\" data-widget_type=\"heading.default\">\n\t\t\t\t<div class=\"elementor-widget-container\">\n\t\t\t\t\t<h2 class=\"elementor-heading-title elementor-size-default\">Heilungsprozess einer Sehnenverletzung<\/h2>\t\t\t\t<\/div>\n\t\t\t\t<\/div>\n\t\t\t\t<div class=\"elementor-element elementor-element-6311c3ec elementor-widget elementor-widget-text-editor\" data-id=\"6311c3ec\" data-element_type=\"widget\" data-e-type=\"widget\" data-widget_type=\"text-editor.default\">\n\t\t\t\t<div class=\"elementor-widget-container\">\n\t\t\t\t\t\t\t\t\t<p>Die Heilung von Sehnen ist ein sehr langer Prozess, der Geduld erfordert. Die Erholungszeit variiert je nach Faktoren wie der Schwere der Verletzung, dem Alter des Patienten und dem allgemeinen Gesundheitszustand. Zu den zu ber\u00fccksichtigenden Punkten geh\u00f6ren:<\/p><ul><li><strong>Fr\u00fchzeitige Diagnose und Behandlung:<\/strong> Je fr\u00fcher Sehnenverletzungen diagnostiziert und behandelt werden, desto erfolgreicher ist die Genesung.<\/li><li><strong>Einhaltung der Physiotherapie:<\/strong> Die regelm\u00e4\u00dfige Teilnahme am Physiotherapieprogramm ist sehr wichtig, um den Genesungsprozess zu beschleunigen.<\/li><li><strong>Geduld:<\/strong> Es kann lange dauern, bis die Sehne heilt. Es ist wichtig, geduldig zu sein und die Anweisungen Ihres Arztes zu befolgen.<\/li><\/ul><p>Menschen mit Sehnenverletzungen in der Hand m\u00fcssen m\u00f6glicherweise einige \u00c4nderungen in ihren t\u00e4glichen Aktivit\u00e4ten vornehmen. Diese Ver\u00e4nderungen k\u00f6nnen den Heilungsprozess beschleunigen und das Risiko von Komplikationen verringern.<\/p>\t\t\t\t\t\t\t\t<\/div>\n\t\t\t\t<\/div>\n\t\t\t\t<div class=\"elementor-element elementor-element-6f448a70 elementor-mobile-align-justify elementor-widget__width-auto elementor-align-left elementor-widget elementor-widget-button\" data-id=\"6f448a70\" data-element_type=\"widget\" data-e-type=\"widget\" data-widget_type=\"button.default\">\n\t\t\t\t<div class=\"elementor-widget-container\">\n\t\t\t\t\t\t\t\t\t<div class=\"elementor-button-wrapper\">\n\t\t\t\t\t<a class=\"elementor-button elementor-button-link elementor-size-sm\" href=\"#elementor-action%3Aaction%3Dpopup%3Aopen%26settings%3DeyJpZCI6NzA3OCwidG9nZ2xlIjpmYWxzZX0%3D\">\n\t\t\t\t\t\t<span class=\"elementor-button-content-wrapper\">\n\t\t\t\t\t\t\t\t\t<span class=\"elementor-button-text\">Information<\/span>\n\t\t\t\t\t<\/span>\n\t\t\t\t\t<\/a>\n\t\t\t\t<\/div>\n\t\t\t\t\t\t\t\t<\/div>\n\t\t\t\t<\/div>\n\t\t\t\t\t<\/div>\n\t\t\t\t<\/div>\n\t\t\t\t<\/div>\n\t\t","protected":false},"excerpt":{"rendered":"<p>Was ist eine Sehnenverletzung? Was sind die Ursachen einer Sehnenverletzung? Was sind die Symptome einer Sehnenverletzung? Wie wird eine Hand Sehnenverletzung diagnostiziert? Wie wird eine Sehnenverletzung behandelt? Heilungsprozess einer Sehnenverletzung Was ist eine Sehnenverletzung? Eine Sehnenverletzung ist ein Zustand, bei dem die Sehnen, die die Bewegung der Hand erm\u00f6glichen, gerissen oder besch\u00e4digt sind. Sehnen sind [&hellip;]<\/p>\n","protected":false},"author":1,"featured_media":0,"parent":0,"menu_order":0,"comment_status":"closed","ping_status":"closed","template":"","meta":{"footnotes":""},"class_list":["post-11129","page","type-page","status-publish","hentry"],"_links":{"self":[{"href":"http:\/\/msmklinik.com.tr\/de\/wp-json\/wp\/v2\/pages\/11129","targetHints":{"allow":["GET"]}}],"collection":[{"href":"http:\/\/msmklinik.com.tr\/de\/wp-json\/wp\/v2\/pages"}],"about":[{"href":"http:\/\/msmklinik.com.tr\/de\/wp-json\/wp\/v2\/types\/page"}],"author":[{"embeddable":true,"href":"http:\/\/msmklinik.com.tr\/de\/wp-json\/wp\/v2\/users\/1"}],"replies":[{"embeddable":true,"href":"http:\/\/msmklinik.com.tr\/de\/wp-json\/wp\/v2\/comments?post=11129"}],"version-history":[{"count":7,"href":"http:\/\/msmklinik.com.tr\/de\/wp-json\/wp\/v2\/pages\/11129\/revisions"}],"predecessor-version":[{"id":11137,"href":"http:\/\/msmklinik.com.tr\/de\/wp-json\/wp\/v2\/pages\/11129\/revisions\/11137"}],"wp:attachment":[{"href":"http:\/\/msmklinik.com.tr\/de\/wp-json\/wp\/v2\/media?parent=11129"}],"curies":[{"name":"wp","href":"https:\/\/api.w.org\/{rel}","templated":true}]}}