{"id":8459,"date":"2024-03-04T14:47:58","date_gmt":"2024-03-04T11:47:58","guid":{"rendered":"https:\/\/msmklinik.com.tr\/dirsek-protezi-ameliyati\/"},"modified":"2024-03-26T09:28:19","modified_gmt":"2024-03-26T06:28:19","slug":"ellenbogenprothese-operation","status":"publish","type":"page","link":"http:\/\/msmklinik.com.tr\/de\/ellenbogenprothese-operation\/","title":{"rendered":"Ellenbogenprothese Operation"},"content":{"rendered":"\t\t<div data-elementor-type=\"wp-page\" data-elementor-id=\"8459\" class=\"elementor elementor-8459 elementor-8088\" data-elementor-post-type=\"page\">\n\t\t\t\t<div class=\"elementor-element elementor-element-778cbcc6 e-flex e-con-boxed e-con e-parent\" data-id=\"778cbcc6\" data-element_type=\"container\" data-e-type=\"container\">\n\t\t\t\t\t<div class=\"e-con-inner\">\n\t\t\t\t<div class=\"elementor-element elementor-element-76e9b6a elementor-icon-list--layout-traditional elementor-list-item-link-full_width elementor-widget elementor-widget-icon-list\" data-id=\"76e9b6a\" data-element_type=\"widget\" data-e-type=\"widget\" data-widget_type=\"icon-list.default\">\n\t\t\t\t<div class=\"elementor-widget-container\">\n\t\t\t\t\t\t\t<ul class=\"elementor-icon-list-items\">\n\t\t\t\t\t\t\t<li class=\"elementor-icon-list-item\">\n\t\t\t\t\t\t\t\t\t\t\t<a href=\"#1\">\n\n\t\t\t\t\t\t\t\t\t\t\t\t<span class=\"elementor-icon-list-icon\">\n\t\t\t\t\t\t\t<svg aria-hidden=\"true\" class=\"e-font-icon-svg e-fas-angle-right\" viewBox=\"0 0 256 512\" xmlns=\"http:\/\/www.w3.org\/2000\/svg\"><path d=\"M224.3 273l-136 136c-9.4 9.4-24.6 9.4-33.9 0l-22.6-22.6c-9.4-9.4-9.4-24.6 0-33.9l96.4-96.4-96.4-96.4c-9.4-9.4-9.4-24.6 0-33.9L54.3 103c9.4-9.4 24.6-9.4 33.9 0l136 136c9.5 9.4 9.5 24.6.1 34z\"><\/path><\/svg>\t\t\t\t\t\t<\/span>\n\t\t\t\t\t\t\t\t\t\t<span class=\"elementor-icon-list-text\">Was ist eine Ellenbogenprothese Operation?<\/span>\n\t\t\t\t\t\t\t\t\t\t\t<\/a>\n\t\t\t\t\t\t\t\t\t<\/li>\n\t\t\t\t\t\t\t\t<li class=\"elementor-icon-list-item\">\n\t\t\t\t\t\t\t\t\t\t\t<a href=\"#2\">\n\n\t\t\t\t\t\t\t\t\t\t\t\t<span class=\"elementor-icon-list-icon\">\n\t\t\t\t\t\t\t<svg aria-hidden=\"true\" class=\"e-font-icon-svg e-fas-angle-right\" viewBox=\"0 0 256 512\" xmlns=\"http:\/\/www.w3.org\/2000\/svg\"><path d=\"M224.3 273l-136 136c-9.4 9.4-24.6 9.4-33.9 0l-22.6-22.6c-9.4-9.4-9.4-24.6 0-33.9l96.4-96.4-96.4-96.4c-9.4-9.4-9.4-24.6 0-33.9L54.3 103c9.4-9.4 24.6-9.4 33.9 0l136 136c9.5 9.4 9.5 24.6.1 34z\"><\/path><\/svg>\t\t\t\t\t\t<\/span>\n\t\t\t\t\t\t\t\t\t\t<span class=\"elementor-icon-list-text\">Warum wird eine Ellenbogenprothese Operation durchgef\u00fchrt?<\/span>\n\t\t\t\t\t\t\t\t\t\t\t<\/a>\n\t\t\t\t\t\t\t\t\t<\/li>\n\t\t\t\t\t\t\t\t<li class=\"elementor-icon-list-item\">\n\t\t\t\t\t\t\t\t\t\t\t<a href=\"#3\">\n\n\t\t\t\t\t\t\t\t\t\t\t\t<span class=\"elementor-icon-list-icon\">\n\t\t\t\t\t\t\t<svg aria-hidden=\"true\" class=\"e-font-icon-svg e-fas-angle-right\" viewBox=\"0 0 256 512\" xmlns=\"http:\/\/www.w3.org\/2000\/svg\"><path d=\"M224.3 273l-136 136c-9.4 9.4-24.6 9.4-33.9 0l-22.6-22.6c-9.4-9.4-9.4-24.6 0-33.9l96.4-96.4-96.4-96.4c-9.4-9.4-9.4-24.6 0-33.9L54.3 103c9.4-9.4 24.6-9.4 33.9 0l136 136c9.5 9.4 9.5 24.6.1 34z\"><\/path><\/svg>\t\t\t\t\t\t<\/span>\n\t\t\t\t\t\t\t\t\t\t<span class=\"elementor-icon-list-text\">Welche Arten von Ellenbogenprothesen Operation gibt es?<\/span>\n\t\t\t\t\t\t\t\t\t\t\t<\/a>\n\t\t\t\t\t\t\t\t\t<\/li>\n\t\t\t\t\t\t\t\t<li class=\"elementor-icon-list-item\">\n\t\t\t\t\t\t\t\t\t\t\t<a href=\"#4\">\n\n\t\t\t\t\t\t\t\t\t\t\t\t<span class=\"elementor-icon-list-icon\">\n\t\t\t\t\t\t\t<svg aria-hidden=\"true\" class=\"e-font-icon-svg e-fas-angle-right\" viewBox=\"0 0 256 512\" xmlns=\"http:\/\/www.w3.org\/2000\/svg\"><path d=\"M224.3 273l-136 136c-9.4 9.4-24.6 9.4-33.9 0l-22.6-22.6c-9.4-9.4-9.4-24.6 0-33.9l96.4-96.4-96.4-96.4c-9.4-9.4-9.4-24.6 0-33.9L54.3 103c9.4-9.4 24.6-9.4 33.9 0l136 136c9.5 9.4 9.5 24.6.1 34z\"><\/path><\/svg>\t\t\t\t\t\t<\/span>\n\t\t\t\t\t\t\t\t\t\t<span class=\"elementor-icon-list-text\">Wie l\u00e4uft es nach einer Ellenbogenprothese Operation ab?<\/span>\n\t\t\t\t\t\t\t\t\t\t\t<\/a>\n\t\t\t\t\t\t\t\t\t<\/li>\n\t\t\t\t\t\t<\/ul>\n\t\t\t\t\t\t<\/div>\n\t\t\t\t<\/div>\n\t\t\t\t\t<\/div>\n\t\t\t\t<\/div>\n\t\t<div class=\"elementor-element elementor-element-78d32b78 e-flex e-con-boxed e-con e-parent\" data-id=\"78d32b78\" data-element_type=\"container\" data-e-type=\"container\">\n\t\t\t\t\t<div class=\"e-con-inner\">\n\t\t<div class=\"elementor-element elementor-element-7b41077 e-con-full e-flex e-con e-child\" data-id=\"7b41077\" data-element_type=\"container\" data-e-type=\"container\">\n\t\t\t\t<div class=\"elementor-element elementor-element-5cf9c053 elementor-widget elementor-widget-heading\" data-id=\"5cf9c053\" data-element_type=\"widget\" data-e-type=\"widget\" id=\"1\" data-widget_type=\"heading.default\">\n\t\t\t\t<div class=\"elementor-widget-container\">\n\t\t\t\t\t<h2 class=\"elementor-heading-title elementor-size-default\">Was ist eine <b>Ellenbogenprothese Operation?<\/b><\/h2>\t\t\t\t<\/div>\n\t\t\t\t<\/div>\n\t\t\t\t<div class=\"elementor-element elementor-element-289652e4 elementor-widget elementor-widget-text-editor\" data-id=\"289652e4\" data-element_type=\"widget\" data-e-type=\"widget\" data-widget_type=\"text-editor.default\">\n\t\t\t\t<div class=\"elementor-widget-container\">\n\t\t\t\t\t\t\t\t\t<p>Eine Ellenbogenprothese\u00a0 Operation ist ein chirurgischer Eingriff zur Behandlung von Schmerzen, Bewegungseinschr\u00e4nkungen und Funktionsst\u00f6rungen, die durch Probleme des Ellenbogengelenks verursacht werden. Bei dieser Operation wird besch\u00e4digtes oder abgenutztes Gewebe am Ellenbogengelenk entfernt und durch ein prothetisches Implantat ersetzt. In F\u00e4llen wie Arthrose, rheumatoider Arthritis, posttraumatischen Deformit\u00e4ten oder Frakturen kann h\u00e4ufig eine Ellenbogenersatz Operation durchgef\u00fchrt werden, um die Funktion des Ellenbogengelenks wiederherzustellen und Schmerzen zu lindern. Eine Ellenbogenersatz Operation zielt darauf ab, die Lebensqualit\u00e4t des Patienten zu verbessern und wird h\u00e4ufig durch Physiotherapie unterst\u00fctzt. Diese Operation wird von unserem erfahrenen orthop\u00e4dischen Chirurgen durchgef\u00fchrt und je nach den spezifischen Bed\u00fcrfnissen und dem Zustand unseres Patienten k\u00f6nnen verschiedene Prothesentypen und -techniken verwendet werden.<\/p>\t\t\t\t\t\t\t\t<\/div>\n\t\t\t\t<\/div>\n\t\t\t\t<div class=\"elementor-element elementor-element-19a884da elementor-mobile-align-justify elementor-widget__width-auto elementor-align-left elementor-widget elementor-widget-button\" data-id=\"19a884da\" data-element_type=\"widget\" data-e-type=\"widget\" data-widget_type=\"button.default\">\n\t\t\t\t<div class=\"elementor-widget-container\">\n\t\t\t\t\t\t\t\t\t<div class=\"elementor-button-wrapper\">\n\t\t\t\t\t<a class=\"elementor-button elementor-button-link elementor-size-sm\" href=\"#elementor-action%3Aaction%3Dpopup%3Aopen%26settings%3DeyJpZCI6NzA3OCwidG9nZ2xlIjpmYWxzZX0%3D\">\n\t\t\t\t\t\t<span class=\"elementor-button-content-wrapper\">\n\t\t\t\t\t\t\t\t\t<span class=\"elementor-button-text\">Information<\/span>\n\t\t\t\t\t<\/span>\n\t\t\t\t\t<\/a>\n\t\t\t\t<\/div>\n\t\t\t\t\t\t\t\t<\/div>\n\t\t\t\t<\/div>\n\t\t\t\t<\/div>\n\t\t\t\t\t<\/div>\n\t\t\t\t<\/div>\n\t\t<div class=\"elementor-element elementor-element-6269c05c e-flex e-con-boxed e-con e-parent\" data-id=\"6269c05c\" data-element_type=\"container\" data-e-type=\"container\">\n\t\t\t\t\t<div class=\"e-con-inner\">\n\t\t\t\t<div class=\"elementor-element elementor-element-27802f73 elementor-widget elementor-widget-heading\" data-id=\"27802f73\" data-element_type=\"widget\" data-e-type=\"widget\" id=\"2\" data-widget_type=\"heading.default\">\n\t\t\t\t<div class=\"elementor-widget-container\">\n\t\t\t\t\t<h2 class=\"elementor-heading-title elementor-size-default\">Warum wird eine <b>Ellenbogenprothese Operation durchgef\u00fchrt?<\/h2>\t\t\t\t<\/div>\n\t\t\t\t<\/div>\n\t\t\t\t<div class=\"elementor-element elementor-element-7c22d70d elementor-widget elementor-widget-text-editor\" data-id=\"7c22d70d\" data-element_type=\"widget\" data-e-type=\"widget\" data-widget_type=\"text-editor.default\">\n\t\t\t\t<div class=\"elementor-widget-container\">\n\t\t\t\t\t\t\t\t\t<p>Die Ellenbogenprothesen Chirurgie ist ein chirurgischer Eingriff zur Behandlung von Schmerzen, Bewegungseinschr\u00e4nkungen und Funktionsst\u00f6rungen im Ellenbogengelenk aus verschiedenen Gr\u00fcnden. Diese Operation wird normalerweise in den folgenden F\u00e4llen durchgef\u00fchrt:<\/p><ul><li><strong>Arthrose:<\/strong> Durch Abnutzung und Degeneration des Knorpels am Ellenbogengelenk kann sich eine Arthrose entwickeln. In diesem Fall kann eine Ellenbogenersatzoperation erforderlich sein, um die Schmerzen zu lindern, die Mobilit\u00e4t wiederherzustellen und die Lebensqualit\u00e4t des Patienten zu verbessern.<\/li><li><strong>Rheumatoide Arthritis:<\/strong> Auch entz\u00fcndliche Gelenkerkrankungen wie rheumatoide Arthritis k\u00f6nnen zu Sch\u00e4den am Ellenbogengelenk f\u00fchren. In diesem Fall kann eine Ellenbogenersatzoperation erforderlich sein, um Gelenksch\u00e4den zu korrigieren und dem Patienten zu helfen, seine Mobilit\u00e4t wiederzuerlangen.<\/li><li><strong>Traumatische Verletzungen:<\/strong> Durch Ellenbogenfrakturen oder andere traumatische Verletzungen kann das Ellenbogengelenk schwer gesch\u00e4digt werden. In diesem Fall kann eine Ellenbogenersatzoperation eine Option sein, um gesch\u00e4digtes Gewebe zu regenerieren und die Stabilit\u00e4t wiederherzustellen.<\/li><li><strong>Rheumatoide Arthritis:<\/strong> Auch entz\u00fcndliche Gelenkerkrankungen wie rheumatoide Arthritis k\u00f6nnen zu Sch\u00e4den am Ellenbogengelenk f\u00fchren. In diesem Fall kann eine Ellenbogenersatzoperation erforderlich sein, um Gelenksch\u00e4den zu korrigieren und dem Patienten zu helfen, seine Mobilit\u00e4t wiederzuerlangen.<\/li><li><strong>Andere Ursachen:<\/strong> Andere Erkrankungen des Ellenbogengelenks k\u00f6nnen ebenfalls eine Ellenbogenersatzoperation erforderlich machen, zum Beispiel Knochensterben aufgrund einer verminderten Durchblutung wie aseptische Nekrose oder Erkrankungen wie posttraumatische Arthrose.<\/li><\/ul><p>Aus diesen Gr\u00fcnden betrachten wir als MSM-Klinik die Ellenbogengelenkersatzoperation als eine wirksame Behandlungsoption, um Schmerzen und Bewegungseinschr\u00e4nkungen im Ellenbogengelenk zu behandeln und die Lebensqualit\u00e4t des Patienten zu verbessern.<\/p>\t\t\t\t\t\t\t\t<\/div>\n\t\t\t\t<\/div>\n\t\t\t\t<div class=\"elementor-element elementor-element-62b1c9d3 elementor-mobile-align-justify elementor-widget__width-auto elementor-align-left elementor-widget elementor-widget-button\" data-id=\"62b1c9d3\" data-element_type=\"widget\" data-e-type=\"widget\" data-widget_type=\"button.default\">\n\t\t\t\t<div class=\"elementor-widget-container\">\n\t\t\t\t\t\t\t\t\t<div class=\"elementor-button-wrapper\">\n\t\t\t\t\t<a class=\"elementor-button elementor-button-link elementor-size-sm\" href=\"#elementor-action%3Aaction%3Dpopup%3Aopen%26settings%3DeyJpZCI6NzA3OCwidG9nZ2xlIjpmYWxzZX0%3D\">\n\t\t\t\t\t\t<span class=\"elementor-button-content-wrapper\">\n\t\t\t\t\t\t\t\t\t<span class=\"elementor-button-text\">Information<\/span>\n\t\t\t\t\t<\/span>\n\t\t\t\t\t<\/a>\n\t\t\t\t<\/div>\n\t\t\t\t\t\t\t\t<\/div>\n\t\t\t\t<\/div>\n\t\t\t\t<div class=\"elementor-element elementor-element-2f8f9ec9 elementor-widget elementor-widget-heading\" data-id=\"2f8f9ec9\" data-element_type=\"widget\" data-e-type=\"widget\" id=\"3\" data-widget_type=\"heading.default\">\n\t\t\t\t<div class=\"elementor-widget-container\">\n\t\t\t\t\t<h3 class=\"elementor-heading-title elementor-size-default\">Welche Arten von <b>Ellenbogenprothesen Operation gibt es?<\/b><\/h3>\t\t\t\t<\/div>\n\t\t\t\t<\/div>\n\t\t\t\t<div class=\"elementor-element elementor-element-332e97a1 elementor-widget elementor-widget-text-editor\" data-id=\"332e97a1\" data-element_type=\"widget\" data-e-type=\"widget\" data-widget_type=\"text-editor.default\">\n\t\t\t\t<div class=\"elementor-widget-container\">\n\t\t\t\t\t\t\t\t\t<p>Als MSM-Klinik verf\u00fcgen wir \u00fcber erfahrenes Personal in der Ellenbogenprothesenchirurgie und modernste Ausr\u00fcstung. Wir nutzen stets die neuesten Technologien und chirurgischen Techniken, um unseren Patienten die am besten geeignete Behandlungsoption anzubieten.<\/p><p>Welche Art von Ellenbogenprothese zum Einsatz kommt, h\u00e4ngt von Faktoren wie dem allgemeinen Gesundheitszustand des Patienten, der Sch\u00e4digung des Ellenbogengelenks und dem Aktivit\u00e4tsniveau des Patienten ab. Beispielsweise werden Operationsrisiken und m\u00f6gliche Komplikationen unter Ber\u00fccksichtigung des allgemeinen Gesundheitszustands bewertet. Der Grad der Sch\u00e4digung des Ellenbogengelenks ist ausschlaggebend daf\u00fcr, welche Komponenten ausgetauscht werden m\u00fcssen und welcher Prothesentyp geeignet ist. Das Aktivit\u00e4tsniveau des Patienten kann die Haltbarkeit und den langfristigen Erfolg der Prothese beeinflussen. Beispielsweise k\u00f6nnen Patienten mit einem aktiveren Lebensstil langlebigere und leistungsf\u00e4higere Prothesen bevorzugen. Unter Ber\u00fccksichtigung all dieser Faktoren wird die Art der Ellenbogenprothese ermittelt, die den spezifischen Bed\u00fcrfnissen des Patienten am besten entspricht. Um diese Entscheidung zu treffen, wird eine detaillierte Beurteilung durch einen erfahrenen orthop\u00e4dischen Chirurgen in der MSM-Klinik durchgef\u00fchrt.<\/p><p><strong>Arten von Ellenbogenprothesen:<\/strong><\/p><ul><li><strong>Vollst\u00e4ndige Ellenbogenprothese:<\/strong> Diese Art von Prothese deckt alle Oberfl\u00e4chen des Ellenbogengelenks ab. Es ist die am h\u00e4ufigsten verwendete Art der Ellenbogenprothese.<\/li><li><strong>Halbtotale Ellenbogenprothese<\/strong>: Diese Art von Prothese deckt nur den Oberarmknochen (Armknochen) des Ellenbogengelenks ab. Der Teil der Elle (Unterarmknochen) bleibt erhalten.<\/li><li><strong>Revisions-Ellenbogenprothese<u>:<\/u><\/strong> Sie wird bei Patienten eingesetzt, die sich bereits einer Ellenbogenprothesenoperation unterzogen haben und Probleme wie Lockerung oder Infektion der Prothese haben.<\/li><\/ul>\t\t\t\t\t\t\t\t<\/div>\n\t\t\t\t<\/div>\n\t\t\t\t<div class=\"elementor-element elementor-element-545ce09a elementor-mobile-align-justify elementor-widget__width-auto elementor-align-left elementor-widget elementor-widget-button\" data-id=\"545ce09a\" data-element_type=\"widget\" data-e-type=\"widget\" data-widget_type=\"button.default\">\n\t\t\t\t<div class=\"elementor-widget-container\">\n\t\t\t\t\t\t\t\t\t<div class=\"elementor-button-wrapper\">\n\t\t\t\t\t<a class=\"elementor-button elementor-button-link elementor-size-sm\" href=\"#elementor-action%3Aaction%3Dpopup%3Aopen%26settings%3DeyJpZCI6NzA3OCwidG9nZ2xlIjpmYWxzZX0%3D\">\n\t\t\t\t\t\t<span class=\"elementor-button-content-wrapper\">\n\t\t\t\t\t\t\t\t\t<span class=\"elementor-button-text\">Information<\/span>\n\t\t\t\t\t<\/span>\n\t\t\t\t\t<\/a>\n\t\t\t\t<\/div>\n\t\t\t\t\t\t\t\t<\/div>\n\t\t\t\t<\/div>\n\t\t\t\t<div class=\"elementor-element elementor-element-350cb919 elementor-widget elementor-widget-heading\" data-id=\"350cb919\" data-element_type=\"widget\" data-e-type=\"widget\" id=\"4\" data-widget_type=\"heading.default\">\n\t\t\t\t<div class=\"elementor-widget-container\">\n\t\t\t\t\t<h3 class=\"elementor-heading-title elementor-size-default\">Wie l\u00e4uft es nach einer <b>Ellenbogenprothese Operation ab?<\/b><\/h3>\t\t\t\t<\/div>\n\t\t\t\t<\/div>\n\t\t\t\t<div class=\"elementor-element elementor-element-3046797e elementor-widget elementor-widget-text-editor\" data-id=\"3046797e\" data-element_type=\"widget\" data-e-type=\"widget\" data-widget_type=\"text-editor.default\">\n\t\t\t\t<div class=\"elementor-widget-container\">\n\t\t\t\t\t\t\t\t\t<p>Der Ablauf nach einer Ellenbogengelenkersatzoperation kann je nach dem allgemeinen Gesundheitszustand des Patienten, der Komplexit\u00e4t der Operation und der Art der verwendeten Prothese variieren. Im Allgemeinen umfasst es jedoch die folgenden Phasen:<\/p><ul><li><strong>Genesung nach der Operation: <\/strong>M\u00f6glicherweise bleiben Sie f\u00fcr kurze Zeit nach der Operation im Krankenhaus unter Beobachtung. Schmerzen und Beschwerden sind nach der Operation normal, k\u00f6nnen jedoch mit den von Ihrem Arzt empfohlenen Schmerzmitteln behandelt werden.<\/li><li><strong>Physiotherapie und Rehabilitation: <\/strong>Nach der Operation m\u00fcssen Sie m\u00f6glicherweise mit einem von Ihrem Arzt festgelegten Physiotherapieprogramm beginnen. Dieses Programm soll die Flexibilit\u00e4t des Ellenbogengelenks erh\u00f6hen, die funktionelle Erholung st\u00e4rken und f\u00f6rdern.<\/li><li><strong>Kontrolluntersuchungen und Nachuntersuchungen: <\/strong>M\u00f6glicherweise m\u00fcssen Sie in der postoperativen Phase regelm\u00e4\u00dfige Kontrolluntersuchungen bei Ihrem Arzt durchf\u00fchren. Bei diesen Kontrollen wird der Heilungsprozess des Operationsgebiets beurteilt und notwendige Behandlungs- und Pflegepl\u00e4ne erstellt.<\/li><li><strong>Langfristige Genesung: <\/strong>Die vollst\u00e4ndige Genesung nach einer Ellenbogengelenkersatzoperation kann langwierig sein. Um einen langfristigen Erfolg zu gew\u00e4hrleisten, ist die regelm\u00e4\u00dfige Teilnahme an einem Physiotherapie- und Rehabilitationsprogramm, insbesondere die Befolgung der Empfehlungen Ihres Arztes, wichtig.<\/li><\/ul><p>\u00a0<\/p><p>In der MSM-Klinik helfen unsere erfahrenen orthop\u00e4dischen Chirurgen und erfahrenen Physiotherapeuten den Patienten, nach einer Ellenbogenersatz Operation die besten Ergebnisse zu erzielen. F\u00fcr jeden Patienten wird ein individueller Behandlungsplan erstellt, der eine optimale Genesung und funktionelle Wiederherstellung gew\u00e4hrleistet.<\/p>\t\t\t\t\t\t\t\t<\/div>\n\t\t\t\t<\/div>\n\t\t\t\t<div class=\"elementor-element elementor-element-1f5f9a07 elementor-mobile-align-justify elementor-widget__width-auto elementor-align-left elementor-widget elementor-widget-button\" data-id=\"1f5f9a07\" data-element_type=\"widget\" data-e-type=\"widget\" data-widget_type=\"button.default\">\n\t\t\t\t<div class=\"elementor-widget-container\">\n\t\t\t\t\t\t\t\t\t<div class=\"elementor-button-wrapper\">\n\t\t\t\t\t<a class=\"elementor-button elementor-button-link elementor-size-sm\" href=\"#elementor-action%3Aaction%3Dpopup%3Aopen%26settings%3DeyJpZCI6NzA3OCwidG9nZ2xlIjpmYWxzZX0%3D\">\n\t\t\t\t\t\t<span class=\"elementor-button-content-wrapper\">\n\t\t\t\t\t\t\t\t\t<span class=\"elementor-button-text\">Information<\/span>\n\t\t\t\t\t<\/span>\n\t\t\t\t\t<\/a>\n\t\t\t\t<\/div>\n\t\t\t\t\t\t\t\t<\/div>\n\t\t\t\t<\/div>\n\t\t\t\t\t<\/div>\n\t\t\t\t<\/div>\n\t\t\t\t<\/div>\n\t\t","protected":false},"excerpt":{"rendered":"<p>Was ist eine Ellenbogenprothese Operation? Warum wird eine Ellenbogenprothese Operation durchgef\u00fchrt? Welche Arten von Ellenbogenprothesen Operation gibt es? Wie l\u00e4uft es nach einer Ellenbogenprothese Operation ab? Was ist eine Ellenbogenprothese Operation? Eine Ellenbogenprothese\u00a0 Operation ist ein chirurgischer Eingriff zur Behandlung von Schmerzen, Bewegungseinschr\u00e4nkungen und Funktionsst\u00f6rungen, die durch Probleme des Ellenbogengelenks verursacht werden. Bei dieser Operation [&hellip;]<\/p>\n","protected":false},"author":1,"featured_media":0,"parent":0,"menu_order":0,"comment_status":"closed","ping_status":"closed","template":"","meta":{"footnotes":""},"class_list":["post-8459","page","type-page","status-publish","hentry"],"_links":{"self":[{"href":"http:\/\/msmklinik.com.tr\/de\/wp-json\/wp\/v2\/pages\/8459","targetHints":{"allow":["GET"]}}],"collection":[{"href":"http:\/\/msmklinik.com.tr\/de\/wp-json\/wp\/v2\/pages"}],"about":[{"href":"http:\/\/msmklinik.com.tr\/de\/wp-json\/wp\/v2\/types\/page"}],"author":[{"embeddable":true,"href":"http:\/\/msmklinik.com.tr\/de\/wp-json\/wp\/v2\/users\/1"}],"replies":[{"embeddable":true,"href":"http:\/\/msmklinik.com.tr\/de\/wp-json\/wp\/v2\/comments?post=8459"}],"version-history":[{"count":4,"href":"http:\/\/msmklinik.com.tr\/de\/wp-json\/wp\/v2\/pages\/8459\/revisions"}],"predecessor-version":[{"id":8463,"href":"http:\/\/msmklinik.com.tr\/de\/wp-json\/wp\/v2\/pages\/8459\/revisions\/8463"}],"wp:attachment":[{"href":"http:\/\/msmklinik.com.tr\/de\/wp-json\/wp\/v2\/media?parent=8459"}],"curies":[{"name":"wp","href":"https:\/\/api.w.org\/{rel}","templated":true}]}}