{"id":10158,"date":"2023-05-25T21:38:34","date_gmt":"2023-05-25T18:38:34","guid":{"rendered":"https:\/\/msmklinik.com.tr\/?page_id=10158"},"modified":"2024-06-06T15:49:52","modified_gmt":"2024-06-06T12:49:52","slug":"angeborene-hueftluxation-bei-kindern","status":"publish","type":"page","link":"https:\/\/msmklinik.com.tr\/de\/angeborene-hueftluxation-bei-kindern\/","title":{"rendered":"Angeborene H\u00fcftluxation bei Kindern"},"content":{"rendered":"\t\t<div data-elementor-type=\"wp-page\" data-elementor-id=\"10158\" class=\"elementor elementor-10158 elementor-4238\" data-elementor-post-type=\"page\">\n\t\t\t\t<div class=\"elementor-element elementor-element-4112e3b6 e-flex e-con-boxed e-con e-parent\" data-id=\"4112e3b6\" data-element_type=\"container\" data-e-type=\"container\">\n\t\t\t\t\t<div class=\"e-con-inner\">\n\t\t\t\t<div class=\"elementor-element elementor-element-1d8d2e54 elementor-icon-list--layout-traditional elementor-list-item-link-full_width elementor-widget elementor-widget-icon-list\" data-id=\"1d8d2e54\" data-element_type=\"widget\" data-e-type=\"widget\" data-widget_type=\"icon-list.default\">\n\t\t\t\t<div class=\"elementor-widget-container\">\n\t\t\t\t\t\t\t<ul class=\"elementor-icon-list-items\">\n\t\t\t\t\t\t\t<li class=\"elementor-icon-list-item\">\n\t\t\t\t\t\t\t\t\t\t\t<a href=\"#1\">\n\n\t\t\t\t\t\t\t\t\t\t\t\t<span class=\"elementor-icon-list-icon\">\n\t\t\t\t\t\t\t<svg aria-hidden=\"true\" class=\"e-font-icon-svg e-fas-angle-right\" viewBox=\"0 0 256 512\" xmlns=\"http:\/\/www.w3.org\/2000\/svg\"><path d=\"M224.3 273l-136 136c-9.4 9.4-24.6 9.4-33.9 0l-22.6-22.6c-9.4-9.4-9.4-24.6 0-33.9l96.4-96.4-96.4-96.4c-9.4-9.4-9.4-24.6 0-33.9L54.3 103c9.4-9.4 24.6-9.4 33.9 0l136 136c9.5 9.4 9.5 24.6.1 34z\"><\/path><\/svg>\t\t\t\t\t\t<\/span>\n\t\t\t\t\t\t\t\t\t\t<span class=\"elementor-icon-list-text\">Was ist eine angeborene H\u00fcftluxation bei Kindern?<\/span>\n\t\t\t\t\t\t\t\t\t\t\t<\/a>\n\t\t\t\t\t\t\t\t\t<\/li>\n\t\t\t\t\t\t\t\t<li class=\"elementor-icon-list-item\">\n\t\t\t\t\t\t\t\t\t\t\t<a href=\"#2\">\n\n\t\t\t\t\t\t\t\t\t\t\t\t<span class=\"elementor-icon-list-icon\">\n\t\t\t\t\t\t\t<svg aria-hidden=\"true\" class=\"e-font-icon-svg e-fas-angle-right\" viewBox=\"0 0 256 512\" xmlns=\"http:\/\/www.w3.org\/2000\/svg\"><path d=\"M224.3 273l-136 136c-9.4 9.4-24.6 9.4-33.9 0l-22.6-22.6c-9.4-9.4-9.4-24.6 0-33.9l96.4-96.4-96.4-96.4c-9.4-9.4-9.4-24.6 0-33.9L54.3 103c9.4-9.4 24.6-9.4 33.9 0l136 136c9.5 9.4 9.5 24.6.1 34z\"><\/path><\/svg>\t\t\t\t\t\t<\/span>\n\t\t\t\t\t\t\t\t\t\t<span class=\"elementor-icon-list-text\">Was sind die Symptome einer angeborenen H\u00fcftluxation bei Kindern?<\/span>\n\t\t\t\t\t\t\t\t\t\t\t<\/a>\n\t\t\t\t\t\t\t\t\t<\/li>\n\t\t\t\t\t\t\t\t<li class=\"elementor-icon-list-item\">\n\t\t\t\t\t\t\t\t\t\t\t<a href=\"#3\">\n\n\t\t\t\t\t\t\t\t\t\t\t\t<span class=\"elementor-icon-list-icon\">\n\t\t\t\t\t\t\t<svg aria-hidden=\"true\" class=\"e-font-icon-svg e-fas-angle-right\" viewBox=\"0 0 256 512\" xmlns=\"http:\/\/www.w3.org\/2000\/svg\"><path d=\"M224.3 273l-136 136c-9.4 9.4-24.6 9.4-33.9 0l-22.6-22.6c-9.4-9.4-9.4-24.6 0-33.9l96.4-96.4-96.4-96.4c-9.4-9.4-9.4-24.6 0-33.9L54.3 103c9.4-9.4 24.6-9.4 33.9 0l136 136c9.5 9.4 9.5 24.6.1 34z\"><\/path><\/svg>\t\t\t\t\t\t<\/span>\n\t\t\t\t\t\t\t\t\t\t<span class=\"elementor-icon-list-text\">Wie wird eine angeborene H\u00fcftluxation bei Kindern behandelt?<\/span>\n\t\t\t\t\t\t\t\t\t\t\t<\/a>\n\t\t\t\t\t\t\t\t\t<\/li>\n\t\t\t\t\t\t<\/ul>\n\t\t\t\t\t\t<\/div>\n\t\t\t\t<\/div>\n\t\t\t\t\t<\/div>\n\t\t\t\t<\/div>\n\t\t<div class=\"elementor-element elementor-element-278f45c7 e-flex e-con-boxed e-con e-parent\" data-id=\"278f45c7\" data-element_type=\"container\" data-e-type=\"container\">\n\t\t\t\t\t<div class=\"e-con-inner\">\n\t\t<div class=\"elementor-element elementor-element-52d4de2 e-con-full e-flex e-con e-child\" data-id=\"52d4de2\" data-element_type=\"container\" data-e-type=\"container\">\n\t\t\t\t<div class=\"elementor-element elementor-element-622c56f0 elementor-widget elementor-widget-heading\" data-id=\"622c56f0\" data-element_type=\"widget\" data-e-type=\"widget\" id=\"1\" data-widget_type=\"heading.default\">\n\t\t\t\t<div class=\"elementor-widget-container\">\n\t\t\t\t\t<h2 class=\"elementor-heading-title elementor-size-default\">Was ist eine angeborene H\u00fcftluxation bei Kindern?<\/h2>\t\t\t\t<\/div>\n\t\t\t\t<\/div>\n\t\t\t\t<div class=\"elementor-element elementor-element-644598f3 elementor-widget elementor-widget-text-editor\" data-id=\"644598f3\" data-element_type=\"widget\" data-e-type=\"widget\" data-widget_type=\"text-editor.default\">\n\t\t\t\t<div class=\"elementor-widget-container\">\n\t\t\t\t\t\t\t\t\t<p>Eine angeborene H\u00fcftluxation ist eine Erkrankung, die bei Babys aufgrund angeborener Entwicklungsst\u00f6rungen des H\u00fcftgelenks und der umgebenden Strukturen auftritt. Normalerweise funktioniert das H\u00fcftgelenk stabil, wobei der Kopf des Oberschenkelknochens in die gerillte Vertiefung des H\u00fcftknochens passt, die passenderweise Acetabulum genannt wird. Bei einer angeborenen H\u00fcftluxation wird diese Anpassung jedoch nicht erreicht und das H\u00fcftgelenk ist nicht stabil.<\/p><p>Zu den Symptomen k\u00f6nnen unterschiedliche Beinl\u00e4ngen, unsymmetrische Beine, eingeschr\u00e4nkte Beinbewegungen oder Klicken in den H\u00fcften geh\u00f6ren. Eine fr\u00fchzeitige Diagnose und Behandlung ist wichtig, da eine H\u00fcftluxation fortschreiten und dauerhafte Probleme verursachen kann. Babys sollten bei Routineuntersuchungen ihre H\u00fcften untersuchen lassen. Die Behandlung variiert je nach Alter des Babys und der Schwere der H\u00fcftluxation und konzentriert sich in der Regel auf die Unterst\u00fctzung der normalen H\u00fcftentwicklung Ihres Kindes. Sie kommt bei M\u00e4dchen h\u00e4ufiger vor als bei Jungen und eine Familienanamnese von H\u00fcftluxationen erh\u00f6ht das Risiko f\u00fcr diese Erkrankung.<\/p>\t\t\t\t\t\t\t\t<\/div>\n\t\t\t\t<\/div>\n\t\t\t\t<\/div>\n\t\t<div class=\"elementor-element elementor-element-7c0f143e e-flex e-con-boxed e-con e-child\" data-id=\"7c0f143e\" data-element_type=\"container\" data-e-type=\"container\">\n\t\t\t\t\t<div class=\"e-con-inner\">\n\t\t\t\t<div class=\"elementor-element elementor-element-7bfc690c elementor-widget elementor-widget-image\" data-id=\"7bfc690c\" data-element_type=\"widget\" data-e-type=\"widget\" data-widget_type=\"image.default\">\n\t\t\t\t<div class=\"elementor-widget-container\">\n\t\t\t\t\t\t\t\t\t\t\t\t\t\t\t<img fetchpriority=\"high\" decoding=\"async\" width=\"800\" height=\"800\" src=\"https:\/\/msmklinik.com.tr\/wp-content\/uploads\/2024\/06\/Cocuk-Ortopedisi-Cocuklarda-Dogumsal-Kalca-Cikigi-IMG-1024x1024.jpg\" class=\"attachment-large size-large wp-image-10147\" alt=\"C\u0327ocuk Ortopedisi - C\u0327ocuklarda Dog\u0306umsal Kalc\u0327a C\u0327\u0131k\u0131g\u0306\u0131 IMG\" srcset=\"https:\/\/msmklinik.com.tr\/wp-content\/uploads\/2024\/06\/Cocuk-Ortopedisi-Cocuklarda-Dogumsal-Kalca-Cikigi-IMG-1024x1024.jpg 1024w, https:\/\/msmklinik.com.tr\/wp-content\/uploads\/2024\/06\/Cocuk-Ortopedisi-Cocuklarda-Dogumsal-Kalca-Cikigi-IMG-300x300.jpg 300w, https:\/\/msmklinik.com.tr\/wp-content\/uploads\/2024\/06\/Cocuk-Ortopedisi-Cocuklarda-Dogumsal-Kalca-Cikigi-IMG-150x150.jpg 150w, https:\/\/msmklinik.com.tr\/wp-content\/uploads\/2024\/06\/Cocuk-Ortopedisi-Cocuklarda-Dogumsal-Kalca-Cikigi-IMG-768x768.jpg 768w, https:\/\/msmklinik.com.tr\/wp-content\/uploads\/2024\/06\/Cocuk-Ortopedisi-Cocuklarda-Dogumsal-Kalca-Cikigi-IMG.jpg 1200w\" sizes=\"(max-width: 800px) 100vw, 800px\" \/>\t\t\t\t\t\t\t\t\t\t\t\t\t\t\t<\/div>\n\t\t\t\t<\/div>\n\t\t\t\t\t<\/div>\n\t\t\t\t<\/div>\n\t\t\t\t\t<\/div>\n\t\t\t\t<\/div>\n\t\t<div class=\"elementor-element elementor-element-2b0b4c76 e-flex e-con-boxed e-con e-parent\" data-id=\"2b0b4c76\" data-element_type=\"container\" data-e-type=\"container\">\n\t\t\t\t\t<div class=\"e-con-inner\">\n\t\t\t\t<div class=\"elementor-element elementor-element-391dfee5 elementor-widget elementor-widget-heading\" data-id=\"391dfee5\" data-element_type=\"widget\" data-e-type=\"widget\" id=\"2\" data-widget_type=\"heading.default\">\n\t\t\t\t<div class=\"elementor-widget-container\">\n\t\t\t\t\t<h2 class=\"elementor-heading-title elementor-size-default\">Was sind die Symptome einer angeborenen H\u00fcftluxation bei Kindern?<\/h2>\t\t\t\t<\/div>\n\t\t\t\t<\/div>\n\t\t\t\t<div class=\"elementor-element elementor-element-2c6c15ac elementor-widget elementor-widget-text-editor\" data-id=\"2c6c15ac\" data-element_type=\"widget\" data-e-type=\"widget\" data-widget_type=\"text-editor.default\">\n\t\t\t\t<div class=\"elementor-widget-container\">\n\t\t\t\t\t\t\t\t\t<p>Angeborene H\u00fcftluxationen treten bei Babys aufgrund angeborener Entwicklungsst\u00f6rungen des H\u00fcftgelenks und der umgebenden Strukturen auf. In diesem Zustand passt das H\u00fcftgelenk den Femurkopf nicht richtig in die gerillte Vertiefung des H\u00fcftknochens. Zu den Symptomen einer angeborenen H\u00fcftluxation bei Kindern k\u00f6nnen geh\u00f6ren:<\/p><ul><li><strong> Beinl\u00e4ngenunterschied: <\/strong>Ein Bein kann k\u00fcrzer erscheinen als das andere oder die Beine sind m\u00f6glicherweise ungleich.<\/li><li><strong> Pili-Asymmetrie: <\/strong>Es besteht eine Asymmetrie in den Faltenfalten an der H\u00fcfte.<\/li><li><strong> Asymmetrie der Beine: <\/strong>Die Beine sind nicht symmetrisch, ein Bein kann weiter au\u00dfen oder innen liegen als das andere.<\/li><li><strong> Eingeschr\u00e4nkte Beinbewegungen: <\/strong>Das Baby kann ein oder beide Beine nicht frei bewegen oder hat Einschr\u00e4nkungen in den Bewegungen der H\u00fcftgelenke<strong>.<\/strong><\/li><li><strong> Klicken in der H\u00fcfte: <\/strong>Ein klickendes Gef\u00fchl im H\u00fcftbereich kann auf ein Problem mit der Stabilit\u00e4t des H\u00fcftgelenks hinweisen.<\/li><li><strong> Hinken: <\/strong>Bei Kindern, die mit dem Gehen beginnen, kann es zu Hinken oder erheblichen Ver\u00e4nderungen im Gehstil kommen.<\/li><\/ul><p>\u00a0<\/p><p>Eine angeborene H\u00fcftluxation kann zu einer dauerhaften Behinderung f\u00fchren, wenn sie nicht fr\u00fchzeitig diagnostiziert und behandelt wird. Deshalb sollten Babys bei Routineuntersuchungen<strong> ihre <\/strong>H\u00fcften untersuchen lassen. Wenn eines der oben genannten Symptome auftritt, sollte sofort ein Orthop\u00e4de aufgesucht werden. Als MSM-Klinik bieten wir mit einem Expertenteam Dienstleistungen zur Fr\u00fcherkennung und wirksamen Behandlung orthop\u00e4discher Probleme wie angeborener H\u00fcftluxation an.<\/p>\t\t\t\t\t\t\t\t<\/div>\n\t\t\t\t<\/div>\n\t\t\t\t<div class=\"elementor-element elementor-element-42af77d1 elementor-mobile-align-justify elementor-widget__width-auto elementor-align-left elementor-widget elementor-widget-button\" data-id=\"42af77d1\" data-element_type=\"widget\" data-e-type=\"widget\" data-widget_type=\"button.default\">\n\t\t\t\t<div class=\"elementor-widget-container\">\n\t\t\t\t\t\t\t\t\t<div class=\"elementor-button-wrapper\">\n\t\t\t\t\t<a class=\"elementor-button elementor-button-link elementor-size-sm\" href=\"#elementor-action%3Aaction%3Dpopup%3Aopen%26settings%3DeyJpZCI6NzA3OCwidG9nZ2xlIjpmYWxzZX0%3D\">\n\t\t\t\t\t\t<span class=\"elementor-button-content-wrapper\">\n\t\t\t\t\t\t\t\t\t<span class=\"elementor-button-text\">Information<\/span>\n\t\t\t\t\t<\/span>\n\t\t\t\t\t<\/a>\n\t\t\t\t<\/div>\n\t\t\t\t\t\t\t\t<\/div>\n\t\t\t\t<\/div>\n\t\t\t\t<div class=\"elementor-element elementor-element-7aa4b995 elementor-widget elementor-widget-heading\" data-id=\"7aa4b995\" data-element_type=\"widget\" data-e-type=\"widget\" id=\"3\" data-widget_type=\"heading.default\">\n\t\t\t\t<div class=\"elementor-widget-container\">\n\t\t\t\t\t<h2 class=\"elementor-heading-title elementor-size-default\">Wie wird eine angeborene H\u00fcftluxation bei Kindern behandelt?<\/h2>\t\t\t\t<\/div>\n\t\t\t\t<\/div>\n\t\t\t\t<div class=\"elementor-element elementor-element-3995034a elementor-widget elementor-widget-text-editor\" data-id=\"3995034a\" data-element_type=\"widget\" data-e-type=\"widget\" data-widget_type=\"text-editor.default\">\n\t\t\t\t<div class=\"elementor-widget-container\">\n\t\t\t\t\t\t\t\t\t<p>Eine angeborene H\u00fcftluxation kann dauerhafte Probleme verursachen, wenn sie nicht fr\u00fchzeitig diagnostiziert und behandelt wird. Als MSM Klinik unterst\u00fctzen wir mit der richtigen Behandlung die gesunde H\u00fcftentwicklung Ihres Kindes.<\/p><p><strong>Behandlungsprozess:<\/strong><\/p><ul><li><strong> Untersuchung und Diagnose: <\/strong>Unser Expertenteam f\u00fchrt eine detaillierte Untersuchung durch, um die richtige Diagnose zu stellen. Bei Bedarf kommen auch bildgebende Verfahren zum Einsatz.<\/li><li><strong> Konservative Behandlung: <\/strong>In leichten F\u00e4llen kann eine speziell entwickelte H\u00fcftschiene oder eine andere konservative Behandlungsmethode f\u00fcr Ihr Baby empfohlen werden. Dies hilft, die Entwicklung des H\u00fcftgelenks zu unterst\u00fctzen und es in der richtigen Position zu halten.<\/li><li><strong> Pavlik-Verband: <\/strong>In manchen F\u00e4llen k\u00f6nnen spezielle Hilfsmittel wie der Pavlik-Verband verwendet werden. Diese Bandage unterst\u00fctzt die Entwicklung des H\u00fcftgelenks, indem sie die Beine des Babys in einer bestimmten Position h\u00e4lt.<\/li><li><strong> Reposition und Gipsverband: <\/strong>In schwereren F\u00e4llen kann eine Reposition (Einsetzen) gefolgt von einem Gipsverband erforderlich sein, um die H\u00fcftluxation zu korrigieren. Diese Methode reduziert den Druck auf das H\u00fcftgelenk und sorgt f\u00fcr eine Erholung in der richtigen Position.<\/li><li><strong> Chirurgischer Eingriff: <\/strong>In seltenen F\u00e4llen, wenn konservative Behandlungsmethoden versagen oder wenn die H\u00fcftluxation sehr schwerwiegend ist, kann ein chirurgischer Eingriff erforderlich sein. Unser Expertenteam bewertet die chirurgischen Optionen, die f\u00fcr den Zustand Ihres Kindes am besten geeignet sind, und ber\u00e4t Sie.<\/li><li><strong> Regelm\u00e4\u00dfige Nachsorge und Rehabilitation: <\/strong>W\u00e4hrend des gesamten Behandlungsprozesses \u00fcberwachen wir die Fortschritte Ihres Kindes genau und aktualisieren den Behandlungsplan bei Bedarf. Wir helfen Ihrem Kind auch durch Rehabilitationsprogramme dabei, Kraft und normale Mobilit\u00e4t zu erlangen. Kontaktieren Sie uns, um das gesunde Wachstum und die Entwicklung Ihres Kindes sicherzustellen.<\/li><\/ul>\t\t\t\t\t\t\t\t<\/div>\n\t\t\t\t<\/div>\n\t\t\t\t<div class=\"elementor-element elementor-element-7e15d43c elementor-mobile-align-justify elementor-widget__width-auto elementor-align-left elementor-widget elementor-widget-button\" data-id=\"7e15d43c\" data-element_type=\"widget\" data-e-type=\"widget\" data-widget_type=\"button.default\">\n\t\t\t\t<div class=\"elementor-widget-container\">\n\t\t\t\t\t\t\t\t\t<div class=\"elementor-button-wrapper\">\n\t\t\t\t\t<a class=\"elementor-button elementor-button-link elementor-size-sm\" href=\"#elementor-action%3Aaction%3Dpopup%3Aopen%26settings%3DeyJpZCI6NzA3OCwidG9nZ2xlIjpmYWxzZX0%3D\">\n\t\t\t\t\t\t<span class=\"elementor-button-content-wrapper\">\n\t\t\t\t\t\t\t\t\t<span class=\"elementor-button-text\">Information<\/span>\n\t\t\t\t\t<\/span>\n\t\t\t\t\t<\/a>\n\t\t\t\t<\/div>\n\t\t\t\t\t\t\t\t<\/div>\n\t\t\t\t<\/div>\n\t\t\t\t\t<\/div>\n\t\t\t\t<\/div>\n\t\t\t\t<\/div>\n\t\t","protected":false},"excerpt":{"rendered":"<p>Was ist eine angeborene H\u00fcftluxation bei Kindern? Was sind die Symptome einer angeborenen H\u00fcftluxation bei Kindern? Wie wird eine angeborene H\u00fcftluxation bei Kindern behandelt? Was ist eine angeborene H\u00fcftluxation bei Kindern? Eine angeborene H\u00fcftluxation ist eine Erkrankung, die bei Babys aufgrund angeborener Entwicklungsst\u00f6rungen des H\u00fcftgelenks und der umgebenden Strukturen auftritt. Normalerweise funktioniert das H\u00fcftgelenk stabil, [&hellip;]<\/p>\n","protected":false},"author":1,"featured_media":0,"parent":0,"menu_order":0,"comment_status":"closed","ping_status":"closed","template":"","meta":{"footnotes":""},"class_list":["post-10158","page","type-page","status-publish","hentry"],"_links":{"self":[{"href":"https:\/\/msmklinik.com.tr\/de\/wp-json\/wp\/v2\/pages\/10158","targetHints":{"allow":["GET"]}}],"collection":[{"href":"https:\/\/msmklinik.com.tr\/de\/wp-json\/wp\/v2\/pages"}],"about":[{"href":"https:\/\/msmklinik.com.tr\/de\/wp-json\/wp\/v2\/types\/page"}],"author":[{"embeddable":true,"href":"https:\/\/msmklinik.com.tr\/de\/wp-json\/wp\/v2\/users\/1"}],"replies":[{"embeddable":true,"href":"https:\/\/msmklinik.com.tr\/de\/wp-json\/wp\/v2\/comments?post=10158"}],"version-history":[{"count":4,"href":"https:\/\/msmklinik.com.tr\/de\/wp-json\/wp\/v2\/pages\/10158\/revisions"}],"predecessor-version":[{"id":10163,"href":"https:\/\/msmklinik.com.tr\/de\/wp-json\/wp\/v2\/pages\/10158\/revisions\/10163"}],"wp:attachment":[{"href":"https:\/\/msmklinik.com.tr\/de\/wp-json\/wp\/v2\/media?parent=10158"}],"curies":[{"name":"wp","href":"https:\/\/api.w.org\/{rel}","templated":true}]}}