{"id":10320,"date":"2023-06-13T14:18:00","date_gmt":"2023-06-13T11:18:00","guid":{"rendered":"https:\/\/msmklinik.com.tr\/?page_id=10320"},"modified":"2024-07-12T12:05:04","modified_gmt":"2024-07-12T09:05:04","slug":"achillessehne","status":"publish","type":"page","link":"https:\/\/msmklinik.com.tr\/de\/achillessehne\/","title":{"rendered":"Achillessehne"},"content":{"rendered":"\t\t<div data-elementor-type=\"wp-page\" data-elementor-id=\"10320\" class=\"elementor elementor-10320 elementor-4721\" data-elementor-post-type=\"page\">\n\t\t\t\t<div class=\"elementor-element elementor-element-700220f8 e-flex e-con-boxed e-con e-parent\" data-id=\"700220f8\" data-element_type=\"container\" data-e-type=\"container\">\n\t\t\t\t\t<div class=\"e-con-inner\">\n\t\t\t\t<div class=\"elementor-element elementor-element-91a2164 elementor-icon-list--layout-traditional elementor-list-item-link-full_width elementor-widget elementor-widget-icon-list\" data-id=\"91a2164\" data-element_type=\"widget\" data-e-type=\"widget\" data-widget_type=\"icon-list.default\">\n\t\t\t\t<div class=\"elementor-widget-container\">\n\t\t\t\t\t\t\t<ul class=\"elementor-icon-list-items\">\n\t\t\t\t\t\t\t<li class=\"elementor-icon-list-item\">\n\t\t\t\t\t\t\t\t\t\t\t<a href=\"#1\">\n\n\t\t\t\t\t\t\t\t\t\t\t\t<span class=\"elementor-icon-list-icon\">\n\t\t\t\t\t\t\t<svg aria-hidden=\"true\" class=\"e-font-icon-svg e-fas-angle-right\" viewBox=\"0 0 256 512\" xmlns=\"http:\/\/www.w3.org\/2000\/svg\"><path d=\"M224.3 273l-136 136c-9.4 9.4-24.6 9.4-33.9 0l-22.6-22.6c-9.4-9.4-9.4-24.6 0-33.9l96.4-96.4-96.4-96.4c-9.4-9.4-9.4-24.6 0-33.9L54.3 103c9.4-9.4 24.6-9.4 33.9 0l136 136c9.5 9.4 9.5 24.6.1 34z\"><\/path><\/svg>\t\t\t\t\t\t<\/span>\n\t\t\t\t\t\t\t\t\t\t<span class=\"elementor-icon-list-text\">Was Ist Die Achillessehne?<\/span>\n\t\t\t\t\t\t\t\t\t\t\t<\/a>\n\t\t\t\t\t\t\t\t\t<\/li>\n\t\t\t\t\t\t\t\t<li class=\"elementor-icon-list-item\">\n\t\t\t\t\t\t\t\t\t\t\t<a href=\"#2\">\n\n\t\t\t\t\t\t\t\t\t\t\t\t<span class=\"elementor-icon-list-icon\">\n\t\t\t\t\t\t\t<svg aria-hidden=\"true\" class=\"e-font-icon-svg e-fas-angle-right\" viewBox=\"0 0 256 512\" xmlns=\"http:\/\/www.w3.org\/2000\/svg\"><path d=\"M224.3 273l-136 136c-9.4 9.4-24.6 9.4-33.9 0l-22.6-22.6c-9.4-9.4-9.4-24.6 0-33.9l96.4-96.4-96.4-96.4c-9.4-9.4-9.4-24.6 0-33.9L54.3 103c9.4-9.4 24.6-9.4 33.9 0l136 136c9.5 9.4 9.5 24.6.1 34z\"><\/path><\/svg>\t\t\t\t\t\t<\/span>\n\t\t\t\t\t\t\t\t\t\t<span class=\"elementor-icon-list-text\">F\u00fcr Was Braucht Man Die Achillessehne?<\/span>\n\t\t\t\t\t\t\t\t\t\t\t<\/a>\n\t\t\t\t\t\t\t\t\t<\/li>\n\t\t\t\t\t\t\t\t<li class=\"elementor-icon-list-item\">\n\t\t\t\t\t\t\t\t\t\t\t<a href=\"#3\">\n\n\t\t\t\t\t\t\t\t\t\t\t\t<span class=\"elementor-icon-list-icon\">\n\t\t\t\t\t\t\t<svg aria-hidden=\"true\" class=\"e-font-icon-svg e-fas-angle-right\" viewBox=\"0 0 256 512\" xmlns=\"http:\/\/www.w3.org\/2000\/svg\"><path d=\"M224.3 273l-136 136c-9.4 9.4-24.6 9.4-33.9 0l-22.6-22.6c-9.4-9.4-9.4-24.6 0-33.9l96.4-96.4-96.4-96.4c-9.4-9.4-9.4-24.6 0-33.9L54.3 103c9.4-9.4 24.6-9.4 33.9 0l136 136c9.5 9.4 9.5 24.6.1 34z\"><\/path><\/svg>\t\t\t\t\t\t<\/span>\n\t\t\t\t\t\t\t\t\t\t<span class=\"elementor-icon-list-text\">Wie Rei\u00dft Man Die Achillessehne?<\/span>\n\t\t\t\t\t\t\t\t\t\t\t<\/a>\n\t\t\t\t\t\t\t\t\t<\/li>\n\t\t\t\t\t\t\t\t<li class=\"elementor-icon-list-item\">\n\t\t\t\t\t\t\t\t\t\t\t<a href=\"#4\">\n\n\t\t\t\t\t\t\t\t\t\t\t\t<span class=\"elementor-icon-list-icon\">\n\t\t\t\t\t\t\t<svg aria-hidden=\"true\" class=\"e-font-icon-svg e-fas-angle-right\" viewBox=\"0 0 256 512\" xmlns=\"http:\/\/www.w3.org\/2000\/svg\"><path d=\"M224.3 273l-136 136c-9.4 9.4-24.6 9.4-33.9 0l-22.6-22.6c-9.4-9.4-9.4-24.6 0-33.9l96.4-96.4-96.4-96.4c-9.4-9.4-9.4-24.6 0-33.9L54.3 103c9.4-9.4 24.6-9.4 33.9 0l136 136c9.5 9.4 9.5 24.6.1 34z\"><\/path><\/svg>\t\t\t\t\t\t<\/span>\n\t\t\t\t\t\t\t\t\t\t<span class=\"elementor-icon-list-text\">Was Sind Die Symptome Eines Achillessehnenrisses?<\/span>\n\t\t\t\t\t\t\t\t\t\t\t<\/a>\n\t\t\t\t\t\t\t\t\t<\/li>\n\t\t\t\t\t\t\t\t<li class=\"elementor-icon-list-item\">\n\t\t\t\t\t\t\t\t\t\t\t<a href=\"#5\">\n\n\t\t\t\t\t\t\t\t\t\t\t\t<span class=\"elementor-icon-list-icon\">\n\t\t\t\t\t\t\t<svg aria-hidden=\"true\" class=\"e-font-icon-svg e-fas-angle-right\" viewBox=\"0 0 256 512\" xmlns=\"http:\/\/www.w3.org\/2000\/svg\"><path d=\"M224.3 273l-136 136c-9.4 9.4-24.6 9.4-33.9 0l-22.6-22.6c-9.4-9.4-9.4-24.6 0-33.9l96.4-96.4-96.4-96.4c-9.4-9.4-9.4-24.6 0-33.9L54.3 103c9.4-9.4 24.6-9.4 33.9 0l136 136c9.5 9.4 9.5 24.6.1 34z\"><\/path><\/svg>\t\t\t\t\t\t<\/span>\n\t\t\t\t\t\t\t\t\t\t<span class=\"elementor-icon-list-text\">Wie Wird Eine Achillessehnenverletzung Diagnostiziert?<\/span>\n\t\t\t\t\t\t\t\t\t\t\t<\/a>\n\t\t\t\t\t\t\t\t\t<\/li>\n\t\t\t\t\t\t\t\t<li class=\"elementor-icon-list-item\">\n\t\t\t\t\t\t\t\t\t\t\t<a href=\"#6\">\n\n\t\t\t\t\t\t\t\t\t\t\t\t<span class=\"elementor-icon-list-icon\">\n\t\t\t\t\t\t\t<svg aria-hidden=\"true\" class=\"e-font-icon-svg e-fas-angle-right\" viewBox=\"0 0 256 512\" xmlns=\"http:\/\/www.w3.org\/2000\/svg\"><path d=\"M224.3 273l-136 136c-9.4 9.4-24.6 9.4-33.9 0l-22.6-22.6c-9.4-9.4-9.4-24.6 0-33.9l96.4-96.4-96.4-96.4c-9.4-9.4-9.4-24.6 0-33.9L54.3 103c9.4-9.4 24.6-9.4 33.9 0l136 136c9.5 9.4 9.5 24.6.1 34z\"><\/path><\/svg>\t\t\t\t\t\t<\/span>\n\t\t\t\t\t\t\t\t\t\t<span class=\"elementor-icon-list-text\">Wie Wird Ein Achillessehnenriss Behandelt?<\/span>\n\t\t\t\t\t\t\t\t\t\t\t<\/a>\n\t\t\t\t\t\t\t\t\t<\/li>\n\t\t\t\t\t\t<\/ul>\n\t\t\t\t\t\t<\/div>\n\t\t\t\t<\/div>\n\t\t\t\t\t<\/div>\n\t\t\t\t<\/div>\n\t\t<div class=\"elementor-element elementor-element-77201e2e e-flex e-con-boxed e-con e-parent\" data-id=\"77201e2e\" data-element_type=\"container\" data-e-type=\"container\">\n\t\t\t\t\t<div class=\"e-con-inner\">\n\t\t<div class=\"elementor-element elementor-element-5d2e040d e-con-full e-flex e-con e-child\" data-id=\"5d2e040d\" data-element_type=\"container\" data-e-type=\"container\">\n\t\t\t\t<div class=\"elementor-element elementor-element-58b42854 elementor-widget elementor-widget-heading\" data-id=\"58b42854\" data-element_type=\"widget\" data-e-type=\"widget\" id=\"1\" data-widget_type=\"heading.default\">\n\t\t\t\t<div class=\"elementor-widget-container\">\n\t\t\t\t\t<h2 class=\"elementor-heading-title elementor-size-default\">Was ist die Achillessehne?<\/h2>\t\t\t\t<\/div>\n\t\t\t\t<\/div>\n\t\t\t\t<div class=\"elementor-element elementor-element-27fd75f9 elementor-widget elementor-widget-text-editor\" data-id=\"27fd75f9\" data-element_type=\"widget\" data-e-type=\"widget\" data-widget_type=\"text-editor.default\">\n\t\t\t\t<div class=\"elementor-widget-container\">\n\t\t\t\t\t\t\t\t\t<p>Das faserige Bindegewebe, das in unserem K\u00f6rper die Muskeln mit den Knochen verbindet und die Grundlage des Bewegungssystems bildet, wird \u201eSehnen\u201c genannt. Die st\u00e4rkste und gr\u00f6\u00dfte dieser Sehnen ist die Achillessehne. Diese Achillessehne, die das Fersenbein mit der Wadenmuskulatur verbindet, hat ihren Namen vom legend\u00e4ren Krieger Achilles aus der griechischen Mythologie. Der Legende nach war Achilleus\u2018 einzige Schwachstelle seine Ferse, und es hei\u00dft, er sei an dieser Stelle durch einen Pfeiltreffer ums Leben gekommen. Obwohl es sich um eine mythologische Geschichte handelt, zeigt diese Legende deutlich die Bedeutung der Achillessehne und ihre kritische Position im K\u00f6rper.<\/p>\t\t\t\t\t\t\t\t<\/div>\n\t\t\t\t<\/div>\n\t\t\t\t<div class=\"elementor-element elementor-element-7ccf827 elementor-widget elementor-widget-heading\" data-id=\"7ccf827\" data-element_type=\"widget\" data-e-type=\"widget\" id=\"2\" data-widget_type=\"heading.default\">\n\t\t\t\t<div class=\"elementor-widget-container\">\n\t\t\t\t\t<h2 class=\"elementor-heading-title elementor-size-default\">F\u00fcr was braucht man die Achillessehne?<\/h2>\t\t\t\t<\/div>\n\t\t\t\t<\/div>\n\t\t\t\t<div class=\"elementor-element elementor-element-d2d36d0 elementor-widget elementor-widget-text-editor\" data-id=\"d2d36d0\" data-element_type=\"widget\" data-e-type=\"widget\" data-widget_type=\"text-editor.default\">\n\t\t\t\t<div class=\"elementor-widget-container\">\n\t\t\t\t\t\t\t\t\t<p>F\u00fcr die Beweglichkeit ist die Achillessehne von gro\u00dfer Bedeutung. Zu seinen wichtigsten Funktionen:<\/p><ul><li>Wenn Sie den Fu\u00df beim Gehen, Laufen und Treppenauf- und -absteigen nach unten bewegen, bedeutet dies, ihn wieder in die richtige Position zu bringen.<\/li><li>Anheben der Zehen beim Aufstehen und Aufrichten auf der Ferse.<\/li><li>Es spielt auch eine wichtige Rolle bei der Stabilisierung des Kn\u00f6chels. Es spielt eine wichtige Rolle bei der Aufrechterhaltung des Gleichgewichts des K\u00f6rpers.<\/li><\/ul>\t\t\t\t\t\t\t\t<\/div>\n\t\t\t\t<\/div>\n\t\t\t\t<div class=\"elementor-element elementor-element-0992a3a elementor-mobile-align-justify elementor-widget__width-auto elementor-align-left elementor-widget elementor-widget-button\" data-id=\"0992a3a\" data-element_type=\"widget\" data-e-type=\"widget\" data-widget_type=\"button.default\">\n\t\t\t\t<div class=\"elementor-widget-container\">\n\t\t\t\t\t\t\t\t\t<div class=\"elementor-button-wrapper\">\n\t\t\t\t\t<a class=\"elementor-button elementor-button-link elementor-size-sm\" href=\"#elementor-action%3Aaction%3Dpopup%3Aopen%26settings%3DeyJpZCI6NzA3OCwidG9nZ2xlIjpmYWxzZX0%3D\">\n\t\t\t\t\t\t<span class=\"elementor-button-content-wrapper\">\n\t\t\t\t\t\t\t\t\t<span class=\"elementor-button-text\">Information<\/span>\n\t\t\t\t\t<\/span>\n\t\t\t\t\t<\/a>\n\t\t\t\t<\/div>\n\t\t\t\t\t\t\t\t<\/div>\n\t\t\t\t<\/div>\n\t\t\t\t<\/div>\n\t\t<div class=\"elementor-element elementor-element-4ef4f2bc e-flex e-con-boxed e-con e-child\" data-id=\"4ef4f2bc\" data-element_type=\"container\" data-e-type=\"container\">\n\t\t\t\t\t<div class=\"e-con-inner\">\n\t\t\t\t<div class=\"elementor-element elementor-element-59403eb6 elementor-widget elementor-widget-image\" data-id=\"59403eb6\" data-element_type=\"widget\" data-e-type=\"widget\" data-widget_type=\"image.default\">\n\t\t\t\t<div class=\"elementor-widget-container\">\n\t\t\t\t\t\t\t\t\t\t\t\t\t\t\t<img fetchpriority=\"high\" decoding=\"async\" width=\"800\" height=\"986\" src=\"https:\/\/msmklinik.com.tr\/wp-content\/uploads\/2024\/07\/Asil-Tendonu-Msm-Klinik-Image-2-831x1024.webp\" class=\"attachment-large size-large wp-image-10290\" alt=\"\" srcset=\"https:\/\/msmklinik.com.tr\/wp-content\/uploads\/2024\/07\/Asil-Tendonu-Msm-Klinik-Image-2-831x1024.webp 831w, https:\/\/msmklinik.com.tr\/wp-content\/uploads\/2024\/07\/Asil-Tendonu-Msm-Klinik-Image-2-243x300.webp 243w, https:\/\/msmklinik.com.tr\/wp-content\/uploads\/2024\/07\/Asil-Tendonu-Msm-Klinik-Image-2-768x946.webp 768w, https:\/\/msmklinik.com.tr\/wp-content\/uploads\/2024\/07\/Asil-Tendonu-Msm-Klinik-Image-2.webp 922w\" sizes=\"(max-width: 800px) 100vw, 800px\" \/>\t\t\t\t\t\t\t\t\t\t\t\t\t\t\t<\/div>\n\t\t\t\t<\/div>\n\t\t\t\t\t<\/div>\n\t\t\t\t<\/div>\n\t\t\t\t\t<\/div>\n\t\t\t\t<\/div>\n\t\t<div class=\"elementor-element elementor-element-6da3de9b e-flex e-con-boxed e-con e-parent\" data-id=\"6da3de9b\" data-element_type=\"container\" data-e-type=\"container\">\n\t\t\t\t\t<div class=\"e-con-inner\">\n\t\t\t\t<div class=\"elementor-element elementor-element-84d1e03 elementor-widget elementor-widget-video\" data-id=\"84d1e03\" data-element_type=\"widget\" data-e-type=\"widget\" data-settings=\"{&quot;youtube_url&quot;:&quot;https:\\\/\\\/www.youtube.com\\\/watch?v=B5t_5O2mGZ4&quot;,&quot;video_type&quot;:&quot;youtube&quot;,&quot;controls&quot;:&quot;yes&quot;}\" data-widget_type=\"video.default\">\n\t\t\t\t<div class=\"elementor-widget-container\">\n\t\t\t\t\t\t\t<div class=\"elementor-wrapper elementor-open-inline\">\n\t\t\t<div class=\"elementor-video\"><\/div>\t\t<\/div>\n\t\t\t\t\t\t<\/div>\n\t\t\t\t<\/div>\n\t\t\t\t<div class=\"elementor-element elementor-element-1ab55f69 elementor-widget elementor-widget-heading\" data-id=\"1ab55f69\" data-element_type=\"widget\" data-e-type=\"widget\" id=\"3\" data-widget_type=\"heading.default\">\n\t\t\t\t<div class=\"elementor-widget-container\">\n\t\t\t\t\t<h2 class=\"elementor-heading-title elementor-size-default\">Wie rei\u00dft man die Achillessehne?<\/h2>\t\t\t\t<\/div>\n\t\t\t\t<\/div>\n\t\t\t\t<div class=\"elementor-element elementor-element-7ad7b363 elementor-widget elementor-widget-text-editor\" data-id=\"7ad7b363\" data-element_type=\"widget\" data-e-type=\"widget\" data-widget_type=\"text-editor.default\">\n\t\t\t\t<div class=\"elementor-widget-container\">\n\t\t\t\t\t\t\t\t\t<p>Die Achillessehne ist eine der st\u00e4rksten Sehnen unseres K\u00f6rpers. Obwohl es stark ist, kann es bei extremer Belastung und pl\u00f6tzlichen Bewegungen rei\u00dfen. Dieser Zustand kann Symptome wie Schmerzen, Schwellungen und Zerrung verursachen. Obwohl ein Achillessehnenriss bei Sportlern und aktiven Menschen h\u00e4ufig vorkommt, kann er aus unterschiedlichen Gr\u00fcnden tats\u00e4chlich in jedem Alter und Geschlecht auftreten.<\/p><p>Die Ursachen f\u00fcr einen Achillessehnenriss k\u00f6nnen wie folgt aufgef\u00fchrt werden:<\/p><ul><li><strong>\u00dcberanstrengung:<\/strong> Wenn Sie zu wenig ausgeruht oder m\u00fcde trainieren, kann dies zu \u00dcberanstrengung und Ruptur der Achillessehne f\u00fchren.<\/li><li><strong>Pl\u00f6tzliche Bewegungen:<\/strong> Besonders pl\u00f6tzliche Sprung- oder Drehbewegungen k\u00f6nnen die Achillessehne pl\u00f6tzlich belasten und zum Riss f\u00fchren.<\/li><li><strong>Unzureichendes Aufw\u00e4rmen und Abk\u00fchlen: <\/strong>Das Vernachl\u00e4ssigen von Aufw\u00e4rm- und Abk\u00fchl\u00fcbungen vor und nach dem Training erh\u00f6ht das Risiko einer Achillessehnenverletzung.<\/li><li><strong>Falsche Schuhwahl:<\/strong> Das Tragen von Schuhen, die nicht zur Sportart und Fu\u00dfstruktur passen, kann zu Sch\u00e4den an der Achillessehne f\u00fchren.<\/li><li><strong>Schwache Muskulatur:<\/strong> Eine schwache Wadenmuskulatur kann die Achillessehne st\u00e4rker belasten und einen Riss verursachen.<\/li><li><strong>Chronische Erkrankungen:<\/strong> Chronische Erkrankungen wie Diabetes und rheumatoide Arthritis k\u00f6nnen die Achillessehne schw\u00e4chen und das Rupturrisiko erh\u00f6hen.<\/li><li><strong>Alter:<\/strong> Mit zunehmendem Alter wird die Achillessehne schw\u00e4cher und das Risiko eines Risses steigt.<\/li><li><strong>Einige Medikamente:<\/strong> Einige Medikamente wie Kortison k\u00f6nnen die Achillessehne schw\u00e4chen.<\/li><\/ul>\t\t\t\t\t\t\t\t<\/div>\n\t\t\t\t<\/div>\n\t\t\t\t<div class=\"elementor-element elementor-element-50751824 elementor-mobile-align-justify elementor-widget__width-auto elementor-align-left elementor-widget elementor-widget-button\" data-id=\"50751824\" data-element_type=\"widget\" data-e-type=\"widget\" data-widget_type=\"button.default\">\n\t\t\t\t<div class=\"elementor-widget-container\">\n\t\t\t\t\t\t\t\t\t<div class=\"elementor-button-wrapper\">\n\t\t\t\t\t<a class=\"elementor-button elementor-button-link elementor-size-sm\" href=\"#elementor-action%3Aaction%3Dpopup%3Aopen%26settings%3DeyJpZCI6NzA3OCwidG9nZ2xlIjpmYWxzZX0%3D\">\n\t\t\t\t\t\t<span class=\"elementor-button-content-wrapper\">\n\t\t\t\t\t\t\t\t\t<span class=\"elementor-button-text\">Information<\/span>\n\t\t\t\t\t<\/span>\n\t\t\t\t\t<\/a>\n\t\t\t\t<\/div>\n\t\t\t\t\t\t\t\t<\/div>\n\t\t\t\t<\/div>\n\t\t\t\t<div class=\"elementor-element elementor-element-20ff76fd elementor-widget elementor-widget-heading\" data-id=\"20ff76fd\" data-element_type=\"widget\" data-e-type=\"widget\" id=\"4\" data-widget_type=\"heading.default\">\n\t\t\t\t<div class=\"elementor-widget-container\">\n\t\t\t\t\t<h2 class=\"elementor-heading-title elementor-size-default\">Was sind die Symptome eines Achillessehnenrisses?<\/h2>\t\t\t\t<\/div>\n\t\t\t\t<\/div>\n\t\t\t\t<div class=\"elementor-element elementor-element-2e58d31a elementor-widget elementor-widget-text-editor\" data-id=\"2e58d31a\" data-element_type=\"widget\" data-e-type=\"widget\" data-widget_type=\"text-editor.default\">\n\t\t\t\t<div class=\"elementor-widget-container\">\n\t\t\t\t\t\t\t\t\t<p>Die Symptome einer Achillessehnenverletzung k\u00f6nnen je nach Situation unterschiedlich sein. W\u00e4hrend der Schmerz aufgrund geschw\u00e4chter Sehnen langsam und konstant ist, kann es infolge eines Sehnenrisses\u00a0 scharf und pl\u00f6tzlich auftreten.<\/p><p>&#8211; Pl\u00f6tzlicher stechender Schmerz: Wenn es zu einem pl\u00f6tzlichen Riss\u00a0 in der Achillessehne kommt, ist ein stechender Schmerz in der Ferse oder Wade zu sp\u00fcren. Dieser Schmerz kann so stark sein, dass die Person zu Boden fallen kann.<\/p><p>&#8211; Schwellung und Bluterg\u00fcsse: Nach einer Verletzung kommt es h\u00e4ufig zu Schwellungen und Bluterg\u00fcssen in der Umgebung. Bluterg\u00fcsse k\u00f6nnen sich entlang der Ferse und der Wade erstrecken.<\/p><p>&#8211; Belastung beim Gehen oder Laufen: Eine Achillessehnenverletzung kann das Gehen und Laufen erschweren. Vor allem beim Treppenauf- und -absteigen oder beim Bergabgehen kann es zu gr\u00f6\u00dferen Schwierigkeiten kommen.<\/p><p>&#8211; Schwierigkeiten beim Anheben der Zehen: Die Achillessehne ist f\u00fcr das Anheben der Zehen verantwortlich. Aufgrund einer Verletzung kann diese Bewegung erschwert oder unm\u00f6glich werden.<\/p><p>&#8211; Schw\u00e4che oder Ungleichgewicht in der Ferse: Wenn die Achillessehne schw\u00e4cher wird oder rei\u00dft, sind Instabilit\u00e4t und Schw\u00e4che in der Ferse zu sp\u00fcren. Dadurch erh\u00f6ht sich die Sturzgefahr.<\/p><p>&#8211; Seltene Symptome: In einigen seltenen F\u00e4llen verursacht eine Achillessehnenverletzung m\u00f6glicherweise keine Symptome. Dieser Zustand kann auftreten, wenn die Sehne einen kleinen Riss oder eine Entz\u00fcndung aufweist.<\/p>\t\t\t\t\t\t\t\t<\/div>\n\t\t\t\t<\/div>\n\t\t\t\t<div class=\"elementor-element elementor-element-66f52b00 elementor-mobile-align-justify elementor-widget__width-auto elementor-align-left elementor-widget elementor-widget-button\" data-id=\"66f52b00\" data-element_type=\"widget\" data-e-type=\"widget\" data-widget_type=\"button.default\">\n\t\t\t\t<div class=\"elementor-widget-container\">\n\t\t\t\t\t\t\t\t\t<div class=\"elementor-button-wrapper\">\n\t\t\t\t\t<a class=\"elementor-button elementor-button-link elementor-size-sm\" href=\"#elementor-action%3Aaction%3Dpopup%3Aopen%26settings%3DeyJpZCI6NzA3OCwidG9nZ2xlIjpmYWxzZX0%3D\">\n\t\t\t\t\t\t<span class=\"elementor-button-content-wrapper\">\n\t\t\t\t\t\t\t\t\t<span class=\"elementor-button-text\">Information<\/span>\n\t\t\t\t\t<\/span>\n\t\t\t\t\t<\/a>\n\t\t\t\t<\/div>\n\t\t\t\t\t\t\t\t<\/div>\n\t\t\t\t<\/div>\n\t\t\t\t<div class=\"elementor-element elementor-element-2a4cd9f2 elementor-widget elementor-widget-heading\" data-id=\"2a4cd9f2\" data-element_type=\"widget\" data-e-type=\"widget\" id=\"5\" data-widget_type=\"heading.default\">\n\t\t\t\t<div class=\"elementor-widget-container\">\n\t\t\t\t\t<h2 class=\"elementor-heading-title elementor-size-default\">Wie wird eine Achillessehnenverletzung diagnostiziert?<\/h2>\t\t\t\t<\/div>\n\t\t\t\t<\/div>\n\t\t\t\t<div class=\"elementor-element elementor-element-77b1c2a0 elementor-widget elementor-widget-text-editor\" data-id=\"77b1c2a0\" data-element_type=\"widget\" data-e-type=\"widget\" data-widget_type=\"text-editor.default\">\n\t\t\t\t<div class=\"elementor-widget-container\">\n\t\t\t\t\t\t\t\t\t<p>Abh\u00e4ngig von der Schwere der Schmerzen und anderen Symptomen, die aus einem Achillessehnenriss resultieren, m\u00fcssen Sie m\u00f6glicherweise eine orthop\u00e4dische Klinik oder einen orthop\u00e4dischen Chirurgen aufsuchen. Die diagnostischen Methoden, die wir in der MSM-Klinik anwenden, sind folgende:<\/p><ul><li>\u00c4rztliche Untersuchung: Schwellung, \u00d6deme und Empfindlichkeit der Wadenmuskulatur werden \u00fcberpr\u00fcft. Es wird gepr\u00fcft, ob eine L\u00fccke in der Sehne vorliegt. Dabei wird die Wadenmuskulatur des Patienten gestrafft und beobachtet, ob sich der Fu\u00df passiv kontrahiert.<\/li><li>Ultraschall: Ort des Risses und Grad der Sch\u00e4digung der Sehne werden ermittelt.<\/li><li>MRT: Wird f\u00fcr eine detailliertere Bildgebung verwendet. Auf diese Weise kann festgestellt werden, wo sich der Riss befindet und ob die Sehne teilweise oder vollst\u00e4ndig gesch\u00e4digt ist und ein entsprechender Behandlungsplan erstellt werden.<\/li><\/ul>\t\t\t\t\t\t\t\t<\/div>\n\t\t\t\t<\/div>\n\t\t\t\t<div class=\"elementor-element elementor-element-5a4ec1d1 elementor-mobile-align-justify elementor-widget__width-auto elementor-align-left elementor-widget elementor-widget-button\" data-id=\"5a4ec1d1\" data-element_type=\"widget\" data-e-type=\"widget\" data-widget_type=\"button.default\">\n\t\t\t\t<div class=\"elementor-widget-container\">\n\t\t\t\t\t\t\t\t\t<div class=\"elementor-button-wrapper\">\n\t\t\t\t\t<a class=\"elementor-button elementor-button-link elementor-size-sm\" href=\"#elementor-action%3Aaction%3Dpopup%3Aopen%26settings%3DeyJpZCI6NzA3OCwidG9nZ2xlIjpmYWxzZX0%3D\">\n\t\t\t\t\t\t<span class=\"elementor-button-content-wrapper\">\n\t\t\t\t\t\t\t\t\t<span class=\"elementor-button-text\">Information<\/span>\n\t\t\t\t\t<\/span>\n\t\t\t\t\t<\/a>\n\t\t\t\t<\/div>\n\t\t\t\t\t\t\t\t<\/div>\n\t\t\t\t<\/div>\n\t\t\t\t<div class=\"elementor-element elementor-element-642bda8d elementor-widget elementor-widget-heading\" data-id=\"642bda8d\" data-element_type=\"widget\" data-e-type=\"widget\" id=\"6\" data-widget_type=\"heading.default\">\n\t\t\t\t<div class=\"elementor-widget-container\">\n\t\t\t\t\t<h2 class=\"elementor-heading-title elementor-size-default\">Wie wird ein Achillessehnenriss behandelt?<\/h2>\t\t\t\t<\/div>\n\t\t\t\t<\/div>\n\t\t\t\t<div class=\"elementor-element elementor-element-5524cb07 elementor-widget elementor-widget-text-editor\" data-id=\"5524cb07\" data-element_type=\"widget\" data-e-type=\"widget\" data-widget_type=\"text-editor.default\">\n\t\t\t\t<div class=\"elementor-widget-container\">\n\t\t\t\t\t\t\t\t\t<p>Es gibt zwei Hauptbehandlungsmethoden f\u00fcr Achillessehnenverletzungen: die konservative Behandlung und die chirurgische Behandlung. Welche Methode in der MSM-Klinik gew\u00e4hlt wird, h\u00e4ngt vom Alter, Aktivit\u00e4tsgrad, Gewicht und der Schwere der Verletzung des Patienten ab.<\/p><p>\u00a0<\/p><p>K<b>onservative Behandlung: <\/b>Wird angewendet, um Schmerzen zu lindern und so schnell wie m\u00f6glich wieder den t\u00e4glichen Aktivit\u00e4ten nachzugehen. Bewerbungen sind; Kalte Kompressen, Schmerzmittel, speziell abgestimmte Gelenkbewegungs- und Muskelst\u00e4rkungs\u00fcbungen sowie Rehabilitation. Kortison-, PRP- und Kollagenanwendungen k\u00f6nnen gemeinsam angewendet werden. Die Entscheidung richtet sich nach der Sehnenqualit\u00e4t und dem Aktivit\u00e4tsniveau des Patienten.<\/p><p><b>Chirurgische Behandlung:<\/b> Amateur- oder Profisportler, Menschen mit aktivem Lebensstil und junge Erwachsene bevorzugen diese Behandlung. Es ist eine bevorzugte Methode, um den Heilungsprozess zu verk\u00fcrzen und die sportliche Leistungsf\u00e4higkeit wiederherzustellen. Abh\u00e4ngig von der Art der Verletzung k\u00f6nnen unterschiedliche Operationen durchgef\u00fchrt werden.<\/p><p>Rehabilitation ist die am meisten empfohlene Behandlungsmethode f\u00fcr jeden Patienten, ob Operation oder nicht. Beinmuskel- und Achillessehnen\u00fcbungen werden unter der Aufsicht unseres Spezialisten durchgef\u00fchrt. Ziel ist es, sicherzustellen, dass der Patient innerhalb von 4-6 Monaten wieder in seinen vorherigen Zustand zur\u00fcckkehrt.<\/p>\t\t\t\t\t\t\t\t<\/div>\n\t\t\t\t<\/div>\n\t\t\t\t<div class=\"elementor-element elementor-element-8dd4c86 elementor-mobile-align-justify elementor-widget__width-auto elementor-align-left elementor-widget elementor-widget-button\" data-id=\"8dd4c86\" data-element_type=\"widget\" data-e-type=\"widget\" data-widget_type=\"button.default\">\n\t\t\t\t<div class=\"elementor-widget-container\">\n\t\t\t\t\t\t\t\t\t<div class=\"elementor-button-wrapper\">\n\t\t\t\t\t<a class=\"elementor-button elementor-button-link elementor-size-sm\" href=\"#elementor-action%3Aaction%3Dpopup%3Aopen%26settings%3DeyJpZCI6NzA3OCwidG9nZ2xlIjpmYWxzZX0%3D\">\n\t\t\t\t\t\t<span class=\"elementor-button-content-wrapper\">\n\t\t\t\t\t\t\t\t\t<span class=\"elementor-button-text\">Information<\/span>\n\t\t\t\t\t<\/span>\n\t\t\t\t\t<\/a>\n\t\t\t\t<\/div>\n\t\t\t\t\t\t\t\t<\/div>\n\t\t\t\t<\/div>\n\t\t\t\t\t<\/div>\n\t\t\t\t<\/div>\n\t\t\t\t<\/div>\n\t\t","protected":false},"excerpt":{"rendered":"<p>Was Ist Die Achillessehne? F\u00fcr Was Braucht Man Die Achillessehne? Wie Rei\u00dft Man Die Achillessehne? Was Sind Die Symptome Eines Achillessehnenrisses? Wie Wird Eine Achillessehnenverletzung Diagnostiziert? Wie Wird Ein Achillessehnenriss Behandelt? Was ist die Achillessehne? Das faserige Bindegewebe, das in unserem K\u00f6rper die Muskeln mit den Knochen verbindet und die Grundlage des Bewegungssystems bildet, wird [&hellip;]<\/p>\n","protected":false},"author":1,"featured_media":0,"parent":0,"menu_order":0,"comment_status":"closed","ping_status":"closed","template":"","meta":{"footnotes":""},"class_list":["post-10320","page","type-page","status-publish","hentry"],"_links":{"self":[{"href":"https:\/\/msmklinik.com.tr\/de\/wp-json\/wp\/v2\/pages\/10320","targetHints":{"allow":["GET"]}}],"collection":[{"href":"https:\/\/msmklinik.com.tr\/de\/wp-json\/wp\/v2\/pages"}],"about":[{"href":"https:\/\/msmklinik.com.tr\/de\/wp-json\/wp\/v2\/types\/page"}],"author":[{"embeddable":true,"href":"https:\/\/msmklinik.com.tr\/de\/wp-json\/wp\/v2\/users\/1"}],"replies":[{"embeddable":true,"href":"https:\/\/msmklinik.com.tr\/de\/wp-json\/wp\/v2\/comments?post=10320"}],"version-history":[{"count":7,"href":"https:\/\/msmklinik.com.tr\/de\/wp-json\/wp\/v2\/pages\/10320\/revisions"}],"predecessor-version":[{"id":10328,"href":"https:\/\/msmklinik.com.tr\/de\/wp-json\/wp\/v2\/pages\/10320\/revisions\/10328"}],"wp:attachment":[{"href":"https:\/\/msmklinik.com.tr\/de\/wp-json\/wp\/v2\/media?parent=10320"}],"curies":[{"name":"wp","href":"https:\/\/api.w.org\/{rel}","templated":true}]}}