{"id":10514,"date":"2023-06-13T14:30:48","date_gmt":"2023-06-13T11:30:48","guid":{"rendered":"https:\/\/msmklinik.com.tr\/?page_id=10514"},"modified":"2024-07-12T16:43:20","modified_gmt":"2024-07-12T13:43:20","slug":"fussschwielen","status":"publish","type":"page","link":"https:\/\/msmklinik.com.tr\/de\/fussschwielen\/","title":{"rendered":"Fu\u00dfschwielen"},"content":{"rendered":"\t\t<div data-elementor-type=\"wp-page\" data-elementor-id=\"10514\" class=\"elementor elementor-10514 elementor-4726\" data-elementor-post-type=\"page\">\n\t\t\t\t<div class=\"elementor-element elementor-element-3b629f28 e-flex e-con-boxed e-con e-parent\" data-id=\"3b629f28\" data-element_type=\"container\" data-e-type=\"container\">\n\t\t\t\t\t<div class=\"e-con-inner\">\n\t\t\t\t<div class=\"elementor-element elementor-element-362008b8 elementor-icon-list--layout-traditional elementor-list-item-link-full_width elementor-widget elementor-widget-icon-list\" data-id=\"362008b8\" data-element_type=\"widget\" data-e-type=\"widget\" data-widget_type=\"icon-list.default\">\n\t\t\t\t<div class=\"elementor-widget-container\">\n\t\t\t\t\t\t\t<ul class=\"elementor-icon-list-items\">\n\t\t\t\t\t\t\t<li class=\"elementor-icon-list-item\">\n\t\t\t\t\t\t\t\t\t\t\t<a href=\"#1\">\n\n\t\t\t\t\t\t\t\t\t\t\t\t<span class=\"elementor-icon-list-icon\">\n\t\t\t\t\t\t\t<svg aria-hidden=\"true\" class=\"e-font-icon-svg e-fas-angle-right\" viewBox=\"0 0 256 512\" xmlns=\"http:\/\/www.w3.org\/2000\/svg\"><path d=\"M224.3 273l-136 136c-9.4 9.4-24.6 9.4-33.9 0l-22.6-22.6c-9.4-9.4-9.4-24.6 0-33.9l96.4-96.4-96.4-96.4c-9.4-9.4-9.4-24.6 0-33.9L54.3 103c9.4-9.4 24.6-9.4 33.9 0l136 136c9.5 9.4 9.5 24.6.1 34z\"><\/path><\/svg>\t\t\t\t\t\t<\/span>\n\t\t\t\t\t\t\t\t\t\t<span class=\"elementor-icon-list-text\">Was Ist Fu\u00dfschwielen?<\/span>\n\t\t\t\t\t\t\t\t\t\t\t<\/a>\n\t\t\t\t\t\t\t\t\t<\/li>\n\t\t\t\t\t\t\t\t<li class=\"elementor-icon-list-item\">\n\t\t\t\t\t\t\t\t\t\t\t<a href=\"#2\">\n\n\t\t\t\t\t\t\t\t\t\t\t\t<span class=\"elementor-icon-list-icon\">\n\t\t\t\t\t\t\t<svg aria-hidden=\"true\" class=\"e-font-icon-svg e-fas-angle-right\" viewBox=\"0 0 256 512\" xmlns=\"http:\/\/www.w3.org\/2000\/svg\"><path d=\"M224.3 273l-136 136c-9.4 9.4-24.6 9.4-33.9 0l-22.6-22.6c-9.4-9.4-9.4-24.6 0-33.9l96.4-96.4-96.4-96.4c-9.4-9.4-9.4-24.6 0-33.9L54.3 103c9.4-9.4 24.6-9.4 33.9 0l136 136c9.5 9.4 9.5 24.6.1 34z\"><\/path><\/svg>\t\t\t\t\t\t<\/span>\n\t\t\t\t\t\t\t\t\t\t<span class=\"elementor-icon-list-text\">Welche Arten Von Hornhaut Am Fu\u00df Gibt Es?<\/span>\n\t\t\t\t\t\t\t\t\t\t\t<\/a>\n\t\t\t\t\t\t\t\t\t<\/li>\n\t\t\t\t\t\t\t\t<li class=\"elementor-icon-list-item\">\n\t\t\t\t\t\t\t\t\t\t\t<a href=\"#3\">\n\n\t\t\t\t\t\t\t\t\t\t\t\t<span class=\"elementor-icon-list-icon\">\n\t\t\t\t\t\t\t<svg aria-hidden=\"true\" class=\"e-font-icon-svg e-fas-angle-right\" viewBox=\"0 0 256 512\" xmlns=\"http:\/\/www.w3.org\/2000\/svg\"><path d=\"M224.3 273l-136 136c-9.4 9.4-24.6 9.4-33.9 0l-22.6-22.6c-9.4-9.4-9.4-24.6 0-33.9l96.4-96.4-96.4-96.4c-9.4-9.4-9.4-24.6 0-33.9L54.3 103c9.4-9.4 24.6-9.4 33.9 0l136 136c9.5 9.4 9.5 24.6.1 34z\"><\/path><\/svg>\t\t\t\t\t\t<\/span>\n\t\t\t\t\t\t\t\t\t\t<span class=\"elementor-icon-list-text\">Warum Entstehen Fu\u00dfschwielen?<\/span>\n\t\t\t\t\t\t\t\t\t\t\t<\/a>\n\t\t\t\t\t\t\t\t\t<\/li>\n\t\t\t\t\t\t\t\t<li class=\"elementor-icon-list-item\">\n\t\t\t\t\t\t\t\t\t\t\t<a href=\"#4\">\n\n\t\t\t\t\t\t\t\t\t\t\t\t<span class=\"elementor-icon-list-icon\">\n\t\t\t\t\t\t\t<svg aria-hidden=\"true\" class=\"e-font-icon-svg e-fas-angle-right\" viewBox=\"0 0 256 512\" xmlns=\"http:\/\/www.w3.org\/2000\/svg\"><path d=\"M224.3 273l-136 136c-9.4 9.4-24.6 9.4-33.9 0l-22.6-22.6c-9.4-9.4-9.4-24.6 0-33.9l96.4-96.4-96.4-96.4c-9.4-9.4-9.4-24.6 0-33.9L54.3 103c9.4-9.4 24.6-9.4 33.9 0l136 136c9.5 9.4 9.5 24.6.1 34z\"><\/path><\/svg>\t\t\t\t\t\t<\/span>\n\t\t\t\t\t\t\t\t\t\t<span class=\"elementor-icon-list-text\">Wie Behandelt Man Fu\u00dfschwielen Am Fu\u00df?<\/span>\n\t\t\t\t\t\t\t\t\t\t\t<\/a>\n\t\t\t\t\t\t\t\t\t<\/li>\n\t\t\t\t\t\t<\/ul>\n\t\t\t\t\t\t<\/div>\n\t\t\t\t<\/div>\n\t\t\t\t\t<\/div>\n\t\t\t\t<\/div>\n\t\t<div class=\"elementor-element elementor-element-1854b2bb e-flex e-con-boxed e-con e-parent\" data-id=\"1854b2bb\" data-element_type=\"container\" data-e-type=\"container\">\n\t\t\t\t\t<div class=\"e-con-inner\">\n\t\t<div class=\"elementor-element elementor-element-19d75cca e-con-full e-flex e-con e-child\" data-id=\"19d75cca\" data-element_type=\"container\" data-e-type=\"container\">\n\t\t\t\t<div class=\"elementor-element elementor-element-2bad1a9b elementor-widget elementor-widget-heading\" data-id=\"2bad1a9b\" data-element_type=\"widget\" data-e-type=\"widget\" id=\"1\" data-widget_type=\"heading.default\">\n\t\t\t\t<div class=\"elementor-widget-container\">\n\t\t\t\t\t<h2 class=\"elementor-heading-title elementor-size-default\">Was ist Fu\u00dfschwielen?<\/h2>\t\t\t\t<\/div>\n\t\t\t\t<\/div>\n\t\t\t\t<div class=\"elementor-element elementor-element-24ec0169 elementor-widget elementor-widget-text-editor\" data-id=\"24ec0169\" data-element_type=\"widget\" data-e-type=\"widget\" data-widget_type=\"text-editor.default\">\n\t\t\t\t<div class=\"elementor-widget-container\">\n\t\t\t\t\t\t\t\t\t<p>Fu\u00dfschwielen sind verdickte Hautschichten, die auf der Haut der F\u00fc\u00dfe auftreten und normalerweise an den Fu\u00dfsohlen, Fersen und Handfl\u00e4chen zu sehen sind. Diese harten Blasen bilden sich in Bereichen, die Belastung und Reibung ausgesetzt sind, und k\u00f6nnen mit der Zeit Schmerzen und Beschwerden verursachen.<\/p><p>Eigenschaften von Schwielen:<\/p><ul><li>Sie bestehen aus einem harten und dicken Kern.<\/li><li>Sie enthalten normalerweise scharfe Nervenenden.<\/li><li>Sie k\u00f6nnen schmerzhaft und empfindlich sein.<\/li><li>Sie k\u00f6nnen durch die Verwendung von Accessoires wie Schuhen und Socken ausgel\u00f6st werden.<\/li><li>Sie k\u00f6nnen in verschiedenen morphologischen Formen gesehen werden.<\/li><\/ul>\t\t\t\t\t\t\t\t<\/div>\n\t\t\t\t<\/div>\n\t\t\t\t<\/div>\n\t\t<div class=\"elementor-element elementor-element-7fc905cb e-flex e-con-boxed e-con e-child\" data-id=\"7fc905cb\" data-element_type=\"container\" data-e-type=\"container\">\n\t\t\t\t\t<div class=\"e-con-inner\">\n\t\t\t\t<div class=\"elementor-element elementor-element-5b7664d6 elementor-widget elementor-widget-image\" data-id=\"5b7664d6\" data-element_type=\"widget\" data-e-type=\"widget\" data-widget_type=\"image.default\">\n\t\t\t\t<div class=\"elementor-widget-container\">\n\t\t\t\t\t\t\t\t\t\t\t\t\t\t\t<img fetchpriority=\"high\" decoding=\"async\" width=\"695\" height=\"514\" src=\"https:\/\/msmklinik.com.tr\/wp-content\/uploads\/2024\/07\/Ayakta-Nasir.jpg\" class=\"attachment-large size-large wp-image-10491\" alt=\"Ayakta Nas\u0131r\" srcset=\"https:\/\/msmklinik.com.tr\/wp-content\/uploads\/2024\/07\/Ayakta-Nasir.jpg 695w, https:\/\/msmklinik.com.tr\/wp-content\/uploads\/2024\/07\/Ayakta-Nasir-300x222.jpg 300w\" sizes=\"(max-width: 695px) 100vw, 695px\" \/>\t\t\t\t\t\t\t\t\t\t\t\t\t\t\t<\/div>\n\t\t\t\t<\/div>\n\t\t\t\t\t<\/div>\n\t\t\t\t<\/div>\n\t\t\t\t\t<\/div>\n\t\t\t\t<\/div>\n\t\t<div class=\"elementor-element elementor-element-49a8eb5c e-flex e-con-boxed e-con e-parent\" data-id=\"49a8eb5c\" data-element_type=\"container\" data-e-type=\"container\">\n\t\t\t\t\t<div class=\"e-con-inner\">\n\t\t\t\t<div class=\"elementor-element elementor-element-6b982e4c elementor-widget elementor-widget-heading\" data-id=\"6b982e4c\" data-element_type=\"widget\" data-e-type=\"widget\" id=\"2\" data-widget_type=\"heading.default\">\n\t\t\t\t<div class=\"elementor-widget-container\">\n\t\t\t\t\t<h2 class=\"elementor-heading-title elementor-size-default\">Welche Arten von Hornhaut am Fu\u00df gibt es?<\/h2>\t\t\t\t<\/div>\n\t\t\t\t<\/div>\n\t\t\t\t<div class=\"elementor-element elementor-element-39e68e94 elementor-widget elementor-widget-text-editor\" data-id=\"39e68e94\" data-element_type=\"widget\" data-e-type=\"widget\" data-widget_type=\"text-editor.default\">\n\t\t\t\t<div class=\"elementor-widget-container\">\n\t\t\t\t\t\t\t\t\t<ul><li><strong> Weiche Hornhaut:<\/strong> Man sieht sie meist zwischen den Zehen und an der Vorderseite der Fu\u00dfsohle. Sie sehen weich und wei\u00df aus.<\/li><li><strong> Harte Hornhaut:<\/strong> Man sieht sie meist an den Fersen und an der R\u00fcckseite der Fu\u00dfsohle. Sie erscheinen hart und gelblich.<\/li><li><strong> H\u00fchneraugenschwielen:<\/strong> Sie haben eine runde und schmale Form. Sie k\u00f6nnen tief in die Haut eindringen.<\/li><li><strong> Stielschwielen:<\/strong> Sie haben eine kleine und runde Form. Sie erscheinen um die Zehen herum.<\/li><\/ul>\t\t\t\t\t\t\t\t<\/div>\n\t\t\t\t<\/div>\n\t\t\t\t<div class=\"elementor-element elementor-element-279255ce elementor-mobile-align-justify elementor-widget__width-auto elementor-align-left elementor-widget elementor-widget-button\" data-id=\"279255ce\" data-element_type=\"widget\" data-e-type=\"widget\" data-widget_type=\"button.default\">\n\t\t\t\t<div class=\"elementor-widget-container\">\n\t\t\t\t\t\t\t\t\t<div class=\"elementor-button-wrapper\">\n\t\t\t\t\t<a class=\"elementor-button elementor-button-link elementor-size-sm\" href=\"#elementor-action%3Aaction%3Dpopup%3Aopen%26settings%3DeyJpZCI6NzA3OCwidG9nZ2xlIjpmYWxzZX0%3D\">\n\t\t\t\t\t\t<span class=\"elementor-button-content-wrapper\">\n\t\t\t\t\t\t\t\t\t<span class=\"elementor-button-text\">Information<\/span>\n\t\t\t\t\t<\/span>\n\t\t\t\t\t<\/a>\n\t\t\t\t<\/div>\n\t\t\t\t\t\t\t\t<\/div>\n\t\t\t\t<\/div>\n\t\t\t\t<div class=\"elementor-element elementor-element-1b5bbd6 elementor-widget elementor-widget-heading\" data-id=\"1b5bbd6\" data-element_type=\"widget\" data-e-type=\"widget\" id=\"3\" data-widget_type=\"heading.default\">\n\t\t\t\t<div class=\"elementor-widget-container\">\n\t\t\t\t\t<h2 class=\"elementor-heading-title elementor-size-default\">Warum entstehen Fu\u00dfschwielen?<\/h2>\t\t\t\t<\/div>\n\t\t\t\t<\/div>\n\t\t\t\t<div class=\"elementor-element elementor-element-3fa885d3 elementor-widget elementor-widget-text-editor\" data-id=\"3fa885d3\" data-element_type=\"widget\" data-e-type=\"widget\" data-widget_type=\"text-editor.default\">\n\t\t\t\t<div class=\"elementor-widget-container\">\n\t\t\t\t\t\t\t\t\t<p>Es gibt verschiedene Faktoren, die zur Hornhautbildung an den F\u00fc\u00dfen f\u00fchren.Zu den h\u00e4ufigsten Ursachen, die zur Bildung von Schwielen an den F\u00fc\u00dfen f\u00fchren k\u00f6nnen, geh\u00f6ren die folgenden:<\/p><ul><li><strong> Schuhe und Socken:<\/strong> Das Tragen enger und Schuhe oder Socken ist eine der h\u00e4ufigsten Ursachen f\u00fcr Hornhaut an den F\u00fc\u00dfen.<\/li><li><strong>Reibung und Druck:<\/strong> Wiederholte Reibung und Druck der F\u00fc\u00dfe k\u00f6nnen ebenfalls zur Bildung von Hornhaut an den F\u00fc\u00dfen f\u00fchren.<\/li><li><strong>Fu\u00dfknochendeformationen:<\/strong> Deformationen im Fu\u00dfknochen k\u00f6nnen in bestimmten Bereichen zu \u00fcberm\u00e4\u00dfigem Druck und zur Hornhautbildung am Fu\u00df f\u00fchren.<\/li><li><strong>Einige Gesundheitsprobleme:<\/strong> Einige Gesundheitsprobleme, wie z. B. Diabetes, k\u00f6nnen Nervensch\u00e4den verursachen und zur Bildung von Hornhaut an den F\u00fc\u00dfen beitragen.<\/li><\/ul>\t\t\t\t\t\t\t\t<\/div>\n\t\t\t\t<\/div>\n\t\t\t\t<div class=\"elementor-element elementor-element-47035bdf elementor-mobile-align-justify elementor-widget__width-auto elementor-align-left elementor-widget elementor-widget-button\" data-id=\"47035bdf\" data-element_type=\"widget\" data-e-type=\"widget\" data-widget_type=\"button.default\">\n\t\t\t\t<div class=\"elementor-widget-container\">\n\t\t\t\t\t\t\t\t\t<div class=\"elementor-button-wrapper\">\n\t\t\t\t\t<a class=\"elementor-button elementor-button-link elementor-size-sm\" href=\"#elementor-action%3Aaction%3Dpopup%3Aopen%26settings%3DeyJpZCI6NzA3OCwidG9nZ2xlIjpmYWxzZX0%3D\">\n\t\t\t\t\t\t<span class=\"elementor-button-content-wrapper\">\n\t\t\t\t\t\t\t\t\t<span class=\"elementor-button-text\">Information<\/span>\n\t\t\t\t\t<\/span>\n\t\t\t\t\t<\/a>\n\t\t\t\t<\/div>\n\t\t\t\t\t\t\t\t<\/div>\n\t\t\t\t<\/div>\n\t\t\t\t<div class=\"elementor-element elementor-element-582e7851 elementor-widget elementor-widget-heading\" data-id=\"582e7851\" data-element_type=\"widget\" data-e-type=\"widget\" id=\"4\" data-widget_type=\"heading.default\">\n\t\t\t\t<div class=\"elementor-widget-container\">\n\t\t\t\t\t<h2 class=\"elementor-heading-title elementor-size-default\">Wie behandelt man Fu\u00dfschwielen am Fu\u00df?<\/h2>\t\t\t\t<\/div>\n\t\t\t\t<\/div>\n\t\t\t\t<div class=\"elementor-element elementor-element-7e9e6811 elementor-widget elementor-widget-text-editor\" data-id=\"7e9e6811\" data-element_type=\"widget\" data-e-type=\"widget\" data-widget_type=\"text-editor.default\">\n\t\t\t\t<div class=\"elementor-widget-container\">\n\t\t\t\t\t\t\t\t\t<p>Die ambulante Fu\u00dfschwielen Behandlung variiert je nach Art und Schweregrad der Hornhaut. In milden F\u00e4llen k\u00f6nnen einige einfache Methoden zur Behandlung von Fu\u00dfschwielen zu Hause angewendet werden. In schwierigeren F\u00e4llen k\u00f6nnen Medikamente oder medizinische Eingriffe erforderlich sein. Einige gesundheitliche Probleme wie Diabetes oder Durchblutungsst\u00f6rungen k\u00f6nnen die Bildung von Hornhaut an den F\u00fc\u00dfen beg\u00fcnstigen. Daher ist es bei solchen gesundheitlichen Problemen wichtig, zus\u00e4tzlich zur Fu\u00dfschwielen Behandlung auch die Grunderkrankung zu behandeln.<\/p><p><b>Medizinischer Eingriff:<\/b><\/p><ul><li>Kalluschirurgie: Sie gilt als die schnellste und effektivste Methode. Die Wurzel der Hornhaut wird von einem Dermatologen unter \u00f6rtlicher Bet\u00e4ubung chirurgisch entfernt.<\/li><li>Medikament\u00f6se Behandlung: Bevorzugt bei Fu\u00dfschwielen, die nicht sehr tief sind. Vom Arzt verschriebene Salben und Pflaster helfen, die Hornhaut am Fu\u00df aufzuweichen und abzul\u00f6sen.<\/li><\/ul><p><b><br \/>Andere Methoden:<\/b><\/p><ul><li>Verwendung von Bimsstein oder Hornhautfeile: Sie k\u00f6nnen zum Aufweichen und Absch\u00e4len von Hornhaut an den F\u00fc\u00dfen verwendet werden.<\/li><li>Hornhautb\u00e4nder und -pads: K\u00f6nnen zum Schutz der Hornhaut und zur Linderung von durch Druck verursachten Schmerzen verwendet werden.<\/li><li>Pflanzliche Methoden: Einige pflanzliche Produkte k\u00f6nnen dabei helfen, Fu\u00dfschwielen aufzuweichen. Da es jedoch keine wissenschaftliche Grundlage gibt, wird sie nicht als alleinige Behandlungsmethode empfohlen.<\/li><\/ul><p><b><br \/>Was Sie bei der Behandlung von Fu\u00dfschwielen beachten sollten:<\/b><\/p><ul><li>Konsultieren Sie unbedingt einen Spezialisten f\u00fcr Ihr Fu\u00dfschwielenproblem.<\/li><li>Nehmen Sie regelm\u00e4\u00dfig die von unserem Arzt verschriebenen Medikamente ein.<\/li><li>Versuchen Sie nicht, Hornhaut an Ihren F\u00fc\u00dfen selbst zu schneiden oder zu entfernen.<\/li><li>Tragen Sie bequeme Schuhe und Socken, um Schwielen vorzubeugen.<\/li><li>Befeuchten Sie Ihre F\u00fc\u00dfe regelm\u00e4\u00dfig mit Feuchtigkeit, um das erneute Auftreten von Hornhaut zu verhindern.<\/li><\/ul>\t\t\t\t\t\t\t\t<\/div>\n\t\t\t\t<\/div>\n\t\t\t\t<div class=\"elementor-element elementor-element-a843b37 elementor-mobile-align-justify elementor-widget__width-auto elementor-align-left elementor-widget elementor-widget-button\" data-id=\"a843b37\" data-element_type=\"widget\" data-e-type=\"widget\" data-widget_type=\"button.default\">\n\t\t\t\t<div class=\"elementor-widget-container\">\n\t\t\t\t\t\t\t\t\t<div class=\"elementor-button-wrapper\">\n\t\t\t\t\t<a class=\"elementor-button elementor-button-link elementor-size-sm\" href=\"#elementor-action%3Aaction%3Dpopup%3Aopen%26settings%3DeyJpZCI6NzA3OCwidG9nZ2xlIjpmYWxzZX0%3D\">\n\t\t\t\t\t\t<span class=\"elementor-button-content-wrapper\">\n\t\t\t\t\t\t\t\t\t<span class=\"elementor-button-text\">Information<\/span>\n\t\t\t\t\t<\/span>\n\t\t\t\t\t<\/a>\n\t\t\t\t<\/div>\n\t\t\t\t\t\t\t\t<\/div>\n\t\t\t\t<\/div>\n\t\t\t\t\t<\/div>\n\t\t\t\t<\/div>\n\t\t\t\t<\/div>\n\t\t","protected":false},"excerpt":{"rendered":"<p>Was Ist Fu\u00dfschwielen? Welche Arten Von Hornhaut Am Fu\u00df Gibt Es? Warum Entstehen Fu\u00dfschwielen? Wie Behandelt Man Fu\u00dfschwielen Am Fu\u00df? Was ist Fu\u00dfschwielen? Fu\u00dfschwielen sind verdickte Hautschichten, die auf der Haut der F\u00fc\u00dfe auftreten und normalerweise an den Fu\u00dfsohlen, Fersen und Handfl\u00e4chen zu sehen sind. Diese harten Blasen bilden sich in Bereichen, die Belastung und [&hellip;]<\/p>\n","protected":false},"author":1,"featured_media":0,"parent":0,"menu_order":0,"comment_status":"closed","ping_status":"closed","template":"","meta":{"footnotes":""},"class_list":["post-10514","page","type-page","status-publish","hentry"],"_links":{"self":[{"href":"https:\/\/msmklinik.com.tr\/de\/wp-json\/wp\/v2\/pages\/10514","targetHints":{"allow":["GET"]}}],"collection":[{"href":"https:\/\/msmklinik.com.tr\/de\/wp-json\/wp\/v2\/pages"}],"about":[{"href":"https:\/\/msmklinik.com.tr\/de\/wp-json\/wp\/v2\/types\/page"}],"author":[{"embeddable":true,"href":"https:\/\/msmklinik.com.tr\/de\/wp-json\/wp\/v2\/users\/1"}],"replies":[{"embeddable":true,"href":"https:\/\/msmklinik.com.tr\/de\/wp-json\/wp\/v2\/comments?post=10514"}],"version-history":[{"count":10,"href":"https:\/\/msmklinik.com.tr\/de\/wp-json\/wp\/v2\/pages\/10514\/revisions"}],"predecessor-version":[{"id":10525,"href":"https:\/\/msmklinik.com.tr\/de\/wp-json\/wp\/v2\/pages\/10514\/revisions\/10525"}],"wp:attachment":[{"href":"https:\/\/msmklinik.com.tr\/de\/wp-json\/wp\/v2\/media?parent=10514"}],"curies":[{"name":"wp","href":"https:\/\/api.w.org\/{rel}","templated":true}]}}