{"id":10674,"date":"2023-09-08T20:55:19","date_gmt":"2023-09-08T17:55:19","guid":{"rendered":"https:\/\/msmklinik.com.tr\/?page_id=10674"},"modified":"2024-08-06T10:11:17","modified_gmt":"2024-08-06T07:11:17","slug":"kollageninjektion","status":"publish","type":"page","link":"https:\/\/msmklinik.com.tr\/de\/kollageninjektion\/","title":{"rendered":"Kollageninjektion"},"content":{"rendered":"\t\t<div data-elementor-type=\"wp-page\" data-elementor-id=\"10674\" class=\"elementor elementor-10674 elementor-4965\" data-elementor-post-type=\"page\">\n\t\t\t\t<div class=\"elementor-element elementor-element-182050de e-flex e-con-boxed e-con e-parent\" data-id=\"182050de\" data-element_type=\"container\" data-e-type=\"container\">\n\t\t\t\t\t<div class=\"e-con-inner\">\n\t\t\t\t<div class=\"elementor-element elementor-element-753bc786 elementor-icon-list--layout-traditional elementor-list-item-link-full_width elementor-widget elementor-widget-icon-list\" data-id=\"753bc786\" data-element_type=\"widget\" data-e-type=\"widget\" data-widget_type=\"icon-list.default\">\n\t\t\t\t<div class=\"elementor-widget-container\">\n\t\t\t\t\t\t\t<ul class=\"elementor-icon-list-items\">\n\t\t\t\t\t\t\t<li class=\"elementor-icon-list-item\">\n\t\t\t\t\t\t\t\t\t\t\t<a href=\"#1\">\n\n\t\t\t\t\t\t\t\t\t\t\t\t<span class=\"elementor-icon-list-icon\">\n\t\t\t\t\t\t\t<svg aria-hidden=\"true\" class=\"e-font-icon-svg e-fas-angle-right\" viewBox=\"0 0 256 512\" xmlns=\"http:\/\/www.w3.org\/2000\/svg\"><path d=\"M224.3 273l-136 136c-9.4 9.4-24.6 9.4-33.9 0l-22.6-22.6c-9.4-9.4-9.4-24.6 0-33.9l96.4-96.4-96.4-96.4c-9.4-9.4-9.4-24.6 0-33.9L54.3 103c9.4-9.4 24.6-9.4 33.9 0l136 136c9.5 9.4 9.5 24.6.1 34z\"><\/path><\/svg>\t\t\t\t\t\t<\/span>\n\t\t\t\t\t\t\t\t\t\t<span class=\"elementor-icon-list-text\">Was ist eine Kollageninjektion?<\/span>\n\t\t\t\t\t\t\t\t\t\t\t<\/a>\n\t\t\t\t\t\t\t\t\t<\/li>\n\t\t\t\t\t\t\t\t<li class=\"elementor-icon-list-item\">\n\t\t\t\t\t\t\t\t\t\t\t<a href=\"#2\">\n\n\t\t\t\t\t\t\t\t\t\t\t\t<span class=\"elementor-icon-list-icon\">\n\t\t\t\t\t\t\t<svg aria-hidden=\"true\" class=\"e-font-icon-svg e-fas-angle-right\" viewBox=\"0 0 256 512\" xmlns=\"http:\/\/www.w3.org\/2000\/svg\"><path d=\"M224.3 273l-136 136c-9.4 9.4-24.6 9.4-33.9 0l-22.6-22.6c-9.4-9.4-9.4-24.6 0-33.9l96.4-96.4-96.4-96.4c-9.4-9.4-9.4-24.6 0-33.9L54.3 103c9.4-9.4 24.6-9.4 33.9 0l136 136c9.5 9.4 9.5 24.6.1 34z\"><\/path><\/svg>\t\t\t\t\t\t<\/span>\n\t\t\t\t\t\t\t\t\t\t<span class=\"elementor-icon-list-text\">In welchen F\u00e4llen wird eine Kollageninjektion eingesetzt?<\/span>\n\t\t\t\t\t\t\t\t\t\t\t<\/a>\n\t\t\t\t\t\t\t\t\t<\/li>\n\t\t\t\t\t\t\t\t<li class=\"elementor-icon-list-item\">\n\t\t\t\t\t\t\t\t\t\t\t<a href=\"#3\">\n\n\t\t\t\t\t\t\t\t\t\t\t\t<span class=\"elementor-icon-list-icon\">\n\t\t\t\t\t\t\t<svg aria-hidden=\"true\" class=\"e-font-icon-svg e-fas-angle-right\" viewBox=\"0 0 256 512\" xmlns=\"http:\/\/www.w3.org\/2000\/svg\"><path d=\"M224.3 273l-136 136c-9.4 9.4-24.6 9.4-33.9 0l-22.6-22.6c-9.4-9.4-9.4-24.6 0-33.9l96.4-96.4-96.4-96.4c-9.4-9.4-9.4-24.6 0-33.9L54.3 103c9.4-9.4 24.6-9.4 33.9 0l136 136c9.5 9.4 9.5 24.6.1 34z\"><\/path><\/svg>\t\t\t\t\t\t<\/span>\n\t\t\t\t\t\t\t\t\t\t<span class=\"elementor-icon-list-text\">Was sind der Ablauf und die Ergebnisse der Kollageninjektions Behandlung?<\/span>\n\t\t\t\t\t\t\t\t\t\t\t<\/a>\n\t\t\t\t\t\t\t\t\t<\/li>\n\t\t\t\t\t\t\t\t<li class=\"elementor-icon-list-item\">\n\t\t\t\t\t\t\t\t\t\t\t<a href=\"#4\">\n\n\t\t\t\t\t\t\t\t\t\t\t\t<span class=\"elementor-icon-list-icon\">\n\t\t\t\t\t\t\t<svg aria-hidden=\"true\" class=\"e-font-icon-svg e-fas-angle-right\" viewBox=\"0 0 256 512\" xmlns=\"http:\/\/www.w3.org\/2000\/svg\"><path d=\"M224.3 273l-136 136c-9.4 9.4-24.6 9.4-33.9 0l-22.6-22.6c-9.4-9.4-9.4-24.6 0-33.9l96.4-96.4-96.4-96.4c-9.4-9.4-9.4-24.6 0-33.9L54.3 103c9.4-9.4 24.6-9.4 33.9 0l136 136c9.5 9.4 9.5 24.6.1 34z\"><\/path><\/svg>\t\t\t\t\t\t<\/span>\n\t\t\t\t\t\t\t\t\t\t<span class=\"elementor-icon-list-text\">Welche Risiken und Nebenwirkungen gibt es bei der Kollageninjektion?<\/span>\n\t\t\t\t\t\t\t\t\t\t\t<\/a>\n\t\t\t\t\t\t\t\t\t<\/li>\n\t\t\t\t\t\t<\/ul>\n\t\t\t\t\t\t<\/div>\n\t\t\t\t<\/div>\n\t\t\t\t\t<\/div>\n\t\t\t\t<\/div>\n\t\t<div class=\"elementor-element elementor-element-57232eaf e-flex e-con-boxed e-con e-parent\" data-id=\"57232eaf\" data-element_type=\"container\" data-e-type=\"container\">\n\t\t\t\t\t<div class=\"e-con-inner\">\n\t\t<div class=\"elementor-element elementor-element-682c6581 e-con-full e-flex e-con e-child\" data-id=\"682c6581\" data-element_type=\"container\" data-e-type=\"container\">\n\t\t\t\t<div class=\"elementor-element elementor-element-684d337d elementor-widget elementor-widget-heading\" data-id=\"684d337d\" data-element_type=\"widget\" data-e-type=\"widget\" id=\"1\" data-widget_type=\"heading.default\">\n\t\t\t\t<div class=\"elementor-widget-container\">\n\t\t\t\t\t<h2 class=\"elementor-heading-title elementor-size-default\">Was ist eine Kollageninjektion?<\/h2>\t\t\t\t<\/div>\n\t\t\t\t<\/div>\n\t\t\t\t<div class=\"elementor-element elementor-element-3c516a3c elementor-widget elementor-widget-text-editor\" data-id=\"3c516a3c\" data-element_type=\"widget\" data-e-type=\"widget\" data-widget_type=\"text-editor.default\">\n\t\t\t\t<div class=\"elementor-widget-container\">\n\t\t\t\t\t\t\t\t\t<p>Orthop\u00e4dische Kollageninjektionen sind eine Behandlungsmethode zur Kollagenerg\u00e4nzung von Gelenkgeweben wie Gelenkknorpel, B\u00e4ndern und Sehnen. Bei dieser Methode wird eine L\u00f6sung, die synthetisches oder nat\u00fcrliches Kollagen enth\u00e4lt, in den Gelenkspalt oder gesch\u00e4digtes Gewebe injiziert. Injiziertes Kollagen hilft bei der Reparatur und Regeneration von Gewebe, reduziert Entz\u00fcndungen und lindert Schmerzen.<\/p>\t\t\t\t\t\t\t\t<\/div>\n\t\t\t\t<\/div>\n\t\t\t\t<\/div>\n\t\t<div class=\"elementor-element elementor-element-3b1cfae5 e-flex e-con-boxed e-con e-child\" data-id=\"3b1cfae5\" data-element_type=\"container\" data-e-type=\"container\">\n\t\t\t\t\t<div class=\"e-con-inner\">\n\t\t\t\t<div class=\"elementor-element elementor-element-6f19063e elementor-widget elementor-widget-image\" data-id=\"6f19063e\" data-element_type=\"widget\" data-e-type=\"widget\" data-widget_type=\"image.default\">\n\t\t\t\t<div class=\"elementor-widget-container\">\n\t\t\t\t\t\t\t\t\t\t\t\t\t\t\t<img fetchpriority=\"high\" decoding=\"async\" width=\"800\" height=\"418\" src=\"http:\/\/msmklinik.com.tr\/wp-content\/uploads\/2024\/08\/kolajen-enjeksiyon-1024x535.jpg\" class=\"attachment-large size-large wp-image-10603\" alt=\"Kolajen Enjeksiyon\" srcset=\"http:\/\/msmklinik.com.tr\/wp-content\/uploads\/2024\/08\/kolajen-enjeksiyon-1024x535.jpg 1024w, http:\/\/msmklinik.com.tr\/wp-content\/uploads\/2024\/08\/kolajen-enjeksiyon-300x157.jpg 300w, http:\/\/msmklinik.com.tr\/wp-content\/uploads\/2024\/08\/kolajen-enjeksiyon-768x401.jpg 768w, http:\/\/msmklinik.com.tr\/wp-content\/uploads\/2024\/08\/kolajen-enjeksiyon.jpg 1097w\" sizes=\"(max-width: 800px) 100vw, 800px\" \/>\t\t\t\t\t\t\t\t\t\t\t\t\t\t\t<\/div>\n\t\t\t\t<\/div>\n\t\t\t\t\t<\/div>\n\t\t\t\t<\/div>\n\t\t\t\t\t<\/div>\n\t\t\t\t<\/div>\n\t\t<div class=\"elementor-element elementor-element-743f7ee6 e-flex e-con-boxed e-con e-parent\" data-id=\"743f7ee6\" data-element_type=\"container\" data-e-type=\"container\">\n\t\t\t\t\t<div class=\"e-con-inner\">\n\t\t\t\t<div class=\"elementor-element elementor-element-400f3c43 elementor-widget elementor-widget-heading\" data-id=\"400f3c43\" data-element_type=\"widget\" data-e-type=\"widget\" id=\"2\" data-widget_type=\"heading.default\">\n\t\t\t\t<div class=\"elementor-widget-container\">\n\t\t\t\t\t<h2 class=\"elementor-heading-title elementor-size-default\">In welchen F\u00e4llen wird eine Kollageninjektion eingesetzt?<\/h2>\t\t\t\t<\/div>\n\t\t\t\t<\/div>\n\t\t\t\t<div class=\"elementor-element elementor-element-2f783a67 elementor-widget elementor-widget-text-editor\" data-id=\"2f783a67\" data-element_type=\"widget\" data-e-type=\"widget\" data-widget_type=\"text-editor.default\">\n\t\t\t\t<div class=\"elementor-widget-container\">\n\t\t\t\t\t\t\t\t\t<p>In der Orthop\u00e4die k\u00f6nnen Kollageninjektionen zur Behandlung verschiedener Gelenkprobleme eingesetzt werden, darunter:<\/p><ul><li><strong>Arthrose:<\/strong> Hierbei handelt es sich um eine Gelenkerkrankung, die durch Abnutzung des Gelenkknorpels verursacht wird.<\/li><li><strong> Tendinitis:<\/strong> Entz\u00fcndung der Sehnen, die Muskeln mit Knochen verbinden.<\/li><li><strong> Schleimbeutelentz\u00fcndung: <\/strong>Entz\u00fcndung des Gelenksacks.<\/li><li><strong> Meniskusrisse:<\/strong> Dies sind Risse, die im Knorpelgewebe namens Meniskus auftreten.<\/li><li><strong> Postoperative Genesung:<\/strong> Zur Beschleunigung der Genesung nach einer Gelenkoperation.<\/li><li><strong> Chronische Gelenkschmerzen:<\/strong> Es wird zur Behandlung von Gelenkschmerzen eingesetzt, die auf andere Behandlungen nicht ansprechen.<\/li><\/ul>\t\t\t\t\t\t\t\t<\/div>\n\t\t\t\t<\/div>\n\t\t\t\t<div class=\"elementor-element elementor-element-47f91c8b elementor-mobile-align-justify elementor-widget__width-auto elementor-align-left elementor-widget elementor-widget-button\" data-id=\"47f91c8b\" data-element_type=\"widget\" data-e-type=\"widget\" data-widget_type=\"button.default\">\n\t\t\t\t<div class=\"elementor-widget-container\">\n\t\t\t\t\t\t\t\t\t<div class=\"elementor-button-wrapper\">\n\t\t\t\t\t<a class=\"elementor-button elementor-button-link elementor-size-sm\" href=\"#elementor-action%3Aaction%3Dpopup%3Aopen%26settings%3DeyJpZCI6NzA3OCwidG9nZ2xlIjpmYWxzZX0%3D\">\n\t\t\t\t\t\t<span class=\"elementor-button-content-wrapper\">\n\t\t\t\t\t\t\t\t\t<span class=\"elementor-button-text\">Information<\/span>\n\t\t\t\t\t<\/span>\n\t\t\t\t\t<\/a>\n\t\t\t\t<\/div>\n\t\t\t\t\t\t\t\t<\/div>\n\t\t\t\t<\/div>\n\t\t\t\t<div class=\"elementor-element elementor-element-28f9399e elementor-widget elementor-widget-heading\" data-id=\"28f9399e\" data-element_type=\"widget\" data-e-type=\"widget\" id=\"3\" data-widget_type=\"heading.default\">\n\t\t\t\t<div class=\"elementor-widget-container\">\n\t\t\t\t\t<h2 class=\"elementor-heading-title elementor-size-default\">Was sind der Ablauf und die Ergebnisse der Kollageninjektions Behandlung?<\/h2>\t\t\t\t<\/div>\n\t\t\t\t<\/div>\n\t\t\t\t<div class=\"elementor-element elementor-element-7cd3bbe8 elementor-widget elementor-widget-text-editor\" data-id=\"7cd3bbe8\" data-element_type=\"widget\" data-e-type=\"widget\" data-widget_type=\"text-editor.default\">\n\t\t\t\t<div class=\"elementor-widget-container\">\n\t\t\t\t\t\t\t\t\tKollageninjektionen in der Orthop\u00e4die sind in der Regel ein ambulanter Eingriff und werden unter \u00f6rtlicher Bet\u00e4ubung durchgef\u00fchrt. Die Injektion selbst dauert einige Minuten. Nach der Behandlung k\u00f6nnen die Patienten in der Regel sofort nach Hause zur\u00fcckkehren.\nBei den meisten Patienten kommt es innerhalb weniger Tage nach der Behandlung zu einer Verbesserung der Schmerzen und der Beweglichkeit. Die vollst\u00e4ndigen Ergebnisse werden in der Regel innerhalb weniger Wochen oder Monate erreicht. Die Wirkung orthop\u00e4discher Kollageninjektionen kann zwischen 6 Monaten und 2 Jahren variieren. Bei Bedarf kann die Behandlung wiederholt werden.\n\t\t\t\t\t\t\t\t<\/div>\n\t\t\t\t<\/div>\n\t\t\t\t<div class=\"elementor-element elementor-element-2933ca0 elementor-mobile-align-justify elementor-widget__width-auto elementor-align-left elementor-widget elementor-widget-button\" data-id=\"2933ca0\" data-element_type=\"widget\" data-e-type=\"widget\" data-widget_type=\"button.default\">\n\t\t\t\t<div class=\"elementor-widget-container\">\n\t\t\t\t\t\t\t\t\t<div class=\"elementor-button-wrapper\">\n\t\t\t\t\t<a class=\"elementor-button elementor-button-link elementor-size-sm\" href=\"#elementor-action%3Aaction%3Dpopup%3Aopen%26settings%3DeyJpZCI6NzA3OCwidG9nZ2xlIjpmYWxzZX0%3D\">\n\t\t\t\t\t\t<span class=\"elementor-button-content-wrapper\">\n\t\t\t\t\t\t\t\t\t<span class=\"elementor-button-text\">Information<\/span>\n\t\t\t\t\t<\/span>\n\t\t\t\t\t<\/a>\n\t\t\t\t<\/div>\n\t\t\t\t\t\t\t\t<\/div>\n\t\t\t\t<\/div>\n\t\t\t\t<div class=\"elementor-element elementor-element-2c2a0439 elementor-widget elementor-widget-heading\" data-id=\"2c2a0439\" data-element_type=\"widget\" data-e-type=\"widget\" id=\"4\" data-widget_type=\"heading.default\">\n\t\t\t\t<div class=\"elementor-widget-container\">\n\t\t\t\t\t<h2 class=\"elementor-heading-title elementor-size-default\">Welche Risiken und Nebenwirkungen gibt es bei der Kollageninjektion?<\/h2>\t\t\t\t<\/div>\n\t\t\t\t<\/div>\n\t\t\t\t<div class=\"elementor-element elementor-element-4b5c50ca elementor-widget elementor-widget-text-editor\" data-id=\"4b5c50ca\" data-element_type=\"widget\" data-e-type=\"widget\" data-widget_type=\"text-editor.default\">\n\t\t\t\t<div class=\"elementor-widget-container\">\n\t\t\t\t\t\t\t\t\t<p>Kollageninjektionen in der Orthop\u00e4die sind grunds\u00e4tzlich eine sichere Behandlungsmethode. Allerdings birgt dieser Eingriff, wie jeder medizinische Eingriff, einige Risiken und Nebenwirkungen. Diese:<\/p><ul><li>Schmerzen, R\u00f6tung und Schwellung an der Injektionsstelle.<\/li><li>\u00dcbelkeit und Schwindel.<\/li><li>Allergische Reaktion.<\/li><li>In seltenen F\u00e4llen eine Infektion.<\/li><\/ul><p>Kollageninjektionen in der Orthop\u00e4die stellen eine vielversprechende Behandlungsoption f\u00fcr Menschen dar, die unter Gelenkschmerzen und Funktionsverlust leiden. Diese Methode kann dazu beitragen, die Gesundheit der Gelenke zu verbessern und Schmerzen zu lindern, indem sie die Reparatur und Regeneration des Gelenkgewebes unterst\u00fctzt.<\/p>\t\t\t\t\t\t\t\t<\/div>\n\t\t\t\t<\/div>\n\t\t\t\t<div class=\"elementor-element elementor-element-3090673e elementor-mobile-align-justify elementor-widget__width-auto elementor-align-left elementor-widget elementor-widget-button\" data-id=\"3090673e\" data-element_type=\"widget\" data-e-type=\"widget\" data-widget_type=\"button.default\">\n\t\t\t\t<div class=\"elementor-widget-container\">\n\t\t\t\t\t\t\t\t\t<div class=\"elementor-button-wrapper\">\n\t\t\t\t\t<a class=\"elementor-button elementor-button-link elementor-size-sm\" href=\"#elementor-action%3Aaction%3Dpopup%3Aopen%26settings%3DeyJpZCI6NzA3OCwidG9nZ2xlIjpmYWxzZX0%3D\">\n\t\t\t\t\t\t<span class=\"elementor-button-content-wrapper\">\n\t\t\t\t\t\t\t\t\t<span class=\"elementor-button-text\">Information<\/span>\n\t\t\t\t\t<\/span>\n\t\t\t\t\t<\/a>\n\t\t\t\t<\/div>\n\t\t\t\t\t\t\t\t<\/div>\n\t\t\t\t<\/div>\n\t\t\t\t\t<\/div>\n\t\t\t\t<\/div>\n\t\t\t\t<\/div>\n\t\t","protected":false},"excerpt":{"rendered":"<p>Was ist eine Kollageninjektion? In welchen F\u00e4llen wird eine Kollageninjektion eingesetzt? Was sind der Ablauf und die Ergebnisse der Kollageninjektions Behandlung? Welche Risiken und Nebenwirkungen gibt es bei der Kollageninjektion? Was ist eine Kollageninjektion? Orthop\u00e4dische Kollageninjektionen sind eine Behandlungsmethode zur Kollagenerg\u00e4nzung von Gelenkgeweben wie Gelenkknorpel, B\u00e4ndern und Sehnen. Bei dieser Methode wird eine L\u00f6sung, die [&hellip;]<\/p>\n","protected":false},"author":1,"featured_media":0,"parent":0,"menu_order":0,"comment_status":"closed","ping_status":"closed","template":"","meta":{"footnotes":""},"class_list":["post-10674","page","type-page","status-publish","hentry"],"_links":{"self":[{"href":"https:\/\/msmklinik.com.tr\/de\/wp-json\/wp\/v2\/pages\/10674","targetHints":{"allow":["GET"]}}],"collection":[{"href":"https:\/\/msmklinik.com.tr\/de\/wp-json\/wp\/v2\/pages"}],"about":[{"href":"https:\/\/msmklinik.com.tr\/de\/wp-json\/wp\/v2\/types\/page"}],"author":[{"embeddable":true,"href":"https:\/\/msmklinik.com.tr\/de\/wp-json\/wp\/v2\/users\/1"}],"replies":[{"embeddable":true,"href":"https:\/\/msmklinik.com.tr\/de\/wp-json\/wp\/v2\/comments?post=10674"}],"version-history":[{"count":10,"href":"https:\/\/msmklinik.com.tr\/de\/wp-json\/wp\/v2\/pages\/10674\/revisions"}],"predecessor-version":[{"id":10685,"href":"https:\/\/msmklinik.com.tr\/de\/wp-json\/wp\/v2\/pages\/10674\/revisions\/10685"}],"wp:attachment":[{"href":"https:\/\/msmklinik.com.tr\/de\/wp-json\/wp\/v2\/media?parent=10674"}],"curies":[{"name":"wp","href":"https:\/\/api.w.org\/{rel}","templated":true}]}}