{"id":10715,"date":"2023-09-08T21:02:57","date_gmt":"2023-09-08T18:02:57","guid":{"rendered":"https:\/\/msmklinik.com.tr\/?page_id=10715"},"modified":"2024-08-06T10:54:35","modified_gmt":"2024-08-06T07:54:35","slug":"hyaluronsaeure-therapie","status":"publish","type":"page","link":"https:\/\/msmklinik.com.tr\/de\/hyaluronsaeure-therapie\/","title":{"rendered":"Hyalurons\u00e4ure-Therapie"},"content":{"rendered":"\t\t<div data-elementor-type=\"wp-page\" data-elementor-id=\"10715\" class=\"elementor elementor-10715 elementor-4972\" data-elementor-post-type=\"page\">\n\t\t\t\t<div class=\"elementor-element elementor-element-205118c3 e-flex e-con-boxed e-con e-parent\" data-id=\"205118c3\" data-element_type=\"container\" data-e-type=\"container\">\n\t\t\t\t\t<div class=\"e-con-inner\">\n\t\t\t\t<div class=\"elementor-element elementor-element-7be4d4d6 elementor-icon-list--layout-traditional elementor-list-item-link-full_width elementor-widget elementor-widget-icon-list\" data-id=\"7be4d4d6\" data-element_type=\"widget\" data-e-type=\"widget\" data-widget_type=\"icon-list.default\">\n\t\t\t\t<div class=\"elementor-widget-container\">\n\t\t\t\t\t\t\t<ul class=\"elementor-icon-list-items\">\n\t\t\t\t\t\t\t<li class=\"elementor-icon-list-item\">\n\t\t\t\t\t\t\t\t\t\t\t<a href=\"#1\">\n\n\t\t\t\t\t\t\t\t\t\t\t\t<span class=\"elementor-icon-list-icon\">\n\t\t\t\t\t\t\t<svg aria-hidden=\"true\" class=\"e-font-icon-svg e-fas-angle-right\" viewBox=\"0 0 256 512\" xmlns=\"http:\/\/www.w3.org\/2000\/svg\"><path d=\"M224.3 273l-136 136c-9.4 9.4-24.6 9.4-33.9 0l-22.6-22.6c-9.4-9.4-9.4-24.6 0-33.9l96.4-96.4-96.4-96.4c-9.4-9.4-9.4-24.6 0-33.9L54.3 103c9.4-9.4 24.6-9.4 33.9 0l136 136c9.5 9.4 9.5 24.6.1 34z\"><\/path><\/svg>\t\t\t\t\t\t<\/span>\n\t\t\t\t\t\t\t\t\t\t<span class=\"elementor-icon-list-text\">Was ist Hyalurons\u00e4ure-Therapie?<\/span>\n\t\t\t\t\t\t\t\t\t\t\t<\/a>\n\t\t\t\t\t\t\t\t\t<\/li>\n\t\t\t\t\t\t\t\t<li class=\"elementor-icon-list-item\">\n\t\t\t\t\t\t\t\t\t\t\t<a href=\"#2\">\n\n\t\t\t\t\t\t\t\t\t\t\t\t<span class=\"elementor-icon-list-icon\">\n\t\t\t\t\t\t\t<svg aria-hidden=\"true\" class=\"e-font-icon-svg e-fas-angle-right\" viewBox=\"0 0 256 512\" xmlns=\"http:\/\/www.w3.org\/2000\/svg\"><path d=\"M224.3 273l-136 136c-9.4 9.4-24.6 9.4-33.9 0l-22.6-22.6c-9.4-9.4-9.4-24.6 0-33.9l96.4-96.4-96.4-96.4c-9.4-9.4-9.4-24.6 0-33.9L54.3 103c9.4-9.4 24.6-9.4 33.9 0l136 136c9.5 9.4 9.5 24.6.1 34z\"><\/path><\/svg>\t\t\t\t\t\t<\/span>\n\t\t\t\t\t\t\t\t\t\t<span class=\"elementor-icon-list-text\">Hyalurons\u00e4ure-Therapie in orthop\u00e4dischen Anwendungen<\/span>\n\t\t\t\t\t\t\t\t\t\t\t<\/a>\n\t\t\t\t\t\t\t\t\t<\/li>\n\t\t\t\t\t\t\t\t<li class=\"elementor-icon-list-item\">\n\t\t\t\t\t\t\t\t\t\t\t<a href=\"#3\">\n\n\t\t\t\t\t\t\t\t\t\t\t\t<span class=\"elementor-icon-list-icon\">\n\t\t\t\t\t\t\t<svg aria-hidden=\"true\" class=\"e-font-icon-svg e-fas-angle-right\" viewBox=\"0 0 256 512\" xmlns=\"http:\/\/www.w3.org\/2000\/svg\"><path d=\"M224.3 273l-136 136c-9.4 9.4-24.6 9.4-33.9 0l-22.6-22.6c-9.4-9.4-9.4-24.6 0-33.9l96.4-96.4-96.4-96.4c-9.4-9.4-9.4-24.6 0-33.9L54.3 103c9.4-9.4 24.6-9.4 33.9 0l136 136c9.5 9.4 9.5 24.6.1 34z\"><\/path><\/svg>\t\t\t\t\t\t<\/span>\n\t\t\t\t\t\t\t\t\t\t<span class=\"elementor-icon-list-text\">Welche Vorteile bietet die Hyalurons\u00e4ure-Therapie in der Orthop\u00e4die?<\/span>\n\t\t\t\t\t\t\t\t\t\t\t<\/a>\n\t\t\t\t\t\t\t\t\t<\/li>\n\t\t\t\t\t\t\t\t<li class=\"elementor-icon-list-item\">\n\t\t\t\t\t\t\t\t\t\t\t<a href=\"#4\">\n\n\t\t\t\t\t\t\t\t\t\t\t\t<span class=\"elementor-icon-list-icon\">\n\t\t\t\t\t\t\t<svg aria-hidden=\"true\" class=\"e-font-icon-svg e-fas-angle-right\" viewBox=\"0 0 256 512\" xmlns=\"http:\/\/www.w3.org\/2000\/svg\"><path d=\"M224.3 273l-136 136c-9.4 9.4-24.6 9.4-33.9 0l-22.6-22.6c-9.4-9.4-9.4-24.6 0-33.9l96.4-96.4-96.4-96.4c-9.4-9.4-9.4-24.6 0-33.9L54.3 103c9.4-9.4 24.6-9.4 33.9 0l136 136c9.5 9.4 9.5 24.6.1 34z\"><\/path><\/svg>\t\t\t\t\t\t<\/span>\n\t\t\t\t\t\t\t\t\t\t<span class=\"elementor-icon-list-text\">Wie dauerhaft sind Hyalurons\u00e4ure-Unterspritzungen in der Hyalurons\u00e4ure-Therapie?<\/span>\n\t\t\t\t\t\t\t\t\t\t\t<\/a>\n\t\t\t\t\t\t\t\t\t<\/li>\n\t\t\t\t\t\t<\/ul>\n\t\t\t\t\t\t<\/div>\n\t\t\t\t<\/div>\n\t\t\t\t\t<\/div>\n\t\t\t\t<\/div>\n\t\t<div class=\"elementor-element elementor-element-22eb870d e-flex e-con-boxed e-con e-parent\" data-id=\"22eb870d\" data-element_type=\"container\" data-e-type=\"container\">\n\t\t\t\t\t<div class=\"e-con-inner\">\n\t\t<div class=\"elementor-element elementor-element-58675790 e-con-full e-flex e-con e-child\" data-id=\"58675790\" data-element_type=\"container\" data-e-type=\"container\">\n\t\t\t\t<div class=\"elementor-element elementor-element-5b1c7981 elementor-widget elementor-widget-heading\" data-id=\"5b1c7981\" data-element_type=\"widget\" data-e-type=\"widget\" id=\"1\" data-widget_type=\"heading.default\">\n\t\t\t\t<div class=\"elementor-widget-container\">\n\t\t\t\t\t<h2 class=\"elementor-heading-title elementor-size-default\">Was ist Hyalurons\u00e4ure-Therapie?<\/h2>\t\t\t\t<\/div>\n\t\t\t\t<\/div>\n\t\t\t\t<div class=\"elementor-element elementor-element-2ff55cb6 elementor-widget elementor-widget-text-editor\" data-id=\"2ff55cb6\" data-element_type=\"widget\" data-e-type=\"widget\" data-widget_type=\"text-editor.default\">\n\t\t\t\t<div class=\"elementor-widget-container\">\n\t\t\t\t\t\t\t\t\tHyalurons\u00e4ure ist ein Molek\u00fcl, das nat\u00fcrlicherweise in unserem K\u00f6rper vorkommt und eine wichtige Rolle in der Gelenkfl\u00fcssigkeit, der Haut und dem Bindegewebe spielt. Diese transparente und gelartige Substanz sorgt f\u00fcr Flexibilit\u00e4t und Schmierung der Gelenke, spendet der Haut Feuchtigkeit und tr\u00e4gt zur Festigkeit des Bindegewebes bei. Hyalurons\u00e4ure-Therapie hat sich in den letzten Jahren zu einem wichtigen Akteur im Bereich der Orthop\u00e4die entwickelt. Dieser nat\u00fcrliche Inhaltsstoff spielt eine wichtige Rolle f\u00fcr die Gesundheit der Gelenke und bietet eine wirksame Behandlungsm\u00f6glichkeit f\u00fcr Menschen mit Gelenkschmerzen.\t\t\t\t\t\t\t\t<\/div>\n\t\t\t\t<\/div>\n\t\t\t\t<\/div>\n\t\t<div class=\"elementor-element elementor-element-3497aa90 e-flex e-con-boxed e-con e-child\" data-id=\"3497aa90\" data-element_type=\"container\" data-e-type=\"container\">\n\t\t\t\t\t<div class=\"e-con-inner\">\n\t\t\t\t<div class=\"elementor-element elementor-element-452a347f elementor-widget elementor-widget-image\" data-id=\"452a347f\" data-element_type=\"widget\" data-e-type=\"widget\" data-widget_type=\"image.default\">\n\t\t\t\t<div class=\"elementor-widget-container\">\n\t\t\t\t\t\t\t\t\t\t\t\t\t\t\t<img fetchpriority=\"high\" decoding=\"async\" width=\"711\" height=\"570\" src=\"https:\/\/msmklinik.com.tr\/wp-content\/uploads\/2024\/08\/hyaluronik-asit-uygulamasi.png\" class=\"attachment-large size-large wp-image-10599\" alt=\"Hyaluronik Asit Uygulamas\u0131 Msm Klinik\" srcset=\"https:\/\/msmklinik.com.tr\/wp-content\/uploads\/2024\/08\/hyaluronik-asit-uygulamasi.png 711w, https:\/\/msmklinik.com.tr\/wp-content\/uploads\/2024\/08\/hyaluronik-asit-uygulamasi-300x241.png 300w\" sizes=\"(max-width: 711px) 100vw, 711px\" \/>\t\t\t\t\t\t\t\t\t\t\t\t\t\t\t<\/div>\n\t\t\t\t<\/div>\n\t\t\t\t\t<\/div>\n\t\t\t\t<\/div>\n\t\t\t\t\t<\/div>\n\t\t\t\t<\/div>\n\t\t<div class=\"elementor-element elementor-element-4ff8967e e-flex e-con-boxed e-con e-parent\" data-id=\"4ff8967e\" data-element_type=\"container\" data-e-type=\"container\">\n\t\t\t\t\t<div class=\"e-con-inner\">\n\t\t\t\t<div class=\"elementor-element elementor-element-21044d58 elementor-widget elementor-widget-heading\" data-id=\"21044d58\" data-element_type=\"widget\" data-e-type=\"widget\" id=\"2\" data-widget_type=\"heading.default\">\n\t\t\t\t<div class=\"elementor-widget-container\">\n\t\t\t\t\t<h2 class=\"elementor-heading-title elementor-size-default\">Hyalurons\u00e4ure-Therapie in orthop\u00e4dischen Anwendungen<\/h2>\t\t\t\t<\/div>\n\t\t\t\t<\/div>\n\t\t\t\t<div class=\"elementor-element elementor-element-656d6315 elementor-widget elementor-widget-text-editor\" data-id=\"656d6315\" data-element_type=\"widget\" data-e-type=\"widget\" data-widget_type=\"text-editor.default\">\n\t\t\t\t<div class=\"elementor-widget-container\">\n\t\t\t\t\t\t\t\t\t<p>Hyalurons\u00e4ure wird in der Orthop\u00e4die wirksam zur Behandlung von Gelenkschmerzen und zur Verbesserung der Gelenkfunktionen eingesetzt. Bei dieser Methode, die sich vor allem bei der Behandlung von Arthrose weit verbreitet hat, wird Hyalurons\u00e4ure durch intraartikul\u00e4re Injektionen der Gelenkfl\u00fcssigkeit zugef\u00fchrt.\u00a0 ist in der Regel ein ambulanter Eingriff und werden unter \u00f6rtlicher Bet\u00e4ubung durchgef\u00fchrt. Die Injektionen erfolgen in den Gelenkspalt oder in besch\u00e4digtes Gewebe. Nach der Behandlung k\u00f6nnen die Patienten in der Regel sofort nach Hause zur\u00fcckkehren.<\/p>\t\t\t\t\t\t\t\t<\/div>\n\t\t\t\t<\/div>\n\t\t\t\t<div class=\"elementor-element elementor-element-49c939ee elementor-mobile-align-justify elementor-widget__width-auto elementor-align-left elementor-widget elementor-widget-button\" data-id=\"49c939ee\" data-element_type=\"widget\" data-e-type=\"widget\" data-widget_type=\"button.default\">\n\t\t\t\t<div class=\"elementor-widget-container\">\n\t\t\t\t\t\t\t\t\t<div class=\"elementor-button-wrapper\">\n\t\t\t\t\t<a class=\"elementor-button elementor-button-link elementor-size-sm\" href=\"#elementor-action%3Aaction%3Dpopup%3Aopen%26settings%3DeyJpZCI6NzA3OCwidG9nZ2xlIjpmYWxzZX0%3D\">\n\t\t\t\t\t\t<span class=\"elementor-button-content-wrapper\">\n\t\t\t\t\t\t\t\t\t<span class=\"elementor-button-text\">Information<\/span>\n\t\t\t\t\t<\/span>\n\t\t\t\t\t<\/a>\n\t\t\t\t<\/div>\n\t\t\t\t\t\t\t\t<\/div>\n\t\t\t\t<\/div>\n\t\t\t\t<div class=\"elementor-element elementor-element-457ba498 elementor-widget elementor-widget-heading\" data-id=\"457ba498\" data-element_type=\"widget\" data-e-type=\"widget\" id=\"3\" data-widget_type=\"heading.default\">\n\t\t\t\t<div class=\"elementor-widget-container\">\n\t\t\t\t\t<h2 class=\"elementor-heading-title elementor-size-default\">Welche Vorteile bietet die Hyalurons\u00e4ure-Therapie in der Orthop\u00e4die?<\/h2>\t\t\t\t<\/div>\n\t\t\t\t<\/div>\n\t\t\t\t<div class=\"elementor-element elementor-element-584a30a8 elementor-widget elementor-widget-text-editor\" data-id=\"584a30a8\" data-element_type=\"widget\" data-e-type=\"widget\" data-widget_type=\"text-editor.default\">\n\t\t\t\t<div class=\"elementor-widget-container\">\n\t\t\t\t\t\t\t\t\t<ul><li><strong> Lindert Schmerzen:<\/strong> Hyalurons\u00e4ure-Therapie reduziert den Druck auf den Gelenkknorpel und lindert Schmerzen, indem sie die Viskosit\u00e4t und Elastizit\u00e4t der Gelenkfl\u00fcssigkeit erh\u00f6ht.<\/li><li><strong> Erh\u00f6ht die Beweglichkeit der Gelenke:<\/strong> Hyalurons\u00e4ure-Therapie erh\u00f6ht die Beweglichkeit der Gelenke, indem sie die Bewegung der Gelenke erleichtert.<\/li><li><strong> Sch\u00fctzt den Gelenkknorpel:<\/strong> Hyalurons\u00e4ure-Therapie hilft, den Gelenkknorpel zu n\u00e4hren und zu reparieren und beugt Knorpelsch\u00e4den vor.<\/li><li><strong> Reduziert Gelenkentz\u00fcndungen:<\/strong> Hyalurons\u00e4ure reduziert Gelenkentz\u00fcndungen und lindert Gelenkschwellungen und -r\u00f6tungen.<\/li><li><strong> Beschleunigt die Genesung nach einer Gelenkoperation:<\/strong> Hyalurons\u00e4ure-Therapie kann die Genesung nach einer Gelenkoperation beschleunigen und dabei helfen, die Gelenkfunktionen schneller wiederherzustellen.<\/li><\/ul>\t\t\t\t\t\t\t\t<\/div>\n\t\t\t\t<\/div>\n\t\t\t\t<div class=\"elementor-element elementor-element-5bd8228f elementor-mobile-align-justify elementor-widget__width-auto elementor-align-left elementor-widget elementor-widget-button\" data-id=\"5bd8228f\" data-element_type=\"widget\" data-e-type=\"widget\" data-widget_type=\"button.default\">\n\t\t\t\t<div class=\"elementor-widget-container\">\n\t\t\t\t\t\t\t\t\t<div class=\"elementor-button-wrapper\">\n\t\t\t\t\t<a class=\"elementor-button elementor-button-link elementor-size-sm\" href=\"#elementor-action%3Aaction%3Dpopup%3Aopen%26settings%3DeyJpZCI6NzA3OCwidG9nZ2xlIjpmYWxzZX0%3D\">\n\t\t\t\t\t\t<span class=\"elementor-button-content-wrapper\">\n\t\t\t\t\t\t\t\t\t<span class=\"elementor-button-text\">Information<\/span>\n\t\t\t\t\t<\/span>\n\t\t\t\t\t<\/a>\n\t\t\t\t<\/div>\n\t\t\t\t\t\t\t\t<\/div>\n\t\t\t\t<\/div>\n\t\t\t\t<div class=\"elementor-element elementor-element-584c630d elementor-widget elementor-widget-heading\" data-id=\"584c630d\" data-element_type=\"widget\" data-e-type=\"widget\" id=\"4\" data-widget_type=\"heading.default\">\n\t\t\t\t<div class=\"elementor-widget-container\">\n\t\t\t\t\t<h2 class=\"elementor-heading-title elementor-size-default\">Wie dauerhaft sind Hyalurons\u00e4ure-Unterspritzungen in der Hyalurons\u00e4ure-Therapie?<\/h2>\t\t\t\t<\/div>\n\t\t\t\t<\/div>\n\t\t\t\t<div class=\"elementor-element elementor-element-4ba4dcad elementor-widget elementor-widget-text-editor\" data-id=\"4ba4dcad\" data-element_type=\"widget\" data-e-type=\"widget\" data-widget_type=\"text-editor.default\">\n\t\t\t\t<div class=\"elementor-widget-container\">\n\t\t\t\t\t\t\t\t\t<ul><li>Die Wirkung tritt normalerweise innerhalb weniger Wochen oder Monate auf.<\/li><li>Die Wirkung h\u00e4lt zwischen 6 Monaten und 2 Jahren variieren.<\/li><li>Die Behandlung kann bei Bedarf wiederholt werden.<\/li><\/ul><p><span style=\"text-align: var(--text-align); font-size: 1rem;\"><br \/>Hyalurons\u00e4ure-Injektionen stellen eine vielversprechende Behandlungsoption f\u00fcr Menschen dar, die unter Gelenkschmerzen und Funktionsverlust leiden. Hyalurons\u00e4ure-Therapie kann dazu beitragen, die Gesundheit der Gelenke zu verbessern und Schmerzen zu lindern, indem sie die Reparatur und Regeneration des Gelenkgewebes unterst\u00fctzt.<\/span><\/p>\t\t\t\t\t\t\t\t<\/div>\n\t\t\t\t<\/div>\n\t\t\t\t<div class=\"elementor-element elementor-element-178ec159 elementor-mobile-align-justify elementor-widget__width-auto elementor-align-left elementor-widget elementor-widget-button\" data-id=\"178ec159\" data-element_type=\"widget\" data-e-type=\"widget\" data-widget_type=\"button.default\">\n\t\t\t\t<div class=\"elementor-widget-container\">\n\t\t\t\t\t\t\t\t\t<div class=\"elementor-button-wrapper\">\n\t\t\t\t\t<a class=\"elementor-button elementor-button-link elementor-size-sm\" href=\"#elementor-action%3Aaction%3Dpopup%3Aopen%26settings%3DeyJpZCI6NzA3OCwidG9nZ2xlIjpmYWxzZX0%3D\">\n\t\t\t\t\t\t<span class=\"elementor-button-content-wrapper\">\n\t\t\t\t\t\t\t\t\t<span class=\"elementor-button-text\">Information<\/span>\n\t\t\t\t\t<\/span>\n\t\t\t\t\t<\/a>\n\t\t\t\t<\/div>\n\t\t\t\t\t\t\t\t<\/div>\n\t\t\t\t<\/div>\n\t\t\t\t\t<\/div>\n\t\t\t\t<\/div>\n\t\t\t\t<\/div>\n\t\t","protected":false},"excerpt":{"rendered":"<p>Was ist Hyalurons\u00e4ure-Therapie? Hyalurons\u00e4ure-Therapie in orthop\u00e4dischen Anwendungen Welche Vorteile bietet die Hyalurons\u00e4ure-Therapie in der Orthop\u00e4die? Wie dauerhaft sind Hyalurons\u00e4ure-Unterspritzungen in der Hyalurons\u00e4ure-Therapie? Was ist Hyalurons\u00e4ure-Therapie? Hyalurons\u00e4ure ist ein Molek\u00fcl, das nat\u00fcrlicherweise in unserem K\u00f6rper vorkommt und eine wichtige Rolle in der Gelenkfl\u00fcssigkeit, der Haut und dem Bindegewebe spielt. Diese transparente und gelartige Substanz sorgt f\u00fcr [&hellip;]<\/p>\n","protected":false},"author":1,"featured_media":0,"parent":0,"menu_order":0,"comment_status":"closed","ping_status":"closed","template":"","meta":{"footnotes":""},"class_list":["post-10715","page","type-page","status-publish","hentry"],"_links":{"self":[{"href":"https:\/\/msmklinik.com.tr\/de\/wp-json\/wp\/v2\/pages\/10715","targetHints":{"allow":["GET"]}}],"collection":[{"href":"https:\/\/msmklinik.com.tr\/de\/wp-json\/wp\/v2\/pages"}],"about":[{"href":"https:\/\/msmklinik.com.tr\/de\/wp-json\/wp\/v2\/types\/page"}],"author":[{"embeddable":true,"href":"https:\/\/msmklinik.com.tr\/de\/wp-json\/wp\/v2\/users\/1"}],"replies":[{"embeddable":true,"href":"https:\/\/msmklinik.com.tr\/de\/wp-json\/wp\/v2\/comments?post=10715"}],"version-history":[{"count":7,"href":"https:\/\/msmklinik.com.tr\/de\/wp-json\/wp\/v2\/pages\/10715\/revisions"}],"predecessor-version":[{"id":10723,"href":"https:\/\/msmklinik.com.tr\/de\/wp-json\/wp\/v2\/pages\/10715\/revisions\/10723"}],"wp:attachment":[{"href":"https:\/\/msmklinik.com.tr\/de\/wp-json\/wp\/v2\/media?parent=10715"}],"curies":[{"name":"wp","href":"https:\/\/api.w.org\/{rel}","templated":true}]}}