{"id":10750,"date":"2023-09-08T21:10:35","date_gmt":"2023-09-08T18:10:35","guid":{"rendered":"https:\/\/msmklinik.com.tr\/?page_id=10750"},"modified":"2024-08-06T11:26:50","modified_gmt":"2024-08-06T08:26:50","slug":"neuraltherapie","status":"publish","type":"page","link":"https:\/\/msmklinik.com.tr\/de\/neuraltherapie\/","title":{"rendered":"Neuraltherapie"},"content":{"rendered":"\t\t<div data-elementor-type=\"wp-page\" data-elementor-id=\"10750\" class=\"elementor elementor-10750 elementor-4979\" data-elementor-post-type=\"page\">\n\t\t\t\t<div class=\"elementor-element elementor-element-255f9e64 e-flex e-con-boxed e-con e-parent\" data-id=\"255f9e64\" data-element_type=\"container\" data-e-type=\"container\">\n\t\t\t\t\t<div class=\"e-con-inner\">\n\t\t\t\t<div class=\"elementor-element elementor-element-5a89c829 elementor-icon-list--layout-traditional elementor-list-item-link-full_width elementor-widget elementor-widget-icon-list\" data-id=\"5a89c829\" data-element_type=\"widget\" data-e-type=\"widget\" data-widget_type=\"icon-list.default\">\n\t\t\t\t<div class=\"elementor-widget-container\">\n\t\t\t\t\t\t\t<ul class=\"elementor-icon-list-items\">\n\t\t\t\t\t\t\t<li class=\"elementor-icon-list-item\">\n\t\t\t\t\t\t\t\t\t\t\t<a href=\"#1\">\n\n\t\t\t\t\t\t\t\t\t\t\t\t<span class=\"elementor-icon-list-icon\">\n\t\t\t\t\t\t\t<svg aria-hidden=\"true\" class=\"e-font-icon-svg e-fas-angle-right\" viewBox=\"0 0 256 512\" xmlns=\"http:\/\/www.w3.org\/2000\/svg\"><path d=\"M224.3 273l-136 136c-9.4 9.4-24.6 9.4-33.9 0l-22.6-22.6c-9.4-9.4-9.4-24.6 0-33.9l96.4-96.4-96.4-96.4c-9.4-9.4-9.4-24.6 0-33.9L54.3 103c9.4-9.4 24.6-9.4 33.9 0l136 136c9.5 9.4 9.5 24.6.1 34z\"><\/path><\/svg>\t\t\t\t\t\t<\/span>\n\t\t\t\t\t\t\t\t\t\t<span class=\"elementor-icon-list-text\">Was ist Neuraltherapie?<\/span>\n\t\t\t\t\t\t\t\t\t\t\t<\/a>\n\t\t\t\t\t\t\t\t\t<\/li>\n\t\t\t\t\t\t\t\t<li class=\"elementor-icon-list-item\">\n\t\t\t\t\t\t\t\t\t\t\t<a href=\"#2\">\n\n\t\t\t\t\t\t\t\t\t\t\t\t<span class=\"elementor-icon-list-icon\">\n\t\t\t\t\t\t\t<svg aria-hidden=\"true\" class=\"e-font-icon-svg e-fas-angle-right\" viewBox=\"0 0 256 512\" xmlns=\"http:\/\/www.w3.org\/2000\/svg\"><path d=\"M224.3 273l-136 136c-9.4 9.4-24.6 9.4-33.9 0l-22.6-22.6c-9.4-9.4-9.4-24.6 0-33.9l96.4-96.4-96.4-96.4c-9.4-9.4-9.4-24.6 0-33.9L54.3 103c9.4-9.4 24.6-9.4 33.9 0l136 136c9.5 9.4 9.5 24.6.1 34z\"><\/path><\/svg>\t\t\t\t\t\t<\/span>\n\t\t\t\t\t\t\t\t\t\t<span class=\"elementor-icon-list-text\">Welche Vorteile bietet die Neuraltherapie in der Orthop\u00e4die?<\/span>\n\t\t\t\t\t\t\t\t\t\t\t<\/a>\n\t\t\t\t\t\t\t\t\t<\/li>\n\t\t\t\t\t\t\t\t<li class=\"elementor-icon-list-item\">\n\t\t\t\t\t\t\t\t\t\t\t<a href=\"#3\">\n\n\t\t\t\t\t\t\t\t\t\t\t\t<span class=\"elementor-icon-list-icon\">\n\t\t\t\t\t\t\t<svg aria-hidden=\"true\" class=\"e-font-icon-svg e-fas-angle-right\" viewBox=\"0 0 256 512\" xmlns=\"http:\/\/www.w3.org\/2000\/svg\"><path d=\"M224.3 273l-136 136c-9.4 9.4-24.6 9.4-33.9 0l-22.6-22.6c-9.4-9.4-9.4-24.6 0-33.9l96.4-96.4-96.4-96.4c-9.4-9.4-9.4-24.6 0-33.9L54.3 103c9.4-9.4 24.6-9.4 33.9 0l136 136c9.5 9.4 9.5 24.6.1 34z\"><\/path><\/svg>\t\t\t\t\t\t<\/span>\n\t\t\t\t\t\t\t\t\t\t<span class=\"elementor-icon-list-text\">Wie wird Neuraltherapie eingesetzt?<\/span>\n\t\t\t\t\t\t\t\t\t\t\t<\/a>\n\t\t\t\t\t\t\t\t\t<\/li>\n\t\t\t\t\t\t\t\t<li class=\"elementor-icon-list-item\">\n\t\t\t\t\t\t\t\t\t\t\t<a href=\"#4\">\n\n\t\t\t\t\t\t\t\t\t\t\t\t<span class=\"elementor-icon-list-icon\">\n\t\t\t\t\t\t\t<svg aria-hidden=\"true\" class=\"e-font-icon-svg e-fas-angle-right\" viewBox=\"0 0 256 512\" xmlns=\"http:\/\/www.w3.org\/2000\/svg\"><path d=\"M224.3 273l-136 136c-9.4 9.4-24.6 9.4-33.9 0l-22.6-22.6c-9.4-9.4-9.4-24.6 0-33.9l96.4-96.4-96.4-96.4c-9.4-9.4-9.4-24.6 0-33.9L54.3 103c9.4-9.4 24.6-9.4 33.9 0l136 136c9.5 9.4 9.5 24.6.1 34z\"><\/path><\/svg>\t\t\t\t\t\t<\/span>\n\t\t\t\t\t\t\t\t\t\t<span class=\"elementor-icon-list-text\">In welchen Situationen kommt die Neuraltherapie zum Einsatz?<\/span>\n\t\t\t\t\t\t\t\t\t\t\t<\/a>\n\t\t\t\t\t\t\t\t\t<\/li>\n\t\t\t\t\t\t<\/ul>\n\t\t\t\t\t\t<\/div>\n\t\t\t\t<\/div>\n\t\t\t\t\t<\/div>\n\t\t\t\t<\/div>\n\t\t<div class=\"elementor-element elementor-element-4234878f e-flex e-con-boxed e-con e-parent\" data-id=\"4234878f\" data-element_type=\"container\" data-e-type=\"container\">\n\t\t\t\t\t<div class=\"e-con-inner\">\n\t\t<div class=\"elementor-element elementor-element-7930749b e-con-full e-flex e-con e-child\" data-id=\"7930749b\" data-element_type=\"container\" data-e-type=\"container\">\n\t\t\t\t<div class=\"elementor-element elementor-element-301a6263 elementor-widget elementor-widget-heading\" data-id=\"301a6263\" data-element_type=\"widget\" data-e-type=\"widget\" id=\"1\" data-widget_type=\"heading.default\">\n\t\t\t\t<div class=\"elementor-widget-container\">\n\t\t\t\t\t<h2 class=\"elementor-heading-title elementor-size-default\">Was ist Neuraltherapie?<\/h2>\t\t\t\t<\/div>\n\t\t\t\t<\/div>\n\t\t\t\t<div class=\"elementor-element elementor-element-12d97a32 elementor-widget elementor-widget-text-editor\" data-id=\"12d97a32\" data-element_type=\"widget\" data-e-type=\"widget\" data-widget_type=\"text-editor.default\">\n\t\t\t\t<div class=\"elementor-widget-container\">\n\t\t\t\t\t\t\t\t\tDie Neuraltherapie ist eine Behandlungsmethode, die darauf abzielt, Schmerzen und andere Symptome zu lindern, indem sie das Nervensystem und den Energiehaushalt des K\u00f6rpers nutzt. Bei dieser Methode werden Lokalan\u00e4sthesie-Injektionen und andere Verfahren eingesetzt, um Blockaden und Ungleichgewichte im Nervensystem zu korrigieren.\t\t\t\t\t\t\t\t<\/div>\n\t\t\t\t<\/div>\n\t\t\t\t<\/div>\n\t\t<div class=\"elementor-element elementor-element-5e14900e e-flex e-con-boxed e-con e-child\" data-id=\"5e14900e\" data-element_type=\"container\" data-e-type=\"container\">\n\t\t\t\t\t<div class=\"e-con-inner\">\n\t\t\t\t<div class=\"elementor-element elementor-element-1ac808e9 elementor-widget elementor-widget-image\" data-id=\"1ac808e9\" data-element_type=\"widget\" data-e-type=\"widget\" data-widget_type=\"image.default\">\n\t\t\t\t<div class=\"elementor-widget-container\">\n\t\t\t\t\t\t\t\t\t\t\t\t\t\t\t<img fetchpriority=\"high\" decoding=\"async\" width=\"800\" height=\"547\" src=\"https:\/\/msmklinik.com.tr\/wp-content\/uploads\/2024\/08\/noral-terapii.jpg\" class=\"attachment-large size-large wp-image-10611\" alt=\"N\u00f6ral Terapi Msm Klinik\" srcset=\"https:\/\/msmklinik.com.tr\/wp-content\/uploads\/2024\/08\/noral-terapii.jpg 861w, https:\/\/msmklinik.com.tr\/wp-content\/uploads\/2024\/08\/noral-terapii-300x205.jpg 300w, https:\/\/msmklinik.com.tr\/wp-content\/uploads\/2024\/08\/noral-terapii-768x525.jpg 768w\" sizes=\"(max-width: 800px) 100vw, 800px\" \/>\t\t\t\t\t\t\t\t\t\t\t\t\t\t\t<\/div>\n\t\t\t\t<\/div>\n\t\t\t\t\t<\/div>\n\t\t\t\t<\/div>\n\t\t\t\t\t<\/div>\n\t\t\t\t<\/div>\n\t\t<div class=\"elementor-element elementor-element-48484f74 e-flex e-con-boxed e-con e-parent\" data-id=\"48484f74\" data-element_type=\"container\" data-e-type=\"container\">\n\t\t\t\t\t<div class=\"e-con-inner\">\n\t\t\t\t<div class=\"elementor-element elementor-element-63533de1 elementor-widget elementor-widget-heading\" data-id=\"63533de1\" data-element_type=\"widget\" data-e-type=\"widget\" id=\"2\" data-widget_type=\"heading.default\">\n\t\t\t\t<div class=\"elementor-widget-container\">\n\t\t\t\t\t<h2 class=\"elementor-heading-title elementor-size-default\">Welche Vorteile bietet die Neuraltherapie in der Orthop\u00e4die?<\/h2>\t\t\t\t<\/div>\n\t\t\t\t<\/div>\n\t\t\t\t<div class=\"elementor-element elementor-element-224bfde elementor-widget elementor-widget-text-editor\" data-id=\"224bfde\" data-element_type=\"widget\" data-e-type=\"widget\" data-widget_type=\"text-editor.default\">\n\t\t\t\t<div class=\"elementor-widget-container\">\n\t\t\t\t\t\t\t\t\t<ul><li>Lindert Schmerzen: Neuraltherapie lindert wirksam Schmerzen aufgrund orthop\u00e4discher Probleme wie Gelenkschmerzen, Muskelkr\u00e4mpfe, Sehnenentz\u00fcndungen, Schleimbeutelentz\u00fcndungen und Nervenkompressionen.<\/li><li>Beschleunigt die Heilung: Neuraltherapie kann helfen, die Heilung zu beschleunigen und chronische Schmerzen nach Sportverletzungen zu lindern.<\/li><li>Erh\u00f6ht die Beweglichkeit: Neuraltherapie kann die Beweglichkeit der Gelenke erh\u00f6hen, indem sie Muskelkr\u00e4mpfe und Gelenksteifheit reduziert.<\/li><li>Reguliert den Energiehaushalt: Neuraltherapie kann zur Verbesserung der allgemeinen Gesundheit und des Wohlbefindens beitragen, indem sie den Energiefluss im K\u00f6rper reguliert.<\/li><\/ul>\t\t\t\t\t\t\t\t<\/div>\n\t\t\t\t<\/div>\n\t\t\t\t<div class=\"elementor-element elementor-element-38fc093 elementor-mobile-align-justify elementor-widget__width-auto elementor-align-left elementor-widget elementor-widget-button\" data-id=\"38fc093\" data-element_type=\"widget\" data-e-type=\"widget\" data-widget_type=\"button.default\">\n\t\t\t\t<div class=\"elementor-widget-container\">\n\t\t\t\t\t\t\t\t\t<div class=\"elementor-button-wrapper\">\n\t\t\t\t\t<a class=\"elementor-button elementor-button-link elementor-size-sm\" href=\"#elementor-action%3Aaction%3Dpopup%3Aopen%26settings%3DeyJpZCI6NzA3OCwidG9nZ2xlIjpmYWxzZX0%3D\">\n\t\t\t\t\t\t<span class=\"elementor-button-content-wrapper\">\n\t\t\t\t\t\t\t\t\t<span class=\"elementor-button-text\">Information<\/span>\n\t\t\t\t\t<\/span>\n\t\t\t\t\t<\/a>\n\t\t\t\t<\/div>\n\t\t\t\t\t\t\t\t<\/div>\n\t\t\t\t<\/div>\n\t\t\t\t<div class=\"elementor-element elementor-element-6789417b elementor-widget elementor-widget-heading\" data-id=\"6789417b\" data-element_type=\"widget\" data-e-type=\"widget\" id=\"3\" data-widget_type=\"heading.default\">\n\t\t\t\t<div class=\"elementor-widget-container\">\n\t\t\t\t\t<h2 class=\"elementor-heading-title elementor-size-default\">Wie wird Neuraltherapie eingesetzt?<\/h2>\t\t\t\t<\/div>\n\t\t\t\t<\/div>\n\t\t\t\t<div class=\"elementor-element elementor-element-39888add elementor-widget elementor-widget-text-editor\" data-id=\"39888add\" data-element_type=\"widget\" data-e-type=\"widget\" data-widget_type=\"text-editor.default\">\n\t\t\t\t<div class=\"elementor-widget-container\">\n\t\t\t\t\t\t\t\t\t<p>Eine neue Therapiesitzung dauert in der Regel 30-60 Minuten. Die Behandlung umfasst eine Reihe von Injektionen und anderen Verfahren, die je nach dem spezifischen Zustand des Patienten variieren. Die Injektion erfolgt meist unter die Haut oder in die Muskulatur. Da die Nadeln so d\u00fcnn sind, sind die Schmerzen normalerweise minimal.<\/p>\t\t\t\t\t\t\t\t<\/div>\n\t\t\t\t<\/div>\n\t\t\t\t<div class=\"elementor-element elementor-element-58a04856 elementor-mobile-align-justify elementor-widget__width-auto elementor-align-left elementor-widget elementor-widget-button\" data-id=\"58a04856\" data-element_type=\"widget\" data-e-type=\"widget\" data-widget_type=\"button.default\">\n\t\t\t\t<div class=\"elementor-widget-container\">\n\t\t\t\t\t\t\t\t\t<div class=\"elementor-button-wrapper\">\n\t\t\t\t\t<a class=\"elementor-button elementor-button-link elementor-size-sm\" href=\"#elementor-action%3Aaction%3Dpopup%3Aopen%26settings%3DeyJpZCI6NzA3OCwidG9nZ2xlIjpmYWxzZX0%3D\">\n\t\t\t\t\t\t<span class=\"elementor-button-content-wrapper\">\n\t\t\t\t\t\t\t\t\t<span class=\"elementor-button-text\">Information<\/span>\n\t\t\t\t\t<\/span>\n\t\t\t\t\t<\/a>\n\t\t\t\t<\/div>\n\t\t\t\t\t\t\t\t<\/div>\n\t\t\t\t<\/div>\n\t\t\t\t<div class=\"elementor-element elementor-element-1546c3b8 elementor-widget elementor-widget-heading\" data-id=\"1546c3b8\" data-element_type=\"widget\" data-e-type=\"widget\" id=\"4\" data-widget_type=\"heading.default\">\n\t\t\t\t<div class=\"elementor-widget-container\">\n\t\t\t\t\t<h2 class=\"elementor-heading-title elementor-size-default\">In welchen Situationen kommt die Neuraltherapie zum Einsatz?<\/h2>\t\t\t\t<\/div>\n\t\t\t\t<\/div>\n\t\t\t\t<div class=\"elementor-element elementor-element-33a54640 elementor-widget elementor-widget-text-editor\" data-id=\"33a54640\" data-element_type=\"widget\" data-e-type=\"widget\" data-widget_type=\"text-editor.default\">\n\t\t\t\t<div class=\"elementor-widget-container\">\n\t\t\t\t\t\t\t\t\t<ul><li>Neutherapie kann zur Behandlung verschiedener orthop\u00e4discher Probleme eingesetzt werden, darunter:<\/li><li>Gelenkschmerzen (Arthrose, rheumatoide Arthritis usw.)<\/li><li>Muskelkr\u00e4mpfe und Verspannungen<\/li><li>Sehnenentz\u00fcndung und Schleimbeutelentz\u00fcndung<\/li><li>Nerveneinklemmung<\/li><li>Sportverletzungen<\/li><li>Chronische Schmerzen (R\u00fcckenschmerzen, Nackenschmerzen, Kopfschmerzen usw.)<\/li><\/ul><p><br \/>Die MSM-Klinik bietet mit ihren erfahrenen \u00c4rzten und einem hygienischen Umfeld h\u00f6chste Standards in der Neuraltherapie-Behandlung. Die Neuraltherapie kann Ihnen helfen, Ihre orthop\u00e4dischen Probleme zu behandeln und Ihre Lebensqualit\u00e4t durch Linderung Ihrer Schmerzen zu verbessern.<\/p>\t\t\t\t\t\t\t\t<\/div>\n\t\t\t\t<\/div>\n\t\t\t\t<div class=\"elementor-element elementor-element-1c1e43cd elementor-mobile-align-justify elementor-widget__width-auto elementor-align-left elementor-widget elementor-widget-button\" data-id=\"1c1e43cd\" data-element_type=\"widget\" data-e-type=\"widget\" data-widget_type=\"button.default\">\n\t\t\t\t<div class=\"elementor-widget-container\">\n\t\t\t\t\t\t\t\t\t<div class=\"elementor-button-wrapper\">\n\t\t\t\t\t<a class=\"elementor-button elementor-button-link elementor-size-sm\" href=\"#elementor-action%3Aaction%3Dpopup%3Aopen%26settings%3DeyJpZCI6NzA3OCwidG9nZ2xlIjpmYWxzZX0%3D\">\n\t\t\t\t\t\t<span class=\"elementor-button-content-wrapper\">\n\t\t\t\t\t\t\t\t\t<span class=\"elementor-button-text\">Information<\/span>\n\t\t\t\t\t<\/span>\n\t\t\t\t\t<\/a>\n\t\t\t\t<\/div>\n\t\t\t\t\t\t\t\t<\/div>\n\t\t\t\t<\/div>\n\t\t\t\t\t<\/div>\n\t\t\t\t<\/div>\n\t\t\t\t<\/div>\n\t\t","protected":false},"excerpt":{"rendered":"<p>Was ist Neuraltherapie? Welche Vorteile bietet die Neuraltherapie in der Orthop\u00e4die? Wie wird Neuraltherapie eingesetzt? In welchen Situationen kommt die Neuraltherapie zum Einsatz? Was ist Neuraltherapie? Die Neuraltherapie ist eine Behandlungsmethode, die darauf abzielt, Schmerzen und andere Symptome zu lindern, indem sie das Nervensystem und den Energiehaushalt des K\u00f6rpers nutzt. Bei dieser Methode werden Lokalan\u00e4sthesie-Injektionen [&hellip;]<\/p>\n","protected":false},"author":1,"featured_media":0,"parent":0,"menu_order":0,"comment_status":"closed","ping_status":"closed","template":"","meta":{"footnotes":""},"class_list":["post-10750","page","type-page","status-publish","hentry"],"_links":{"self":[{"href":"https:\/\/msmklinik.com.tr\/de\/wp-json\/wp\/v2\/pages\/10750","targetHints":{"allow":["GET"]}}],"collection":[{"href":"https:\/\/msmklinik.com.tr\/de\/wp-json\/wp\/v2\/pages"}],"about":[{"href":"https:\/\/msmklinik.com.tr\/de\/wp-json\/wp\/v2\/types\/page"}],"author":[{"embeddable":true,"href":"https:\/\/msmklinik.com.tr\/de\/wp-json\/wp\/v2\/users\/1"}],"replies":[{"embeddable":true,"href":"https:\/\/msmklinik.com.tr\/de\/wp-json\/wp\/v2\/comments?post=10750"}],"version-history":[{"count":7,"href":"https:\/\/msmklinik.com.tr\/de\/wp-json\/wp\/v2\/pages\/10750\/revisions"}],"predecessor-version":[{"id":10758,"href":"https:\/\/msmklinik.com.tr\/de\/wp-json\/wp\/v2\/pages\/10750\/revisions\/10758"}],"wp:attachment":[{"href":"https:\/\/msmklinik.com.tr\/de\/wp-json\/wp\/v2\/media?parent=10750"}],"curies":[{"name":"wp","href":"https:\/\/api.w.org\/{rel}","templated":true}]}}