{"id":11044,"date":"2024-08-21T11:28:18","date_gmt":"2024-08-21T08:28:18","guid":{"rendered":"https:\/\/msmklinik.com.tr\/?page_id=11044"},"modified":"2024-08-21T11:43:20","modified_gmt":"2024-08-21T08:43:20","slug":"nervenverletzung","status":"publish","type":"page","link":"https:\/\/msmklinik.com.tr\/de\/nervenverletzung\/","title":{"rendered":"Nervenverletzung"},"content":{"rendered":"\t\t<div data-elementor-type=\"wp-page\" data-elementor-id=\"11044\" class=\"elementor elementor-11044 elementor-11017\" data-elementor-post-type=\"page\">\n\t\t\t\t<div class=\"elementor-element elementor-element-56b13c87 e-flex e-con-boxed e-con e-parent\" data-id=\"56b13c87\" data-element_type=\"container\" data-e-type=\"container\">\n\t\t\t\t\t<div class=\"e-con-inner\">\n\t\t\t\t<div class=\"elementor-element elementor-element-c3508f9 elementor-icon-list--layout-traditional elementor-list-item-link-full_width elementor-widget elementor-widget-icon-list\" data-id=\"c3508f9\" data-element_type=\"widget\" data-e-type=\"widget\" data-widget_type=\"icon-list.default\">\n\t\t\t\t<div class=\"elementor-widget-container\">\n\t\t\t\t\t\t\t<ul class=\"elementor-icon-list-items\">\n\t\t\t\t\t\t\t<li class=\"elementor-icon-list-item\">\n\t\t\t\t\t\t\t\t\t\t\t<a href=\"#1\">\n\n\t\t\t\t\t\t\t\t\t\t\t\t<span class=\"elementor-icon-list-icon\">\n\t\t\t\t\t\t\t<svg aria-hidden=\"true\" class=\"e-font-icon-svg e-fas-angle-right\" viewBox=\"0 0 256 512\" xmlns=\"http:\/\/www.w3.org\/2000\/svg\"><path d=\"M224.3 273l-136 136c-9.4 9.4-24.6 9.4-33.9 0l-22.6-22.6c-9.4-9.4-9.4-24.6 0-33.9l96.4-96.4-96.4-96.4c-9.4-9.4-9.4-24.6 0-33.9L54.3 103c9.4-9.4 24.6-9.4 33.9 0l136 136c9.5 9.4 9.5 24.6.1 34z\"><\/path><\/svg>\t\t\t\t\t\t<\/span>\n\t\t\t\t\t\t\t\t\t\t<span class=\"elementor-icon-list-text\">Was ist eine Nervenverletzung?<\/span>\n\t\t\t\t\t\t\t\t\t\t\t<\/a>\n\t\t\t\t\t\t\t\t\t<\/li>\n\t\t\t\t\t\t\t\t<li class=\"elementor-icon-list-item\">\n\t\t\t\t\t\t\t\t\t\t\t<a href=\"#2\">\n\n\t\t\t\t\t\t\t\t\t\t\t\t<span class=\"elementor-icon-list-icon\">\n\t\t\t\t\t\t\t<svg aria-hidden=\"true\" class=\"e-font-icon-svg e-fas-angle-right\" viewBox=\"0 0 256 512\" xmlns=\"http:\/\/www.w3.org\/2000\/svg\"><path d=\"M224.3 273l-136 136c-9.4 9.4-24.6 9.4-33.9 0l-22.6-22.6c-9.4-9.4-9.4-24.6 0-33.9l96.4-96.4-96.4-96.4c-9.4-9.4-9.4-24.6 0-33.9L54.3 103c9.4-9.4 24.6-9.4 33.9 0l136 136c9.5 9.4 9.5 24.6.1 34z\"><\/path><\/svg>\t\t\t\t\t\t<\/span>\n\t\t\t\t\t\t\t\t\t\t<span class=\"elementor-icon-list-text\">Was sind die Ursachen f\u00fcr Nervenverletzungen?<\/span>\n\t\t\t\t\t\t\t\t\t\t\t<\/a>\n\t\t\t\t\t\t\t\t\t<\/li>\n\t\t\t\t\t\t\t\t<li class=\"elementor-icon-list-item\">\n\t\t\t\t\t\t\t\t\t\t\t<a href=\"#3\">\n\n\t\t\t\t\t\t\t\t\t\t\t\t<span class=\"elementor-icon-list-icon\">\n\t\t\t\t\t\t\t<svg aria-hidden=\"true\" class=\"e-font-icon-svg e-fas-angle-right\" viewBox=\"0 0 256 512\" xmlns=\"http:\/\/www.w3.org\/2000\/svg\"><path d=\"M224.3 273l-136 136c-9.4 9.4-24.6 9.4-33.9 0l-22.6-22.6c-9.4-9.4-9.4-24.6 0-33.9l96.4-96.4-96.4-96.4c-9.4-9.4-9.4-24.6 0-33.9L54.3 103c9.4-9.4 24.6-9.4 33.9 0l136 136c9.5 9.4 9.5 24.6.1 34z\"><\/path><\/svg>\t\t\t\t\t\t<\/span>\n\t\t\t\t\t\t\t\t\t\t<span class=\"elementor-icon-list-text\">Was sind die Symptome einer Nervenverletzung?<\/span>\n\t\t\t\t\t\t\t\t\t\t\t<\/a>\n\t\t\t\t\t\t\t\t\t<\/li>\n\t\t\t\t\t\t\t\t<li class=\"elementor-icon-list-item\">\n\t\t\t\t\t\t\t\t\t\t\t<a href=\"#4\">\n\n\t\t\t\t\t\t\t\t\t\t\t\t<span class=\"elementor-icon-list-icon\">\n\t\t\t\t\t\t\t<svg aria-hidden=\"true\" class=\"e-font-icon-svg e-fas-angle-right\" viewBox=\"0 0 256 512\" xmlns=\"http:\/\/www.w3.org\/2000\/svg\"><path d=\"M224.3 273l-136 136c-9.4 9.4-24.6 9.4-33.9 0l-22.6-22.6c-9.4-9.4-9.4-24.6 0-33.9l96.4-96.4-96.4-96.4c-9.4-9.4-9.4-24.6 0-33.9L54.3 103c9.4-9.4 24.6-9.4 33.9 0l136 136c9.5 9.4 9.5 24.6.1 34z\"><\/path><\/svg>\t\t\t\t\t\t<\/span>\n\t\t\t\t\t\t\t\t\t\t<span class=\"elementor-icon-list-text\">Wie werden Nervenverletzungen diagnostiziert?<\/span>\n\t\t\t\t\t\t\t\t\t\t\t<\/a>\n\t\t\t\t\t\t\t\t\t<\/li>\n\t\t\t\t\t\t\t\t<li class=\"elementor-icon-list-item\">\n\t\t\t\t\t\t\t\t\t\t\t<a href=\"#5\">\n\n\t\t\t\t\t\t\t\t\t\t\t\t<span class=\"elementor-icon-list-icon\">\n\t\t\t\t\t\t\t<svg aria-hidden=\"true\" class=\"e-font-icon-svg e-fas-angle-right\" viewBox=\"0 0 256 512\" xmlns=\"http:\/\/www.w3.org\/2000\/svg\"><path d=\"M224.3 273l-136 136c-9.4 9.4-24.6 9.4-33.9 0l-22.6-22.6c-9.4-9.4-9.4-24.6 0-33.9l96.4-96.4-96.4-96.4c-9.4-9.4-9.4-24.6 0-33.9L54.3 103c9.4-9.4 24.6-9.4 33.9 0l136 136c9.5 9.4 9.5 24.6.1 34z\"><\/path><\/svg>\t\t\t\t\t\t<\/span>\n\t\t\t\t\t\t\t\t\t\t<span class=\"elementor-icon-list-text\">Warum ist der Diagnoseprozess wichtig?<\/span>\n\t\t\t\t\t\t\t\t\t\t\t<\/a>\n\t\t\t\t\t\t\t\t\t<\/li>\n\t\t\t\t\t\t\t\t<li class=\"elementor-icon-list-item\">\n\t\t\t\t\t\t\t\t\t\t\t<a href=\"#6\">\n\n\t\t\t\t\t\t\t\t\t\t\t\t<span class=\"elementor-icon-list-icon\">\n\t\t\t\t\t\t\t<svg aria-hidden=\"true\" class=\"e-font-icon-svg e-fas-angle-right\" viewBox=\"0 0 256 512\" xmlns=\"http:\/\/www.w3.org\/2000\/svg\"><path d=\"M224.3 273l-136 136c-9.4 9.4-24.6 9.4-33.9 0l-22.6-22.6c-9.4-9.4-9.4-24.6 0-33.9l96.4-96.4-96.4-96.4c-9.4-9.4-9.4-24.6 0-33.9L54.3 103c9.4-9.4 24.6-9.4 33.9 0l136 136c9.5 9.4 9.5 24.6.1 34z\"><\/path><\/svg>\t\t\t\t\t\t<\/span>\n\t\t\t\t\t\t\t\t\t\t<span class=\"elementor-icon-list-text\">Wie werden Nervenverletzungen behandelt?<\/span>\n\t\t\t\t\t\t\t\t\t\t\t<\/a>\n\t\t\t\t\t\t\t\t\t<\/li>\n\t\t\t\t\t\t\t\t<li class=\"elementor-icon-list-item\">\n\t\t\t\t\t\t\t\t\t\t\t<a href=\"#7\">\n\n\t\t\t\t\t\t\t\t\t\t\t\t<span class=\"elementor-icon-list-icon\">\n\t\t\t\t\t\t\t<svg aria-hidden=\"true\" class=\"e-font-icon-svg e-fas-angle-right\" viewBox=\"0 0 256 512\" xmlns=\"http:\/\/www.w3.org\/2000\/svg\"><path d=\"M224.3 273l-136 136c-9.4 9.4-24.6 9.4-33.9 0l-22.6-22.6c-9.4-9.4-9.4-24.6 0-33.9l96.4-96.4-96.4-96.4c-9.4-9.4-9.4-24.6 0-33.9L54.3 103c9.4-9.4 24.6-9.4 33.9 0l136 136c9.5 9.4 9.5 24.6.1 34z\"><\/path><\/svg>\t\t\t\t\t\t<\/span>\n\t\t\t\t\t\t\t\t\t\t<span class=\"elementor-icon-list-text\">Wie l\u00e4uft die Nachbehandlung von Nervenverletzungen in der Hand ab?<\/span>\n\t\t\t\t\t\t\t\t\t\t\t<\/a>\n\t\t\t\t\t\t\t\t\t<\/li>\n\t\t\t\t\t\t<\/ul>\n\t\t\t\t\t\t<\/div>\n\t\t\t\t<\/div>\n\t\t\t\t\t<\/div>\n\t\t\t\t<\/div>\n\t\t<div class=\"elementor-element elementor-element-7e0698cc e-flex e-con-boxed e-con e-parent\" data-id=\"7e0698cc\" data-element_type=\"container\" data-e-type=\"container\">\n\t\t\t\t\t<div class=\"e-con-inner\">\n\t\t<div class=\"elementor-element elementor-element-6a591222 e-con-full e-flex e-con e-child\" data-id=\"6a591222\" data-element_type=\"container\" data-e-type=\"container\">\n\t\t\t\t<div class=\"elementor-element elementor-element-57face42 elementor-widget elementor-widget-heading\" data-id=\"57face42\" data-element_type=\"widget\" data-e-type=\"widget\" id=\"1\" data-widget_type=\"heading.default\">\n\t\t\t\t<div class=\"elementor-widget-container\">\n\t\t\t\t\t<h2 class=\"elementor-heading-title elementor-size-default\">Was ist eine Nervenverletzung?<\/h2>\t\t\t\t<\/div>\n\t\t\t\t<\/div>\n\t\t\t\t<div class=\"elementor-element elementor-element-5cfc7287 elementor-widget elementor-widget-text-editor\" data-id=\"5cfc7287\" data-element_type=\"widget\" data-e-type=\"widget\" data-widget_type=\"text-editor.default\">\n\t\t\t\t<div class=\"elementor-widget-container\">\n\t\t\t\t\t\t\t\t\t<p>Eine Nervenverletzung in der Hand ist eine Erkrankung, bei der die Nerven in der Hand durch Schneiden, Quetschen oder Dehnen gesch\u00e4digt werden. Schon kleinste Nervensch\u00e4den k\u00f6nnen die Funktion dieses sensiblen Organs stark einschr\u00e4nken. Probleme wie sensorischer Verlust, Schw\u00e4che und eingeschr\u00e4nkte Mobilit\u00e4t k\u00f6nnen die Lebensqualit\u00e4t einer Person erheblich beeintr\u00e4chtigen. Hier kommt die Handchirurgie ins Spiel. Als MSM-Klinik ist es unser Ziel, unseren Patienten neues Leben zu schenken, indem wir die neuesten Technologien bei der Behandlung von Nervenverletzungen in der Hand einsetzen.<\/p>\t\t\t\t\t\t\t\t<\/div>\n\t\t\t\t<\/div>\n\t\t\t\t<\/div>\n\t\t<div class=\"elementor-element elementor-element-6f3d367b e-flex e-con-boxed e-con e-child\" data-id=\"6f3d367b\" data-element_type=\"container\" data-e-type=\"container\">\n\t\t\t\t\t<div class=\"e-con-inner\">\n\t\t\t\t<div class=\"elementor-element elementor-element-20e529dd elementor-widget elementor-widget-image\" data-id=\"20e529dd\" data-element_type=\"widget\" data-e-type=\"widget\" data-widget_type=\"image.default\">\n\t\t\t\t<div class=\"elementor-widget-container\">\n\t\t\t\t\t\t\t\t\t\t\t\t\t\t\t<img fetchpriority=\"high\" decoding=\"async\" width=\"626\" height=\"588\" src=\"https:\/\/msmklinik.com.tr\/wp-content\/uploads\/2024\/08\/sinir-yaralanmasi.png\" class=\"attachment-large size-large wp-image-11030\" alt=\"Sinir yaralanmas\u0131\" srcset=\"https:\/\/msmklinik.com.tr\/wp-content\/uploads\/2024\/08\/sinir-yaralanmasi.png 626w, https:\/\/msmklinik.com.tr\/wp-content\/uploads\/2024\/08\/sinir-yaralanmasi-300x282.png 300w\" sizes=\"(max-width: 626px) 100vw, 626px\" \/>\t\t\t\t\t\t\t\t\t\t\t\t\t\t\t<\/div>\n\t\t\t\t<\/div>\n\t\t\t\t\t<\/div>\n\t\t\t\t<\/div>\n\t\t\t\t\t<\/div>\n\t\t\t\t<\/div>\n\t\t<div class=\"elementor-element elementor-element-aade2b7 e-flex e-con-boxed e-con e-parent\" data-id=\"aade2b7\" data-element_type=\"container\" data-e-type=\"container\">\n\t\t\t\t\t<div class=\"e-con-inner\">\n\t\t\t\t<div class=\"elementor-element elementor-element-40c247d0 elementor-widget elementor-widget-heading\" data-id=\"40c247d0\" data-element_type=\"widget\" data-e-type=\"widget\" id=\"2\" data-widget_type=\"heading.default\">\n\t\t\t\t<div class=\"elementor-widget-container\">\n\t\t\t\t\t<h2 class=\"elementor-heading-title elementor-size-default\">Was sind die Ursachen f\u00fcr Nervenverletzungen?<\/h2>\t\t\t\t<\/div>\n\t\t\t\t<\/div>\n\t\t\t\t<div class=\"elementor-element elementor-element-5f05040 elementor-widget elementor-widget-text-editor\" data-id=\"5f05040\" data-element_type=\"widget\" data-e-type=\"widget\" data-widget_type=\"text-editor.default\">\n\t\t\t\t<div class=\"elementor-widget-container\">\n\t\t\t\t\t\t\t\t\t<p>Nervenverletzungen an der Hand k\u00f6nnen viele Ursachen haben. Die h\u00e4ufigsten davon sind:<\/p><ul><li><strong>Verletzungen durch Schneidwerkzeuge:<\/strong> Durch Schneidwerkzeuge wie Messer, Glas oder Scheren verursachte Verletzungen k\u00f6nnen Schnittwunden oder Nervensch\u00e4den verursachen.<\/li><li><strong>Quetschverletzungen:<\/strong> Situationen wie das Feststecken in einer T\u00fcr oder der Sturz auf einen schweren Gegenstand k\u00f6nnen die Nerven komprimieren oder sch\u00e4digen.<\/li><li><strong>Durchdringende Verletzungen:<\/strong> Das Eindringen scharfer Gegenst\u00e4nde wie N\u00e4gel, Nadeln oder Kugeln in die Hand kann zu Nervenverletzungen f\u00fchren.<\/li><li><strong>Chirurgische Eingriffe:<\/strong> Durch fr\u00fchere Operationen oder andere medizinische Eingriffe k\u00f6nnen Nerven in der Hand gesch\u00e4digt werden.<\/li><li><strong>Wiederholte Bewegungen:<\/strong> Wiederholte Bewegungen k\u00f6nnen in manchen Berufen oder Sportarten zu Nervenkompressionen und Krankheiten wie dem Karpaltunnelsyndrom f\u00fchren.<\/li><\/ul>\t\t\t\t\t\t\t\t<\/div>\n\t\t\t\t<\/div>\n\t\t\t\t<div class=\"elementor-element elementor-element-2c8e5d32 elementor-mobile-align-justify elementor-widget__width-auto elementor-align-left elementor-widget elementor-widget-button\" data-id=\"2c8e5d32\" data-element_type=\"widget\" data-e-type=\"widget\" data-widget_type=\"button.default\">\n\t\t\t\t<div class=\"elementor-widget-container\">\n\t\t\t\t\t\t\t\t\t<div class=\"elementor-button-wrapper\">\n\t\t\t\t\t<a class=\"elementor-button elementor-button-link elementor-size-sm\" href=\"#elementor-action%3Aaction%3Dpopup%3Aopen%26settings%3DeyJpZCI6NzA3OCwidG9nZ2xlIjpmYWxzZX0%3D\">\n\t\t\t\t\t\t<span class=\"elementor-button-content-wrapper\">\n\t\t\t\t\t\t\t\t\t<span class=\"elementor-button-text\">Information<\/span>\n\t\t\t\t\t<\/span>\n\t\t\t\t\t<\/a>\n\t\t\t\t<\/div>\n\t\t\t\t\t\t\t\t<\/div>\n\t\t\t\t<\/div>\n\t\t\t\t<div class=\"elementor-element elementor-element-276a1f20 elementor-widget elementor-widget-heading\" data-id=\"276a1f20\" data-element_type=\"widget\" data-e-type=\"widget\" id=\"3\" data-widget_type=\"heading.default\">\n\t\t\t\t<div class=\"elementor-widget-container\">\n\t\t\t\t\t<h2 class=\"elementor-heading-title elementor-size-default\">Was sind die Symptome einer Nervenverletzung?<\/h2>\t\t\t\t<\/div>\n\t\t\t\t<\/div>\n\t\t\t\t<div class=\"elementor-element elementor-element-378b3a08 elementor-widget elementor-widget-text-editor\" data-id=\"378b3a08\" data-element_type=\"widget\" data-e-type=\"widget\" data-widget_type=\"text-editor.default\">\n\t\t\t\t<div class=\"elementor-widget-container\">\n\t\t\t\t\t\t\t\t\t<p>Die Symptome einer Nervensch\u00e4digung k\u00f6nnen je nach Schweregrad und Ort der Sch\u00e4digung variieren. H\u00e4ufig gesehen:<\/p><ul><li><strong>Taubheitsgef\u00fchl und Kribbeln:<\/strong> Taubheitsgef\u00fchl oder Kribbeln im Innervationsgebiet des gesch\u00e4digten Nervs.<\/li><li><strong>Schmerzen:<\/strong> Schmerzen, die besonders bei Bewegung schlimmer werden.<\/li><li><strong>Schw\u00e4che:<\/strong> Schw\u00e4chung der Muskeln und Bewegungsschwierigkeiten.<\/li><li><strong>Gef\u00fchlsverlust:<\/strong> Verlust von Empfindungen wie Hitze, K\u00e4lte oder Ber\u00fchrung.<\/li><\/ul>\t\t\t\t\t\t\t\t<\/div>\n\t\t\t\t<\/div>\n\t\t\t\t<div class=\"elementor-element elementor-element-362f94e3 elementor-mobile-align-justify elementor-widget__width-auto elementor-align-left elementor-widget elementor-widget-button\" data-id=\"362f94e3\" data-element_type=\"widget\" data-e-type=\"widget\" data-widget_type=\"button.default\">\n\t\t\t\t<div class=\"elementor-widget-container\">\n\t\t\t\t\t\t\t\t\t<div class=\"elementor-button-wrapper\">\n\t\t\t\t\t<a class=\"elementor-button elementor-button-link elementor-size-sm\" href=\"#elementor-action%3Aaction%3Dpopup%3Aopen%26settings%3DeyJpZCI6NzA3OCwidG9nZ2xlIjpmYWxzZX0%3D\">\n\t\t\t\t\t\t<span class=\"elementor-button-content-wrapper\">\n\t\t\t\t\t\t\t\t\t<span class=\"elementor-button-text\">Information<\/span>\n\t\t\t\t\t<\/span>\n\t\t\t\t\t<\/a>\n\t\t\t\t<\/div>\n\t\t\t\t\t\t\t\t<\/div>\n\t\t\t\t<\/div>\n\t\t\t\t<div class=\"elementor-element elementor-element-12e2abb7 elementor-widget elementor-widget-heading\" data-id=\"12e2abb7\" data-element_type=\"widget\" data-e-type=\"widget\" id=\"4\" data-widget_type=\"heading.default\">\n\t\t\t\t<div class=\"elementor-widget-container\">\n\t\t\t\t\t<h2 class=\"elementor-heading-title elementor-size-default\">Wie werden Nervenverletzungen diagnostiziert?<\/h2>\t\t\t\t<\/div>\n\t\t\t\t<\/div>\n\t\t\t\t<div class=\"elementor-element elementor-element-772f0f20 elementor-widget elementor-widget-text-editor\" data-id=\"772f0f20\" data-element_type=\"widget\" data-e-type=\"widget\" data-widget_type=\"text-editor.default\">\n\t\t\t\t<div class=\"elementor-widget-container\">\n\t\t\t\t\t\t\t\t\t<p>Die korrekte Diagnose von Nervenverletzungen in der Hand ist f\u00fcr die Erstellung eines geeigneten Behandlungsplans sehr wichtig. W\u00e4hrend des Diagnoseprozesses kann Ihr Arzt eine oder mehrere der folgenden Methoden anwenden:<\/p><ul><li><strong>K\u00f6rperliche Untersuchung:<\/strong><\/li><\/ul><p>o Empfindungstest: Ihr Arzt wird Ihre Ber\u00fchrungs-, Temperatur- und Schmerzempfindungen in verschiedenen Bereichen Ihrer Hand beurteilen.<\/p><p>o Muskelkrafttest: Es werden verschiedene Tests durchgef\u00fchrt, um die Kraft der Muskeln in Ihrer Hand zu messen.<\/p><p>o Bewegungsumfang: Es wird der Bewegungsumfang Ihrer Hand und Finger bewertet.<\/p><p>o Reflextest: Es wird das Vorhandensein oder Fehlen bestimmter Reflexe \u00fcberpr\u00fcft.<\/p><ul><li><strong> Patientengeschichte:<\/strong><\/li><\/ul><p>o Wie und wann die Verletzung aufgetreten ist<\/p><p>o aufgetretene Symptome (Schmerzen, Taubheitsgef\u00fchl, Schw\u00e4che usw.)<\/p><p>o Informationen wie fr\u00fchere Gesundheitsprobleme und Behandlungen, die Sie erhalten haben, sind f\u00fcr Ihren Arzt wichtig.<\/p><ul><li><strong>Bildgebende Untersuchungen:<\/strong><\/li><\/ul><p>o R\u00f6ntgen: Es wird verwendet, um festzustellen, ob Br\u00fcche oder Luxationen in den Knochen vorliegen.<\/p><p>o Ultraschall: Erm\u00f6glicht die Darstellung von Nerven und Weichteilen.<\/p><p>o Magnetresonanztomographie (MRT): Sie wird verwendet, um detailliertere Bilder der Nerven und des umgebenden Gewebes zu erhalten.<\/p><ul><li><strong>Elektrophysiologische Tests:<\/strong><\/li><\/ul><p>o Elektromyographie (EMG): Sie wertet die Signale aus, die die Nerven an die Muskeln senden, indem sie die elektrische Aktivit\u00e4t der Muskeln misst.<\/p><p>o Studien zur Nervenleitungsgeschwindigkeit: Bestimmt den Ort und die Schwere von Nervensch\u00e4den, indem gemessen wird, wie schnell Nerven elektrische Signale \u00fcbertragen.<\/p>\t\t\t\t\t\t\t\t<\/div>\n\t\t\t\t<\/div>\n\t\t\t\t<div class=\"elementor-element elementor-element-21b1dfd7 elementor-mobile-align-justify elementor-widget__width-auto elementor-align-left elementor-widget elementor-widget-button\" data-id=\"21b1dfd7\" data-element_type=\"widget\" data-e-type=\"widget\" data-widget_type=\"button.default\">\n\t\t\t\t<div class=\"elementor-widget-container\">\n\t\t\t\t\t\t\t\t\t<div class=\"elementor-button-wrapper\">\n\t\t\t\t\t<a class=\"elementor-button elementor-button-link elementor-size-sm\" href=\"#elementor-action%3Aaction%3Dpopup%3Aopen%26settings%3DeyJpZCI6NzA3OCwidG9nZ2xlIjpmYWxzZX0%3D\">\n\t\t\t\t\t\t<span class=\"elementor-button-content-wrapper\">\n\t\t\t\t\t\t\t\t\t<span class=\"elementor-button-text\">Information<\/span>\n\t\t\t\t\t<\/span>\n\t\t\t\t\t<\/a>\n\t\t\t\t<\/div>\n\t\t\t\t\t\t\t\t<\/div>\n\t\t\t\t<\/div>\n\t\t\t\t<div class=\"elementor-element elementor-element-28901e45 elementor-widget elementor-widget-heading\" data-id=\"28901e45\" data-element_type=\"widget\" data-e-type=\"widget\" id=\"5\" data-widget_type=\"heading.default\">\n\t\t\t\t<div class=\"elementor-widget-container\">\n\t\t\t\t\t<h2 class=\"elementor-heading-title elementor-size-default\">Warum ist der Diagnoseprozess wichtig?<\/h2>\t\t\t\t<\/div>\n\t\t\t\t<\/div>\n\t\t\t\t<div class=\"elementor-element elementor-element-6132dd2b elementor-widget elementor-widget-text-editor\" data-id=\"6132dd2b\" data-element_type=\"widget\" data-e-type=\"widget\" data-widget_type=\"text-editor.default\">\n\t\t\t\t<div class=\"elementor-widget-container\">\n\t\t\t\t\t\t\t\t\t<ul><li><strong>Erstellung des richtigen Behandlungsplans:<\/strong> Anhand der im Rahmen der Diagnose gewonnenen Informationen wird die f\u00fcr Sie am besten geeignete Behandlungsmethode ermittelt.<\/li><li><strong>Komplikationen vorbeugen:<\/strong> Eine fr\u00fchzeitige Diagnose und Behandlung verringert das Risiko dauerhafter Sch\u00e4den.<\/li><li><strong>Verfolgung des Heilungsprozesses:<\/strong> W\u00e4hrend des Behandlungsprozesses wird Ihr Heilungsprozess durch regelm\u00e4\u00dfige Kontrolluntersuchungen \u00fcberwacht und bei Bedarf werden \u00c4nderungen an Ihrem Behandlungsplan vorgenommen.<\/li><\/ul>\t\t\t\t\t\t\t\t<\/div>\n\t\t\t\t<\/div>\n\t\t\t\t<div class=\"elementor-element elementor-element-535080a2 elementor-mobile-align-justify elementor-widget__width-auto elementor-align-left elementor-widget elementor-widget-button\" data-id=\"535080a2\" data-element_type=\"widget\" data-e-type=\"widget\" data-widget_type=\"button.default\">\n\t\t\t\t<div class=\"elementor-widget-container\">\n\t\t\t\t\t\t\t\t\t<div class=\"elementor-button-wrapper\">\n\t\t\t\t\t<a class=\"elementor-button elementor-button-link elementor-size-sm\" href=\"#elementor-action%3Aaction%3Dpopup%3Aopen%26settings%3DeyJpZCI6NzA3OCwidG9nZ2xlIjpmYWxzZX0%3D\">\n\t\t\t\t\t\t<span class=\"elementor-button-content-wrapper\">\n\t\t\t\t\t\t\t\t\t<span class=\"elementor-button-text\">Information<\/span>\n\t\t\t\t\t<\/span>\n\t\t\t\t\t<\/a>\n\t\t\t\t<\/div>\n\t\t\t\t\t\t\t\t<\/div>\n\t\t\t\t<\/div>\n\t\t\t\t<div class=\"elementor-element elementor-element-572b3e6 elementor-widget elementor-widget-heading\" data-id=\"572b3e6\" data-element_type=\"widget\" data-e-type=\"widget\" id=\"6\" data-widget_type=\"heading.default\">\n\t\t\t\t<div class=\"elementor-widget-container\">\n\t\t\t\t\t<h2 class=\"elementor-heading-title elementor-size-default\">Wie werden Nervenverletzungen behandelt?<\/h2>\t\t\t\t<\/div>\n\t\t\t\t<\/div>\n\t\t\t\t<div class=\"elementor-element elementor-element-7da208d1 elementor-widget elementor-widget-text-editor\" data-id=\"7da208d1\" data-element_type=\"widget\" data-e-type=\"widget\" data-widget_type=\"text-editor.default\">\n\t\t\t\t<div class=\"elementor-widget-container\">\n\t\t\t\t\t\t\t\t\t<p>Die Behandlung von Nervenverletzungen in der Hand h\u00e4ngt von Faktoren wie der Schwere der Verletzung, der Art des Nervs und dem Ort der Sch\u00e4digung ab. Die Behandlung umfasst in der Regel eine Kombination aus chirurgischen und nicht-chirurgischen Methoden.<\/p><p><strong>Chirurgische Behandlungsmethoden<\/strong><\/p><ul><li><strong> <u>Nervenreparaturen mit Mikrochirurgie:<\/u><\/strong><\/li><li><strong>Direkte Reparatur: <\/strong>Das abgeschnittene Ende des Nervs wird unter dem Mikroskop mit speziellen Nadeln und sehr d\u00fcnnem Nahtmaterial zusammengef\u00fcgt. Diese Methode wird bevorzugt, wenn Nervenenden nahe beieinander liegen.<\/li><li><strong>Reparatur mit Transplantat<\/strong>: Bei einem gro\u00dfen Nervendefizit wird das fehlende Nervengewebe (Transplantat) aus einem anderen K\u00f6rperteil aufgef\u00fcllt.<\/li><li><strong>Nerventransfer:<\/strong> Eine Methode, mit der besch\u00e4digte Nervenfunktionen durch einen anderen Nerv ersetzt werden.<\/li><li><strong><u>Nervendekompression:<\/u><\/strong> Hierbei handelt es sich um einen chirurgischen Eingriff, der durchgef\u00fchrt wird, um den Nerven\u00fcbertragungsdruck aufgrund der Krankheit zu lindern, bei der der Nerv komprimiert oder gequetscht wird.<\/li><li><strong><u>Muskeltransfer:<\/u><\/strong> Hierbei handelt es sich um den Prozess der \u00dcbertragung eines anderen Muskels, um die aufgrund einer Nervensch\u00e4digung geschw\u00e4chten Muskeln zu ersetzen.<\/li><\/ul><p><strong>Nicht-chirurgische Behandlungsmethoden<\/strong><\/p><ul><li><strong><u>Physiotherapie:<\/u><\/strong><\/li><\/ul><p>o \u00dcbungen werden durchgef\u00fchrt, um den Nervenregenerationsprozess zu verbessern, die Bewegungsf\u00e4higkeit zu steigern und die Muskelkraft zu erhalten.<\/p><p>o Es werden verschiedene Behandlungsmethoden angewendet, um Taubheitsgef\u00fchle und Schmerzen zu reduzieren.<\/p><ul><li><strong><u>Medikament\u00f6se Behandlung:<\/u><\/strong><\/li><li>Schmerzmittel und entz\u00fcndungshemmende Medikamente werden eingesetzt, um Schmerzen und Entz\u00fcndungen zu lindern.<\/li><li>Es gibt auch einige Medikamente, die die Nervenheilung unterst\u00fctzen.<\/li><\/ul>\t\t\t\t\t\t\t\t<\/div>\n\t\t\t\t<\/div>\n\t\t\t\t<div class=\"elementor-element elementor-element-72090769 elementor-mobile-align-justify elementor-widget__width-auto elementor-align-left elementor-widget elementor-widget-button\" data-id=\"72090769\" data-element_type=\"widget\" data-e-type=\"widget\" data-widget_type=\"button.default\">\n\t\t\t\t<div class=\"elementor-widget-container\">\n\t\t\t\t\t\t\t\t\t<div class=\"elementor-button-wrapper\">\n\t\t\t\t\t<a class=\"elementor-button elementor-button-link elementor-size-sm\" href=\"#elementor-action%3Aaction%3Dpopup%3Aopen%26settings%3DeyJpZCI6NzA3OCwidG9nZ2xlIjpmYWxzZX0%3D\">\n\t\t\t\t\t\t<span class=\"elementor-button-content-wrapper\">\n\t\t\t\t\t\t\t\t\t<span class=\"elementor-button-text\">Information<\/span>\n\t\t\t\t\t<\/span>\n\t\t\t\t\t<\/a>\n\t\t\t\t<\/div>\n\t\t\t\t\t\t\t\t<\/div>\n\t\t\t\t<\/div>\n\t\t\t\t<div class=\"elementor-element elementor-element-43a507ba elementor-widget elementor-widget-heading\" data-id=\"43a507ba\" data-element_type=\"widget\" data-e-type=\"widget\" id=\"7\" data-widget_type=\"heading.default\">\n\t\t\t\t<div class=\"elementor-widget-container\">\n\t\t\t\t\t<h2 class=\"elementor-heading-title elementor-size-default\">Wie l\u00e4uft die Nachbehandlung von Nervenverletzungen in der Hand ab?<\/h2>\t\t\t\t<\/div>\n\t\t\t\t<\/div>\n\t\t\t\t<div class=\"elementor-element elementor-element-57a7add1 elementor-widget elementor-widget-text-editor\" data-id=\"57a7add1\" data-element_type=\"widget\" data-e-type=\"widget\" data-widget_type=\"text-editor.default\">\n\t\t\t\t<div class=\"elementor-widget-container\">\n\t\t\t\t\t\t\t\t\t<ul><li><strong> Physiotherapie fortsetzen:<\/strong> Die regelm\u00e4\u00dfige Fortsetzung des Physiotherapieprogramms nach der Operation unterst\u00fctzt die Nervenheilung und beschleunigt die Wiederherstellung der Handfunktionen.<\/li><li><strong>Regelm\u00e4\u00dfige Kontrolluntersuchungen:<\/strong> Ihr Arzt f\u00fchrt regelm\u00e4\u00dfige Kontrolluntersuchungen durch, um Ihren Genesungsfortschritt zu \u00fcberwachen.<\/li><\/ul>\t\t\t\t\t\t\t\t<\/div>\n\t\t\t\t<\/div>\n\t\t\t\t<div class=\"elementor-element elementor-element-ff3fe09 elementor-mobile-align-justify elementor-widget__width-auto elementor-align-left elementor-widget elementor-widget-button\" data-id=\"ff3fe09\" data-element_type=\"widget\" data-e-type=\"widget\" data-widget_type=\"button.default\">\n\t\t\t\t<div class=\"elementor-widget-container\">\n\t\t\t\t\t\t\t\t\t<div class=\"elementor-button-wrapper\">\n\t\t\t\t\t<a class=\"elementor-button elementor-button-link elementor-size-sm\" href=\"#elementor-action%3Aaction%3Dpopup%3Aopen%26settings%3DeyJpZCI6NzA3OCwidG9nZ2xlIjpmYWxzZX0%3D\">\n\t\t\t\t\t\t<span class=\"elementor-button-content-wrapper\">\n\t\t\t\t\t\t\t\t\t<span class=\"elementor-button-text\">Information<\/span>\n\t\t\t\t\t<\/span>\n\t\t\t\t\t<\/a>\n\t\t\t\t<\/div>\n\t\t\t\t\t\t\t\t<\/div>\n\t\t\t\t<\/div>\n\t\t\t\t\t<\/div>\n\t\t\t\t<\/div>\n\t\t\t\t<\/div>\n\t\t","protected":false},"excerpt":{"rendered":"<p>Was ist eine Nervenverletzung? Was sind die Ursachen f\u00fcr Nervenverletzungen? Was sind die Symptome einer Nervenverletzung? Wie werden Nervenverletzungen diagnostiziert? Warum ist der Diagnoseprozess wichtig? Wie werden Nervenverletzungen behandelt? Wie l\u00e4uft die Nachbehandlung von Nervenverletzungen in der Hand ab? Was ist eine Nervenverletzung? Eine Nervenverletzung in der Hand ist eine Erkrankung, bei der die Nerven [&hellip;]<\/p>\n","protected":false},"author":1,"featured_media":0,"parent":0,"menu_order":0,"comment_status":"closed","ping_status":"closed","template":"","meta":{"footnotes":""},"class_list":["post-11044","page","type-page","status-publish","hentry"],"_links":{"self":[{"href":"https:\/\/msmklinik.com.tr\/de\/wp-json\/wp\/v2\/pages\/11044","targetHints":{"allow":["GET"]}}],"collection":[{"href":"https:\/\/msmklinik.com.tr\/de\/wp-json\/wp\/v2\/pages"}],"about":[{"href":"https:\/\/msmklinik.com.tr\/de\/wp-json\/wp\/v2\/types\/page"}],"author":[{"embeddable":true,"href":"https:\/\/msmklinik.com.tr\/de\/wp-json\/wp\/v2\/users\/1"}],"replies":[{"embeddable":true,"href":"https:\/\/msmklinik.com.tr\/de\/wp-json\/wp\/v2\/comments?post=11044"}],"version-history":[{"count":7,"href":"https:\/\/msmklinik.com.tr\/de\/wp-json\/wp\/v2\/pages\/11044\/revisions"}],"predecessor-version":[{"id":11052,"href":"https:\/\/msmklinik.com.tr\/de\/wp-json\/wp\/v2\/pages\/11044\/revisions\/11052"}],"wp:attachment":[{"href":"https:\/\/msmklinik.com.tr\/de\/wp-json\/wp\/v2\/media?parent=11044"}],"curies":[{"name":"wp","href":"https:\/\/api.w.org\/{rel}","templated":true}]}}