{"id":11458,"date":"2024-09-19T13:50:27","date_gmt":"2024-09-19T10:50:27","guid":{"rendered":"https:\/\/msmklinik.com.tr\/?page_id=11458"},"modified":"2024-09-19T10:22:27","modified_gmt":"2024-09-19T07:22:27","slug":"arthroskopie-des-sprunggelenks","status":"publish","type":"page","link":"https:\/\/msmklinik.com.tr\/de\/arthroskopie-des-sprunggelenks\/","title":{"rendered":"Arthroskopie des Sprunggelenks"},"content":{"rendered":"\t\t<div data-elementor-type=\"wp-page\" data-elementor-id=\"11458\" class=\"elementor elementor-11458 elementor-3392\" data-elementor-post-type=\"page\">\n\t\t\t\t<div class=\"elementor-element elementor-element-368574c2 e-flex e-con-boxed e-con e-parent\" data-id=\"368574c2\" data-element_type=\"container\" data-e-type=\"container\">\n\t\t\t\t\t<div class=\"e-con-inner\">\n\t\t\t\t<div class=\"elementor-element elementor-element-52f781d3 elementor-icon-list--layout-traditional elementor-list-item-link-full_width elementor-widget elementor-widget-icon-list\" data-id=\"52f781d3\" data-element_type=\"widget\" data-e-type=\"widget\" data-widget_type=\"icon-list.default\">\n\t\t\t\t<div class=\"elementor-widget-container\">\n\t\t\t\t\t\t\t<ul class=\"elementor-icon-list-items\">\n\t\t\t\t\t\t\t<li class=\"elementor-icon-list-item\">\n\t\t\t\t\t\t\t\t\t\t\t<a href=\"#1\">\n\n\t\t\t\t\t\t\t\t\t\t\t\t<span class=\"elementor-icon-list-icon\">\n\t\t\t\t\t\t\t<svg aria-hidden=\"true\" class=\"e-font-icon-svg e-fas-angle-right\" viewBox=\"0 0 256 512\" xmlns=\"http:\/\/www.w3.org\/2000\/svg\"><path d=\"M224.3 273l-136 136c-9.4 9.4-24.6 9.4-33.9 0l-22.6-22.6c-9.4-9.4-9.4-24.6 0-33.9l96.4-96.4-96.4-96.4c-9.4-9.4-9.4-24.6 0-33.9L54.3 103c9.4-9.4 24.6-9.4 33.9 0l136 136c9.5 9.4 9.5 24.6.1 34z\"><\/path><\/svg>\t\t\t\t\t\t<\/span>\n\t\t\t\t\t\t\t\t\t\t<span class=\"elementor-icon-list-text\">Was ist eine Arthroskopie des Sprunggelenks?<\/span>\n\t\t\t\t\t\t\t\t\t\t\t<\/a>\n\t\t\t\t\t\t\t\t\t<\/li>\n\t\t\t\t\t\t\t\t<li class=\"elementor-icon-list-item\">\n\t\t\t\t\t\t\t\t\t\t\t<a href=\"#2\">\n\n\t\t\t\t\t\t\t\t\t\t\t\t<span class=\"elementor-icon-list-icon\">\n\t\t\t\t\t\t\t<svg aria-hidden=\"true\" class=\"e-font-icon-svg e-fas-angle-right\" viewBox=\"0 0 256 512\" xmlns=\"http:\/\/www.w3.org\/2000\/svg\"><path d=\"M224.3 273l-136 136c-9.4 9.4-24.6 9.4-33.9 0l-22.6-22.6c-9.4-9.4-9.4-24.6 0-33.9l96.4-96.4-96.4-96.4c-9.4-9.4-9.4-24.6 0-33.9L54.3 103c9.4-9.4 24.6-9.4 33.9 0l136 136c9.5 9.4 9.5 24.6.1 34z\"><\/path><\/svg>\t\t\t\t\t\t<\/span>\n\t\t\t\t\t\t\t\t\t\t<span class=\"elementor-icon-list-text\">Warum wird eine Arthroskopie des Sprunggelenks durchgef\u00fchrt?<\/span>\n\t\t\t\t\t\t\t\t\t\t\t<\/a>\n\t\t\t\t\t\t\t\t\t<\/li>\n\t\t\t\t\t\t\t\t<li class=\"elementor-icon-list-item\">\n\t\t\t\t\t\t\t\t\t\t\t<a href=\"#3\">\n\n\t\t\t\t\t\t\t\t\t\t\t\t<span class=\"elementor-icon-list-icon\">\n\t\t\t\t\t\t\t<svg aria-hidden=\"true\" class=\"e-font-icon-svg e-fas-angle-right\" viewBox=\"0 0 256 512\" xmlns=\"http:\/\/www.w3.org\/2000\/svg\"><path d=\"M224.3 273l-136 136c-9.4 9.4-24.6 9.4-33.9 0l-22.6-22.6c-9.4-9.4-9.4-24.6 0-33.9l96.4-96.4-96.4-96.4c-9.4-9.4-9.4-24.6 0-33.9L54.3 103c9.4-9.4 24.6-9.4 33.9 0l136 136c9.5 9.4 9.5 24.6.1 34z\"><\/path><\/svg>\t\t\t\t\t\t<\/span>\n\t\t\t\t\t\t\t\t\t\t<span class=\"elementor-icon-list-text\">Wie verl\u00e4uft der Genesungsprozess nach einer Arthroskopie des Sprunggelenks?<\/span>\n\t\t\t\t\t\t\t\t\t\t\t<\/a>\n\t\t\t\t\t\t\t\t\t<\/li>\n\t\t\t\t\t\t<\/ul>\n\t\t\t\t\t\t<\/div>\n\t\t\t\t<\/div>\n\t\t\t\t\t<\/div>\n\t\t\t\t<\/div>\n\t\t<div class=\"elementor-element elementor-element-ce308ce e-flex e-con-boxed e-con e-parent\" data-id=\"ce308ce\" data-element_type=\"container\" data-e-type=\"container\">\n\t\t\t\t\t<div class=\"e-con-inner\">\n\t\t<div class=\"elementor-element elementor-element-7ab3ee79 e-con-full e-flex e-con e-child\" data-id=\"7ab3ee79\" data-element_type=\"container\" data-e-type=\"container\">\n\t\t\t\t<div class=\"elementor-element elementor-element-2242d2f9 elementor-widget elementor-widget-heading\" data-id=\"2242d2f9\" data-element_type=\"widget\" data-e-type=\"widget\" id=\"1\" data-widget_type=\"heading.default\">\n\t\t\t\t<div class=\"elementor-widget-container\">\n\t\t\t\t\t<h2 class=\"elementor-heading-title elementor-size-default\">Was ist eine Arthroskopie des Sprunggelenks?<\/h2>\t\t\t\t<\/div>\n\t\t\t\t<\/div>\n\t\t\t\t<div class=\"elementor-element elementor-element-75a3d7f9 elementor-widget elementor-widget-text-editor\" data-id=\"75a3d7f9\" data-element_type=\"widget\" data-e-type=\"widget\" data-widget_type=\"text-editor.default\">\n\t\t\t\t<div class=\"elementor-widget-container\">\n\t\t\t\t\t\t\t\t\t<p>Die Arthroskopie des Sprunggelenks ist eine fortschrittliche chirurgische Technik zur Untersuchung und Behandlung von Erkrankungen und Problemen im Sprunggelenk. Bei dieser Methode werden eine kleine Kamera und spezielle chirurgische Instrumente in das Gelenk eingef\u00fchrt. Die Kamera (Arthroskop) bietet auf einem Bildschirm eine klare Sicht auf die Strukturen im Gelenk, sodass der Arzt die Ursache des Problems direkt erkennen und gezielte Eingriffe vornehmen kann.<\/p>\t\t\t\t\t\t\t\t<\/div>\n\t\t\t\t<\/div>\n\t\t\t\t<\/div>\n\t\t<div class=\"elementor-element elementor-element-313e2f22 e-flex e-con-boxed e-con e-child\" data-id=\"313e2f22\" data-element_type=\"container\" data-e-type=\"container\">\n\t\t\t\t\t<div class=\"e-con-inner\">\n\t\t\t\t<div class=\"elementor-element elementor-element-728d14f2 elementor-widget elementor-widget-image\" data-id=\"728d14f2\" data-element_type=\"widget\" data-e-type=\"widget\" data-widget_type=\"image.default\">\n\t\t\t\t<div class=\"elementor-widget-container\">\n\t\t\t\t\t\t\t\t\t\t\t\t\t\t\t<img fetchpriority=\"high\" decoding=\"async\" width=\"500\" height=\"450\" src=\"https:\/\/msmklinik.com.tr\/wp-content\/uploads\/2024\/09\/Ayak-Bilek-Artroskopisi-1.jpg\" class=\"attachment-large size-large wp-image-11431\" alt=\"Ayak Bilek Artroskopisi\" srcset=\"https:\/\/msmklinik.com.tr\/wp-content\/uploads\/2024\/09\/Ayak-Bilek-Artroskopisi-1.jpg 500w, https:\/\/msmklinik.com.tr\/wp-content\/uploads\/2024\/09\/Ayak-Bilek-Artroskopisi-1-300x270.jpg 300w\" sizes=\"(max-width: 500px) 100vw, 500px\" \/>\t\t\t\t\t\t\t\t\t\t\t\t\t\t\t<\/div>\n\t\t\t\t<\/div>\n\t\t\t\t\t<\/div>\n\t\t\t\t<\/div>\n\t\t\t\t\t<\/div>\n\t\t\t\t<\/div>\n\t\t<div class=\"elementor-element elementor-element-6566ab2 e-flex e-con-boxed e-con e-parent\" data-id=\"6566ab2\" data-element_type=\"container\" data-e-type=\"container\">\n\t\t\t\t\t<div class=\"e-con-inner\">\n\t\t\t\t<div class=\"elementor-element elementor-element-04e1e0a elementor-widget elementor-widget-video\" data-id=\"04e1e0a\" data-element_type=\"widget\" data-e-type=\"widget\" data-settings=\"{&quot;youtube_url&quot;:&quot;https:\\\/\\\/www.youtube.com\\\/watch?v=DHTWj8wIBf8&quot;,&quot;video_type&quot;:&quot;youtube&quot;,&quot;controls&quot;:&quot;yes&quot;}\" data-widget_type=\"video.default\">\n\t\t\t\t<div class=\"elementor-widget-container\">\n\t\t\t\t\t\t\t<div class=\"elementor-wrapper elementor-open-inline\">\n\t\t\t<div class=\"elementor-video\"><\/div>\t\t<\/div>\n\t\t\t\t\t\t<\/div>\n\t\t\t\t<\/div>\n\t\t\t\t\t<\/div>\n\t\t\t\t<\/div>\n\t\t<div class=\"elementor-element elementor-element-2fa193c3 e-flex e-con-boxed e-con e-parent\" data-id=\"2fa193c3\" data-element_type=\"container\" data-e-type=\"container\">\n\t\t\t\t\t<div class=\"e-con-inner\">\n\t\t\t\t<div class=\"elementor-element elementor-element-42818e7b elementor-widget elementor-widget-heading\" data-id=\"42818e7b\" data-element_type=\"widget\" data-e-type=\"widget\" id=\"2\" data-widget_type=\"heading.default\">\n\t\t\t\t<div class=\"elementor-widget-container\">\n\t\t\t\t\t<h2 class=\"elementor-heading-title elementor-size-default\">Warum wird eine Arthroskopie des Sprunggelenks durchgef\u00fchrt?<\/h2>\t\t\t\t<\/div>\n\t\t\t\t<\/div>\n\t\t\t\t<div class=\"elementor-element elementor-element-68209ca5 elementor-widget elementor-widget-text-editor\" data-id=\"68209ca5\" data-element_type=\"widget\" data-e-type=\"widget\" data-widget_type=\"text-editor.default\">\n\t\t\t\t<div class=\"elementor-widget-container\">\n\t\t\t\t\t\t\t\t\t<p>Die Arthroskopie des Sprunggelenks wird zur Behandlung verschiedener Erkrankungen eingesetzt:<\/p><ul><li>Diagnose von Schmerzen und Schwellungen: Schmerzen und Schwellungen im Sprunggelenk k\u00f6nnen, insbesondere wenn die Ursache unklar ist, durch eine arthroskopische Untersuchung gr\u00fcndlich untersucht werden.<\/li><li>Knorpel- und Knochenprobleme: Knorpelverschlei\u00df oder Knochensch\u00e4den im Sprunggelenk k\u00f6nnen arthroskopisch behandelt werden, was die Gelenkfunktion verbessern und Schmerzen lindern kann.<\/li><li>Entz\u00fcndungen und Beeintr\u00e4chtigungen: Entz\u00fcndungen der Synovialmembran oder Beeintr\u00e4chtigungen des Gewebes im Gelenk k\u00f6nnen mit arthroskopischen Techniken gereinigt und behandelt werden, wodurch die Gelenkbeweglichkeit verbessert wird.<\/li><li>B\u00e4nderreparaturen: Verletzungen oder Risse in den B\u00e4ndern des Sprunggelenks k\u00f6nnen durch eine Arthroskopie repariert werden, wodurch die Gelenkstabilit\u00e4t m\u00f6glicherweise erh\u00f6ht wird.<\/li><\/ul><p>Arthroskopie wird im Allgemeinen durch kleine Einschnitte durchgef\u00fchrt, was zu einer schnelleren Genesung und geringeren Schmerzniveaus f\u00fchrt. Mit dieser Methode k\u00f6nnen Patienten schneller zu ihren t\u00e4glichen Aktivit\u00e4ten zur\u00fcckkehren und die Gesundheit der Gelenke wird effektiv verbessert.<\/p>\t\t\t\t\t\t\t\t<\/div>\n\t\t\t\t<\/div>\n\t\t\t\t<div class=\"elementor-element elementor-element-6e432eb5 elementor-mobile-align-justify elementor-widget__width-auto elementor-align-left elementor-widget elementor-widget-button\" data-id=\"6e432eb5\" data-element_type=\"widget\" data-e-type=\"widget\" data-widget_type=\"button.default\">\n\t\t\t\t<div class=\"elementor-widget-container\">\n\t\t\t\t\t\t\t\t\t<div class=\"elementor-button-wrapper\">\n\t\t\t\t\t<a class=\"elementor-button elementor-button-link elementor-size-sm\" href=\"#elementor-action%3Aaction%3Dpopup%3Aopen%26settings%3DeyJpZCI6NzA3OCwidG9nZ2xlIjpmYWxzZX0%3D\">\n\t\t\t\t\t\t<span class=\"elementor-button-content-wrapper\">\n\t\t\t\t\t\t\t\t\t<span class=\"elementor-button-text\">Information<\/span>\n\t\t\t\t\t<\/span>\n\t\t\t\t\t<\/a>\n\t\t\t\t<\/div>\n\t\t\t\t\t\t\t\t<\/div>\n\t\t\t\t<\/div>\n\t\t\t\t<div class=\"elementor-element elementor-element-b774eb4 elementor-widget elementor-widget-heading\" data-id=\"b774eb4\" data-element_type=\"widget\" data-e-type=\"widget\" id=\"3\" data-widget_type=\"heading.default\">\n\t\t\t\t<div class=\"elementor-widget-container\">\n\t\t\t\t\t<h2 class=\"elementor-heading-title elementor-size-default\">Wie verl\u00e4uft der Genesungsprozess nach einer Arthroskopie des Sprunggelenks?<\/h2>\t\t\t\t<\/div>\n\t\t\t\t<\/div>\n\t\t\t\t<div class=\"elementor-element elementor-element-660d0b36 elementor-widget elementor-widget-text-editor\" data-id=\"660d0b36\" data-element_type=\"widget\" data-e-type=\"widget\" data-widget_type=\"text-editor.default\">\n\t\t\t\t<div class=\"elementor-widget-container\">\n\t\t\t\t\t\t\t\t\t<p>Der Genesungsprozess nach einer Arthroskopie des Sprunggelenks umfasst im Allgemeinen mehrere Phasen und kann je nach Ihrem individuellen Zustand variieren. Hier ist ein \u00dcberblick \u00fcber den allgemeinen Genesungsprozess nach einer Arthroskopie des Sprunggelenks in der MSM Klinik:<\/p><ol><li>Erste Tage: Es ist normal, in den ersten Tagen nach der Operation leichte Schmerzen und Schwellungen zu versp\u00fcren. In der MSM Klinik empfehlen wir geeignete Schmerzmittel und entz\u00fcndungshemmende Medikamente zur Linderung der Beschwerden. Sie sollten vermeiden, Druck auf Ihren Kn\u00f6chel auszu\u00fcben, und ihn hochlagern, um Schwellungen zu reduzieren. Zus\u00e4tzlich m\u00fcssen Sie m\u00f6glicherweise eine Schiene oder einen Verband verwenden.<\/li><li>Fr\u00fche Genesung und Bewegungseinschr\u00e4nkungen: W\u00e4hrend der ersten Woche k\u00f6nnen leichte Bewegungseinschr\u00e4nkungen in Ihrem Kn\u00f6chel auftreten. Unter Anleitung der MSM Klinik ist es wichtig, Ihr Bein zu schonen und Gelenkbewegungen einzuschr\u00e4nken. Bevor Sie mit der Physiotherapie beginnen, ruhen Sie sich weiter aus und sorgen Sie f\u00fcr die notwendige Pflege, um die Gelenkheilung zu unterst\u00fctzen.<\/li><li>Physiotherapie und Rehabilitation: Die Physiotherapie beginnt normalerweise 1\u20132 Wochen nach der Operation. In der MSM Klinik bieten wir personalisierte Trainingsprogramme an, die darauf abzielen, die Beweglichkeit Ihres Kn\u00f6chels zu erh\u00f6hen und die Muskelkraft wiederzuerlangen. Diese Programme helfen, die Gelenkfunktionen wiederherzustellen und Ihren Genesungsprozess zu beschleunigen.<\/li><li>R\u00fcckkehr zu t\u00e4glichen Aktivit\u00e4ten: Im Verlauf Ihrer Genesung k\u00f6nnen Sie allm\u00e4hlich leichte t\u00e4gliche Aktivit\u00e4ten wieder aufnehmen. Sie sollten jedoch schweres Heben und Aktivit\u00e4ten mit hoher Belastung vermeiden. In der MSM Klinik begleiten wir Sie durch Ihren Genesungsprozess und unterst\u00fctzen Sie bei Ihrer R\u00fcckkehr in den Alltag.<\/li><li>Langzeit\u00fcberwachung und Kontrolluntersuchungen: Regelm\u00e4\u00dfige Nachuntersuchungen nach einer Arthroskopie des Sprunggelenks stellen sicher, dass Ihre Genesung richtig voranschreitet. Die MSM Klinik bietet eine kontinuierliche \u00dcberwachung Ihrer Gelenkfunktionen und aktualisiert Ihren Behandlungsplan bei Bedarf.<\/li><li>Vollst\u00e4ndige Genesung: Im Allgemeinen kann die vollst\u00e4ndige Genesung nach einer Arthroskopie des Sprunggelenks 6-8 Wochen dauern. W\u00e4hrend dieser Zeit ist es wichtig, die regelm\u00e4\u00dfige Physiotherapie fortzusetzen und die Gesundheit der Gelenke aufrechtzuerhalten.<\/li><\/ol>\t\t\t\t\t\t\t\t<\/div>\n\t\t\t\t<\/div>\n\t\t\t\t<div class=\"elementor-element elementor-element-18b90dcd elementor-mobile-align-justify elementor-widget__width-auto elementor-align-left elementor-widget elementor-widget-button\" data-id=\"18b90dcd\" data-element_type=\"widget\" data-e-type=\"widget\" data-widget_type=\"button.default\">\n\t\t\t\t<div class=\"elementor-widget-container\">\n\t\t\t\t\t\t\t\t\t<div class=\"elementor-button-wrapper\">\n\t\t\t\t\t<a class=\"elementor-button elementor-button-link elementor-size-sm\" href=\"#elementor-action%3Aaction%3Dpopup%3Aopen%26settings%3DeyJpZCI6NzA3OCwidG9nZ2xlIjpmYWxzZX0%3D\">\n\t\t\t\t\t\t<span class=\"elementor-button-content-wrapper\">\n\t\t\t\t\t\t\t\t\t<span class=\"elementor-button-text\">Information<\/span>\n\t\t\t\t\t<\/span>\n\t\t\t\t\t<\/a>\n\t\t\t\t<\/div>\n\t\t\t\t\t\t\t\t<\/div>\n\t\t\t\t<\/div>\n\t\t\t\t\t<\/div>\n\t\t\t\t<\/div>\n\t\t\t\t<\/div>\n\t\t","protected":false},"excerpt":{"rendered":"<p>Was ist eine Arthroskopie des Sprunggelenks? Warum wird eine Arthroskopie des Sprunggelenks durchgef\u00fchrt? Wie verl\u00e4uft der Genesungsprozess nach einer Arthroskopie des Sprunggelenks? Was ist eine Arthroskopie des Sprunggelenks? Die Arthroskopie des Sprunggelenks ist eine fortschrittliche chirurgische Technik zur Untersuchung und Behandlung von Erkrankungen und Problemen im Sprunggelenk. Bei dieser Methode werden eine kleine Kamera und [&hellip;]<\/p>\n","protected":false},"author":1,"featured_media":0,"parent":0,"menu_order":0,"comment_status":"closed","ping_status":"closed","template":"","meta":{"footnotes":""},"class_list":["post-11458","page","type-page","status-publish","hentry"],"_links":{"self":[{"href":"https:\/\/msmklinik.com.tr\/de\/wp-json\/wp\/v2\/pages\/11458","targetHints":{"allow":["GET"]}}],"collection":[{"href":"https:\/\/msmklinik.com.tr\/de\/wp-json\/wp\/v2\/pages"}],"about":[{"href":"https:\/\/msmklinik.com.tr\/de\/wp-json\/wp\/v2\/types\/page"}],"author":[{"embeddable":true,"href":"https:\/\/msmklinik.com.tr\/de\/wp-json\/wp\/v2\/users\/1"}],"replies":[{"embeddable":true,"href":"https:\/\/msmklinik.com.tr\/de\/wp-json\/wp\/v2\/comments?post=11458"}],"version-history":[{"count":7,"href":"https:\/\/msmklinik.com.tr\/de\/wp-json\/wp\/v2\/pages\/11458\/revisions"}],"predecessor-version":[{"id":11466,"href":"https:\/\/msmklinik.com.tr\/de\/wp-json\/wp\/v2\/pages\/11458\/revisions\/11466"}],"wp:attachment":[{"href":"https:\/\/msmklinik.com.tr\/de\/wp-json\/wp\/v2\/media?parent=11458"}],"curies":[{"name":"wp","href":"https:\/\/api.w.org\/{rel}","templated":true}]}}