{"id":11589,"date":"2023-05-31T19:23:45","date_gmt":"2023-05-31T16:23:45","guid":{"rendered":"https:\/\/msmklinik.com.tr\/?page_id=11589"},"modified":"2024-09-19T13:50:34","modified_gmt":"2024-09-19T10:50:34","slug":"huftarthroskopie","status":"publish","type":"page","link":"https:\/\/msmklinik.com.tr\/de\/huftarthroskopie\/","title":{"rendered":"H\u00fcftarthroskopie"},"content":{"rendered":"\t\t<div data-elementor-type=\"wp-page\" data-elementor-id=\"11589\" class=\"elementor elementor-11589 elementor-4537\" data-elementor-post-type=\"page\">\n\t\t\t\t<div class=\"elementor-element elementor-element-40ed5ede e-flex e-con-boxed e-con e-parent\" data-id=\"40ed5ede\" data-element_type=\"container\" data-e-type=\"container\">\n\t\t\t\t\t<div class=\"e-con-inner\">\n\t\t\t\t<div class=\"elementor-element elementor-element-6b0cf488 elementor-icon-list--layout-traditional elementor-list-item-link-full_width elementor-widget elementor-widget-icon-list\" data-id=\"6b0cf488\" data-element_type=\"widget\" data-e-type=\"widget\" data-widget_type=\"icon-list.default\">\n\t\t\t\t<div class=\"elementor-widget-container\">\n\t\t\t\t\t\t\t<ul class=\"elementor-icon-list-items\">\n\t\t\t\t\t\t\t<li class=\"elementor-icon-list-item\">\n\t\t\t\t\t\t\t\t\t\t\t<a href=\"#1\">\n\n\t\t\t\t\t\t\t\t\t\t\t\t<span class=\"elementor-icon-list-icon\">\n\t\t\t\t\t\t\t<svg aria-hidden=\"true\" class=\"e-font-icon-svg e-fas-angle-right\" viewBox=\"0 0 256 512\" xmlns=\"http:\/\/www.w3.org\/2000\/svg\"><path d=\"M224.3 273l-136 136c-9.4 9.4-24.6 9.4-33.9 0l-22.6-22.6c-9.4-9.4-9.4-24.6 0-33.9l96.4-96.4-96.4-96.4c-9.4-9.4-9.4-24.6 0-33.9L54.3 103c9.4-9.4 24.6-9.4 33.9 0l136 136c9.5 9.4 9.5 24.6.1 34z\"><\/path><\/svg>\t\t\t\t\t\t<\/span>\n\t\t\t\t\t\t\t\t\t\t<span class=\"elementor-icon-list-text\">Kal\u00e7a Artroskopisi Nedir?<\/span>\n\t\t\t\t\t\t\t\t\t\t\t<\/a>\n\t\t\t\t\t\t\t\t\t<\/li>\n\t\t\t\t\t\t\t\t<li class=\"elementor-icon-list-item\">\n\t\t\t\t\t\t\t\t\t\t\t<a href=\"#2\">\n\n\t\t\t\t\t\t\t\t\t\t\t\t<span class=\"elementor-icon-list-icon\">\n\t\t\t\t\t\t\t<svg aria-hidden=\"true\" class=\"e-font-icon-svg e-fas-angle-right\" viewBox=\"0 0 256 512\" xmlns=\"http:\/\/www.w3.org\/2000\/svg\"><path d=\"M224.3 273l-136 136c-9.4 9.4-24.6 9.4-33.9 0l-22.6-22.6c-9.4-9.4-9.4-24.6 0-33.9l96.4-96.4-96.4-96.4c-9.4-9.4-9.4-24.6 0-33.9L54.3 103c9.4-9.4 24.6-9.4 33.9 0l136 136c9.5 9.4 9.5 24.6.1 34z\"><\/path><\/svg>\t\t\t\t\t\t<\/span>\n\t\t\t\t\t\t\t\t\t\t<span class=\"elementor-icon-list-text\">Kal\u00e7a Artroskopisi Neden Yap\u0131l\u0131r?<\/span>\n\t\t\t\t\t\t\t\t\t\t\t<\/a>\n\t\t\t\t\t\t\t\t\t<\/li>\n\t\t\t\t\t\t\t\t<li class=\"elementor-icon-list-item\">\n\t\t\t\t\t\t\t\t\t\t\t<a href=\"#3\">\n\n\t\t\t\t\t\t\t\t\t\t\t\t<span class=\"elementor-icon-list-icon\">\n\t\t\t\t\t\t\t<svg aria-hidden=\"true\" class=\"e-font-icon-svg e-fas-angle-right\" viewBox=\"0 0 256 512\" xmlns=\"http:\/\/www.w3.org\/2000\/svg\"><path d=\"M224.3 273l-136 136c-9.4 9.4-24.6 9.4-33.9 0l-22.6-22.6c-9.4-9.4-9.4-24.6 0-33.9l96.4-96.4-96.4-96.4c-9.4-9.4-9.4-24.6 0-33.9L54.3 103c9.4-9.4 24.6-9.4 33.9 0l136 136c9.5 9.4 9.5 24.6.1 34z\"><\/path><\/svg>\t\t\t\t\t\t<\/span>\n\t\t\t\t\t\t\t\t\t\t<span class=\"elementor-icon-list-text\">Kal\u00e7a Artroskopisi Sonras\u0131 \u0130yile\u015fme S\u00fcreci ve S\u00fcresi<\/span>\n\t\t\t\t\t\t\t\t\t\t\t<\/a>\n\t\t\t\t\t\t\t\t\t<\/li>\n\t\t\t\t\t\t<\/ul>\n\t\t\t\t\t\t<\/div>\n\t\t\t\t<\/div>\n\t\t\t\t\t<\/div>\n\t\t\t\t<\/div>\n\t\t<div class=\"elementor-element elementor-element-73917e71 e-flex e-con-boxed e-con e-parent\" data-id=\"73917e71\" data-element_type=\"container\" data-e-type=\"container\">\n\t\t\t\t\t<div class=\"e-con-inner\">\n\t\t<div class=\"elementor-element elementor-element-56c4fd46 e-con-full e-flex e-con e-child\" data-id=\"56c4fd46\" data-element_type=\"container\" data-e-type=\"container\">\n\t\t\t\t<div class=\"elementor-element elementor-element-5d54fb66 elementor-widget elementor-widget-heading\" data-id=\"5d54fb66\" data-element_type=\"widget\" data-e-type=\"widget\" id=\"1\" data-widget_type=\"heading.default\">\n\t\t\t\t<div class=\"elementor-widget-container\">\n\t\t\t\t\t<h2 class=\"elementor-heading-title elementor-size-default\">Kal\u00e7a Artroskopisi Nedir?<\/h2>\t\t\t\t<\/div>\n\t\t\t\t<\/div>\n\t\t\t\t<div class=\"elementor-element elementor-element-6afd82ba elementor-widget elementor-widget-text-editor\" data-id=\"6afd82ba\" data-element_type=\"widget\" data-e-type=\"widget\" data-widget_type=\"text-editor.default\">\n\t\t\t\t<div class=\"elementor-widget-container\">\n\t\t\t\t\t\t\t\t\t<p>Kal\u00e7a artroskopisi, kal\u00e7a eklemindeki sorunlar\u0131 te\u015fhis ve tedavi etmek i\u00e7in kullan\u0131lan minimal invaziv bir cerrahi y\u00f6ntemdir. Bu i\u015flemde, cerrah kal\u00e7a eklemine k\u00fc\u00e7\u00fck bir kamera (artroskop) ve \u00f6zel cerrahi aletler yerle\u015ftirir. Kamera, eklemin i\u00e7 yap\u0131s\u0131n\u0131 ekranda g\u00f6r\u00fcnt\u00fcleyerek, sorunlar\u0131 daha net bir \u015fekilde g\u00f6rmesine ve gerekli m\u00fcdahaleleri yapmas\u0131na olanak tan\u0131r.<\/p>\n<p>Bu minimal invaziv y\u00f6ntemin avantajlar\u0131 aras\u0131nda daha az kesi, daha h\u0131zl\u0131 iyile\u015fme s\u00fcreci ve genellikle daha az a\u011fr\u0131 bulunur. Kal\u00e7a artroskopisi, kal\u00e7a eklemindeki sorunlar\u0131 hedefe y\u00f6nelik bir \u015fekilde ele alarak hastalar\u0131n daha k\u0131sa s\u00fcrede g\u00fcnl\u00fck ya\u015famlar\u0131na d\u00f6nebilmesini sa\u011flar.<\/p>\n\t\t\t\t\t\t\t\t<\/div>\n\t\t\t\t<\/div>\n\t\t\t\t<\/div>\n\t\t<div class=\"elementor-element elementor-element-4b41242f e-flex e-con-boxed e-con e-child\" data-id=\"4b41242f\" data-element_type=\"container\" data-e-type=\"container\">\n\t\t\t\t\t<div class=\"e-con-inner\">\n\t\t\t\t<div class=\"elementor-element elementor-element-260fd119 elementor-widget elementor-widget-image\" data-id=\"260fd119\" data-element_type=\"widget\" data-e-type=\"widget\" data-widget_type=\"image.default\">\n\t\t\t\t<div class=\"elementor-widget-container\">\n\t\t\t\t\t\t\t\t\t\t\t\t\t\t\t<img fetchpriority=\"high\" decoding=\"async\" width=\"624\" height=\"624\" src=\"https:\/\/msmklinik.com.tr\/wp-content\/uploads\/2024\/09\/Kalca-Artroskopisi-1.jpg\" class=\"attachment-large size-large wp-image-11570\" alt=\"Kal\u00e7a Artroskopisi\" srcset=\"https:\/\/msmklinik.com.tr\/wp-content\/uploads\/2024\/09\/Kalca-Artroskopisi-1.jpg 624w, https:\/\/msmklinik.com.tr\/wp-content\/uploads\/2024\/09\/Kalca-Artroskopisi-1-300x300.jpg 300w, https:\/\/msmklinik.com.tr\/wp-content\/uploads\/2024\/09\/Kalca-Artroskopisi-1-150x150.jpg 150w\" sizes=\"(max-width: 624px) 100vw, 624px\" \/>\t\t\t\t\t\t\t\t\t\t\t\t\t\t\t<\/div>\n\t\t\t\t<\/div>\n\t\t\t\t\t<\/div>\n\t\t\t\t<\/div>\n\t\t\t\t\t<\/div>\n\t\t\t\t<\/div>\n\t\t<div class=\"elementor-element elementor-element-31260764 e-flex e-con-boxed e-con e-parent\" data-id=\"31260764\" data-element_type=\"container\" data-e-type=\"container\">\n\t\t\t\t\t<div class=\"e-con-inner\">\n\t\t\t\t<div class=\"elementor-element elementor-element-5732fec8 elementor-widget elementor-widget-heading\" data-id=\"5732fec8\" data-element_type=\"widget\" data-e-type=\"widget\" id=\"2\" data-widget_type=\"heading.default\">\n\t\t\t\t<div class=\"elementor-widget-container\">\n\t\t\t\t\t<h2 class=\"elementor-heading-title elementor-size-default\">Kal\u00e7a Artroskopisi Neden Yap\u0131l\u0131r?<\/h2>\t\t\t\t<\/div>\n\t\t\t\t<\/div>\n\t\t\t\t<div class=\"elementor-element elementor-element-1a540738 elementor-widget elementor-widget-text-editor\" data-id=\"1a540738\" data-element_type=\"widget\" data-e-type=\"widget\" data-widget_type=\"text-editor.default\">\n\t\t\t\t<div class=\"elementor-widget-container\">\n\t\t\t\t\t\t\t\t\t<p>\u00a0Kal\u00e7a artroskopisi, kal\u00e7a eklemindeki \u00e7e\u015fitli sorunlar\u0131 te\u015fhis ve tedavi etmek i\u00e7in kullan\u0131lan bir cerrahi y\u00f6ntemdir. \u0130\u015fte kal\u00e7a artroskopisinin yap\u0131lmas\u0131n\u0131n ba\u015fl\u0131ca nedenleri:<\/p>\n<ol>\n<li><strong>Kal\u00e7a Labrum Y\u0131rt\u0131klar\u0131:<\/strong> Kal\u00e7a ekleminde bulunan k\u0131k\u0131rdak dokusu (labrum) y\u0131rt\u0131ld\u0131\u011f\u0131nda, bu durum a\u011fr\u0131, hareket k\u0131s\u0131tl\u0131l\u0131\u011f\u0131 ve eklemdeki instabiliteye yol a\u00e7abilir. Artroskopi ile labrum y\u0131rt\u0131klar\u0131 onar\u0131l\u0131r ve kal\u00e7a ekleminin i\u015flevselli\u011fi geri kazand\u0131r\u0131l\u0131r.<\/li>\n<li><strong>K\u0131k\u0131rdak Hasar\u0131:<\/strong> Kal\u00e7a eklemindeki k\u0131k\u0131rdak hasarlar\u0131, a\u011fr\u0131 ve hareket zorlu\u011funa neden olabilir. Artroskopik cerrahi, hasarl\u0131 k\u0131k\u0131rdaklar\u0131n onar\u0131lmas\u0131n\u0131 veya k\u0131k\u0131rdak greftleri ile tedavi edilmesini sa\u011flar.<\/li>\n<li><strong>Sinovyal \u0130ltihaplanma:<\/strong> Kal\u00e7a eklemini \u00e7evreleyen sinovyal zar\u0131n iltihaplanmas\u0131 (sinovit) a\u011fr\u0131 ve \u015fi\u015flik olu\u015fturabilir. Artroskopi ile iltihapl\u0131 dokular temizlenir ve iltihaplanma hafifletilir.<\/li>\n<li><strong>Bursit:<\/strong> Kal\u00e7a eklemindeki bursalar (ya\u011f kesecikleri) iltihapland\u0131\u011f\u0131nda, hareket kabiliyetinde k\u0131s\u0131tlamalar ve a\u011fr\u0131 ortaya \u00e7\u0131kabilir. Artroskopi ile iltihapl\u0131 bursalar temizlenir ve a\u011fr\u0131 azalt\u0131l\u0131r.<\/li>\n<li><strong>Femoroasetabular \u00c7at\u0131\u015fma (FAI):<\/strong> Bu durum, kal\u00e7a eklemindeki kemiklerin anormal \u015fekli nedeniyle s\u0131k\u0131\u015fma ve a\u011fr\u0131ya yol a\u00e7ar. Artroskopi ile kemik \u00e7\u0131k\u0131nt\u0131lar\u0131 d\u00fczeltilebilir ve eklemdeki s\u0131k\u0131\u015fma ortadan kald\u0131r\u0131labilir.<\/li>\n<li><strong>Eklemlerde S\u0131k\u0131\u015fma Sendromu:<\/strong> Kal\u00e7a ekleminde s\u0131k\u0131\u015fma, eklem hareketini k\u0131s\u0131tlayabilir ve a\u011fr\u0131ya neden olabilir. Artroskopi, s\u0131k\u0131\u015fan dokular\u0131n serbestle\u015ftirilmesine ve hareketlili\u011fin art\u0131r\u0131lmas\u0131na yard\u0131mc\u0131 olur.<\/li>\n<\/ol>\n<p>Kal\u00e7a artroskopisi, bu t\u00fcr sorunlar\u0131 hedefe y\u00f6nelik bir \u015fekilde \u00e7\u00f6zme imkan\u0131 sunar. Minimal invaziv do\u011fas\u0131, daha h\u0131zl\u0131 iyile\u015fme s\u00fcreci ve genellikle daha az a\u011fr\u0131 sa\u011flar, b\u00f6ylece hastalar daha k\u0131sa s\u00fcrede eski ya\u015famlar\u0131na d\u00f6nebilirler.<\/p>\n\t\t\t\t\t\t\t\t<\/div>\n\t\t\t\t<\/div>\n\t\t\t\t<div class=\"elementor-element elementor-element-5bb8852a elementor-mobile-align-justify elementor-widget__width-auto elementor-align-left elementor-widget elementor-widget-button\" data-id=\"5bb8852a\" data-element_type=\"widget\" data-e-type=\"widget\" data-widget_type=\"button.default\">\n\t\t\t\t<div class=\"elementor-widget-container\">\n\t\t\t\t\t\t\t\t\t<div class=\"elementor-button-wrapper\">\n\t\t\t\t\t<a class=\"elementor-button elementor-button-link elementor-size-sm\" href=\"#elementor-action%3Aaction%3Dpopup%3Aopen%26settings%3DeyJpZCI6NzA3OCwidG9nZ2xlIjpmYWxzZX0%3D\">\n\t\t\t\t\t\t<span class=\"elementor-button-content-wrapper\">\n\t\t\t\t\t\t\t\t\t<span class=\"elementor-button-text\">Bilgi Al<\/span>\n\t\t\t\t\t<\/span>\n\t\t\t\t\t<\/a>\n\t\t\t\t<\/div>\n\t\t\t\t\t\t\t\t<\/div>\n\t\t\t\t<\/div>\n\t\t\t\t<div class=\"elementor-element elementor-element-788e9800 elementor-widget elementor-widget-heading\" data-id=\"788e9800\" data-element_type=\"widget\" data-e-type=\"widget\" id=\"3\" data-widget_type=\"heading.default\">\n\t\t\t\t<div class=\"elementor-widget-container\">\n\t\t\t\t\t<h2 class=\"elementor-heading-title elementor-size-default\">Kal\u00e7a Artroskopisi Sonras\u0131 \u0130yile\u015fme S\u00fcreci ve S\u00fcresi<\/h2>\t\t\t\t<\/div>\n\t\t\t\t<\/div>\n\t\t\t\t<div class=\"elementor-element elementor-element-5f9c22d0 elementor-widget elementor-widget-text-editor\" data-id=\"5f9c22d0\" data-element_type=\"widget\" data-e-type=\"widget\" data-widget_type=\"text-editor.default\">\n\t\t\t\t<div class=\"elementor-widget-container\">\n\t\t\t\t\t\t\t\t\t<p>Kal\u00e7a artroskopisi sonras\u0131nda iyile\u015fme s\u00fcreci, hastan\u0131n genel sa\u011fl\u0131k durumu, yap\u0131lan i\u015flemin kapsam\u0131 ve rehabilitasyon s\u00fcrecine uyum gibi fakt\u00f6rlere ba\u011fl\u0131 olarak de\u011fi\u015fiklik g\u00f6sterebilir. \u0130\u015fte kal\u00e7a artroskopisi sonras\u0131 iyile\u015fme s\u00fcreci ve s\u00fcresi hakk\u0131nda genel bilgiler:<\/p>\n<ol>\n<li><strong> \u0130lk G\u00fcnler:<\/strong> Ameliyat sonras\u0131 ilk g\u00fcnlerde kal\u00e7a ekleminde a\u011fr\u0131, \u015fi\u015flik ve rahats\u0131zl\u0131k hissedebilirsiniz. Bu d\u00f6nemde, doktorunuzun \u00f6nerdi\u011fi a\u011fr\u0131 kesiciler ve anti-inflamatuar ila\u00e7lar ile bu rahats\u0131zl\u0131klar kontrol alt\u0131na al\u0131n\u0131r. Ayr\u0131ca, kal\u00e7an\u0131z\u0131 desteklemek i\u00e7in genellikle bir baston veya y\u00fcr\u00fcy\u00fc\u015f yard\u0131mc\u0131s\u0131 kullanman\u0131z gerekebilir.<\/li>\n<li><strong> Fizik Tedavi ve Rehabilitasyon:<\/strong> Kal\u00e7a artroskopisinden sonra fizik tedavi, iyile\u015fme s\u00fcrecinin \u00f6nemli bir par\u00e7as\u0131d\u0131r. Genellikle ameliyat\u0131n birka\u00e7 g\u00fcn sonras\u0131nda ba\u015flaman\u0131z tavsiye edilir. Rehabilitasyon s\u00fcrecinde, eklem hareketlili\u011fini art\u0131rmak ve kas g\u00fcc\u00fcn\u00fc yeniden kazanmak i\u00e7in \u00f6zel egzersizler yap\u0131l\u0131r. Fizik tedavi s\u00fcreci birka\u00e7 hafta ile birka\u00e7 ay s\u00fcrebilir, ancak bu s\u00fcre hastan\u0131n durumu ve iyile\u015fme h\u0131z\u0131na ba\u011fl\u0131 olarak de\u011fi\u015febilir.<\/li>\n<li><strong> G\u00fcnl\u00fck Hayata D\u00f6n\u00fc\u015f:<\/strong> \u00c7o\u011fu hasta, ameliyattan sonra 2-4 hafta i\u00e7inde hafif g\u00fcnl\u00fck aktivitelerine d\u00f6nebilir. Ancak, kal\u00e7a eklemine fazla y\u00fck bindirecek aktivitelerden (\u00f6rne\u011fin, a\u011f\u0131r kald\u0131rma veya uzun s\u00fcre ayakta kalma) ka\u00e7\u0131nmak \u00f6nemlidir. Tam iyile\u015fme ve kal\u00e7a ekleminin eski g\u00fcc\u00fcne kavu\u015fmas\u0131 genellikle 3-6 ay s\u00fcrebilir. Bu s\u00fcre\u00e7te, doktorunuzun ve fizik tedavi uzman\u0131n\u0131z\u0131n \u00f6nerilerine dikkatle uyman\u0131z \u00f6nemlidir.<\/li>\n<li><strong> Uzun Vadeli Sonu\u00e7lar:<\/strong> Kal\u00e7a artroskopisi sonras\u0131nda, d\u00fczenli takip muayeneleri ile iyile\u015fme s\u00fcreciniz izlenir. \u00c7o\u011fu hasta, iyile\u015fme s\u00fcreci tamamland\u0131\u011f\u0131nda a\u011fr\u0131s\u0131z bir eklem ve art\u0131r\u0131lm\u0131\u015f hareket kabiliyeti ile g\u00fcnl\u00fck ya\u015famlar\u0131na geri d\u00f6nebilir.<\/li>\n<\/ol>\n<p>\u00a0<\/p>\n<p>\u0130yile\u015fme s\u00fcrecinizi h\u0131zland\u0131rmak ve en iyi sonu\u00e7lar\u0131 almak i\u00e7in, MSM Klinik olarak size \u00f6zel bir rehabilitasyon program\u0131 sunuyor ve her ad\u0131mda deste\u011fimizi s\u00fcrd\u00fcr\u00fcyoruz.<\/p>\n\t\t\t\t\t\t\t\t<\/div>\n\t\t\t\t<\/div>\n\t\t\t\t<div class=\"elementor-element elementor-element-11cef653 elementor-mobile-align-justify elementor-widget__width-auto elementor-align-left elementor-widget elementor-widget-button\" data-id=\"11cef653\" data-element_type=\"widget\" data-e-type=\"widget\" data-widget_type=\"button.default\">\n\t\t\t\t<div class=\"elementor-widget-container\">\n\t\t\t\t\t\t\t\t\t<div class=\"elementor-button-wrapper\">\n\t\t\t\t\t<a class=\"elementor-button elementor-button-link elementor-size-sm\" href=\"#elementor-action%3Aaction%3Dpopup%3Aopen%26settings%3DeyJpZCI6NzA3OCwidG9nZ2xlIjpmYWxzZX0%3D\">\n\t\t\t\t\t\t<span class=\"elementor-button-content-wrapper\">\n\t\t\t\t\t\t\t\t\t<span class=\"elementor-button-text\">Bilgi Al<\/span>\n\t\t\t\t\t<\/span>\n\t\t\t\t\t<\/a>\n\t\t\t\t<\/div>\n\t\t\t\t\t\t\t\t<\/div>\n\t\t\t\t<\/div>\n\t\t\t\t<div class=\"elementor-element elementor-element-f399df5 elementor-widget elementor-widget-image\" data-id=\"f399df5\" data-element_type=\"widget\" data-e-type=\"widget\" data-widget_type=\"image.default\">\n\t\t\t\t<div class=\"elementor-widget-container\">\n\t\t\t\t\t\t\t\t\t\t\t\t\t\t\t<img decoding=\"async\" width=\"800\" height=\"450\" src=\"https:\/\/msmklinik.com.tr\/wp-content\/uploads\/2024\/09\/Kalca-Artroskopisi-2.jpg\" class=\"attachment-large size-large wp-image-11574\" alt=\"Kal\u00e7a Artroskopisi\" srcset=\"https:\/\/msmklinik.com.tr\/wp-content\/uploads\/2024\/09\/Kalca-Artroskopisi-2.jpg 800w, https:\/\/msmklinik.com.tr\/wp-content\/uploads\/2024\/09\/Kalca-Artroskopisi-2-300x169.jpg 300w, https:\/\/msmklinik.com.tr\/wp-content\/uploads\/2024\/09\/Kalca-Artroskopisi-2-768x432.jpg 768w\" sizes=\"(max-width: 800px) 100vw, 800px\" \/>\t\t\t\t\t\t\t\t\t\t\t\t\t\t\t<\/div>\n\t\t\t\t<\/div>\n\t\t\t\t\t<\/div>\n\t\t\t\t<\/div>\n\t\t\t\t<\/div>\n\t\t","protected":false},"excerpt":{"rendered":"<p>Kal\u00e7a Artroskopisi Nedir? Kal\u00e7a Artroskopisi Neden Yap\u0131l\u0131r? Kal\u00e7a Artroskopisi Sonras\u0131 \u0130yile\u015fme S\u00fcreci ve S\u00fcresi Kal\u00e7a Artroskopisi Nedir? Kal\u00e7a artroskopisi, kal\u00e7a eklemindeki sorunlar\u0131 te\u015fhis ve tedavi etmek i\u00e7in kullan\u0131lan minimal invaziv bir cerrahi y\u00f6ntemdir. Bu i\u015flemde, cerrah kal\u00e7a eklemine k\u00fc\u00e7\u00fck bir kamera (artroskop) ve \u00f6zel cerrahi aletler yerle\u015ftirir. Kamera, eklemin i\u00e7 yap\u0131s\u0131n\u0131 ekranda g\u00f6r\u00fcnt\u00fcleyerek, sorunlar\u0131 daha [&hellip;]<\/p>\n","protected":false},"author":1,"featured_media":0,"parent":0,"menu_order":0,"comment_status":"closed","ping_status":"closed","template":"","meta":{"footnotes":""},"class_list":["post-11589","page","type-page","status-publish","hentry"],"_links":{"self":[{"href":"https:\/\/msmklinik.com.tr\/de\/wp-json\/wp\/v2\/pages\/11589","targetHints":{"allow":["GET"]}}],"collection":[{"href":"https:\/\/msmklinik.com.tr\/de\/wp-json\/wp\/v2\/pages"}],"about":[{"href":"https:\/\/msmklinik.com.tr\/de\/wp-json\/wp\/v2\/types\/page"}],"author":[{"embeddable":true,"href":"https:\/\/msmklinik.com.tr\/de\/wp-json\/wp\/v2\/users\/1"}],"replies":[{"embeddable":true,"href":"https:\/\/msmklinik.com.tr\/de\/wp-json\/wp\/v2\/comments?post=11589"}],"version-history":[{"count":7,"href":"https:\/\/msmklinik.com.tr\/de\/wp-json\/wp\/v2\/pages\/11589\/revisions"}],"predecessor-version":[{"id":11647,"href":"https:\/\/msmklinik.com.tr\/de\/wp-json\/wp\/v2\/pages\/11589\/revisions\/11647"}],"wp:attachment":[{"href":"https:\/\/msmklinik.com.tr\/de\/wp-json\/wp\/v2\/media?parent=11589"}],"curies":[{"name":"wp","href":"https:\/\/api.w.org\/{rel}","templated":true}]}}