{"id":6925,"date":"2023-05-23T14:14:40","date_gmt":"2023-05-23T11:14:40","guid":{"rendered":"https:\/\/msmklinik.com.tr\/?page_id=6925"},"modified":"2024-02-22T10:29:13","modified_gmt":"2024-02-22T07:29:13","slug":"knie-physiotherapie","status":"publish","type":"page","link":"https:\/\/msmklinik.com.tr\/de\/knie-physiotherapie\/","title":{"rendered":"Knie-Physiotherapie"},"content":{"rendered":"\t\t<div data-elementor-type=\"wp-page\" data-elementor-id=\"6925\" class=\"elementor elementor-6925 elementor-3802\" data-elementor-post-type=\"page\">\n\t\t\t\t<div class=\"elementor-element elementor-element-547beb40 e-flex e-con-boxed e-con e-parent\" data-id=\"547beb40\" data-element_type=\"container\" data-e-type=\"container\">\n\t\t\t\t\t<div class=\"e-con-inner\">\n\t\t\t\t<div class=\"elementor-element elementor-element-721ee672 elementor-widget elementor-widget-text-editor\" data-id=\"721ee672\" data-element_type=\"widget\" data-e-type=\"widget\" data-widget_type=\"text-editor.default\">\n\t\t\t\t<div class=\"elementor-widget-container\">\n\t\t\t\t\t\t\t\t\t<p>Lassen Sie Ihre Knie-Physiotherapie in der MSM-Klinik mit speziellen Behandlungspl\u00e4nen unserer erfahrenen Physiotherapeuten l\u00f6sen.<\/p>\t\t\t\t\t\t\t\t<\/div>\n\t\t\t\t<\/div>\n\t\t\t\t<div class=\"elementor-element elementor-element-390cbd98 elementor-icon-list--layout-traditional elementor-list-item-link-full_width elementor-widget elementor-widget-icon-list\" data-id=\"390cbd98\" data-element_type=\"widget\" data-e-type=\"widget\" data-widget_type=\"icon-list.default\">\n\t\t\t\t<div class=\"elementor-widget-container\">\n\t\t\t\t\t\t\t<ul class=\"elementor-icon-list-items\">\n\t\t\t\t\t\t\t<li class=\"elementor-icon-list-item\">\n\t\t\t\t\t\t\t\t\t\t\t<a href=\"#1\">\n\n\t\t\t\t\t\t\t\t\t\t\t\t<span class=\"elementor-icon-list-icon\">\n\t\t\t\t\t\t\t<svg aria-hidden=\"true\" class=\"e-font-icon-svg e-fas-angle-right\" viewBox=\"0 0 256 512\" xmlns=\"http:\/\/www.w3.org\/2000\/svg\"><path d=\"M224.3 273l-136 136c-9.4 9.4-24.6 9.4-33.9 0l-22.6-22.6c-9.4-9.4-9.4-24.6 0-33.9l96.4-96.4-96.4-96.4c-9.4-9.4-9.4-24.6 0-33.9L54.3 103c9.4-9.4 24.6-9.4 33.9 0l136 136c9.5 9.4 9.5 24.6.1 34z\"><\/path><\/svg>\t\t\t\t\t\t<\/span>\n\t\t\t\t\t\t\t\t\t\t<span class=\"elementor-icon-list-text\">Was ist Physiotherapie am Knie?<\/span>\n\t\t\t\t\t\t\t\t\t\t\t<\/a>\n\t\t\t\t\t\t\t\t\t<\/li>\n\t\t\t\t\t\t\t\t<li class=\"elementor-icon-list-item\">\n\t\t\t\t\t\t\t\t\t\t\t<a href=\"#2\">\n\n\t\t\t\t\t\t\t\t\t\t\t\t<span class=\"elementor-icon-list-icon\">\n\t\t\t\t\t\t\t<svg aria-hidden=\"true\" class=\"e-font-icon-svg e-fas-angle-right\" viewBox=\"0 0 256 512\" xmlns=\"http:\/\/www.w3.org\/2000\/svg\"><path d=\"M224.3 273l-136 136c-9.4 9.4-24.6 9.4-33.9 0l-22.6-22.6c-9.4-9.4-9.4-24.6 0-33.9l96.4-96.4-96.4-96.4c-9.4-9.4-9.4-24.6 0-33.9L54.3 103c9.4-9.4 24.6-9.4 33.9 0l136 136c9.5 9.4 9.5 24.6.1 34z\"><\/path><\/svg>\t\t\t\t\t\t<\/span>\n\t\t\t\t\t\t\t\t\t\t<span class=\"elementor-icon-list-text\">Wann Sollte Man Zur Physiotherapie?<\/span>\n\t\t\t\t\t\t\t\t\t\t\t<\/a>\n\t\t\t\t\t\t\t\t\t<\/li>\n\t\t\t\t\t\t\t\t<li class=\"elementor-icon-list-item\">\n\t\t\t\t\t\t\t\t\t\t\t<a href=\"#3\">\n\n\t\t\t\t\t\t\t\t\t\t\t\t<span class=\"elementor-icon-list-icon\">\n\t\t\t\t\t\t\t<svg aria-hidden=\"true\" class=\"e-font-icon-svg e-fas-angle-right\" viewBox=\"0 0 256 512\" xmlns=\"http:\/\/www.w3.org\/2000\/svg\"><path d=\"M224.3 273l-136 136c-9.4 9.4-24.6 9.4-33.9 0l-22.6-22.6c-9.4-9.4-9.4-24.6 0-33.9l96.4-96.4-96.4-96.4c-9.4-9.4-9.4-24.6 0-33.9L54.3 103c9.4-9.4 24.6-9.4 33.9 0l136 136c9.5 9.4 9.5 24.6.1 34z\"><\/path><\/svg>\t\t\t\t\t\t<\/span>\n\t\t\t\t\t\t\t\t\t\t<span class=\"elementor-icon-list-text\">Wie wird Physiotherapie am Knie durchgef\u00fchrt? Welche Behandlungsmethoden gibt es?<\/span>\n\t\t\t\t\t\t\t\t\t\t\t<\/a>\n\t\t\t\t\t\t\t\t\t<\/li>\n\t\t\t\t\t\t\t\t<li class=\"elementor-icon-list-item\">\n\t\t\t\t\t\t\t\t\t\t\t<a href=\"#4\">\n\n\t\t\t\t\t\t\t\t\t\t\t\t<span class=\"elementor-icon-list-icon\">\n\t\t\t\t\t\t\t<svg aria-hidden=\"true\" class=\"e-font-icon-svg e-fas-angle-right\" viewBox=\"0 0 256 512\" xmlns=\"http:\/\/www.w3.org\/2000\/svg\"><path d=\"M224.3 273l-136 136c-9.4 9.4-24.6 9.4-33.9 0l-22.6-22.6c-9.4-9.4-9.4-24.6 0-33.9l96.4-96.4-96.4-96.4c-9.4-9.4-9.4-24.6 0-33.9L54.3 103c9.4-9.4 24.6-9.4 33.9 0l136 136c9.5 9.4 9.5 24.6.1 34z\"><\/path><\/svg>\t\t\t\t\t\t<\/span>\n\t\t\t\t\t\t\t\t\t\t<span class=\"elementor-icon-list-text\">Welche Physiotherapie \u00dcbungen gibt es f\u00fcr das Knie?<\/span>\n\t\t\t\t\t\t\t\t\t\t\t<\/a>\n\t\t\t\t\t\t\t\t\t<\/li>\n\t\t\t\t\t\t<\/ul>\n\t\t\t\t\t\t<\/div>\n\t\t\t\t<\/div>\n\t\t\t\t\t<\/div>\n\t\t\t\t<\/div>\n\t\t<div class=\"elementor-element elementor-element-3ac7e58c e-flex e-con-boxed e-con e-parent\" data-id=\"3ac7e58c\" data-element_type=\"container\" data-e-type=\"container\">\n\t\t\t\t\t<div class=\"e-con-inner\">\n\t\t<div class=\"elementor-element elementor-element-755e2298 e-con-full e-flex e-con e-child\" data-id=\"755e2298\" data-element_type=\"container\" data-e-type=\"container\">\n\t\t\t\t<div class=\"elementor-element elementor-element-206d752b elementor-widget elementor-widget-heading\" data-id=\"206d752b\" data-element_type=\"widget\" data-e-type=\"widget\" id=\"1\" data-widget_type=\"heading.default\">\n\t\t\t\t<div class=\"elementor-widget-container\">\n\t\t\t\t\t<h2 class=\"elementor-heading-title elementor-size-default\"><b>Was ist<\/b> Physiotherapie am Knie?<\/h2>\t\t\t\t<\/div>\n\t\t\t\t<\/div>\n\t\t\t\t<div class=\"elementor-element elementor-element-5ef2698a elementor-widget elementor-widget-text-editor\" data-id=\"5ef2698a\" data-element_type=\"widget\" data-e-type=\"widget\" data-widget_type=\"text-editor.default\">\n\t\t\t\t<div class=\"elementor-widget-container\">\n\t\t\t\t\t\t\t\t\t<p>Die Kniephysiotherapie ist ein umfassender Behandlungsansatz, der die Rehabilitation bei Schmerzen, Einschr\u00e4nkungen oder Verletzungen aus verschiedenen Gr\u00fcnden umfasst. In der MSM-Klinik konzentriert sich die Knie-Physiotherapie auf die Wiederherstellung der k\u00f6rperlichen Gesundheit unserer Patienten, und wir leiten normalerweise einen Prozess in folgendem Umfang ein.<\/p>\t\t\t\t\t\t\t\t<\/div>\n\t\t\t\t<\/div>\n\t\t\t\t<\/div>\n\t\t<div class=\"elementor-element elementor-element-1ed23bf2 e-flex e-con-boxed e-con e-child\" data-id=\"1ed23bf2\" data-element_type=\"container\" data-e-type=\"container\">\n\t\t\t\t\t<div class=\"e-con-inner\">\n\t\t\t\t<div class=\"elementor-element elementor-element-3afacf39 elementor-widget elementor-widget-video\" data-id=\"3afacf39\" data-element_type=\"widget\" data-e-type=\"widget\" data-settings=\"{&quot;youtube_url&quot;:&quot;https:\\\/\\\/www.youtube.com\\\/watch?v=IBsg4Kd15tc&quot;,&quot;video_type&quot;:&quot;youtube&quot;,&quot;controls&quot;:&quot;yes&quot;}\" data-widget_type=\"video.default\">\n\t\t\t\t<div class=\"elementor-widget-container\">\n\t\t\t\t\t\t\t<div class=\"elementor-wrapper elementor-open-inline\">\n\t\t\t<div class=\"elementor-video\"><\/div>\t\t<\/div>\n\t\t\t\t\t\t<\/div>\n\t\t\t\t<\/div>\n\t\t\t\t\t<\/div>\n\t\t\t\t<\/div>\n\t\t\t\t\t<\/div>\n\t\t\t\t<\/div>\n\t\t<div class=\"elementor-element elementor-element-23c8140b e-flex e-con-boxed e-con e-parent\" data-id=\"23c8140b\" data-element_type=\"container\" data-e-type=\"container\">\n\t\t\t\t\t<div class=\"e-con-inner\">\n\t\t\t\t<div class=\"elementor-element elementor-element-48389d77 elementor-widget elementor-widget-text-editor\" data-id=\"48389d77\" data-element_type=\"widget\" data-e-type=\"widget\" data-widget_type=\"text-editor.default\">\n\t\t\t\t<div class=\"elementor-widget-container\">\n\t\t\t\t\t\t\t\t\t<ol><li><strong>Beurteilung und Diagnose: <\/strong>Unser Physiotherapeut beurteilt die Knieprobleme unseres Patienten, bestimmt den Bewegungsumfang und erstellt einen individuellen Behandlungsplan.<\/li><li><strong>\u00dcbungsprogramme: <\/strong>Kr\u00e4ftigungs- und Dehn\u00fcbungen st\u00e4rken die Muskulatur rund um das Knie, erh\u00f6hen die Beweglichkeit der Gelenke und sorgen f\u00fcr Stabilit\u00e4t.<\/li><li><strong>Manuelle Therapie: <\/strong>Unser Physiotherapeut reduziert Muskelverspannungen, erh\u00f6ht die Beweglichkeit der Gelenke und lindert Schmerzen mit speziellen Handtechniken.<\/li><li><strong>Physiotherapieger\u00e4te: <\/strong>Ger\u00e4te wie Elektromodulation und Ultraschall k\u00f6nnen eingesetzt werden, um den Heilungsprozess zu beschleunigen und Schmerzen zu lindern.<\/li><li><strong>Haltungs- und Bewegungstraining: <\/strong>Unser Kliniker lehrt unseren Patienten die richtige Haltung und Bewegungsmechanik und unterst\u00fctzt so den gesunden Einsatz des Knies bei t\u00e4glichen Aktivit\u00e4ten.<\/li><\/ol>\t\t\t\t\t\t\t\t<\/div>\n\t\t\t\t<\/div>\n\t\t\t\t<div class=\"elementor-element elementor-element-3152eec elementor-widget elementor-widget-image\" data-id=\"3152eec\" data-element_type=\"widget\" data-e-type=\"widget\" data-widget_type=\"image.default\">\n\t\t\t\t<div class=\"elementor-widget-container\">\n\t\t\t\t\t\t\t\t\t\t\t\t\t\t\t<img fetchpriority=\"high\" decoding=\"async\" width=\"2560\" height=\"1707\" src=\"http:\/\/msmklinik.com.tr\/wp-content\/uploads\/2024\/01\/Dizde-Fizik-Tedavi-Image.webp\" class=\"attachment-full size-full wp-image-6902\" alt=\"Dizde Fizik Tedavi - Image\" srcset=\"http:\/\/msmklinik.com.tr\/wp-content\/uploads\/2024\/01\/Dizde-Fizik-Tedavi-Image.webp 2560w, http:\/\/msmklinik.com.tr\/wp-content\/uploads\/2024\/01\/Dizde-Fizik-Tedavi-Image-300x200.webp 300w, http:\/\/msmklinik.com.tr\/wp-content\/uploads\/2024\/01\/Dizde-Fizik-Tedavi-Image-1024x683.webp 1024w, http:\/\/msmklinik.com.tr\/wp-content\/uploads\/2024\/01\/Dizde-Fizik-Tedavi-Image-768x512.webp 768w, http:\/\/msmklinik.com.tr\/wp-content\/uploads\/2024\/01\/Dizde-Fizik-Tedavi-Image-1536x1024.webp 1536w, http:\/\/msmklinik.com.tr\/wp-content\/uploads\/2024\/01\/Dizde-Fizik-Tedavi-Image-2048x1366.webp 2048w\" sizes=\"(max-width: 2560px) 100vw, 2560px\" \/>\t\t\t\t\t\t\t\t\t\t\t\t\t\t\t<\/div>\n\t\t\t\t<\/div>\n\t\t\t\t<div class=\"elementor-element elementor-element-4e897575 elementor-widget elementor-widget-heading\" data-id=\"4e897575\" data-element_type=\"widget\" data-e-type=\"widget\" id=\"2\" data-widget_type=\"heading.default\">\n\t\t\t\t<div class=\"elementor-widget-container\">\n\t\t\t\t\t<h2 class=\"elementor-heading-title elementor-size-default\"><b>Wann Sollte Man<\/b> Zur Physiotherapie?<\/h2>\t\t\t\t<\/div>\n\t\t\t\t<\/div>\n\t\t\t\t<div class=\"elementor-element elementor-element-16ff52ae elementor-widget elementor-widget-text-editor\" data-id=\"16ff52ae\" data-element_type=\"widget\" data-e-type=\"widget\" data-widget_type=\"text-editor.default\">\n\t\t\t\t<div class=\"elementor-widget-container\">\n\t\t\t\t\t\t\t\t\t<p>Als MSM-Klinik bieten wir einen schnellen und effektiven Genesungsprozess, indem wir die Kniephysiotherapie individuell an die Bed\u00fcrfnisse unserer Patienten anpassen. Mit unseren erfahrenen Physiotherapeuten unterst\u00fctzen wir unsere Patienten dabei, ihre Lebensqualit\u00e4t zu verbessern und wieder gesund zu werden.<\/p><ul><li><strong> Knieverletzungen: <\/strong>Erkrankungen wie Sportverletzungen, Meniskusverletzungen oder B\u00e4nderverletzungen erfordern m\u00f6glicherweise eine Physiotherapie.<\/li><li><strong> Postoperativ: <\/strong>Physiotherapie unterst\u00fctzt die Genesung nach einem Kniegelenkersatz oder einer B\u00e4nderoperation.<\/li><li><strong> Arthrose: <\/strong>Es wird zur Schmerzlinderung und Erh\u00f6hung der Beweglichkeit bei Arthritis des Knies eingesetzt.<\/li><\/ul>\t\t\t\t\t\t\t\t<\/div>\n\t\t\t\t<\/div>\n\t\t\t\t<div class=\"elementor-element elementor-element-3d04406e elementor-widget elementor-widget-heading\" data-id=\"3d04406e\" data-element_type=\"widget\" data-e-type=\"widget\" id=\"3\" data-widget_type=\"heading.default\">\n\t\t\t\t<div class=\"elementor-widget-container\">\n\t\t\t\t\t<h2 class=\"elementor-heading-title elementor-size-default\"><b>Wie wird Physiotherapie am Knie durchgef\u00fchrt?<\/b><\/b> Welche Behandlungsmethoden gibt es?<\/h2>\t\t\t\t<\/div>\n\t\t\t\t<\/div>\n\t\t\t\t<div class=\"elementor-element elementor-element-3c1a88 elementor-widget elementor-widget-text-editor\" data-id=\"3c1a88\" data-element_type=\"widget\" data-e-type=\"widget\" data-widget_type=\"text-editor.default\">\n\t\t\t\t<div class=\"elementor-widget-container\">\n\t\t\t\t\t\t\t\t\t<p>Die Kniephysiotherapie umfasst einen umfassenden Rehabilitationsprozess bei Schmerzen, Einschr\u00e4nkungen oder Verletzungen, die aus unterschiedlichen Gr\u00fcnden auftreten. Als MSM-Klinik wenden wir den folgenden personalisierten Ansatz f\u00fcr den Physiotherapieprozess an:<\/p><p>\u00a0<\/p><ol><li><strong><u>Manuelle Therapie: <\/u><\/strong>Durch manuelle Techniken des Physiotherapeuten werden Verspannungen in der Muskulatur gel\u00f6st, die Beweglichkeit der Gelenke erh\u00f6ht und Schmerzen gelindert. Methoden wie Mobilisierung und Manipulation tragen zur Wiederherstellung des anatomischen Gleichgewichts bei.<\/li><li><strong><u>Therapeutische \u00dcbungen: <\/u><\/strong>Spezielle Kr\u00e4ftigungs- und Dehn\u00fcbungen werden angewendet, um die Muskeln rund um das Knie auszubalancieren und die Stabilit\u00e4t zu erh\u00f6hen. Ziel ist die Wiederherstellung der Funktionsf\u00e4higkeit und die Steigerung der Muskelkraft.<\/li><li><strong><u>Elektrotherapie: <\/u><\/strong>Schmerzkontrolle und Muskelaktivierung werden durch Ger\u00e4te wie Elektromodulation und transkutane elektrische Nervenstimulation (TENS) gew\u00e4hrleistet. Die Messung der Muskelaktivit\u00e4t kann mittels Elektromyographie (EMG)-Biofeedback erfolgen.<\/li><li><strong><u>Ultraschalltherapie: <\/u><\/strong>Durch den Einsatz hochfrequenter Schallwellen wird im Gewebe W\u00e4rme erzeugt, die die Durchblutung steigert und den Heilungsprozess unterst\u00fctzt. Es ist besonders wirksam bei der Behandlung von Weichgewebe.<\/li><li><strong><u>Trockennadeltherapie: <\/u><\/strong>Es wird zur Behandlung von myofaszialen Schmerzen, Muskelverspannungen oder Triggerpunkten verwendet, indem d\u00fcnne Nadeln in die Muskeln eingef\u00fchrt werden. Es ist eine wirksame Methode, um Spannungen im Muskelgewebe zu reduzieren und Schmerzen zu lindern.<\/li><li><strong><u>Funktionelle Rehabilitation: <\/u><\/strong>Dem Patienten werden durch gezielte Bewegungsanalyse und Training die richtige K\u00f6rperhaltung und Bewegungsmechanik im Alltag vermittelt. Der Patient nimmt an speziellen Programmen teil, die Aktivit\u00e4ten des t\u00e4glichen Lebens umfassen, um seine funktionelle Unabh\u00e4ngigkeit wiederzugewinnen.<\/li><\/ol>\t\t\t\t\t\t\t\t<\/div>\n\t\t\t\t<\/div>\n\t\t\t\t<div class=\"elementor-element elementor-element-33bbc6d3 elementor-widget elementor-widget-heading\" data-id=\"33bbc6d3\" data-element_type=\"widget\" data-e-type=\"widget\" id=\"4\" data-widget_type=\"heading.default\">\n\t\t\t\t<div class=\"elementor-widget-container\">\n\t\t\t\t\t<h2 class=\"elementor-heading-title elementor-size-default\"><b>Welche Physiotherapie \u00dcbungen<\/b> gibt es f\u00fcr das Knie?<\/h2>\t\t\t\t<\/div>\n\t\t\t\t<\/div>\n\t\t<div class=\"elementor-element elementor-element-0c92c74 e-flex e-con-boxed e-con e-child\" data-id=\"0c92c74\" data-element_type=\"container\" data-e-type=\"container\">\n\t\t\t\t\t<div class=\"e-con-inner\">\n\t\t\t\t<div class=\"elementor-element elementor-element-47da1ea1 elementor-widget elementor-widget-text-editor\" data-id=\"47da1ea1\" data-element_type=\"widget\" data-e-type=\"widget\" data-widget_type=\"text-editor.default\">\n\t\t\t\t<div class=\"elementor-widget-container\">\n\t\t\t\t\t\t\t\t\t<p>In unserer Klinik m\u00f6chten wir eine gesunde Mobilit\u00e4t unterst\u00fctzen, indem wir unseren Patienten mit Knieproblemen speziell entwickelte Physiotherapie\u00fcbungen anbieten. Einige wichtige Bewegungen, die die Grundlage f\u00fcr physiotherapeutische \u00dcbungen f\u00fcr das Knie bilden, sind folgende:<\/p><ol><li><strong>St\u00e4rkung des Quadrizeps: <\/strong>Gerades Beinheben: Legen Sie sich auf den R\u00fccken, halten Sie ein Bein gerade und heben Sie es langsam an. Terminale Kniestreckung: \u00dcben Sie die terminale Streckung des Knies durch Streckung des Beins mit einem Gummiband.<\/li><li><strong>Dehnung der Oberschenkelmuskulatur: <\/strong>Sitzende Oberschenkeldehnung: Auf dem Boden sitzen, ein Bein ausstrecken, das andere beugen und die Kniekehle strecken. Oberschenkeldehnung im Stehen: Dehnung der Oberschenkelmuskulatur durch Stehen, Strecken des Beins und Beugen des K\u00f6rpers.<\/li><li><strong>Waden St\u00e4rkung und Dehnung: <\/strong>Wadenheben: Die Bewegung, bei der man auf den Zehenspitzen steht. Wadendehnung: Dehnung der Wadenmuskulatur durch Dr\u00fccken der Ferse in Richtung Boden, w\u00e4hrend der Fu\u00df einen Schritt zur\u00fcck steht.<\/li><li><strong>Kniebeugen- und Streckbewegungen: <\/strong>Heel Slides: Auf dem R\u00fccken liegend, das Knie beugen und strecken. Sitzende Kniestreckung: Streckung des Beins beim Sitzen auf einem Stuhl.<\/li><li><strong>St\u00e4rkung des inneren Quadrizeps: <\/strong>Quadrizeps-\u00dcbung im inneren Bereich: Kr\u00e4ftigung der Quadrizepsmuskulatur in Teilbewegungen unter Anleitung eines Physiotherapeuten.<\/li><li><strong>Ausgewogen Bewegung: <\/strong>Single Leg Balance: Halten Sie das Gleichgewicht, indem Sie auf einem Bein stehen. Ausfallschritte: Trainieren Sie die Beinmuskulatur, indem Sie einen Schritt nach vorne und einen Schritt nach hinten machen.<\/li><\/ol><p>Diese physiotherapeutischen \u00dcbungen werden individuell auf den Zustand des Patienten abgestimmt und unterst\u00fctzen den Behandlungsprozess. Als MSM-Klinik verfolgen wir mit unseren erfahrenen Physiotherapeuten einen individuellen Ansatz, um sicherzustellen, dass unsere Patienten die richtigen Techniken erlernen und regelm\u00e4\u00dfige Trainingsprogramme einhalten.\u00a0 ANTALYA PHYSIKALISCHE THERAPIE<\/p>\t\t\t\t\t\t\t\t<\/div>\n\t\t\t\t<\/div>\n\t\t\t\t<div class=\"elementor-element elementor-element-1fb6d6c elementor-widget__width-initial elementor-widget elementor-widget-image\" data-id=\"1fb6d6c\" data-element_type=\"widget\" data-e-type=\"widget\" data-widget_type=\"image.default\">\n\t\t\t\t<div class=\"elementor-widget-container\">\n\t\t\t\t\t\t\t\t\t\t\t\t\t\t\t<img decoding=\"async\" width=\"758\" height=\"1370\" src=\"http:\/\/msmklinik.com.tr\/wp-content\/uploads\/2024\/01\/Dizde-Fizik-Tedavi-Image2.webp\" class=\"attachment-full size-full wp-image-6899\" alt=\"Dizde Fizik Tedavi - Image2\" srcset=\"http:\/\/msmklinik.com.tr\/wp-content\/uploads\/2024\/01\/Dizde-Fizik-Tedavi-Image2.webp 758w, http:\/\/msmklinik.com.tr\/wp-content\/uploads\/2024\/01\/Dizde-Fizik-Tedavi-Image2-166x300.webp 166w, http:\/\/msmklinik.com.tr\/wp-content\/uploads\/2024\/01\/Dizde-Fizik-Tedavi-Image2-567x1024.webp 567w\" sizes=\"(max-width: 758px) 100vw, 758px\" \/>\t\t\t\t\t\t\t\t\t\t\t\t\t\t\t<\/div>\n\t\t\t\t<\/div>\n\t\t\t\t\t<\/div>\n\t\t\t\t<\/div>\n\t\t\t\t\t<\/div>\n\t\t\t\t<\/div>\n\t\t\t\t<\/div>\n\t\t","protected":false},"excerpt":{"rendered":"<p>Lassen Sie Ihre Knie-Physiotherapie in der MSM-Klinik mit speziellen Behandlungspl\u00e4nen unserer erfahrenen Physiotherapeuten l\u00f6sen. Was ist Physiotherapie am Knie? Wann Sollte Man Zur Physiotherapie? Wie wird Physiotherapie am Knie durchgef\u00fchrt? Welche Behandlungsmethoden gibt es? Welche Physiotherapie \u00dcbungen gibt es f\u00fcr das Knie? Was ist Physiotherapie am Knie? Die Kniephysiotherapie ist ein umfassender Behandlungsansatz, der die [&hellip;]<\/p>\n","protected":false},"author":1,"featured_media":0,"parent":0,"menu_order":0,"comment_status":"closed","ping_status":"closed","template":"","meta":{"footnotes":""},"class_list":["post-6925","page","type-page","status-publish","hentry"],"_links":{"self":[{"href":"https:\/\/msmklinik.com.tr\/de\/wp-json\/wp\/v2\/pages\/6925","targetHints":{"allow":["GET"]}}],"collection":[{"href":"https:\/\/msmklinik.com.tr\/de\/wp-json\/wp\/v2\/pages"}],"about":[{"href":"https:\/\/msmklinik.com.tr\/de\/wp-json\/wp\/v2\/types\/page"}],"author":[{"embeddable":true,"href":"https:\/\/msmklinik.com.tr\/de\/wp-json\/wp\/v2\/users\/1"}],"replies":[{"embeddable":true,"href":"https:\/\/msmklinik.com.tr\/de\/wp-json\/wp\/v2\/comments?post=6925"}],"version-history":[{"count":7,"href":"https:\/\/msmklinik.com.tr\/de\/wp-json\/wp\/v2\/pages\/6925\/revisions"}],"predecessor-version":[{"id":7702,"href":"https:\/\/msmklinik.com.tr\/de\/wp-json\/wp\/v2\/pages\/6925\/revisions\/7702"}],"wp:attachment":[{"href":"https:\/\/msmklinik.com.tr\/de\/wp-json\/wp\/v2\/media?parent=6925"}],"curies":[{"name":"wp","href":"https:\/\/api.w.org\/{rel}","templated":true}]}}