{"id":6953,"date":"2024-01-04T10:59:31","date_gmt":"2024-01-04T07:59:31","guid":{"rendered":"https:\/\/msmklinik.com.tr\/?page_id=6953"},"modified":"2024-10-07T13:49:33","modified_gmt":"2024-10-07T10:49:33","slug":"knieprothese","status":"publish","type":"page","link":"https:\/\/msmklinik.com.tr\/de\/knieprothese\/","title":{"rendered":"Knieprothese"},"content":{"rendered":"\t\t<div data-elementor-type=\"wp-page\" data-elementor-id=\"6953\" class=\"elementor elementor-6953 elementor-6934\" data-elementor-post-type=\"page\">\n\t\t\t\t<div class=\"elementor-element elementor-element-74c4899d e-flex e-con-boxed e-con e-parent\" data-id=\"74c4899d\" data-element_type=\"container\" data-e-type=\"container\">\n\t\t\t\t\t<div class=\"e-con-inner\">\n\t\t\t\t<div class=\"elementor-element elementor-element-63c76fbc elementor-widget elementor-widget-text-editor\" data-id=\"63c76fbc\" data-element_type=\"widget\" data-e-type=\"widget\" data-widget_type=\"text-editor.default\">\n\t\t\t\t<div class=\"elementor-widget-container\">\n\t\t\t\t\t\t\t\t\t<p><em>Die MSM Klinik bietet eine schnelle Genesung bei Knieprothesen mit medizinischen L\u00f6sungen, individueller Behandlung und modernster Ausr\u00fcstung.<\/em><\/p>\t\t\t\t\t\t\t\t<\/div>\n\t\t\t\t<\/div>\n\t\t\t\t<div class=\"elementor-element elementor-element-5bdde63a elementor-icon-list--layout-traditional elementor-list-item-link-full_width elementor-widget elementor-widget-icon-list\" data-id=\"5bdde63a\" data-element_type=\"widget\" data-e-type=\"widget\" data-widget_type=\"icon-list.default\">\n\t\t\t\t<div class=\"elementor-widget-container\">\n\t\t\t\t\t\t\t<ul class=\"elementor-icon-list-items\">\n\t\t\t\t\t\t\t<li class=\"elementor-icon-list-item\">\n\t\t\t\t\t\t\t\t\t\t\t<a href=\"#1\">\n\n\t\t\t\t\t\t\t\t\t\t\t\t<span class=\"elementor-icon-list-icon\">\n\t\t\t\t\t\t\t<svg aria-hidden=\"true\" class=\"e-font-icon-svg e-fas-angle-right\" viewBox=\"0 0 256 512\" xmlns=\"http:\/\/www.w3.org\/2000\/svg\"><path d=\"M224.3 273l-136 136c-9.4 9.4-24.6 9.4-33.9 0l-22.6-22.6c-9.4-9.4-9.4-24.6 0-33.9l96.4-96.4-96.4-96.4c-9.4-9.4-9.4-24.6 0-33.9L54.3 103c9.4-9.4 24.6-9.4 33.9 0l136 136c9.5 9.4 9.5 24.6.1 34z\"><\/path><\/svg>\t\t\t\t\t\t<\/span>\n\t\t\t\t\t\t\t\t\t\t<span class=\"elementor-icon-list-text\">Was ist eine Knieprothese?<\/span>\n\t\t\t\t\t\t\t\t\t\t\t<\/a>\n\t\t\t\t\t\t\t\t\t<\/li>\n\t\t\t\t\t\t\t\t<li class=\"elementor-icon-list-item\">\n\t\t\t\t\t\t\t\t\t\t\t<a href=\"#2\">\n\n\t\t\t\t\t\t\t\t\t\t\t\t<span class=\"elementor-icon-list-icon\">\n\t\t\t\t\t\t\t<svg aria-hidden=\"true\" class=\"e-font-icon-svg e-fas-angle-right\" viewBox=\"0 0 256 512\" xmlns=\"http:\/\/www.w3.org\/2000\/svg\"><path d=\"M224.3 273l-136 136c-9.4 9.4-24.6 9.4-33.9 0l-22.6-22.6c-9.4-9.4-9.4-24.6 0-33.9l96.4-96.4-96.4-96.4c-9.4-9.4-9.4-24.6 0-33.9L54.3 103c9.4-9.4 24.6-9.4 33.9 0l136 136c9.5 9.4 9.5 24.6.1 34z\"><\/path><\/svg>\t\t\t\t\t\t<\/span>\n\t\t\t\t\t\t\t\t\t\t<span class=\"elementor-icon-list-text\">Wann ist eine Knieprothese n\u00f6tig?<\/span>\n\t\t\t\t\t\t\t\t\t\t\t<\/a>\n\t\t\t\t\t\t\t\t\t<\/li>\n\t\t\t\t\t\t\t\t<li class=\"elementor-icon-list-item\">\n\t\t\t\t\t\t\t\t\t\t\t<a href=\"#3\">\n\n\t\t\t\t\t\t\t\t\t\t\t\t<span class=\"elementor-icon-list-icon\">\n\t\t\t\t\t\t\t<svg aria-hidden=\"true\" class=\"e-font-icon-svg e-fas-angle-right\" viewBox=\"0 0 256 512\" xmlns=\"http:\/\/www.w3.org\/2000\/svg\"><path d=\"M224.3 273l-136 136c-9.4 9.4-24.6 9.4-33.9 0l-22.6-22.6c-9.4-9.4-9.4-24.6 0-33.9l96.4-96.4-96.4-96.4c-9.4-9.4-9.4-24.6 0-33.9L54.3 103c9.4-9.4 24.6-9.4 33.9 0l136 136c9.5 9.4 9.5 24.6.1 34z\"><\/path><\/svg>\t\t\t\t\t\t<\/span>\n\t\t\t\t\t\t\t\t\t\t<span class=\"elementor-icon-list-text\">Auswahl der passenden Knieprothese:<\/span>\n\t\t\t\t\t\t\t\t\t\t\t<\/a>\n\t\t\t\t\t\t\t\t\t<\/li>\n\t\t\t\t\t\t\t\t<li class=\"elementor-icon-list-item\">\n\t\t\t\t\t\t\t\t\t\t\t<a href=\"#4\">\n\n\t\t\t\t\t\t\t\t\t\t\t\t<span class=\"elementor-icon-list-icon\">\n\t\t\t\t\t\t\t<svg aria-hidden=\"true\" class=\"e-font-icon-svg e-fas-angle-right\" viewBox=\"0 0 256 512\" xmlns=\"http:\/\/www.w3.org\/2000\/svg\"><path d=\"M224.3 273l-136 136c-9.4 9.4-24.6 9.4-33.9 0l-22.6-22.6c-9.4-9.4-9.4-24.6 0-33.9l96.4-96.4-96.4-96.4c-9.4-9.4-9.4-24.6 0-33.9L54.3 103c9.4-9.4 24.6-9.4 33.9 0l136 136c9.5 9.4 9.5 24.6.1 34z\"><\/path><\/svg>\t\t\t\t\t\t<\/span>\n\t\t\t\t\t\t\t\t\t\t<span class=\"elementor-icon-list-text\">Knieersatzoperation<\/span>\n\t\t\t\t\t\t\t\t\t\t\t<\/a>\n\t\t\t\t\t\t\t\t\t<\/li>\n\t\t\t\t\t\t\t\t<li class=\"elementor-icon-list-item\">\n\t\t\t\t\t\t\t\t\t\t\t<a href=\"#5\">\n\n\t\t\t\t\t\t\t\t\t\t\t\t<span class=\"elementor-icon-list-icon\">\n\t\t\t\t\t\t\t<svg aria-hidden=\"true\" class=\"e-font-icon-svg e-fas-angle-right\" viewBox=\"0 0 256 512\" xmlns=\"http:\/\/www.w3.org\/2000\/svg\"><path d=\"M224.3 273l-136 136c-9.4 9.4-24.6 9.4-33.9 0l-22.6-22.6c-9.4-9.4-9.4-24.6 0-33.9l96.4-96.4-96.4-96.4c-9.4-9.4-9.4-24.6 0-33.9L54.3 103c9.4-9.4 24.6-9.4 33.9 0l136 136c9.5 9.4 9.5 24.6.1 34z\"><\/path><\/svg>\t\t\t\t\t\t<\/span>\n\t\t\t\t\t\t\t\t\t\t<span class=\"elementor-icon-list-text\">Genesungsprozess nach einer Knieersatzoperation<\/span>\n\t\t\t\t\t\t\t\t\t\t\t<\/a>\n\t\t\t\t\t\t\t\t\t<\/li>\n\t\t\t\t\t\t<\/ul>\n\t\t\t\t\t\t<\/div>\n\t\t\t\t<\/div>\n\t\t\t\t\t<\/div>\n\t\t\t\t<\/div>\n\t\t<div class=\"elementor-element elementor-element-34cf740b e-flex e-con-boxed e-con e-parent\" data-id=\"34cf740b\" data-element_type=\"container\" data-e-type=\"container\">\n\t\t\t\t\t<div class=\"e-con-inner\">\n\t\t<div class=\"elementor-element elementor-element-554268cd e-con-full e-flex e-con e-child\" data-id=\"554268cd\" data-element_type=\"container\" data-e-type=\"container\">\n\t\t\t\t<div class=\"elementor-element elementor-element-75aa3bf0 elementor-widget elementor-widget-heading\" data-id=\"75aa3bf0\" data-element_type=\"widget\" data-e-type=\"widget\" id=\"1\" data-widget_type=\"heading.default\">\n\t\t\t\t<div class=\"elementor-widget-container\">\n\t\t\t\t\t<h2 class=\"elementor-heading-title elementor-size-default\"><b>Was ist eine<\/b> Knieprothese?<\/h2>\t\t\t\t<\/div>\n\t\t\t\t<\/div>\n\t\t\t\t<div class=\"elementor-element elementor-element-54dc920 elementor-widget elementor-widget-text-editor\" data-id=\"54dc920\" data-element_type=\"widget\" data-e-type=\"widget\" data-widget_type=\"text-editor.default\">\n\t\t\t\t<div class=\"elementor-widget-container\">\n\t\t\t\t\t\t\t\t\t<p>Eine Knieprothese ist ein medizinisches k\u00fcnstlichen Ersatz zur L\u00f6sung von Kniegelenksproblemen. Es wurde entwickelt, um Probleme wie Schmerzen und Bewegungseinschr\u00e4nkungen zu beseitigen, die im Allgemeinen aufgrund von Erkrankungen wie Kniegelenksch\u00e4den, Arthritis, Trauma und rheumatoider Arthritis auftreten.<\/p><p>Eine Knieprothese ist der Umriss einer Struktur aus langlebigen Materialien wie Titan, Edelstahl und Polyethylen. Diese Prothese wird chirurgisch im Kniegelenk des Patienten eingesetzt und ist speziell auf die individuelle Anatomie des Patienten abgestimmt.<\/p>\t\t\t\t\t\t\t\t<\/div>\n\t\t\t\t<\/div>\n\t\t\t\t<\/div>\n\t\t<div class=\"elementor-element elementor-element-4deafc38 e-flex e-con-boxed e-con e-child\" data-id=\"4deafc38\" data-element_type=\"container\" data-e-type=\"container\">\n\t\t\t\t\t<div class=\"e-con-inner\">\n\t\t\t\t<div class=\"elementor-element elementor-element-7c350af elementor-widget elementor-widget-video\" data-id=\"7c350af\" data-element_type=\"widget\" data-e-type=\"widget\" data-settings=\"{&quot;youtube_url&quot;:&quot;https:\\\/\\\/youtu.be\\\/G41reqVDiWA&quot;,&quot;video_type&quot;:&quot;youtube&quot;,&quot;controls&quot;:&quot;yes&quot;}\" data-widget_type=\"video.default\">\n\t\t\t\t<div class=\"elementor-widget-container\">\n\t\t\t\t\t\t\t<div class=\"elementor-wrapper elementor-open-inline\">\n\t\t\t<div class=\"elementor-video\"><\/div>\t\t<\/div>\n\t\t\t\t\t\t<\/div>\n\t\t\t\t<\/div>\n\t\t\t\t\t<\/div>\n\t\t\t\t<\/div>\n\t\t\t\t\t<\/div>\n\t\t\t\t<\/div>\n\t\t<div class=\"elementor-element elementor-element-1d239c3d e-flex e-con-boxed e-con e-parent\" data-id=\"1d239c3d\" data-element_type=\"container\" data-e-type=\"container\">\n\t\t\t\t\t<div class=\"e-con-inner\">\n\t\t\t\t<div class=\"elementor-element elementor-element-1782d81a elementor-widget elementor-widget-text-editor\" data-id=\"1782d81a\" data-element_type=\"widget\" data-e-type=\"widget\" data-widget_type=\"text-editor.default\">\n\t\t\t\t<div class=\"elementor-widget-container\">\n\t\t\t\t\t\t\t\t\t<p>Die MSM Klinik bietet Kniegelenkersatzoperationen an, einen Gesundheitsdienst, der die neueste Technologie und ein Expertenteam vereint. Kniegelenkersatzoperationen, die in dieser Klinik durchgef\u00fchrt werden, werden sorgf\u00e4ltig geplant, um die Lebensqualit\u00e4t der Patienten zu verbessern, ihre Schmerzen zu lindern und ihnen die R\u00fcckkehr zu ihren normalen t\u00e4glichen Aktivit\u00e4ten zu erm\u00f6glichen.<\/p><p>Vor der Operation beurteilen erfahrene Orthop\u00e4den und Fach\u00e4rzte den Zustand des Patienten und erstellen einen auf seine individuellen Bed\u00fcrfnisse zugeschnittenen Behandlungsplan. Die MSM Klinik ist f\u00fcr ihren personalisierten Ansatz bekannt, der Patienten hilft, ihren Behandlungsprozess zu verstehen, sich wohl zu f\u00fchlen und fundierte Entscheidungen zu treffen.<\/p>\t\t\t\t\t\t\t\t<\/div>\n\t\t\t\t<\/div>\n\t\t\t\t<div class=\"elementor-element elementor-element-1e56799d elementor-widget elementor-widget-heading\" data-id=\"1e56799d\" data-element_type=\"widget\" data-e-type=\"widget\" id=\"2\" data-widget_type=\"heading.default\">\n\t\t\t\t<div class=\"elementor-widget-container\">\n\t\t\t\t\t<h2 class=\"elementor-heading-title elementor-size-default\"><b>Wann ist eine<\/b> Knieprothese n\u00f6tig?<\/h2>\t\t\t\t<\/div>\n\t\t\t\t<\/div>\n\t\t\t\t<div class=\"elementor-element elementor-element-72eae3d0 elementor-widget elementor-widget-text-editor\" data-id=\"72eae3d0\" data-element_type=\"widget\" data-e-type=\"widget\" data-widget_type=\"text-editor.default\">\n\t\t\t\t<div class=\"elementor-widget-container\">\n\t\t\t\t\t\t\t\t\t<p>Knieprothesen sind ein Wunderwerk der Technologie, das eine L\u00f6sung bietet, die Bewegungen im Leben erleichtert. Diese Prothese ersetzt das durch Arthritis, Verletzungen oder andere gesundheitliche Probleme gesch\u00e4digte Kniegelenk und stellt den Rhythmus des t\u00e4glichen Lebens wieder her, indem sie Schmerzen lindert und die Beweglichkeit wiederherstellt.<\/p><p>Dieses besondere k\u00fcnstliche Implantate\u00a0 ist ein Assistent, der aus langlebigen Materialien gefertigt und mit den Vorteilen der Technologie ausgestattet ist. Die speziell f\u00fcr die Bed\u00fcrfnisse des Patienten angefertigte Knieprothese macht jeden Moment besonders und angenehm, wie einen erstklassigen B\u00fchnenauftritt.<\/p><p>Eine Knieprothese hilft dem Patienten, die traumatischen Momente seines Lebens hinter sich zu lassen. Ausgestattet mit modernen chirurgischen Techniken und personalisierten Ans\u00e4tzen erm\u00f6glicht diese L\u00f6sung den Menschen ein aktives Leben. Es ist nicht nur ein Gelenk, sondern auch ein Werkzeug, das die Lebensqualit\u00e4t verbessert.<\/p><p>Der Bedarf an einer Knieprothese entsteht meist bei Menschen, die ernsthafte Probleme im Kniegelenk haben. Diese Probleme k\u00f6nnen h\u00e4ufig verursacht werden durch:<\/p><p><strong>Arthrose<\/strong>: Kniearthrose (Verkalkung) ist eine Erkrankung, bei der das Knorpelgewebe im Kniegelenk abgenutzt und besch\u00e4digt ist. Im Laufe der Zeit kann dieser Zustand zu Schmerzen, Schwellungen, Deformationen und Bewegungseinschr\u00e4nkungen f\u00fchren. Bei starker Abnutzung kann die Notwendigkeit einer Knieprothese entstehen.<\/p><p>Traumata und Verletzungen: Schwere Verletzungen, Br\u00fcche oder Bandverletzungen am Knie k\u00f6nnen zu dauerhaften Sch\u00e4den am Kniegelenk f\u00fchren. Aufgrund von Problemen, die nicht rechtzeitig behandelt werden, verschlimmert sich die Arthrose des Knies rasch. In diesen F\u00e4llen kommt eine Knieprothesenoperation als L\u00f6sung in Betracht.<\/p><p><strong>Rheumatoide Arthritis und andere Gelenkerkrankungen:<\/strong> Autoimmunerkrankungen wie rheumatoide Arthritis k\u00f6nnen das Kniegelenk sch\u00e4digen und Arthritis verursachen. Wenn diese Erkrankungen fortschreiten, wird eine Knieprothesenbehandlung in Betracht gezogen.<\/p><p><strong>Angeborene Anomalien<\/strong>: Manche Menschen haben angeborene Probleme in ihren Kniegelenken. In diesem Fall ben\u00f6tigt er eine Knieprothese, um ein funktionierendes Leben f\u00fchren zu k\u00f6nnen.<\/p><p><strong>Kniekrebs und Tumore<\/strong>: Krebs oder Tumore im Kniebereich k\u00f6nnen die Knochenstruktur ernsthaft beeintr\u00e4chtigen. In diesem Fall empfehlen unsere Fach\u00e4rzte m\u00f6glicherweise eine Operation, bei der der betroffene Bereich entfernt und durch eine Prothese ersetzt wird. Obwohl sich diese Prothese von der normalen Knieprothese unterscheidet, wird sie speziell auf den Patienten angewendet.<\/p>\t\t\t\t\t\t\t\t<\/div>\n\t\t\t\t<\/div>\n\t\t\t\t<div class=\"elementor-element elementor-element-74af9114 elementor-widget elementor-widget-heading\" data-id=\"74af9114\" data-element_type=\"widget\" data-e-type=\"widget\" id=\"3\" data-widget_type=\"heading.default\">\n\t\t\t\t<div class=\"elementor-widget-container\">\n\t\t\t\t\t<h2 class=\"elementor-heading-title elementor-size-default\"><b>Auswahl der passenden<\/b> Knieprothese:<\/h2>\t\t\t\t<\/div>\n\t\t\t\t<\/div>\n\t\t\t\t<div class=\"elementor-element elementor-element-409e3caa elementor-widget elementor-widget-text-editor\" data-id=\"409e3caa\" data-element_type=\"widget\" data-e-type=\"widget\" data-widget_type=\"text-editor.default\">\n\t\t\t\t<div class=\"elementor-widget-container\">\n\t\t\t\t\t\t\t\t\t<p>\u00a0Die Auswahl einer Knieprothese sollte sorgf\u00e4ltig getroffen werden und den individuellen Gesundheitszustand, Lebensstil und Erwartungen des Patienten ber\u00fccksichtigen. Dies ist ein entscheidender Schritt, um sicherzustellen, dass der Patient nach der Operation die besten Ergebnisse erh\u00e4lt.<\/p><p><strong>Individueller Gesundheitszustand<\/strong>: Der erste Schritt bei der Auswahl einer Knieprothese ist die Beurteilung des allgemeinen Gesundheitszustands des Patienten. Faktoren wie Alter, Gewicht und allgemeine Gesundheitsgeschichte des Patienten spielen eine wichtige Rolle bei der Bestimmung der geeigneten Prothese.<\/p><p><strong>Mobilit\u00e4t und Aktivit\u00e4tsgrad<\/strong>: Wie aktiv der Patient in seinem t\u00e4glichen Leben ist und welche Aktivit\u00e4ten er ausf\u00fchren m\u00f6chte, beeinflusst die Auswahl der geeigneten Knieprothese. Beispielsweise k\u00f6nnen speziell entwickelte Prothesen f\u00fcr eine Person, die Sport treibt, besser geeignet sein.<\/p><p><strong>Designtechnologie:<\/strong> Die heutigen technologischen Entwicklungen bieten verschiedene Optionen f\u00fcr die Gestaltung von Knieprothesen. Innovative Materialien, leichte Strukturen und nat\u00fcrlichere Bewegungsm\u00f6glichkeiten erm\u00f6glichen den Patienten einen angenehmeren Genesungsprozess. Wichtig ist jedoch, dass die verwendete Prothese eine gute Haftung am Knochen hat und langlebig ist.<\/p><p><strong>Patientenzufriedenheit und Feedback<\/strong>: Die Erfahrungen und R\u00fcckmeldungen von Patienten, die sich bereits einer \u00e4hnlichen Operation unterzogen haben, sind eine wichtige Ressource bei der Auswahl der geeigneten Knieprothese. Diese Informationen k\u00f6nnen dem Patienten helfen, seine Erwartungen besser zu verstehen und die richtigen Entscheidungen zu treffen.<\/p><p><strong>Fachwissen des Chirurgen<\/strong>: Auch die Erfahrung und das Fachwissen des Chirurgen, der die Knieprothesenoperation durchf\u00fchrt, sind von gro\u00dfer Bedeutung. Die richtige Einsch\u00e4tzung des Zustands des Patienten durch den Chirurgen und die Auswahl der geeigneten Prothese sind der Schl\u00fcssel zu einer erfolgreichen Operation.<\/p><p>Die Wahl der passenden Knieprothese kann die Lebensqualit\u00e4t des Patienten verbessern und den postoperativen Komfort maximieren. Die MSM Klinik bewertet alle Voraussetzungen f\u00fcr eine erfolgreiche Prothesenauswahl, indem sie gemeinsam mit ihrem Expertenteam und medizinischen Fachkr\u00e4ften die notwendigen Risikobewertungen durchf\u00fchrt.<\/p>\t\t\t\t\t\t\t\t<\/div>\n\t\t\t\t<\/div>\n\t\t\t\t<div class=\"elementor-element elementor-element-23f96538 elementor-widget elementor-widget-heading\" data-id=\"23f96538\" data-element_type=\"widget\" data-e-type=\"widget\" id=\"4\" data-widget_type=\"heading.default\">\n\t\t\t\t<div class=\"elementor-widget-container\">\n\t\t\t\t\t<h2 class=\"elementor-heading-title elementor-size-default\"><b>Knieersatzoperation<\/b><\/h2>\t\t\t\t<\/div>\n\t\t\t\t<\/div>\n\t\t\t\t<div class=\"elementor-element elementor-element-392c53b8 elementor-widget elementor-widget-text-editor\" data-id=\"392c53b8\" data-element_type=\"widget\" data-e-type=\"widget\" data-widget_type=\"text-editor.default\">\n\t\t\t\t<div class=\"elementor-widget-container\">\n\t\t\t\t\t\t\t\t\t<p>Die MSM klinik zeichnet sich als Gesundheitszentrum aus, das seinen Patienten mit Kniegelenkersatzoperationen Bewegungsfreiheit und ein schmerzfreies Leben verspricht. Die Klinik ist mit modernster chirurgischer Ausr\u00fcstung ausgestattet und verf\u00fcgt \u00fcber eine Abteilung, die von erfahrenen orthop\u00e4dischen Chirurgen geleitet wird.<\/p><p>Eine Kniegelenkersatzoperation wird in der Regel durchgef\u00fchrt, um Sch\u00e4den am Kniegelenk zu reparieren und die Lebensqualit\u00e4t des Patienten zu verbessern. In der MSM Klinik werden diese Operationen mit einem personalisierten Ansatz geplant, der sich auf die individuellen Bed\u00fcrfnisse des Patienten konzentriert. Vorab wird eine detaillierte Beurteilung durchgef\u00fchrt und unsere Experten erstellen einen Behandlungsplan, um den Zustand des Patienten bestm\u00f6glich zu verstehen und die besten postoperativen Ergebnisse zu erzielen.<\/p><p>Ziel der MSM-Klinik ist es, durch den Einsatz modernster chirurgischer Ger\u00e4te und Materialien bei Kniegelenkersatzoperationen Ergebnisse zu erzielen, die der nat\u00fcrlichen Kniebewegung des Patienten am n\u00e4chsten kommen. In der postoperativen Phase wird von unseren in der Klinik t\u00e4tigen Physiotherapeuten ein Rehabilitationsprogramm durchgef\u00fchrt. Dieses Programm hilft dem Patienten, sich an die Prothese zu gew\u00f6hnen, Muskelkraft wiederherzustellen und zu t\u00e4glichen Aktivit\u00e4ten zur\u00fcckzukehren.<\/p>\t\t\t\t\t\t\t\t<\/div>\n\t\t\t\t<\/div>\n\t\t\t\t<div class=\"elementor-element elementor-element-517810ef elementor-widget elementor-widget-heading\" data-id=\"517810ef\" data-element_type=\"widget\" data-e-type=\"widget\" id=\"5\" data-widget_type=\"heading.default\">\n\t\t\t\t<div class=\"elementor-widget-container\">\n\t\t\t\t\t<h2 class=\"elementor-heading-title elementor-size-default\"><b>Genesungsprozess nach einer <\/b>Knieersatzoperation<\/h2>\t\t\t\t<\/div>\n\t\t\t\t<\/div>\n\t\t\t\t<div class=\"elementor-element elementor-element-875987e elementor-widget elementor-widget-text-editor\" data-id=\"875987e\" data-element_type=\"widget\" data-e-type=\"widget\" data-widget_type=\"text-editor.default\">\n\t\t\t\t<div class=\"elementor-widget-container\">\n\t\t\t\t\t\t\t\t\t<p>Ein erfolgreicher Genesungsprozess nach einer Kniegelenkersatzoperation erfordert Geduld, regelm\u00e4\u00dfige Rehabilitation und fachm\u00e4nnische Nachsorge.<\/p><p>Die ersten Tage nach der Operation werden in der Regel im Krankenhaus verbracht. W\u00e4hrend dieser Zeit kann der Patient nach Untersuchung des Operationsgebiets und Beurteilung des allgemeinen Gesundheitszustands entlassen werden. Nach der R\u00fcckkehr nach Hause wird der Heilungsprozess noch wichtiger.<\/p><p>Die Rehabilitation ist eine kritische Phase der Kniegelenkersatzoperation. Physiotherapeuten entwickeln spezielle \u00dcbungsprogramme, um die Beweglichkeit des Patienten zu erh\u00f6hen und das Kniegelenk zu st\u00e4rken. Diese Programme sind darauf zugeschnitten, die Muskelkraft wiederherzustellen, Ungleichgewichte zu korrigieren und die R\u00fcckkehr zu t\u00e4glichen Aktivit\u00e4ten zu erleichtern.<\/p><p>In den ersten Wochen sind die Patienten im Allgemeinen Sie bewegen sich mit einer Gehhilfe (Gehhilfe, Gehstock, Kr\u00fccken) fort. Von Zeit zu Zeit werden sie unter Anleitung des Arztes und Physiotherapeuten Besitzer dieser Hilfsmittel. Allerdings ist seine Genesungsrate unterschiedlich und Geduld ist wichtig.<\/p><p>Die Schmerzbehandlung ist ein wichtiger Teil des Heilungsprozesses. Um sicherzustellen, dass Sie die notwendigen Informationen erhalten, erhalten Sie \u00e4rztlichen Rat. Dies tr\u00e4gt zu einem dauerhaften Heilungsprozess bei.<\/p><p>Ein Wiederherstellungsprozess dieses Schutzes wird durch regelm\u00e4\u00dfige Kontrollen und Nachuntersuchungen unterst\u00fctzt. Es \u00fcberwacht den Fortschritt des Chirurgen und der Behandlungsausr\u00fcstung, identifiziert m\u00f6gliche Komplikationen und optimiert den Heilungsprozess.<\/p><p>Daher h\u00e4ngt ein erfolgreicher Genesungsprozess nach einer Kniegelenkersatzoperation davon ab, dass der Patient und das Gesundheitsteam kooperativ, organisiert und geduldig sind. Ein guter Genesungsprozess erm\u00f6glicht dem Patienten ein aktiveres und schmerzfreies Leben.<\/p>\t\t\t\t\t\t\t\t<\/div>\n\t\t\t\t<\/div>\n\t\t\t\t\t<\/div>\n\t\t\t\t<\/div>\n\t\t\t\t<\/div>\n\t\t","protected":false},"excerpt":{"rendered":"<p>Die MSM Klinik bietet eine schnelle Genesung bei Knieprothesen mit medizinischen L\u00f6sungen, individueller Behandlung und modernster Ausr\u00fcstung. Was ist eine Knieprothese? Wann ist eine Knieprothese n\u00f6tig? Auswahl der passenden Knieprothese: Knieersatzoperation Genesungsprozess nach einer Knieersatzoperation Was ist eine Knieprothese? Eine Knieprothese ist ein medizinisches k\u00fcnstlichen Ersatz zur L\u00f6sung von Kniegelenksproblemen. Es wurde entwickelt, um Probleme [&hellip;]<\/p>\n","protected":false},"author":1,"featured_media":0,"parent":0,"menu_order":0,"comment_status":"closed","ping_status":"closed","template":"","meta":{"footnotes":""},"class_list":["post-6953","page","type-page","status-publish","hentry"],"_links":{"self":[{"href":"https:\/\/msmklinik.com.tr\/de\/wp-json\/wp\/v2\/pages\/6953","targetHints":{"allow":["GET"]}}],"collection":[{"href":"https:\/\/msmklinik.com.tr\/de\/wp-json\/wp\/v2\/pages"}],"about":[{"href":"https:\/\/msmklinik.com.tr\/de\/wp-json\/wp\/v2\/types\/page"}],"author":[{"embeddable":true,"href":"https:\/\/msmklinik.com.tr\/de\/wp-json\/wp\/v2\/users\/1"}],"replies":[{"embeddable":true,"href":"https:\/\/msmklinik.com.tr\/de\/wp-json\/wp\/v2\/comments?post=6953"}],"version-history":[{"count":7,"href":"https:\/\/msmklinik.com.tr\/de\/wp-json\/wp\/v2\/pages\/6953\/revisions"}],"predecessor-version":[{"id":11688,"href":"https:\/\/msmklinik.com.tr\/de\/wp-json\/wp\/v2\/pages\/6953\/revisions\/11688"}],"wp:attachment":[{"href":"https:\/\/msmklinik.com.tr\/de\/wp-json\/wp\/v2\/media?parent=6953"}],"curies":[{"name":"wp","href":"https:\/\/api.w.org\/{rel}","templated":true}]}}