{"id":7165,"date":"2023-05-01T10:32:19","date_gmt":"2023-05-01T10:32:19","guid":{"rendered":"https:\/\/msmklinik.com.tr\/?page_id=7165"},"modified":"2024-01-11T12:39:07","modified_gmt":"2024-01-11T12:39:07","slug":"datenschutzrichtlinie","status":"publish","type":"page","link":"https:\/\/msmklinik.com.tr\/de\/datenschutzrichtlinie\/","title":{"rendered":"Datenschutzrichtlinie"},"content":{"rendered":"\n<p>Ihre Sicherheit ist uns wichtig. Daher werden die personenbezogenen Daten, die Sie uns mitteilen, sorgf\u00e4ltig gesch\u00fctzt.<\/p>\n\n\n\n<p>Als MSM Clinic legen wir als Datenverantwortlicher im Rahmen dieser Datenschutz- und Datenschutzerkl\u00e4rung fest, welche Ihrer personenbezogenen Daten verarbeitet werden, zu welchem \u200b\u200bZweck, mit wem und warum die verarbeiteten Daten weitergegeben werden k\u00f6nnen, unsere Datenverarbeitungsmethode und die gesetzlichen Bestimmungen . Begr\u00fcndungen; Unser Ziel ist es, Sie \u00fcber Ihre Rechte bez\u00fcglich der von uns \u00fcber Sie verarbeiteten Daten zu informieren.<\/p>\n\n\n\n<h3 class=\"wp-block-heading\" id=\"h-ihre-erfassten-personenbezogenen-daten-erhebungsmethode-und-rechtsgrund\">Ihre erfassten personenbezogenen Daten, Erhebungsmethode und Rechtsgrund<\/h3>\n\n\n\n<p>Ihre IP-Adresse und Benutzeragenteninformationen werden nur f\u00fcr Analysezwecke und Cookies usw. verwendet. werden f\u00fcr diese Zwecke verwendet. Die Verarbeitung erfolgt auf Grundlage der Verarbeitung berechtigter Interessen im Rahmen der Dienstleistung und des Vertragsverh\u00e4ltnisses zwischen uns durch Technologien, automatische oder nichtautomatische Verfahren und teilweise Erhebung, Aufzeichnung, Speicherung und Aktualisierung durch Dritte: wie Analyseanbieter, Werbenetzwerke, Suchinformationsanbieter, Technologieanbieter. .<\/p>\n\n\n\n<h3 class=\"wp-block-heading\" id=\"h-zweck-der-verarbeitung-ihrer-personenbezogenen-daten\">Zweck der Verarbeitung Ihrer personenbezogenen Daten<\/h3>\n\n\n\n<p>Der Zugriff auf die von Ihnen bereitgestellten personenbezogenen Daten erfolgt ausschlie\u00dflich durch Analyse; Um den Bed\u00fcrfnissen der von uns angebotenen Dienstleistungen bestm\u00f6glich gerecht zu werden, um sicherzustellen, dass diese Dienstleistungen f\u00fcr Sie zug\u00e4nglich sind und Sie sie in vollem Umfang nutzen k\u00f6nnen, um unsere Dienstleistungen bedarfsgerecht weiterzuentwickeln und anzubieten diese an Sie weiterzugeben, sie im gesetzlichen Rahmen als umfassendere Dienstleister zu benennen und den sich aus dem Gesetz ergebenden Verpflichtungen nachzukommen (personenbezogene Daten k\u00f6nnen auf Anfrage an Justiz- und Verwaltungsbeh\u00f6rden weitergegeben werden). Zur Erf\u00fcllung der Anforderungen werden diese w\u00e4hrend der gesamten Vertrags- und Leistungsdauer zielgerichtet und verh\u00e4ltnism\u00e4\u00dfig aufbereitet und aktualisiert..<\/p>\n\n\n\n<h3 class=\"wp-block-heading\" id=\"h-an-wen-und-zu-welchen-zwecken-konnen-erhobene-personenbezogene-daten-ubermittelt-werden\">An wen und zu welchen Zwecken k\u00f6nnen erhobene personenbezogene Daten \u00fcbermittelt werden?<\/h3>\n\n\n\n<p>Ihre pers\u00f6nlichen Daten, die Sie uns zur Verf\u00fcgung stellen; Eine \u00dcbermittlung ist m\u00f6glich an in- und ausl\u00e4ndische Dritte, Institutionen und Organisationen sowie Justiz- und Verwaltungsbeh\u00f6rden, von denen wir Leistungen beziehen und\/oder erbringen, mit denen wir in einem Vertragsverh\u00e4ltnis stehen und mit denen wir zur Aus\u00fcbung unserer T\u00e4tigkeit zusammenarbeiten. Auf Wunsch werden die erforderlichen technischen und administrativen Ma\u00dfnahmen ergriffen.<\/p>\n\n\n\n<h3 class=\"wp-block-heading\" id=\"h-ihre-rechte-als-person-deren-personenbezogene-daten-verarbeitet-werden\">Ihre Rechte als Person, deren personenbezogene Daten verarbeitet werden<\/h3>\n\n\n\n<p>Gem\u00e4\u00df Artikel 11 KVKK kann jeder folgende Rechte aus\u00fcben, indem er sich an den Verantwortlichen wendet:<\/p>\n\n\n\n<p>Erfahren Sie, ob personenbezogene Daten verarbeitet werden oder nicht,<\/p>\n\n\n\n<p>Auskunft verlangen, wenn personenbezogene Daten verarbeitet wurden,<\/p>\n\n\n\n<p>Informieren Sie sich \u00fcber den Zweck der Verarbeitung personenbezogener Daten und dar\u00fcber, ob diese zweckgem\u00e4\u00df verwendet werden.<\/p>\n\n\n\n<p>Kenntnis der Dritten, an die personenbezogene Daten im In- oder Ausland \u00fcbermittelt werden,<\/p>\n\n\n\n<p>Aufforderung zur Berichtigung personenbezogener Daten, wenn diese unvollst\u00e4ndig oder fehlerhaft verarbeitet sind,<\/p>\n\n\n\n<h3 class=\"wp-block-heading\" id=\"h-anfordern-der-loschung-oder-vernichtung-personenbezogener-daten\">Anfordern der L\u00f6schung oder Vernichtung personenbezogener Daten,<\/h3>\n\n\n\n<p>Zu verlangen, dass die gem\u00e4\u00df den Abs\u00e4tzen (e) und (f) durchgef\u00fchrten Transaktionen an Dritte weitergegeben werden, an die personenbezogene Daten \u00fcbermittelt werden,<\/p>\n\n\n\n<p>Einspruch gegen die Entstehung eines f\u00fcr den Einzelnen ung\u00fcnstigen Ergebnisses durch die Analyse der verarbeiteten Daten ausschlie\u00dflich durch automatische Systeme einzulegen,<\/p>\n\n\n\n<p>Wenn Ihnen durch eine rechtswidrige Verarbeitung personenbezogener Daten ein Schaden entsteht, haben Sie das Recht, Ersatz des Schadens zu verlangen.<\/p>\n\n\n\n<p>Um Ihre oben aufgef\u00fchrten Rechte auszu\u00fcben, k\u00f6nnen Sie uns unter <a href=\"mailto:kvkk@msmklinik.com.tr\">kvkk@msmklinik.com.tr<\/a><\/p>\n\n\n\n<p>Kontaktieren.<\/p>\n\n\n\n<h3 class=\"wp-block-heading\" id=\"h-kommunikation\">Kommunikation<\/h3>\n\n\n\n<p>Es steht Ihnen v\u00f6llig frei, die Verarbeitung nur Ihrer notwendigen personenbezogenen Daten gem\u00e4\u00df dieser Datenschutz- und Verarbeitungsrichtlinie f\u00fcr personenbezogene Daten zu akzeptieren oder abzulehnen, um Analysen durchzuf\u00fchren und Ihnen Dienstleistungen bereitzustellen. Wenn Sie die Website weiterhin nutzen, gehen wir davon aus, dass Sie dies akzeptieren. F\u00fcr detailliertere Informationen kontaktieren Sie uns bitte unter <a href=\"mailto:kvkk@msmklinik.com.tr\">kvkk@msmklinik.com.tr<\/a><\/p>\n","protected":false},"excerpt":{"rendered":"<p>Ihre Sicherheit ist uns wichtig. Daher werden die personenbezogenen Daten, die Sie uns mitteilen, sorgf\u00e4ltig gesch\u00fctzt. Als MSM Clinic legen wir als Datenverantwortlicher im Rahmen dieser Datenschutz- und Datenschutzerkl\u00e4rung fest, welche Ihrer personenbezogenen Daten verarbeitet werden, zu welchem \u200b\u200bZweck, mit wem und warum die verarbeiteten Daten weitergegeben werden k\u00f6nnen, unsere Datenverarbeitungsmethode und die gesetzlichen Bestimmungen [&hellip;]<\/p>\n","protected":false},"author":1,"featured_media":0,"parent":0,"menu_order":0,"comment_status":"closed","ping_status":"open","template":"","meta":{"footnotes":""},"class_list":["post-7165","page","type-page","status-publish","hentry"],"_links":{"self":[{"href":"https:\/\/msmklinik.com.tr\/de\/wp-json\/wp\/v2\/pages\/7165","targetHints":{"allow":["GET"]}}],"collection":[{"href":"https:\/\/msmklinik.com.tr\/de\/wp-json\/wp\/v2\/pages"}],"about":[{"href":"https:\/\/msmklinik.com.tr\/de\/wp-json\/wp\/v2\/types\/page"}],"author":[{"embeddable":true,"href":"https:\/\/msmklinik.com.tr\/de\/wp-json\/wp\/v2\/users\/1"}],"replies":[{"embeddable":true,"href":"https:\/\/msmklinik.com.tr\/de\/wp-json\/wp\/v2\/comments?post=7165"}],"version-history":[{"count":2,"href":"https:\/\/msmklinik.com.tr\/de\/wp-json\/wp\/v2\/pages\/7165\/revisions"}],"predecessor-version":[{"id":7277,"href":"https:\/\/msmklinik.com.tr\/de\/wp-json\/wp\/v2\/pages\/7165\/revisions\/7277"}],"wp:attachment":[{"href":"https:\/\/msmklinik.com.tr\/de\/wp-json\/wp\/v2\/media?parent=7165"}],"curies":[{"name":"wp","href":"https:\/\/api.w.org\/{rel}","templated":true}]}}