{"id":8326,"date":"2024-03-19T12:49:33","date_gmt":"2024-03-19T09:49:33","guid":{"rendered":"https:\/\/msmklinik.com.tr\/shoulder-injuries-in-athletes\/"},"modified":"2024-03-19T13:37:03","modified_gmt":"2024-03-19T10:37:03","slug":"schulterverletzungen-bei-sportlern","status":"publish","type":"page","link":"https:\/\/msmklinik.com.tr\/de\/schulterverletzungen-bei-sportlern\/","title":{"rendered":"Schulterverletzungen bei Sportlern"},"content":{"rendered":"\t\t<div data-elementor-type=\"wp-page\" data-elementor-id=\"8326\" class=\"elementor elementor-8326 elementor-8280\" data-elementor-post-type=\"page\">\n\t\t\t\t<div class=\"elementor-element elementor-element-1c20db87 e-flex e-con-boxed e-con e-parent\" data-id=\"1c20db87\" data-element_type=\"container\" data-e-type=\"container\">\n\t\t\t\t\t<div class=\"e-con-inner\">\n\t\t\t\t<div class=\"elementor-element elementor-element-3f2b7e1e elementor-icon-list--layout-traditional elementor-list-item-link-full_width elementor-widget elementor-widget-icon-list\" data-id=\"3f2b7e1e\" data-element_type=\"widget\" data-e-type=\"widget\" data-widget_type=\"icon-list.default\">\n\t\t\t\t<div class=\"elementor-widget-container\">\n\t\t\t\t\t\t\t<ul class=\"elementor-icon-list-items\">\n\t\t\t\t\t\t\t<li class=\"elementor-icon-list-item\">\n\t\t\t\t\t\t\t\t\t\t\t<a href=\"#1\">\n\n\t\t\t\t\t\t\t\t\t\t\t\t<span class=\"elementor-icon-list-icon\">\n\t\t\t\t\t\t\t<svg aria-hidden=\"true\" class=\"e-font-icon-svg e-fas-angle-right\" viewBox=\"0 0 256 512\" xmlns=\"http:\/\/www.w3.org\/2000\/svg\"><path d=\"M224.3 273l-136 136c-9.4 9.4-24.6 9.4-33.9 0l-22.6-22.6c-9.4-9.4-9.4-24.6 0-33.9l96.4-96.4-96.4-96.4c-9.4-9.4-9.4-24.6 0-33.9L54.3 103c9.4-9.4 24.6-9.4 33.9 0l136 136c9.5 9.4 9.5 24.6.1 34z\"><\/path><\/svg>\t\t\t\t\t\t<\/span>\n\t\t\t\t\t\t\t\t\t\t<span class=\"elementor-icon-list-text\">Welche Arten Von Schulterverletzungen Gibt Es Bei Sportlern?<\/span>\n\t\t\t\t\t\t\t\t\t\t\t<\/a>\n\t\t\t\t\t\t\t\t\t<\/li>\n\t\t\t\t\t\t\t\t<li class=\"elementor-icon-list-item\">\n\t\t\t\t\t\t\t\t\t\t\t<a href=\"#2\">\n\n\t\t\t\t\t\t\t\t\t\t\t\t<span class=\"elementor-icon-list-icon\">\n\t\t\t\t\t\t\t<svg aria-hidden=\"true\" class=\"e-font-icon-svg e-fas-angle-right\" viewBox=\"0 0 256 512\" xmlns=\"http:\/\/www.w3.org\/2000\/svg\"><path d=\"M224.3 273l-136 136c-9.4 9.4-24.6 9.4-33.9 0l-22.6-22.6c-9.4-9.4-9.4-24.6 0-33.9l96.4-96.4-96.4-96.4c-9.4-9.4-9.4-24.6 0-33.9L54.3 103c9.4-9.4 24.6-9.4 33.9 0l136 136c9.5 9.4 9.5 24.6.1 34z\"><\/path><\/svg>\t\t\t\t\t\t<\/span>\n\t\t\t\t\t\t\t\t\t\t<span class=\"elementor-icon-list-text\">Welche Behandlungsarten Gibt Es F\u00fcr Schulterverletzungen Bei Sportlern?<\/span>\n\t\t\t\t\t\t\t\t\t\t\t<\/a>\n\t\t\t\t\t\t\t\t\t<\/li>\n\t\t\t\t\t\t\t\t<li class=\"elementor-icon-list-item\">\n\t\t\t\t\t\t\t\t\t\t\t<a href=\"#3\">\n\n\t\t\t\t\t\t\t\t\t\t\t\t<span class=\"elementor-icon-list-icon\">\n\t\t\t\t\t\t\t<svg aria-hidden=\"true\" class=\"e-font-icon-svg e-fas-angle-right\" viewBox=\"0 0 256 512\" xmlns=\"http:\/\/www.w3.org\/2000\/svg\"><path d=\"M224.3 273l-136 136c-9.4 9.4-24.6 9.4-33.9 0l-22.6-22.6c-9.4-9.4-9.4-24.6 0-33.9l96.4-96.4-96.4-96.4c-9.4-9.4-9.4-24.6 0-33.9L54.3 103c9.4-9.4 24.6-9.4 33.9 0l136 136c9.5 9.4 9.5 24.6.1 34z\"><\/path><\/svg>\t\t\t\t\t\t<\/span>\n\t\t\t\t\t\t\t\t\t\t<span class=\"elementor-icon-list-text\">Heilungsprozess Von Schulterverletzungen Bei Sportlern<\/span>\n\t\t\t\t\t\t\t\t\t\t\t<\/a>\n\t\t\t\t\t\t\t\t\t<\/li>\n\t\t\t\t\t\t\t\t<li class=\"elementor-icon-list-item\">\n\t\t\t\t\t\t\t\t\t\t\t<a href=\"#4\">\n\n\t\t\t\t\t\t\t\t\t\t\t\t<span class=\"elementor-icon-list-icon\">\n\t\t\t\t\t\t\t<svg aria-hidden=\"true\" class=\"e-font-icon-svg e-fas-angle-right\" viewBox=\"0 0 256 512\" xmlns=\"http:\/\/www.w3.org\/2000\/svg\"><path d=\"M224.3 273l-136 136c-9.4 9.4-24.6 9.4-33.9 0l-22.6-22.6c-9.4-9.4-9.4-24.6 0-33.9l96.4-96.4-96.4-96.4c-9.4-9.4-9.4-24.6 0-33.9L54.3 103c9.4-9.4 24.6-9.4 33.9 0l136 136c9.5 9.4 9.5 24.6.1 34z\"><\/path><\/svg>\t\t\t\t\t\t<\/span>\n\t\t\t\t\t\t\t\t\t\t<span class=\"elementor-icon-list-text\">Welche Vorbeugenden Ma\u00dfnahmen Gibt Es Bei Schulterverletzungen Bei Sportlern?<\/span>\n\t\t\t\t\t\t\t\t\t\t\t<\/a>\n\t\t\t\t\t\t\t\t\t<\/li>\n\t\t\t\t\t\t<\/ul>\n\t\t\t\t\t\t<\/div>\n\t\t\t\t<\/div>\n\t\t\t\t\t<\/div>\n\t\t\t\t<\/div>\n\t\t<div class=\"elementor-element elementor-element-7f155fbe e-flex e-con-boxed e-con e-parent\" data-id=\"7f155fbe\" data-element_type=\"container\" data-e-type=\"container\">\n\t\t\t\t\t<div class=\"e-con-inner\">\n\t\t<div class=\"elementor-element elementor-element-3bfcec5d e-con-full e-flex e-con e-child\" data-id=\"3bfcec5d\" data-element_type=\"container\" data-e-type=\"container\">\n\t\t\t\t<div class=\"elementor-element elementor-element-2ccbcd08 elementor-widget elementor-widget-text-editor\" data-id=\"2ccbcd08\" data-element_type=\"widget\" data-e-type=\"widget\" data-widget_type=\"text-editor.default\">\n\t\t\t\t<div class=\"elementor-widget-container\">\n\t\t\t\t\t\t\t\t\t<p>Schulterverletzungen geh\u00f6ren zu den schwerwiegenden Erkrankungen, die die Leistung von Sportlern beeintr\u00e4chtigen und manchmal ihre Karriere gef\u00e4hrden k\u00f6nnen. Verletzungen an den Schultern von Sportlern k\u00f6nnen auf unterschiedliche Weise auftreten. Sie \u00e4u\u00dfert sich meist durch Symptome wie Schmerzen, eingeschr\u00e4nkte Beweglichkeit und Leistungsverlust. Als MSM-Klinik, als auf die Behandlung von Schulterverletzungen von Sportlern spezialisiertes Team, konzentrieren wir uns auf die Diagnose und Behandlungsmethoden solcher Verletzungen. Schulterverletzungen bei Sportlern k\u00f6nnen in verschiedenen Sportsparten h\u00e4ufig auftreten. Vor allem Kontakt- oder Hochgeschwindigkeitssportarten sind Bereiche, in denen Schulterverletzungen h\u00e4ufig vorkommen.\u00a0<\/p>\t\t\t\t\t\t\t\t<\/div>\n\t\t\t\t<\/div>\n\t\t\t\t<\/div>\n\t\t<div class=\"elementor-element elementor-element-e21f371 e-flex e-con-boxed e-con e-child\" data-id=\"e21f371\" data-element_type=\"container\" data-e-type=\"container\">\n\t\t\t\t\t<div class=\"e-con-inner\">\n\t\t\t\t<div class=\"elementor-element elementor-element-5700880b elementor-widget elementor-widget-image\" data-id=\"5700880b\" data-element_type=\"widget\" data-e-type=\"widget\" data-widget_type=\"image.default\">\n\t\t\t\t<div class=\"elementor-widget-container\">\n\t\t\t\t\t\t\t\t\t\t\t\t\t\t\t<img fetchpriority=\"high\" decoding=\"async\" width=\"800\" height=\"450\" src=\"https:\/\/msmklinik.com.tr\/wp-content\/uploads\/2024\/03\/Omuz-Yaralanmalari-4-1024x576.jpg\" class=\"attachment-large size-large wp-image-8296\" alt=\"Sporcularda Omuz Yaralanmalar\u0131\" srcset=\"https:\/\/msmklinik.com.tr\/wp-content\/uploads\/2024\/03\/Omuz-Yaralanmalari-4-1024x576.jpg 1024w, https:\/\/msmklinik.com.tr\/wp-content\/uploads\/2024\/03\/Omuz-Yaralanmalari-4-300x169.jpg 300w, https:\/\/msmklinik.com.tr\/wp-content\/uploads\/2024\/03\/Omuz-Yaralanmalari-4-768x432.jpg 768w, https:\/\/msmklinik.com.tr\/wp-content\/uploads\/2024\/03\/Omuz-Yaralanmalari-4-1536x864.jpg 1536w, https:\/\/msmklinik.com.tr\/wp-content\/uploads\/2024\/03\/Omuz-Yaralanmalari-4.jpg 1920w\" sizes=\"(max-width: 800px) 100vw, 800px\" \/>\t\t\t\t\t\t\t\t\t\t\t\t\t\t\t<\/div>\n\t\t\t\t<\/div>\n\t\t\t\t\t<\/div>\n\t\t\t\t<\/div>\n\t\t\t\t\t<\/div>\n\t\t\t\t<\/div>\n\t\t<div class=\"elementor-element elementor-element-2222c2d0 e-flex e-con-boxed e-con e-parent\" data-id=\"2222c2d0\" data-element_type=\"container\" data-e-type=\"container\">\n\t\t\t\t\t<div class=\"e-con-inner\">\n\t\t\t\t<div class=\"elementor-element elementor-element-7ae10573 elementor-widget elementor-widget-text-editor\" data-id=\"7ae10573\" data-element_type=\"widget\" data-e-type=\"widget\" data-widget_type=\"text-editor.default\">\n\t\t\t\t<div class=\"elementor-widget-container\">\n\t\t\t\t\t\t\t\t\t<p>Kontaktsportarten wie Fu\u00dfball, Rugby, Hockey, Basketball und Volleyball geh\u00f6ren zu den Sportarten, bei denen Schulterverletzungen aufgrund pl\u00f6tzlicher Wendungen, Kollisionen oder St\u00fcrze h\u00e4ufig sind. Dar\u00fcber hinaus kann es bei Sportarten, bei denen die Schultern h\u00e4ufig beansprucht werden, wie Tennis, Baseball, Skifahren und Schwimmen, zu Schulterverletzungen kommen.<\/p>\t\t\t\t\t\t\t\t<\/div>\n\t\t\t\t<\/div>\n\t\t\t\t\t<\/div>\n\t\t\t\t<\/div>\n\t\t<div class=\"elementor-element elementor-element-420839ae e-flex e-con-boxed e-con e-parent\" data-id=\"420839ae\" data-element_type=\"container\" data-e-type=\"container\">\n\t\t\t\t\t<div class=\"e-con-inner\">\n\t\t\t\t<div class=\"elementor-element elementor-element-20231548 elementor-mobile-align-justify elementor-widget__width-auto elementor-align-left elementor-widget elementor-widget-button\" data-id=\"20231548\" data-element_type=\"widget\" data-e-type=\"widget\" data-widget_type=\"button.default\">\n\t\t\t\t<div class=\"elementor-widget-container\">\n\t\t\t\t\t\t\t\t\t<div class=\"elementor-button-wrapper\">\n\t\t\t\t\t<a class=\"elementor-button elementor-button-link elementor-size-sm\" href=\"#elementor-action%3Aaction%3Dpopup%3Aopen%26settings%3DeyJpZCI6NzA3OCwidG9nZ2xlIjpmYWxzZX0%3D\">\n\t\t\t\t\t\t<span class=\"elementor-button-content-wrapper\">\n\t\t\t\t\t\t\t\t\t<span class=\"elementor-button-text\">Information<\/span>\n\t\t\t\t\t<\/span>\n\t\t\t\t\t<\/a>\n\t\t\t\t<\/div>\n\t\t\t\t\t\t\t\t<\/div>\n\t\t\t\t<\/div>\n\t\t\t\t\t<\/div>\n\t\t\t\t<\/div>\n\t\t<div class=\"elementor-element elementor-element-4d3fe1e5 e-flex e-con-boxed e-con e-parent\" data-id=\"4d3fe1e5\" data-element_type=\"container\" data-e-type=\"container\">\n\t\t\t\t\t<div class=\"e-con-inner\">\n\t\t<div class=\"elementor-element elementor-element-4826faf6 e-flex e-con-boxed e-con e-child\" data-id=\"4826faf6\" data-element_type=\"container\" data-e-type=\"container\">\n\t\t\t\t\t<div class=\"e-con-inner\">\n\t\t\t\t<div class=\"elementor-element elementor-element-5ce2e4d7 elementor-widget elementor-widget-image\" data-id=\"5ce2e4d7\" data-element_type=\"widget\" data-e-type=\"widget\" data-widget_type=\"image.default\">\n\t\t\t\t<div class=\"elementor-widget-container\">\n\t\t\t\t\t\t\t\t\t\t\t\t\t\t\t<img decoding=\"async\" width=\"800\" height=\"450\" src=\"https:\/\/msmklinik.com.tr\/wp-content\/uploads\/2024\/03\/Omuz-Yaralanmalari-1-1024x576.jpg\" class=\"attachment-large size-large wp-image-8284\" alt=\"Sporcularda Omuz Yaralanmalar\u0131\" srcset=\"https:\/\/msmklinik.com.tr\/wp-content\/uploads\/2024\/03\/Omuz-Yaralanmalari-1-1024x576.jpg 1024w, https:\/\/msmklinik.com.tr\/wp-content\/uploads\/2024\/03\/Omuz-Yaralanmalari-1-300x169.jpg 300w, https:\/\/msmklinik.com.tr\/wp-content\/uploads\/2024\/03\/Omuz-Yaralanmalari-1-768x432.jpg 768w, https:\/\/msmklinik.com.tr\/wp-content\/uploads\/2024\/03\/Omuz-Yaralanmalari-1-1536x864.jpg 1536w, https:\/\/msmklinik.com.tr\/wp-content\/uploads\/2024\/03\/Omuz-Yaralanmalari-1.jpg 1905w\" sizes=\"(max-width: 800px) 100vw, 800px\" \/>\t\t\t\t\t\t\t\t\t\t\t\t\t\t\t<\/div>\n\t\t\t\t<\/div>\n\t\t\t\t\t<\/div>\n\t\t\t\t<\/div>\n\t\t<div class=\"elementor-element elementor-element-445f17ea e-con-full e-flex e-con e-child\" data-id=\"445f17ea\" data-element_type=\"container\" data-e-type=\"container\">\n\t\t\t\t<div class=\"elementor-element elementor-element-65b59704 elementor-widget elementor-widget-heading\" data-id=\"65b59704\" data-element_type=\"widget\" data-e-type=\"widget\" id=\"1\" data-widget_type=\"heading.default\">\n\t\t\t\t<div class=\"elementor-widget-container\">\n\t\t\t\t\t<h2 class=\"elementor-heading-title elementor-size-default\">Welche Arten von <b>Schulterverletzungen gibt es bei Sportlern?<\/b><\/h2>\t\t\t\t<\/div>\n\t\t\t\t<\/div>\n\t\t\t\t<div class=\"elementor-element elementor-element-6da6a06f elementor-widget elementor-widget-text-editor\" data-id=\"6da6a06f\" data-element_type=\"widget\" data-e-type=\"widget\" data-widget_type=\"text-editor.default\">\n\t\t\t\t<div class=\"elementor-widget-container\">\n\t\t\t\t\t\t\t\t\t<p><strong><u>Schulterluxation (Luxatio Humeri): <\/u><\/strong>Sie entsteht, wenn sich das Schultergelenk aus seiner normalen Position bewegt. Bei Sportlern besteht bei Kontakt- und Nichtkontaktsportarten das Risiko einer Schulterluxation.<\/p><p><strong><u>Risse der Rotatorenmanschette: <\/u><\/strong>Sie entstehen durch \u00dcberlastung oder Risse in den Sehnen der Rotatorenmanschette. Dies tritt h\u00e4ufig bei Sportlern auf, die sich wiederholende Bewegungen ausf\u00fchren.<\/p>\t\t\t\t\t\t\t\t<\/div>\n\t\t\t\t<\/div>\n\t\t\t\t<\/div>\n\t\t\t\t\t<\/div>\n\t\t\t\t<\/div>\n\t\t<div class=\"elementor-element elementor-element-2c01e143 e-flex e-con-boxed e-con e-parent\" data-id=\"2c01e143\" data-element_type=\"container\" data-e-type=\"container\">\n\t\t\t\t\t<div class=\"e-con-inner\">\n\t\t\t\t<div class=\"elementor-element elementor-element-5d35e10c elementor-widget elementor-widget-text-editor\" data-id=\"5d35e10c\" data-element_type=\"widget\" data-e-type=\"widget\" data-widget_type=\"text-editor.default\">\n\t\t\t\t<div class=\"elementor-widget-container\">\n\t\t\t\t\t\t\t\t\t<p><u><strong>Verletzungen des Akromioklavikulargelenks (AC-Gelenk):<\/strong> <\/u>Verletzungen des AC-Gelenks in der Schulter kommen bei Kontaktsportarten wie Fu\u00dfball, Basketball und Snowboarden h\u00e4ufig vor.<\/p><p><strong><u>Schulterschmerzen und Sehnenentz\u00fcndung: <\/u><\/strong>Entz\u00fcndungen oder Risse in den Schultersehnen k\u00f6nnen Schmerzen und ein Gef\u00fchl eingeschr\u00e4nkter Beweglichkeit in der Schulter des Sportlers verursachen. Diese Situation kommt besonders h\u00e4ufig bei Sportarten vor, bei denen sich wiederholende Bewegungen ausgef\u00fchrt werden.<\/p><p><u><strong>Verletzungen der Schulterkapsel:<\/strong> <\/u>Die Schulterkapsel umfasst die Gewebe und B\u00e4nder, die das Schultergelenk umgeben. Schulterkapselverletzungen bei Sportlern entstehen meist als Folge von \u00dcberanstrengung oder Trauma.<\/p>\t\t\t\t\t\t\t\t<\/div>\n\t\t\t\t<\/div>\n\t\t\t\t<div class=\"elementor-element elementor-element-3f865af4 elementor-mobile-align-justify elementor-widget__width-auto elementor-align-left elementor-widget elementor-widget-button\" data-id=\"3f865af4\" data-element_type=\"widget\" data-e-type=\"widget\" data-widget_type=\"button.default\">\n\t\t\t\t<div class=\"elementor-widget-container\">\n\t\t\t\t\t\t\t\t\t<div class=\"elementor-button-wrapper\">\n\t\t\t\t\t<a class=\"elementor-button elementor-button-link elementor-size-sm\" href=\"#elementor-action%3Aaction%3Dpopup%3Aopen%26settings%3DeyJpZCI6NzA3OCwidG9nZ2xlIjpmYWxzZX0%3D\">\n\t\t\t\t\t\t<span class=\"elementor-button-content-wrapper\">\n\t\t\t\t\t\t\t\t\t<span class=\"elementor-button-text\">Information<\/span>\n\t\t\t\t\t<\/span>\n\t\t\t\t\t<\/a>\n\t\t\t\t<\/div>\n\t\t\t\t\t\t\t\t<\/div>\n\t\t\t\t<\/div>\n\t\t\t\t<div class=\"elementor-element elementor-element-3e87dfcc elementor-widget elementor-widget-heading\" data-id=\"3e87dfcc\" data-element_type=\"widget\" data-e-type=\"widget\" id=\"2\" data-widget_type=\"heading.default\">\n\t\t\t\t<div class=\"elementor-widget-container\">\n\t\t\t\t\t<h2 class=\"elementor-heading-title elementor-size-default\">Welche Behandlungsarten gibt es f\u00fcr <b>Schulterverletzungen bei Sportlern?<\/b><\/h2>\t\t\t\t<\/div>\n\t\t\t\t<\/div>\n\t\t<div class=\"elementor-element elementor-element-18b94956 e-grid e-con-boxed e-con e-child\" data-id=\"18b94956\" data-element_type=\"container\" data-e-type=\"container\">\n\t\t\t\t\t<div class=\"e-con-inner\">\n\t\t\t\t<div class=\"elementor-element elementor-element-4ac26595 elementor-widget elementor-widget-text-editor\" data-id=\"4ac26595\" data-element_type=\"widget\" data-e-type=\"widget\" data-widget_type=\"text-editor.default\">\n\t\t\t\t<div class=\"elementor-widget-container\">\n\t\t\t\t\t\t\t\t\t<p>In der MSM Klinik verfolgen wir einen umfassenden Ansatz zur wirksamen Behandlung von Schulterverletzungen. Der Behandlungsplan wird individuell auf den spezifischen Zustand des Patienten und die Art der Verletzung abgestimmt. Zu den Behandlungsmethoden k\u00f6nnen geh\u00f6ren:<\/p><ul><li><u>Konservative Behandlung: <\/u>Es ist m\u00f6glich, Schulterverletzungen mit Methoden wie Physiotherapie, Trainingsprogrammen, Ruhe und entz\u00fcndungshemmenden Medikamenten zu behandeln. Dar\u00fcber hinaus werden Injektionen (Kollagen, PRP) f\u00fcr den Sportler durchgef\u00fchrt. Diese Methoden sind im Allgemeinen bei leichten bis mittelschweren Verletzungen wirksam.<\/li><li><u>Chirurgischer Eingriff: <\/u>In manchen F\u00e4llen, insbesondere bei schweren Schulterluxationen oder Sehnenrissen, kann ein chirurgischer Eingriff erforderlich sein. Die MSM Klinik f\u00fchrt die chirurgische Behandlung von Schulterverletzungen bei Sportlern mit modernster Ausr\u00fcstung und erfahrenen Chirurgen durch.<\/li><\/ul>\t\t\t\t\t\t\t\t<\/div>\n\t\t\t\t<\/div>\n\t\t\t\t<div class=\"elementor-element elementor-element-3fdf5a22 elementor-widget elementor-widget-image\" data-id=\"3fdf5a22\" data-element_type=\"widget\" data-e-type=\"widget\" data-widget_type=\"image.default\">\n\t\t\t\t<div class=\"elementor-widget-container\">\n\t\t\t\t\t\t\t\t\t\t\t\t\t\t\t<img decoding=\"async\" width=\"800\" height=\"450\" src=\"https:\/\/msmklinik.com.tr\/wp-content\/uploads\/2024\/03\/Omuz-Yaralanmalari-2-1024x576.jpg\" class=\"attachment-large size-large wp-image-8288\" alt=\"Sporcularda Omuz Yaralanmalar\u0131\" srcset=\"https:\/\/msmklinik.com.tr\/wp-content\/uploads\/2024\/03\/Omuz-Yaralanmalari-2-1024x576.jpg 1024w, https:\/\/msmklinik.com.tr\/wp-content\/uploads\/2024\/03\/Omuz-Yaralanmalari-2-300x169.jpg 300w, https:\/\/msmklinik.com.tr\/wp-content\/uploads\/2024\/03\/Omuz-Yaralanmalari-2-768x432.jpg 768w, https:\/\/msmklinik.com.tr\/wp-content\/uploads\/2024\/03\/Omuz-Yaralanmalari-2-1536x864.jpg 1536w, https:\/\/msmklinik.com.tr\/wp-content\/uploads\/2024\/03\/Omuz-Yaralanmalari-2.jpg 1920w\" sizes=\"(max-width: 800px) 100vw, 800px\" \/>\t\t\t\t\t\t\t\t\t\t\t\t\t\t\t<\/div>\n\t\t\t\t<\/div>\n\t\t\t\t\t<\/div>\n\t\t\t\t<\/div>\n\t\t\t\t<div class=\"elementor-element elementor-element-18dfe945 elementor-widget elementor-widget-text-editor\" data-id=\"18dfe945\" data-element_type=\"widget\" data-e-type=\"widget\" data-widget_type=\"text-editor.default\">\n\t\t\t\t<div class=\"elementor-widget-container\">\n\t\t\t\t\t\t\t\t\t<ul><li><u>Rehabilitation: <\/u>Rehabilitation, die einen entscheidenden Teil des Behandlungsprozesses darstellt, ist wichtig, um die Schulter zu st\u00e4rken, ihre Flexibilit\u00e4t zu erh\u00f6hen und den Sportler wieder fit f\u00fcr den Sport zu machen. Die MSM Klinik bietet ein umfassendes Rehabilitationsprogramm an, das von erfahrenen Physiotherapeuten geleitet wird.<\/li><\/ul>\t\t\t\t\t\t\t\t<\/div>\n\t\t\t\t<\/div>\n\t\t\t\t<div class=\"elementor-element elementor-element-555626d2 elementor-mobile-align-justify elementor-widget__width-auto elementor-align-left elementor-widget elementor-widget-button\" data-id=\"555626d2\" data-element_type=\"widget\" data-e-type=\"widget\" data-widget_type=\"button.default\">\n\t\t\t\t<div class=\"elementor-widget-container\">\n\t\t\t\t\t\t\t\t\t<div class=\"elementor-button-wrapper\">\n\t\t\t\t\t<a class=\"elementor-button elementor-button-link elementor-size-sm\" href=\"#elementor-action%3Aaction%3Dpopup%3Aopen%26settings%3DeyJpZCI6NzA3OCwidG9nZ2xlIjpmYWxzZX0%3D\">\n\t\t\t\t\t\t<span class=\"elementor-button-content-wrapper\">\n\t\t\t\t\t\t\t\t\t<span class=\"elementor-button-text\">Information<\/span>\n\t\t\t\t\t<\/span>\n\t\t\t\t\t<\/a>\n\t\t\t\t<\/div>\n\t\t\t\t\t\t\t\t<\/div>\n\t\t\t\t<\/div>\n\t\t\t\t\t<\/div>\n\t\t\t\t<\/div>\n\t\t<div class=\"elementor-element elementor-element-490f9ecb e-flex e-con-boxed e-con e-parent\" data-id=\"490f9ecb\" data-element_type=\"container\" data-e-type=\"container\">\n\t\t\t\t\t<div class=\"e-con-inner\">\n\t\t<div class=\"elementor-element elementor-element-8e3712e e-flex e-con-boxed e-con e-child\" data-id=\"8e3712e\" data-element_type=\"container\" data-e-type=\"container\">\n\t\t\t\t\t<div class=\"e-con-inner\">\n\t\t\t\t<div class=\"elementor-element elementor-element-13cae31d elementor-widget elementor-widget-image\" data-id=\"13cae31d\" data-element_type=\"widget\" data-e-type=\"widget\" data-widget_type=\"image.default\">\n\t\t\t\t<div class=\"elementor-widget-container\">\n\t\t\t\t\t\t\t\t\t\t\t\t\t\t\t<img loading=\"lazy\" decoding=\"async\" width=\"800\" height=\"450\" src=\"https:\/\/msmklinik.com.tr\/wp-content\/uploads\/2024\/03\/Omuz-Yaralanmalari-3-1024x576.jpg\" class=\"attachment-large size-large wp-image-8292\" alt=\"Sporcularda Omuz Yaralanmalar\u0131\" srcset=\"https:\/\/msmklinik.com.tr\/wp-content\/uploads\/2024\/03\/Omuz-Yaralanmalari-3-1024x576.jpg 1024w, https:\/\/msmklinik.com.tr\/wp-content\/uploads\/2024\/03\/Omuz-Yaralanmalari-3-300x169.jpg 300w, https:\/\/msmklinik.com.tr\/wp-content\/uploads\/2024\/03\/Omuz-Yaralanmalari-3-768x432.jpg 768w, https:\/\/msmklinik.com.tr\/wp-content\/uploads\/2024\/03\/Omuz-Yaralanmalari-3-1536x864.jpg 1536w, https:\/\/msmklinik.com.tr\/wp-content\/uploads\/2024\/03\/Omuz-Yaralanmalari-3.jpg 1920w\" sizes=\"(max-width: 800px) 100vw, 800px\" \/>\t\t\t\t\t\t\t\t\t\t\t\t\t\t\t<\/div>\n\t\t\t\t<\/div>\n\t\t\t\t\t<\/div>\n\t\t\t\t<\/div>\n\t\t<div class=\"elementor-element elementor-element-129baf3d e-con-full e-flex e-con e-child\" data-id=\"129baf3d\" data-element_type=\"container\" data-e-type=\"container\">\n\t\t\t\t<div class=\"elementor-element elementor-element-5c023eac elementor-widget elementor-widget-heading\" data-id=\"5c023eac\" data-element_type=\"widget\" data-e-type=\"widget\" id=\"3\" data-widget_type=\"heading.default\">\n\t\t\t\t<div class=\"elementor-widget-container\">\n\t\t\t\t\t<h2 class=\"elementor-heading-title elementor-size-default\">Heilungsprozess von <b>Schulterverletzungen bei Sportlern<\/b><\/h2>\t\t\t\t<\/div>\n\t\t\t\t<\/div>\n\t\t\t\t<div class=\"elementor-element elementor-element-6bd1c5a9 elementor-widget elementor-widget-text-editor\" data-id=\"6bd1c5a9\" data-element_type=\"widget\" data-e-type=\"widget\" data-widget_type=\"text-editor.default\">\n\t\t\t\t<div class=\"elementor-widget-container\">\n\t\t\t\t\t\t\t\t\t<p>Nachdem die Schulterverletzung des Sportlers vollst\u00e4ndig ausgeheilt ist, darf er seine sportlichen Aktivit\u00e4ten kontrolliert wieder aufnehmen. Dieser Prozess ist wichtig, damit die Schulter des Sportlers vollst\u00e4ndig gest\u00e4rkt wird und seine Ausdauer erh\u00f6ht wird. Die MSM-Klinik bietet die n\u00f6tige Unterst\u00fctzung, um dem Sportler eine sichere R\u00fcckkehr zu sportlichen Aktivit\u00e4ten zu erm\u00f6glichen und arbeitet daran, die Leistung des Sportlers durch geeignete Zeitplanung und \u00dcberwachung zu maximieren.<\/p>\t\t\t\t\t\t\t\t<\/div>\n\t\t\t\t<\/div>\n\t\t\t\t<\/div>\n\t\t\t\t\t<\/div>\n\t\t\t\t<\/div>\n\t\t<div class=\"elementor-element elementor-element-6d64f269 e-flex e-con-boxed e-con e-parent\" data-id=\"6d64f269\" data-element_type=\"container\" data-e-type=\"container\">\n\t\t\t\t\t<div class=\"e-con-inner\">\n\t\t\t\t<div class=\"elementor-element elementor-element-97d52c6 elementor-widget elementor-widget-heading\" data-id=\"97d52c6\" data-element_type=\"widget\" data-e-type=\"widget\" id=\"4\" data-widget_type=\"heading.default\">\n\t\t\t\t<div class=\"elementor-widget-container\">\n\t\t\t\t\t<h2 class=\"elementor-heading-title elementor-size-default\">Welche vorbeugenden Ma\u00dfnahmen gibt es bei <b>Schulterverletzungen bei Sportlern?<\/b><\/h2>\t\t\t\t<\/div>\n\t\t\t\t<\/div>\n\t\t\t\t<div class=\"elementor-element elementor-element-7802ef0 elementor-widget elementor-widget-text-editor\" data-id=\"7802ef0\" data-element_type=\"widget\" data-e-type=\"widget\" data-widget_type=\"text-editor.default\">\n\t\t\t\t<div class=\"elementor-widget-container\">\n\t\t\t\t\t\t\t\t\t<p>Eine der wichtigsten M\u00f6glichkeiten, Schulterverletzungen bei Sportlern vorzubeugen, ist der Einsatz geeigneter Techniken und Ausr\u00fcstung. Dar\u00fcber hinaus kann die regelm\u00e4\u00dfige Durchf\u00fchrung von Aufw\u00e4rm- und Abk\u00fchl\u00fcbungen das Verletzungsrisiko verringern, indem die Flexibilit\u00e4t von Muskeln und Sehnen erh\u00f6ht wird. Als MSM-Klinik tragen wir zur Pr\u00e4vention von Schulterverletzungen bei, indem wir spezielle Pr\u00e4ventionsprogramme f\u00fcr Sportler anbieten.<\/p><p>Schulterverletzungen bei Sportlern k\u00f6nnen ein ernstes Problem darstellen, aber diese Verletzungen k\u00f6nnen mit der richtigen Diagnose, Behandlung und Rehabilitation \u00fcberwunden werden. Als MSM-Klinik sind wir stolz darauf, ein Expertenteam und einen umfassenden Behandlungsansatz bieten zu k\u00f6nnen, um die Schultergesundheit von Sportlern zu sch\u00fctzen und ihnen zu helfen, ihre H\u00f6chstleistungen aufrechtzuerhalten.<\/p>\t\t\t\t\t\t\t\t<\/div>\n\t\t\t\t<\/div>\n\t\t\t\t\t<\/div>\n\t\t\t\t<\/div>\n\t\t\t\t<\/div>\n\t\t","protected":false},"excerpt":{"rendered":"<p>Welche Arten Von Schulterverletzungen Gibt Es Bei Sportlern? Welche Behandlungsarten Gibt Es F\u00fcr Schulterverletzungen Bei Sportlern? Heilungsprozess Von Schulterverletzungen Bei Sportlern Welche Vorbeugenden Ma\u00dfnahmen Gibt Es Bei Schulterverletzungen Bei Sportlern? Schulterverletzungen geh\u00f6ren zu den schwerwiegenden Erkrankungen, die die Leistung von Sportlern beeintr\u00e4chtigen und manchmal ihre Karriere gef\u00e4hrden k\u00f6nnen. Verletzungen an den Schultern von Sportlern k\u00f6nnen [&hellip;]<\/p>\n","protected":false},"author":1,"featured_media":8296,"parent":0,"menu_order":0,"comment_status":"closed","ping_status":"closed","template":"","meta":{"footnotes":""},"class_list":["post-8326","page","type-page","status-publish","has-post-thumbnail","hentry"],"_links":{"self":[{"href":"https:\/\/msmklinik.com.tr\/de\/wp-json\/wp\/v2\/pages\/8326","targetHints":{"allow":["GET"]}}],"collection":[{"href":"https:\/\/msmklinik.com.tr\/de\/wp-json\/wp\/v2\/pages"}],"about":[{"href":"https:\/\/msmklinik.com.tr\/de\/wp-json\/wp\/v2\/types\/page"}],"author":[{"embeddable":true,"href":"https:\/\/msmklinik.com.tr\/de\/wp-json\/wp\/v2\/users\/1"}],"replies":[{"embeddable":true,"href":"https:\/\/msmklinik.com.tr\/de\/wp-json\/wp\/v2\/comments?post=8326"}],"version-history":[{"count":10,"href":"https:\/\/msmklinik.com.tr\/de\/wp-json\/wp\/v2\/pages\/8326\/revisions"}],"predecessor-version":[{"id":8347,"href":"https:\/\/msmklinik.com.tr\/de\/wp-json\/wp\/v2\/pages\/8326\/revisions\/8347"}],"wp:featuredmedia":[{"embeddable":true,"href":"https:\/\/msmklinik.com.tr\/de\/wp-json\/wp\/v2\/media\/8296"}],"wp:attachment":[{"href":"https:\/\/msmklinik.com.tr\/de\/wp-json\/wp\/v2\/media?parent=8326"}],"curies":[{"name":"wp","href":"https:\/\/api.w.org\/{rel}","templated":true}]}}