{"id":8915,"date":"2024-04-01T15:26:48","date_gmt":"2024-04-01T12:26:48","guid":{"rendered":"https:\/\/msmklinik.com.tr\/sporcularda-ortopedik-cerrahi-disi-uygulamalar\/"},"modified":"2024-04-01T16:20:20","modified_gmt":"2024-04-01T13:20:20","slug":"nicht-operative-therapie-anwendungen-bei-sportlern","status":"publish","type":"page","link":"https:\/\/msmklinik.com.tr\/de\/nicht-operative-therapie-anwendungen-bei-sportlern\/","title":{"rendered":"Nicht-operative Therapie Anwendungen bei Sportlern"},"content":{"rendered":"\t\t<div data-elementor-type=\"wp-page\" data-elementor-id=\"8915\" class=\"elementor elementor-8915 elementor-8888\" data-elementor-post-type=\"page\">\n\t\t\t\t<div class=\"elementor-element elementor-element-c812f4e e-flex e-con-boxed e-con e-parent\" data-id=\"c812f4e\" data-element_type=\"container\" data-e-type=\"container\">\n\t\t\t\t\t<div class=\"e-con-inner\">\n\t\t\t\t<div class=\"elementor-element elementor-element-7795789f elementor-icon-list--layout-traditional elementor-list-item-link-full_width elementor-widget elementor-widget-icon-list\" data-id=\"7795789f\" data-element_type=\"widget\" data-e-type=\"widget\" data-widget_type=\"icon-list.default\">\n\t\t\t\t<div class=\"elementor-widget-container\">\n\t\t\t\t\t\t\t<ul class=\"elementor-icon-list-items\">\n\t\t\t\t\t\t\t<li class=\"elementor-icon-list-item\">\n\t\t\t\t\t\t\t\t\t\t\t<a href=\"#1\">\n\n\t\t\t\t\t\t\t\t\t\t\t\t<span class=\"elementor-icon-list-icon\">\n\t\t\t\t\t\t\t<svg aria-hidden=\"true\" class=\"e-font-icon-svg e-fas-angle-right\" viewBox=\"0 0 256 512\" xmlns=\"http:\/\/www.w3.org\/2000\/svg\"><path d=\"M224.3 273l-136 136c-9.4 9.4-24.6 9.4-33.9 0l-22.6-22.6c-9.4-9.4-9.4-24.6 0-33.9l96.4-96.4-96.4-96.4c-9.4-9.4-9.4-24.6 0-33.9L54.3 103c9.4-9.4 24.6-9.4 33.9 0l136 136c9.5 9.4 9.5 24.6.1 34z\"><\/path><\/svg>\t\t\t\t\t\t<\/span>\n\t\t\t\t\t\t\t\t\t\t<span class=\"elementor-icon-list-text\">Welche nicht-operative Therapie Anwendungen gibt es f\u00fcr Sportler?<\/span>\n\t\t\t\t\t\t\t\t\t\t\t<\/a>\n\t\t\t\t\t\t\t\t\t<\/li>\n\t\t\t\t\t\t\t\t<li class=\"elementor-icon-list-item\">\n\t\t\t\t\t\t\t\t\t\t\t<a href=\"#2\">\n\n\t\t\t\t\t\t\t\t\t\t\t\t<span class=\"elementor-icon-list-icon\">\n\t\t\t\t\t\t\t<svg aria-hidden=\"true\" class=\"e-font-icon-svg e-fas-angle-right\" viewBox=\"0 0 256 512\" xmlns=\"http:\/\/www.w3.org\/2000\/svg\"><path d=\"M224.3 273l-136 136c-9.4 9.4-24.6 9.4-33.9 0l-22.6-22.6c-9.4-9.4-9.4-24.6 0-33.9l96.4-96.4-96.4-96.4c-9.4-9.4-9.4-24.6 0-33.9L54.3 103c9.4-9.4 24.6-9.4 33.9 0l136 136c9.5 9.4 9.5 24.6.1 34z\"><\/path><\/svg>\t\t\t\t\t\t<\/span>\n\t\t\t\t\t\t\t\t\t\t<span class=\"elementor-icon-list-text\">In welchen Situation werden nicht-operative Therapien bei Sportlern angewendet?<\/span>\n\t\t\t\t\t\t\t\t\t\t\t<\/a>\n\t\t\t\t\t\t\t\t\t<\/li>\n\t\t\t\t\t\t<\/ul>\n\t\t\t\t\t\t<\/div>\n\t\t\t\t<\/div>\n\t\t\t\t\t<\/div>\n\t\t\t\t<\/div>\n\t\t<div class=\"elementor-element elementor-element-4bd6d618 e-flex e-con-boxed e-con e-parent\" data-id=\"4bd6d618\" data-element_type=\"container\" data-e-type=\"container\">\n\t\t\t\t\t<div class=\"e-con-inner\">\n\t\t<div class=\"elementor-element elementor-element-e5bc4f2 e-con-full e-flex e-con e-child\" data-id=\"e5bc4f2\" data-element_type=\"container\" data-e-type=\"container\">\n\t\t\t\t<div class=\"elementor-element elementor-element-22ccbb66 elementor-widget elementor-widget-heading\" data-id=\"22ccbb66\" data-element_type=\"widget\" data-e-type=\"widget\" id=\"1\" data-widget_type=\"heading.default\">\n\t\t\t\t<div class=\"elementor-widget-container\">\n\t\t\t\t\t<h2 class=\"elementor-heading-title elementor-size-default\">Welche nicht-operative Therapie Anwendungen gibt es f\u00fcr Sportler?<\/h2>\t\t\t\t<\/div>\n\t\t\t\t<\/div>\n\t\t\t\t<div class=\"elementor-element elementor-element-1a9c0d0d elementor-widget elementor-widget-text-editor\" data-id=\"1a9c0d0d\" data-element_type=\"widget\" data-e-type=\"widget\" data-widget_type=\"text-editor.default\">\n\t\t\t\t<div class=\"elementor-widget-container\">\n\t\t\t\t\t\t\t\t\t<p>Als MSM-Klinik bieten wir einen effektiven Behandlungsansatz f\u00fcr Sportler mit nicht-operative Therapie Anwendungen. Diese Praktiken erfordern keine Operation und beschleunigen den Genesungsprozess von Sportlern. Hier sind die bei Sportlern h\u00e4ufig eingesetzten mit nicht-operative Therapie Anwendungen und in welchen Situationen sie bevorzugt werden:<\/p><ul><li><strong>Physiotherapie und Rehabilitation bei Sportlern:<\/strong> Physiotherapie und Rehabilitation spielen eine wichtige Rolle bei der Behandlung von Verletzungen, die bei Sportlern auftreten. Mit Methoden wie Muskelst\u00e4rkung, Dehn\u00fcbungen, manueller Therapie und Elektrostimulation wird der Heilungsprozess von Verletzungen beschleunigt und die Leistungsf\u00e4higkeit des Sportlers gesteigert.<\/li><\/ul>\t\t\t\t\t\t\t\t<\/div>\n\t\t\t\t<\/div>\n\t\t\t\t<\/div>\n\t\t<div class=\"elementor-element elementor-element-3a599cff e-flex e-con-boxed e-con e-child\" data-id=\"3a599cff\" data-element_type=\"container\" data-e-type=\"container\">\n\t\t\t\t\t<div class=\"e-con-inner\">\n\t\t\t\t<div class=\"elementor-element elementor-element-40c668f8 elementor-widget elementor-widget-image\" data-id=\"40c668f8\" data-element_type=\"widget\" data-e-type=\"widget\" data-widget_type=\"image.default\">\n\t\t\t\t<div class=\"elementor-widget-container\">\n\t\t\t\t\t\t\t\t\t\t\t\t\t\t\t<img fetchpriority=\"high\" decoding=\"async\" width=\"800\" height=\"538\" src=\"https:\/\/msmklinik.com.tr\/wp-content\/uploads\/2024\/04\/Sporcularda-Ortopedik-Cerrahi-Disi-Uygulamalar-2-1024x688.jpg\" class=\"attachment-large size-large wp-image-8905\" alt=\"Sporcularda Ortopedik Cerrahi D\u0131\u015f\u0131 Uygulamalar\" srcset=\"https:\/\/msmklinik.com.tr\/wp-content\/uploads\/2024\/04\/Sporcularda-Ortopedik-Cerrahi-Disi-Uygulamalar-2-1024x688.jpg.webp 1024w, https:\/\/msmklinik.com.tr\/wp-content\/uploads\/2024\/04\/Sporcularda-Ortopedik-Cerrahi-Disi-Uygulamalar-2-300x201.jpg.webp 300w, https:\/\/msmklinik.com.tr\/wp-content\/uploads\/2024\/04\/Sporcularda-Ortopedik-Cerrahi-Disi-Uygulamalar-2-768x516.jpg.webp 768w, https:\/\/msmklinik.com.tr\/wp-content\/uploads\/2024\/04\/Sporcularda-Ortopedik-Cerrahi-Disi-Uygulamalar-2-1536x1032.jpg.webp 1536w, https:\/\/msmklinik.com.tr\/wp-content\/uploads\/2024\/04\/Sporcularda-Ortopedik-Cerrahi-Disi-Uygulamalar-2.jpg.webp 1608w\" sizes=\"(max-width: 800px) 100vw, 800px\" \/>\t\t\t\t\t\t\t\t\t\t\t\t\t\t\t<\/div>\n\t\t\t\t<\/div>\n\t\t\t\t\t<\/div>\n\t\t\t\t<\/div>\n\t\t\t\t\t<\/div>\n\t\t\t\t<\/div>\n\t\t<div class=\"elementor-element elementor-element-3d5c89ad e-flex e-con-boxed e-con e-parent\" data-id=\"3d5c89ad\" data-element_type=\"container\" data-e-type=\"container\">\n\t\t\t\t\t<div class=\"e-con-inner\">\n\t\t\t\t<div class=\"elementor-element elementor-element-8405335 elementor-widget elementor-widget-text-editor\" data-id=\"8405335\" data-element_type=\"widget\" data-e-type=\"widget\" data-widget_type=\"text-editor.default\">\n\t\t\t\t<div class=\"elementor-widget-container\">\n\t\t\t\t\t\t\t\t\t<ul><li><strong> Medizinische Behandlungen bei Sportlern:<\/strong> Medizinische Behandlungen k\u00f6nnen eingesetzt werden, um Schmerzen zu lindern und Entz\u00fcndungen zu reduzieren. Methoden wie nichtsteroidale entz\u00fcndungshemmende Medikamente (NSAIDs), Steroidinjektionen, PRP-Therapie (Platelet Rich Plasma) und K\u00e4ltewickel helfen bei der Kontrolle von Schmerzen und Entz\u00fcndungen, die bei Sportlern auftreten.<\/li><li><strong> Trainings- und Bewegungsprogramme f\u00fcr Sportler:<\/strong> Angemessene Trainings- und Bewegungsprogramme sind im Rehabilitationsprozess nach einer Verletzung von gro\u00dfer Bedeutung. Diese Therapien richten sich nach der Art und Schwere der Verletzung und f\u00f6rdern die Genesung durch Steigerung der Muskelkraft, Steigerung der Flexibilit\u00e4t und Wiederherstellung der Funktionsf\u00e4higkeit des Sportlers.<\/li><li><strong> Ern\u00e4hrungsberatung f\u00fcr Sportler:<\/strong> Die richtige Ern\u00e4hrung ist f\u00fcr Sportler im Genesungsprozess nach einer Verletzung von gro\u00dfer Bedeutung. Die richtige Ern\u00e4hrung unterst\u00fctzt den Heilungsprozess des K\u00f6rpers, regeneriert das Gewebe und steigert das Energieniveau. Die Ern\u00e4hrungsberatung hilft Sportlern, einen optimalen Ern\u00e4hrungsplan f\u00fcr die Zeit nach einer Verletzung zu erstellen.<\/li><li><strong> Trainingsempfehlungen und Ergonomie Beratung f\u00fcr Sportler:<\/strong> Sportlern k\u00f6nnen geeignete Trainingsempfehlungen und Ergonomie Beratung angeboten werden, um Verletzungen vorzubeugen und ihre Leistung zu steigern. Das Erlernen der richtigen \u00dcbungstechniken und der richtigen Verwendung von Sportger\u00e4ten verringert das Verletzungsrisiko und steigert die Leistungsf\u00e4higkeit des Sportlers.<\/li><\/ul><p>\u00a0<\/p><p>Bei diesen Anwendungen handelt es sich um wirksame Methoden, die bei der Behandlung von Verletzungen, die bei Sportlern auftreten, keinen chirurgischen Eingriff erfordern. Als MSM Klinik arbeiten wir mit unserem Expertenteam zusammen, um den am besten geeigneten Behandlungsplan zu ermitteln und umzusetzen, der den Bed\u00fcrfnissen von Sportlern entspricht. Denken Sie daran, dass\u00a0 nicht-operative Therapie Anwendungen f\u00fcr Sportler wichtig f\u00fcr einen gesunden Genesungsprozess sind. Mit dem richtigen Behandlungsplan stellen wir sicher, dass Sportler so schnell wie m\u00f6glich wieder gesund werden.<\/p>\t\t\t\t\t\t\t\t<\/div>\n\t\t\t\t<\/div>\n\t\t\t\t<div class=\"elementor-element elementor-element-5766d87d elementor-mobile-align-justify elementor-widget__width-auto elementor-align-left elementor-widget elementor-widget-button\" data-id=\"5766d87d\" data-element_type=\"widget\" data-e-type=\"widget\" data-widget_type=\"button.default\">\n\t\t\t\t<div class=\"elementor-widget-container\">\n\t\t\t\t\t\t\t\t\t<div class=\"elementor-button-wrapper\">\n\t\t\t\t\t<a class=\"elementor-button elementor-button-link elementor-size-sm\" href=\"#elementor-action%3Aaction%3Dpopup%3Aopen%26settings%3DeyJpZCI6NzA3OCwidG9nZ2xlIjpmYWxzZX0%3D\">\n\t\t\t\t\t\t<span class=\"elementor-button-content-wrapper\">\n\t\t\t\t\t\t\t\t\t<span class=\"elementor-button-text\">Information<\/span>\n\t\t\t\t\t<\/span>\n\t\t\t\t\t<\/a>\n\t\t\t\t<\/div>\n\t\t\t\t\t\t\t\t<\/div>\n\t\t\t\t<\/div>\n\t\t\t\t<div class=\"elementor-element elementor-element-23e2886e elementor-widget elementor-widget-heading\" data-id=\"23e2886e\" data-element_type=\"widget\" data-e-type=\"widget\" id=\"2\" data-widget_type=\"heading.default\">\n\t\t\t\t<div class=\"elementor-widget-container\">\n\t\t\t\t\t<h2 class=\"elementor-heading-title elementor-size-default\"> In welchen Situation werden nicht-operative Therapien bei Sportlern angewendet?<\/h2>\t\t\t\t<\/div>\n\t\t\t\t<\/div>\n\t\t<div class=\"elementor-element elementor-element-7956240b e-flex e-con-boxed e-con e-child\" data-id=\"7956240b\" data-element_type=\"container\" data-e-type=\"container\">\n\t\t\t\t\t<div class=\"e-con-inner\">\n\t\t\t\t<div class=\"elementor-element elementor-element-44ed8c39 elementor-widget__width-initial elementor-widget elementor-widget-image\" data-id=\"44ed8c39\" data-element_type=\"widget\" data-e-type=\"widget\" data-widget_type=\"image.default\">\n\t\t\t\t<div class=\"elementor-widget-container\">\n\t\t\t\t\t\t\t\t\t\t\t\t\t\t\t<img decoding=\"async\" width=\"800\" height=\"450\" src=\"https:\/\/msmklinik.com.tr\/wp-content\/uploads\/2024\/04\/Sporcularda-Ortopedik-Cerrahi-Disi-Uygulamalar-3-1024x576.jpg\" class=\"attachment-large size-large wp-image-8909\" alt=\"Sporcularda Ortopedik Cerrahi D\u0131\u015f\u0131 Uygulamalar\" srcset=\"https:\/\/msmklinik.com.tr\/wp-content\/uploads\/2024\/04\/Sporcularda-Ortopedik-Cerrahi-Disi-Uygulamalar-3-1024x576.jpg.webp 1024w, https:\/\/msmklinik.com.tr\/wp-content\/uploads\/2024\/04\/Sporcularda-Ortopedik-Cerrahi-Disi-Uygulamalar-3-300x169.jpg.webp 300w, https:\/\/msmklinik.com.tr\/wp-content\/uploads\/2024\/04\/Sporcularda-Ortopedik-Cerrahi-Disi-Uygulamalar-3-768x432.jpg.webp 768w, https:\/\/msmklinik.com.tr\/wp-content\/uploads\/2024\/04\/Sporcularda-Ortopedik-Cerrahi-Disi-Uygulamalar-3-1536x864.jpg.webp 1536w, https:\/\/msmklinik.com.tr\/wp-content\/uploads\/2024\/04\/Sporcularda-Ortopedik-Cerrahi-Disi-Uygulamalar-3.jpg.webp 1920w\" sizes=\"(max-width: 800px) 100vw, 800px\" \/>\t\t\t\t\t\t\t\t\t\t\t\t\t\t\t<\/div>\n\t\t\t\t<\/div>\n\t\t\t\t<div class=\"elementor-element elementor-element-9cc31cb elementor-widget elementor-widget-text-editor\" data-id=\"9cc31cb\" data-element_type=\"widget\" data-e-type=\"widget\" data-widget_type=\"text-editor.default\">\n\t\t\t\t<div class=\"elementor-widget-container\">\n\t\t\t\t\t\t\t\t\t<p>Als MSM-Klinik wissen wir, dass nicht-orthop\u00e4dische chirurgische Eingriffe in verschiedenen Situationen bei Sportlern wirksam sind. Diese Praktiken erfordern keinen chirurgischen Eingriff und beschleunigen den Genesungsprozess von Sportlern. Hier finden Sie eine \u00dcbersicht, welche orthop\u00e4dischen nicht-chirurgischen Eingriffe in welchen Situationen angewendet werden k\u00f6nnen:<\/p><ul><li><strong> Leichte Verletzungen und Schmerzen bei Sportlern:<\/strong> Bei leichten Verletzungen, Verstauchungen, Zerrungen oder Muskelzerrungen, die bei Sportlern h\u00e4ufig vorkommen, werden nicht-operative Therapie Eingriffe bevorzugt. Zu diesen Praktiken geh\u00f6ren medizinische Behandlungen (entz\u00fcndungshemmende Medikamente, Steroidinjektionen), Physiotherapie und Trainingsprogramme.<\/li><\/ul>\t\t\t\t\t\t\t\t<\/div>\n\t\t\t\t<\/div>\n\t\t\t\t\t<\/div>\n\t\t\t\t<\/div>\n\t\t\t\t<div class=\"elementor-element elementor-element-149268da elementor-widget elementor-widget-text-editor\" data-id=\"149268da\" data-element_type=\"widget\" data-e-type=\"widget\" data-widget_type=\"text-editor.default\">\n\t\t\t\t<div class=\"elementor-widget-container\">\n\t\t\t\t\t\t\t\t\t<ul><li><strong> Verletzungen durch \u00dcberbeanspruchung bei Sportlern:<\/strong> Nicht-orthop\u00e4dische chirurgische Eingriffe k\u00f6nnen bei Verletzungen, die Sportler infolge von \u00dcberbeanspruchung erleiden, insbesondere Sehnenentz\u00fcndungen oder Erm\u00fcdungsfrakturen, wirksam sein. In diesen F\u00e4llen wird es mit geeigneten Ruhe-, Physiotherapie- und Rehabilitationsprogrammen behandelt.<\/li><li><strong> Entz\u00fcndliche Erkrankungen bei Sportlern:<\/strong> Entz\u00fcndliche Erkrankungen wie Sehnenentz\u00fcndung, Schleimbeutelentz\u00fcndung oder Peritendonitis k\u00f6nnen mit medizinischen Behandlungen (entz\u00fcndungshemmende Medikamente, PRP-Therapie), Physiotherapie und Trainingsprogrammen behandelt werden. Mit diesen Methoden, die keinen chirurgischen Eingriff erfordern, wird die Entz\u00fcndung kontrolliert und der Heilungsprozess beschleunigt.<\/li><li><strong> Leistungssteigerung und Schutz bei Sportlern:<\/strong> Auch nicht-operative Therapie Eingriffe k\u00f6nnen zur Leistungssteigerung und Reduzierung des Verletzungsrisikos bei Sportlern eingesetzt werden. Diese \u00dcbungen k\u00f6nnen spezielle \u00dcbungsprogramme f\u00fcr den Sportler, Krafttraining, Gleichgewichts- und Koordinations\u00fcbungen umfassen.<\/li><li><strong> Rehabilitation und Verletzungspr\u00e4vention bei Sportlern:<\/strong> nicht-operative Therapie Eingriffe sind wichtig f\u00fcr die Rehabilitation von Verletzungen bei Sportlern und die Pr\u00e4vention k\u00fcnftiger Verletzungen. Physiotherapie, Trainingsprogramme und Ergonomie Beratung k\u00f6nnen eingesetzt werden, um die Gesundheit von Sportlern zu erhalten und ihre Leistung zu verbessern.<\/li><\/ul><p>\u00a0<\/p><p>Als MSM Klinik arbeiten wir mit unserem Expertenteam zusammen, um Situationen zu ermitteln, in denen\u00a0 nicht-operative Therapie Anwendungen f\u00fcr Sportler geeignet sind, und um den effektivsten Behandlungsplan zu erstellen. Indem wir f\u00fcr jeden Sportler einen individuellen Ansatz verfolgen, unterst\u00fctzen wir eine gesunde Genesung und eine gesteigerte Leistung der Sportler.<\/p>\t\t\t\t\t\t\t\t<\/div>\n\t\t\t\t<\/div>\n\t\t\t\t<div class=\"elementor-element elementor-element-459693b0 elementor-mobile-align-justify elementor-widget__width-auto elementor-align-left elementor-widget elementor-widget-button\" data-id=\"459693b0\" data-element_type=\"widget\" data-e-type=\"widget\" data-widget_type=\"button.default\">\n\t\t\t\t<div class=\"elementor-widget-container\">\n\t\t\t\t\t\t\t\t\t<div class=\"elementor-button-wrapper\">\n\t\t\t\t\t<a class=\"elementor-button elementor-button-link elementor-size-sm\" href=\"#elementor-action%3Aaction%3Dpopup%3Aopen%26settings%3DeyJpZCI6NzA3OCwidG9nZ2xlIjpmYWxzZX0%3D\">\n\t\t\t\t\t\t<span class=\"elementor-button-content-wrapper\">\n\t\t\t\t\t\t\t\t\t<span class=\"elementor-button-text\">Information<\/span>\n\t\t\t\t\t<\/span>\n\t\t\t\t\t<\/a>\n\t\t\t\t<\/div>\n\t\t\t\t\t\t\t\t<\/div>\n\t\t\t\t<\/div>\n\t\t\t\t\t<\/div>\n\t\t\t\t<\/div>\n\t\t\t\t<\/div>\n\t\t","protected":false},"excerpt":{"rendered":"<p>Welche nicht-operative Therapie Anwendungen gibt es f\u00fcr Sportler? In welchen Situation werden nicht-operative Therapien bei Sportlern angewendet? Welche nicht-operative Therapie Anwendungen gibt es f\u00fcr Sportler? Als MSM-Klinik bieten wir einen effektiven Behandlungsansatz f\u00fcr Sportler mit nicht-operative Therapie Anwendungen. Diese Praktiken erfordern keine Operation und beschleunigen den Genesungsprozess von Sportlern. Hier sind die bei Sportlern h\u00e4ufig [&hellip;]<\/p>\n","protected":false},"author":1,"featured_media":0,"parent":0,"menu_order":0,"comment_status":"closed","ping_status":"closed","template":"","meta":{"footnotes":""},"class_list":["post-8915","page","type-page","status-publish","hentry"],"_links":{"self":[{"href":"https:\/\/msmklinik.com.tr\/de\/wp-json\/wp\/v2\/pages\/8915","targetHints":{"allow":["GET"]}}],"collection":[{"href":"https:\/\/msmklinik.com.tr\/de\/wp-json\/wp\/v2\/pages"}],"about":[{"href":"https:\/\/msmklinik.com.tr\/de\/wp-json\/wp\/v2\/types\/page"}],"author":[{"embeddable":true,"href":"https:\/\/msmklinik.com.tr\/de\/wp-json\/wp\/v2\/users\/1"}],"replies":[{"embeddable":true,"href":"https:\/\/msmklinik.com.tr\/de\/wp-json\/wp\/v2\/comments?post=8915"}],"version-history":[{"count":10,"href":"https:\/\/msmklinik.com.tr\/de\/wp-json\/wp\/v2\/pages\/8915\/revisions"}],"predecessor-version":[{"id":8930,"href":"https:\/\/msmklinik.com.tr\/de\/wp-json\/wp\/v2\/pages\/8915\/revisions\/8930"}],"wp:attachment":[{"href":"https:\/\/msmklinik.com.tr\/de\/wp-json\/wp\/v2\/media?parent=8915"}],"curies":[{"name":"wp","href":"https:\/\/api.w.org\/{rel}","templated":true}]}}