{"id":9349,"date":"2024-04-17T13:34:04","date_gmt":"2024-04-17T10:34:04","guid":{"rendered":"https:\/\/msmklinik.com.tr\/yetiskinlerde-kalca-cikigi\/"},"modified":"2024-04-17T13:49:29","modified_gmt":"2024-04-17T10:49:29","slug":"huftluxation-bei-erwachsenen","status":"publish","type":"page","link":"https:\/\/msmklinik.com.tr\/de\/huftluxation-bei-erwachsenen\/","title":{"rendered":"H\u00fcftluxation bei Erwachsenen"},"content":{"rendered":"\t\t<div data-elementor-type=\"wp-page\" data-elementor-id=\"9349\" class=\"elementor elementor-9349 elementor-9331\" data-elementor-post-type=\"page\">\n\t\t\t\t<div class=\"elementor-element elementor-element-6c8495cc e-flex e-con-boxed e-con e-parent\" data-id=\"6c8495cc\" data-element_type=\"container\" data-e-type=\"container\">\n\t\t\t\t\t<div class=\"e-con-inner\">\n\t\t\t\t<div class=\"elementor-element elementor-element-6660c91b elementor-icon-list--layout-traditional elementor-list-item-link-full_width elementor-widget elementor-widget-icon-list\" data-id=\"6660c91b\" data-element_type=\"widget\" data-e-type=\"widget\" data-widget_type=\"icon-list.default\">\n\t\t\t\t<div class=\"elementor-widget-container\">\n\t\t\t\t\t\t\t<ul class=\"elementor-icon-list-items\">\n\t\t\t\t\t\t\t<li class=\"elementor-icon-list-item\">\n\t\t\t\t\t\t\t\t\t\t\t<a href=\"#1\">\n\n\t\t\t\t\t\t\t\t\t\t\t\t<span class=\"elementor-icon-list-icon\">\n\t\t\t\t\t\t\t<svg aria-hidden=\"true\" class=\"e-font-icon-svg e-fas-angle-right\" viewBox=\"0 0 256 512\" xmlns=\"http:\/\/www.w3.org\/2000\/svg\"><path d=\"M224.3 273l-136 136c-9.4 9.4-24.6 9.4-33.9 0l-22.6-22.6c-9.4-9.4-9.4-24.6 0-33.9l96.4-96.4-96.4-96.4c-9.4-9.4-9.4-24.6 0-33.9L54.3 103c9.4-9.4 24.6-9.4 33.9 0l136 136c9.5 9.4 9.5 24.6.1 34z\"><\/path><\/svg>\t\t\t\t\t\t<\/span>\n\t\t\t\t\t\t\t\t\t\t<span class=\"elementor-icon-list-text\">Was Ist Eine H\u00fcftluxation Bei Erwachsenen?<\/span>\n\t\t\t\t\t\t\t\t\t\t\t<\/a>\n\t\t\t\t\t\t\t\t\t<\/li>\n\t\t\t\t\t\t\t\t<li class=\"elementor-icon-list-item\">\n\t\t\t\t\t\t\t\t\t\t\t<a href=\"#2\">\n\n\t\t\t\t\t\t\t\t\t\t\t\t<span class=\"elementor-icon-list-icon\">\n\t\t\t\t\t\t\t<svg aria-hidden=\"true\" class=\"e-font-icon-svg e-fas-angle-right\" viewBox=\"0 0 256 512\" xmlns=\"http:\/\/www.w3.org\/2000\/svg\"><path d=\"M224.3 273l-136 136c-9.4 9.4-24.6 9.4-33.9 0l-22.6-22.6c-9.4-9.4-9.4-24.6 0-33.9l96.4-96.4-96.4-96.4c-9.4-9.4-9.4-24.6 0-33.9L54.3 103c9.4-9.4 24.6-9.4 33.9 0l136 136c9.5 9.4 9.5 24.6.1 34z\"><\/path><\/svg>\t\t\t\t\t\t<\/span>\n\t\t\t\t\t\t\t\t\t\t<span class=\"elementor-icon-list-text\">Was Sind Die Symptome Einer H\u00fcftluxation Bei Erwachsenen?<\/span>\n\t\t\t\t\t\t\t\t\t\t\t<\/a>\n\t\t\t\t\t\t\t\t\t<\/li>\n\t\t\t\t\t\t\t\t<li class=\"elementor-icon-list-item\">\n\t\t\t\t\t\t\t\t\t\t\t<a href=\"#3\">\n\n\t\t\t\t\t\t\t\t\t\t\t\t<span class=\"elementor-icon-list-icon\">\n\t\t\t\t\t\t\t<svg aria-hidden=\"true\" class=\"e-font-icon-svg e-fas-angle-right\" viewBox=\"0 0 256 512\" xmlns=\"http:\/\/www.w3.org\/2000\/svg\"><path d=\"M224.3 273l-136 136c-9.4 9.4-24.6 9.4-33.9 0l-22.6-22.6c-9.4-9.4-9.4-24.6 0-33.9l96.4-96.4-96.4-96.4c-9.4-9.4-9.4-24.6 0-33.9L54.3 103c9.4-9.4 24.6-9.4 33.9 0l136 136c9.5 9.4 9.5 24.6.1 34z\"><\/path><\/svg>\t\t\t\t\t\t<\/span>\n\t\t\t\t\t\t\t\t\t\t<span class=\"elementor-icon-list-text\">Wie Diagnostiziert Man Eine H\u00fcftluxation Bei Erwachsenen?<\/span>\n\t\t\t\t\t\t\t\t\t\t\t<\/a>\n\t\t\t\t\t\t\t\t\t<\/li>\n\t\t\t\t\t\t\t\t<li class=\"elementor-icon-list-item\">\n\t\t\t\t\t\t\t\t\t\t\t<a href=\"#4\">\n\n\t\t\t\t\t\t\t\t\t\t\t\t<span class=\"elementor-icon-list-icon\">\n\t\t\t\t\t\t\t<svg aria-hidden=\"true\" class=\"e-font-icon-svg e-fas-angle-right\" viewBox=\"0 0 256 512\" xmlns=\"http:\/\/www.w3.org\/2000\/svg\"><path d=\"M224.3 273l-136 136c-9.4 9.4-24.6 9.4-33.9 0l-22.6-22.6c-9.4-9.4-9.4-24.6 0-33.9l96.4-96.4-96.4-96.4c-9.4-9.4-9.4-24.6 0-33.9L54.3 103c9.4-9.4 24.6-9.4 33.9 0l136 136c9.5 9.4 9.5 24.6.1 34z\"><\/path><\/svg>\t\t\t\t\t\t<\/span>\n\t\t\t\t\t\t\t\t\t\t<span class=\"elementor-icon-list-text\">Behandlung Von H\u00fcftluxationen Bei Erwachsenen<\/span>\n\t\t\t\t\t\t\t\t\t\t\t<\/a>\n\t\t\t\t\t\t\t\t\t<\/li>\n\t\t\t\t\t\t<\/ul>\n\t\t\t\t\t\t<\/div>\n\t\t\t\t<\/div>\n\t\t\t\t\t<\/div>\n\t\t\t\t<\/div>\n\t\t<div class=\"elementor-element elementor-element-4b4be95e e-flex e-con-boxed e-con e-parent\" data-id=\"4b4be95e\" data-element_type=\"container\" data-e-type=\"container\">\n\t\t\t\t\t<div class=\"e-con-inner\">\n\t\t\t\t<div class=\"elementor-element elementor-element-28b4f5d6 elementor-widget elementor-widget-heading\" data-id=\"28b4f5d6\" data-element_type=\"widget\" data-e-type=\"widget\" id=\"1\" data-widget_type=\"heading.default\">\n\t\t\t\t<div class=\"elementor-widget-container\">\n\t\t\t\t\t<h2 class=\"elementor-heading-title elementor-size-default\">Was ist eine H\u00fcftluxation bei Erwachsenen?<\/h2>\t\t\t\t<\/div>\n\t\t\t\t<\/div>\n\t\t\t\t<div class=\"elementor-element elementor-element-3c64d5e9 elementor-widget elementor-widget-text-editor\" data-id=\"3c64d5e9\" data-element_type=\"widget\" data-e-type=\"widget\" data-widget_type=\"text-editor.default\">\n\t\t\t\t<div class=\"elementor-widget-container\">\n\t\t\t\t\t\t\t\t\t<p>Eine H\u00fcftluxation bei Erwachsenen ist eine Erkrankung, bei der der Femurkopf im H\u00fcftgelenk aus dem vom Beckenknochen gebildeten Hohlraum austritt. Akute (pl\u00f6tzliche) H\u00fcftluxationen treten meist als Folge eines Traumas, eines Sturzes oder einer \u00dcberanstrengung auf. Eine akute H\u00fcftluxation ist eine ernste Erkrankung und erfordert m\u00f6glicherweise sofortige \u00e4rztliche Hilfe. Die Behandlung umfasst in der Regel eine Operation und der Rehabilitationsprozess kann langwierig sein. Chronische H\u00fcftluxationen oder im Laufe der Zeit auftretende H\u00fcftluxationen sind meist die Folge angeborener H\u00fcfterkrankungen oder Entwicklungsverz\u00f6gerungen. Es kann die Mobilit\u00e4t einer Person ernsthaft beeintr\u00e4chtigen und langfristige Komplikationen verursachen. Daher sind eine genaue Diagnose und geeignete Behandlungsmethoden wichtig.<\/p>\t\t\t\t\t\t\t\t<\/div>\n\t\t\t\t<\/div>\n\t\t\t\t<div class=\"elementor-element elementor-element-5c1228ed elementor-widget elementor-widget-heading\" data-id=\"5c1228ed\" data-element_type=\"widget\" data-e-type=\"widget\" id=\"2\" data-widget_type=\"heading.default\">\n\t\t\t\t<div class=\"elementor-widget-container\">\n\t\t\t\t\t<h2 class=\"elementor-heading-title elementor-size-default\">Was sind die Symptome einer H\u00fcftluxation bei Erwachsenen?<\/h2>\t\t\t\t<\/div>\n\t\t\t\t<\/div>\n\t\t\t\t<div class=\"elementor-element elementor-element-12a95519 elementor-widget elementor-widget-text-editor\" data-id=\"12a95519\" data-element_type=\"widget\" data-e-type=\"widget\" data-widget_type=\"text-editor.default\">\n\t\t\t\t<div class=\"elementor-widget-container\">\n\t\t\t\t\t\t\t\t\t<p><img fetchpriority=\"high\" decoding=\"async\" class=\"alignright wp-image-7350\" src=\"https:\/\/msmklinik.com.tr\/wp-content\/uploads\/2024\/02\/Kalca-Problemleri-1024x578.jpg\" alt=\"Kal\u00e7a Problemleri\" width=\"500\" height=\"282\" srcset=\"https:\/\/msmklinik.com.tr\/wp-content\/uploads\/2024\/02\/Kalca-Problemleri-1024x578.jpg 1024w, https:\/\/msmklinik.com.tr\/wp-content\/uploads\/2024\/02\/Kalca-Problemleri-300x169.jpg 300w, https:\/\/msmklinik.com.tr\/wp-content\/uploads\/2024\/02\/Kalca-Problemleri-768x433.jpg 768w, https:\/\/msmklinik.com.tr\/wp-content\/uploads\/2024\/02\/Kalca-Problemleri.jpg 1200w\" sizes=\"(max-width: 500px) 100vw, 500px\" \/><\/p><p>In der MSM-Klinik bieten wir ein umfassendes Information\u00a0 der Symptome und Zust\u00e4nde im Zusammenhang mit einer H\u00fcftluxation. Da akute H\u00fcftluxationen in der Regel auf ein Trauma zur\u00fcckzuf\u00fchren sind, kommt es zu starken Schmerzen, Deformationen, Bewegungseinschr\u00e4nkungen und Kurzatmigkeit. Kommt es jedoch zu einer Nervensch\u00e4digung, kommt es zu Taubheitsgef\u00fchlen oder Schw\u00e4chegef\u00fchlen. Bei chronischen vollst\u00e4ndigen Luxationen ist auf beiden Seiten ein ausgepr\u00e4gtes Gangbild zu beobachten, das als \u201eEntengang\u201c bekannt ist. Bei einseitigen Luxationen kann es zu einem Beinl\u00e4ngenunterschied von bis zu 4-6 cm kommen, was mit der Zeit zur Entwicklung einer Skoliose durch Beugung des Beckens f\u00fchren kann. Bei Halbluxationen (Subluxation) sind zun\u00e4chst m\u00f6glicherweise keine Beschwerden zu sp\u00fcren, mit der Zeit k\u00f6nnen jedoch Schmerzen und Bewegungseinschr\u00e4nkungen auftreten. Kinder, die Fu\u00dfball spielen, haben ein hohes Risiko einer H\u00fcftluxation, die Schmerzen treten jedoch aufgrund der Arthritis schleichend auf. Diese Schmerzen strahlen meist von der Leiste und dem Oberschenkel bis zum Knie aus. Im Allgemeinen sind die Symptome:<\/p><ul><li>Schwierigkeiten beim Gehen<\/li><li>Schmerzen in der H\u00fcfte<\/li><li>Schw\u00e4che oder Taubheitsgef\u00fchl in den Beinen<\/li><li>Bewegungseinschr\u00e4nkung in der H\u00fcfte<\/li><li>L\u00e4ngenungleichheit in den Beinen<\/li><\/ul><p>\u00a0<\/p><p>Als MSM-Klinik bieten wir f\u00fcr jeden Patienten mit H\u00fcftluxation einen individuellen Ansatz und erstellen den effektivsten Behandlungsplan, indem wir von der Erfahrung unserer Experten profitieren. Wir k\u00fcmmern uns um Ihre Gesundheit und sind bestrebt, Ihnen die beste Behandlung zu bieten.<\/p>\t\t\t\t\t\t\t\t<\/div>\n\t\t\t\t<\/div>\n\t\t\t\t<div class=\"elementor-element elementor-element-19595428 elementor-widget elementor-widget-heading\" data-id=\"19595428\" data-element_type=\"widget\" data-e-type=\"widget\" id=\"3\" data-widget_type=\"heading.default\">\n\t\t\t\t<div class=\"elementor-widget-container\">\n\t\t\t\t\t<h2 class=\"elementor-heading-title elementor-size-default\">Wie diagnostiziert man eine H\u00fcftluxation bei Erwachsenen?<\/h2>\t\t\t\t<\/div>\n\t\t\t\t<\/div>\n\t\t\t\t<div class=\"elementor-element elementor-element-4ed0d114 elementor-widget elementor-widget-text-editor\" data-id=\"4ed0d114\" data-element_type=\"widget\" data-e-type=\"widget\" data-widget_type=\"text-editor.default\">\n\t\t\t\t<div class=\"elementor-widget-container\">\n\t\t\t\t\t\t\t\t\t<p>Obwohl die Diagnose einer H\u00fcftluxation bei Erwachsenen auf den ersten Blick einfach erscheint, ist sie komplex und f\u00fcr einen geeigneten Behandlungsplan ist eine umfassende Untersuchung erforderlich. Alle Faktoren wie Ganganalyse, wahrgenommene K\u00fcrze, Gelenkbeweglichkeit und Muskelzustand sollten sorgf\u00e4ltig bewertet werden. In F\u00e4llen, in denen Diskrepanzen zwischen den Beweisen und der wahrgenommenen K\u00fcrze bestehen, kann eine pr\u00e4zise Orthorontgenogramm-Untersuchung mit Millimetergenauigkeit erforderlich sein.<\/p><p>Als MSM-Klinik k\u00f6nnen unsere Fach\u00e4rzte zur Diagnose einer H\u00fcftluxation bei Erwachsenen Folgendes durchf\u00fchren:<\/p><ul><li><strong> K\u00f6rperliche Untersuchung:<\/strong> Der Arzt untersucht das H\u00fcftgelenk auf Beweglichkeit und Empfindlichkeit.<\/li><li><strong> R\u00f6ntgen:<\/strong> Wird zur Erstellung eines Bildes des H\u00fcftgelenks verwendet und kann dabei helfen, die Luxation zu erkennen.<\/li><li><strong> Computertomographie (CT):<\/strong> Wird zur Erstellung detaillierterer Bilder des H\u00fcftgelenks verwendet und kann dabei helfen, den Schweregrad der Luxation zu bestimmen.<\/li><li><strong> Magnetresonanztomographie (MRT): <\/strong>Wird zur Erstellung detaillierter Bilder des H\u00fcftgelenks und des umgebenden Gewebes verwendet und kann dabei helfen, die Ursache der Luxation und anderer m\u00f6glicher Sch\u00e4den zu ermitteln.<\/li><\/ul><p>\u00a0<\/p><p>Als MSM-Klinik gehen wir f\u00fcr jeden Patienten individuell vor, stellen die richtige Diagnose und erstellen den effektivsten Behandlungsplan. Wir sind hier, um Ihre Gesundheit zu sch\u00fctzen und die besten Ergebnisse zu erzielen.<\/p>\t\t\t\t\t\t\t\t<\/div>\n\t\t\t\t<\/div>\n\t\t\t\t<div class=\"elementor-element elementor-element-5df61db9 elementor-widget elementor-widget-heading\" data-id=\"5df61db9\" data-element_type=\"widget\" data-e-type=\"widget\" id=\"4\" data-widget_type=\"heading.default\">\n\t\t\t\t<div class=\"elementor-widget-container\">\n\t\t\t\t\t<h2 class=\"elementor-heading-title elementor-size-default\">Behandlung von H\u00fcftluxationen bei Erwachsenen<\/h2>\t\t\t\t<\/div>\n\t\t\t\t<\/div>\n\t\t\t\t<div class=\"elementor-element elementor-element-1eb7fe41 elementor-widget elementor-widget-text-editor\" data-id=\"1eb7fe41\" data-element_type=\"widget\" data-e-type=\"widget\" data-widget_type=\"text-editor.default\">\n\t\t\t\t<div class=\"elementor-widget-container\">\n\t\t\t\t\t\t\t\t\t<p>Die Behandlung einer H\u00fcftluxation bei Erwachsenen variiert je nach Art und Schwere der Luxation, dem allgemeinen Gesundheitszustand des Patienten und anderen Faktoren. Im Allgemeinen k\u00f6nnen Behandlungsoptionen Folgendes umfassen:<\/p><ul><li><strong> Geschlossene Reposition (geschlossene Korrektur): <\/strong>In manchen F\u00e4llen kann die Luxation ohne chirurgischen Eingriff ersetzt werden. Dies wird durch geeignete Positionierungs- und Manipulationstechniken erreicht.<\/li><li><strong> Chirurgische Behandlung: <\/strong>Bei vollst\u00e4ndigen Luxationen oder F\u00e4llen, in denen die geschlossene Reposition fehlschl\u00e4gt, kann ein chirurgischer Eingriff erforderlich sein. Zu den chirurgischen Optionen k\u00f6nnen ein operativer Ersatz der Luxation oder die Implantation einer H\u00fcftgelenksprothese geh\u00f6ren. F\u00fcr Patienten mit chronischer H\u00fcftluxation ist eine Operation die einzige Option.<\/li><li><strong> Physiotherapie und Rehabilitation: <\/strong>Nach einer Operation oder einer Okklusionskorrektur k\u00f6nnen Physiotherapie- und Rehabilitationsprogramme dem Patienten helfen, das H\u00fcftgelenk und die umliegenden Muskeln zu st\u00e4rken und die Beweglichkeit wiederherzustellen.<\/li><li><strong> Medikamente: <\/strong>Zur Linderung von Schmerzen und Entz\u00fcndungen k\u00f6nnen verschreibungspflichtige oder rezeptfreie Medikamente eingesetzt werden. Dies kann den Patientenkomfort erh\u00f6hen und den Heilungsprozess unterst\u00fctzen.<\/li><li><strong> Unterst\u00fctzende Ger\u00e4te: <\/strong>Um die Sicherheit des Patienten zu gew\u00e4hrleisten und die Mobilit\u00e4t zu erh\u00f6hen, k\u00f6nnen Gehhilfen, Spezialschuhe oder andere unterst\u00fctzende Ger\u00e4te verwendet werden<strong>.<\/strong><\/li><\/ul><p>\u00a0<\/p><p>In unserer Klinik wird der Behandlungsplan f\u00fcr jeden Patienten individuell festgelegt und von unserem Facharzt an den individuellen Zustand des Patienten angepasst. Als MSM-Klinik ist es unser Ziel, eine angemessene Behandlung anzubieten, um den Komfort der Patienten zu erh\u00f6hen, ihre Mobilit\u00e4t wiederherzustellen und die besten Ergebnisse zu erzielen.<\/p>\t\t\t\t\t\t\t\t<\/div>\n\t\t\t\t<\/div>\n\t\t\t\t\t<\/div>\n\t\t\t\t<\/div>\n\t\t\t\t<\/div>\n\t\t","protected":false},"excerpt":{"rendered":"<p>Was Ist Eine H\u00fcftluxation Bei Erwachsenen? Was Sind Die Symptome Einer H\u00fcftluxation Bei Erwachsenen? Wie Diagnostiziert Man Eine H\u00fcftluxation Bei Erwachsenen? Behandlung Von H\u00fcftluxationen Bei Erwachsenen Was ist eine H\u00fcftluxation bei Erwachsenen? Eine H\u00fcftluxation bei Erwachsenen ist eine Erkrankung, bei der der Femurkopf im H\u00fcftgelenk aus dem vom Beckenknochen gebildeten Hohlraum austritt. Akute (pl\u00f6tzliche) H\u00fcftluxationen [&hellip;]<\/p>\n","protected":false},"author":1,"featured_media":0,"parent":0,"menu_order":0,"comment_status":"closed","ping_status":"closed","template":"","meta":{"footnotes":""},"class_list":["post-9349","page","type-page","status-publish","hentry"],"_links":{"self":[{"href":"https:\/\/msmklinik.com.tr\/de\/wp-json\/wp\/v2\/pages\/9349","targetHints":{"allow":["GET"]}}],"collection":[{"href":"https:\/\/msmklinik.com.tr\/de\/wp-json\/wp\/v2\/pages"}],"about":[{"href":"https:\/\/msmklinik.com.tr\/de\/wp-json\/wp\/v2\/types\/page"}],"author":[{"embeddable":true,"href":"https:\/\/msmklinik.com.tr\/de\/wp-json\/wp\/v2\/users\/1"}],"replies":[{"embeddable":true,"href":"https:\/\/msmklinik.com.tr\/de\/wp-json\/wp\/v2\/comments?post=9349"}],"version-history":[{"count":13,"href":"https:\/\/msmklinik.com.tr\/de\/wp-json\/wp\/v2\/pages\/9349\/revisions"}],"predecessor-version":[{"id":9370,"href":"https:\/\/msmklinik.com.tr\/de\/wp-json\/wp\/v2\/pages\/9349\/revisions\/9370"}],"wp:attachment":[{"href":"https:\/\/msmklinik.com.tr\/de\/wp-json\/wp\/v2\/media?parent=9349"}],"curies":[{"name":"wp","href":"https:\/\/api.w.org\/{rel}","templated":true}]}}