{"id":9622,"date":"2023-05-31T12:58:29","date_gmt":"2023-05-31T09:58:29","guid":{"rendered":"https:\/\/msmklinik.com.tr\/?page_id=9622"},"modified":"2024-05-15T11:07:04","modified_gmt":"2024-05-15T08:07:04","slug":"schulter-muskelriss","status":"publish","type":"page","link":"https:\/\/msmklinik.com.tr\/de\/schulter-muskelriss\/","title":{"rendered":"Schulter Muskelriss"},"content":{"rendered":"\t\t<div data-elementor-type=\"wp-page\" data-elementor-id=\"9622\" class=\"elementor elementor-9622 elementor-4450\" data-elementor-post-type=\"page\">\n\t\t\t\t<div class=\"elementor-element elementor-element-2753af84 e-flex e-con-boxed e-con e-parent\" data-id=\"2753af84\" data-element_type=\"container\" data-e-type=\"container\">\n\t\t\t\t\t<div class=\"e-con-inner\">\n\t\t\t\t<div class=\"elementor-element elementor-element-67aff2aa elementor-icon-list--layout-traditional elementor-list-item-link-full_width elementor-widget elementor-widget-icon-list\" data-id=\"67aff2aa\" data-element_type=\"widget\" data-e-type=\"widget\" data-widget_type=\"icon-list.default\">\n\t\t\t\t<div class=\"elementor-widget-container\">\n\t\t\t\t\t\t\t<ul class=\"elementor-icon-list-items\">\n\t\t\t\t\t\t\t<li class=\"elementor-icon-list-item\">\n\t\t\t\t\t\t\t\t\t\t\t<a href=\"#1\">\n\n\t\t\t\t\t\t\t\t\t\t\t\t<span class=\"elementor-icon-list-icon\">\n\t\t\t\t\t\t\t<svg aria-hidden=\"true\" class=\"e-font-icon-svg e-fas-angle-right\" viewBox=\"0 0 256 512\" xmlns=\"http:\/\/www.w3.org\/2000\/svg\"><path d=\"M224.3 273l-136 136c-9.4 9.4-24.6 9.4-33.9 0l-22.6-22.6c-9.4-9.4-9.4-24.6 0-33.9l96.4-96.4-96.4-96.4c-9.4-9.4-9.4-24.6 0-33.9L54.3 103c9.4-9.4 24.6-9.4 33.9 0l136 136c9.5 9.4 9.5 24.6.1 34z\"><\/path><\/svg>\t\t\t\t\t\t<\/span>\n\t\t\t\t\t\t\t\t\t\t<span class=\"elementor-icon-list-text\">Was ist ein Schultermuskelriss? Warum passiert das?<\/span>\n\t\t\t\t\t\t\t\t\t\t\t<\/a>\n\t\t\t\t\t\t\t\t\t<\/li>\n\t\t\t\t\t\t\t\t<li class=\"elementor-icon-list-item\">\n\t\t\t\t\t\t\t\t\t\t\t<a href=\"#2\">\n\n\t\t\t\t\t\t\t\t\t\t\t\t<span class=\"elementor-icon-list-icon\">\n\t\t\t\t\t\t\t<svg aria-hidden=\"true\" class=\"e-font-icon-svg e-fas-angle-right\" viewBox=\"0 0 256 512\" xmlns=\"http:\/\/www.w3.org\/2000\/svg\"><path d=\"M224.3 273l-136 136c-9.4 9.4-24.6 9.4-33.9 0l-22.6-22.6c-9.4-9.4-9.4-24.6 0-33.9l96.4-96.4-96.4-96.4c-9.4-9.4-9.4-24.6 0-33.9L54.3 103c9.4-9.4 24.6-9.4 33.9 0l136 136c9.5 9.4 9.5 24.6.1 34z\"><\/path><\/svg>\t\t\t\t\t\t<\/span>\n\t\t\t\t\t\t\t\t\t\t<span class=\"elementor-icon-list-text\">Was sind die Symptome eines Schulter Muskelrisses?<\/span>\n\t\t\t\t\t\t\t\t\t\t\t<\/a>\n\t\t\t\t\t\t\t\t\t<\/li>\n\t\t\t\t\t\t\t\t<li class=\"elementor-icon-list-item\">\n\t\t\t\t\t\t\t\t\t\t\t<a href=\"#3\">\n\n\t\t\t\t\t\t\t\t\t\t\t\t<span class=\"elementor-icon-list-icon\">\n\t\t\t\t\t\t\t<svg aria-hidden=\"true\" class=\"e-font-icon-svg e-fas-angle-right\" viewBox=\"0 0 256 512\" xmlns=\"http:\/\/www.w3.org\/2000\/svg\"><path d=\"M224.3 273l-136 136c-9.4 9.4-24.6 9.4-33.9 0l-22.6-22.6c-9.4-9.4-9.4-24.6 0-33.9l96.4-96.4-96.4-96.4c-9.4-9.4-9.4-24.6 0-33.9L54.3 103c9.4-9.4 24.6-9.4 33.9 0l136 136c9.5 9.4 9.5 24.6.1 34z\"><\/path><\/svg>\t\t\t\t\t\t<\/span>\n\t\t\t\t\t\t\t\t\t\t<span class=\"elementor-icon-list-text\">Wie diagnostiziert man einen Schulter Muskelriss?<\/span>\n\t\t\t\t\t\t\t\t\t\t\t<\/a>\n\t\t\t\t\t\t\t\t\t<\/li>\n\t\t\t\t\t\t\t\t<li class=\"elementor-icon-list-item\">\n\t\t\t\t\t\t\t\t\t\t\t<a href=\"#4\">\n\n\t\t\t\t\t\t\t\t\t\t\t\t<span class=\"elementor-icon-list-icon\">\n\t\t\t\t\t\t\t<svg aria-hidden=\"true\" class=\"e-font-icon-svg e-fas-angle-right\" viewBox=\"0 0 256 512\" xmlns=\"http:\/\/www.w3.org\/2000\/svg\"><path d=\"M224.3 273l-136 136c-9.4 9.4-24.6 9.4-33.9 0l-22.6-22.6c-9.4-9.4-9.4-24.6 0-33.9l96.4-96.4-96.4-96.4c-9.4-9.4-9.4-24.6 0-33.9L54.3 103c9.4-9.4 24.6-9.4 33.9 0l136 136c9.5 9.4 9.5 24.6.1 34z\"><\/path><\/svg>\t\t\t\t\t\t<\/span>\n\t\t\t\t\t\t\t\t\t\t<span class=\"elementor-icon-list-text\">Wie wird ein Schulter Muskelriss behandelt?<\/span>\n\t\t\t\t\t\t\t\t\t\t\t<\/a>\n\t\t\t\t\t\t\t\t\t<\/li>\n\t\t\t\t\t\t<\/ul>\n\t\t\t\t\t\t<\/div>\n\t\t\t\t<\/div>\n\t\t\t\t\t<\/div>\n\t\t\t\t<\/div>\n\t\t<div class=\"elementor-element elementor-element-566ce8c0 e-flex e-con-boxed e-con e-parent\" data-id=\"566ce8c0\" data-element_type=\"container\" data-e-type=\"container\">\n\t\t\t\t\t<div class=\"e-con-inner\">\n\t\t<div class=\"elementor-element elementor-element-475e94a6 e-con-full e-flex e-con e-child\" data-id=\"475e94a6\" data-element_type=\"container\" data-e-type=\"container\">\n\t\t\t\t<div class=\"elementor-element elementor-element-3b6391a elementor-widget elementor-widget-heading\" data-id=\"3b6391a\" data-element_type=\"widget\" data-e-type=\"widget\" id=\"1\" data-widget_type=\"heading.default\">\n\t\t\t\t<div class=\"elementor-widget-container\">\n\t\t\t\t\t<h2 class=\"elementor-heading-title elementor-size-default\">Was ist ein Schultermuskelriss? <b>Warum passiert das?<\/b><\/h2>\t\t\t\t<\/div>\n\t\t\t\t<\/div>\n\t\t\t\t<div class=\"elementor-element elementor-element-5b94e090 elementor-widget elementor-widget-text-editor\" data-id=\"5b94e090\" data-element_type=\"widget\" data-e-type=\"widget\" data-widget_type=\"text-editor.default\">\n\t\t\t\t<div class=\"elementor-widget-container\">\n\t\t\t\t\t\t\t\t\t<p>Unter Schultermuskelriss versteht man den teilweisen oder vollst\u00e4ndigen Riss des Muskelgewebes im Schulterbereich. Dieser Zustand tritt normalerweise als Folge eines pl\u00f6tzlichen k\u00f6rperlichen Traumas oder extremer Belastung durch sich wiederholende Bewegungen auf. Da die Schulter eines der beweglichsten Gelenke unseres K\u00f6rpers ist, arbeiten die Muskeln in diesem Bereich st\u00e4ndig und tragen Lasten. Daher ist ein Riss der Schultermuskulatur ein sehr h\u00e4ufiges Problem.<\/p>\t\t\t\t\t\t\t\t<\/div>\n\t\t\t\t<\/div>\n\t\t\t\t<\/div>\n\t\t<div class=\"elementor-element elementor-element-73beac45 e-flex e-con-boxed e-con e-child\" data-id=\"73beac45\" data-element_type=\"container\" data-e-type=\"container\">\n\t\t\t\t\t<div class=\"e-con-inner\">\n\t\t\t\t<div class=\"elementor-element elementor-element-5d920048 elementor-widget elementor-widget-image\" data-id=\"5d920048\" data-element_type=\"widget\" data-e-type=\"widget\" data-widget_type=\"image.default\">\n\t\t\t\t<div class=\"elementor-widget-container\">\n\t\t\t\t\t\t\t\t\t\t\t\t\t\t\t<img fetchpriority=\"high\" decoding=\"async\" width=\"800\" height=\"529\" src=\"http:\/\/msmklinik.com.tr\/wp-content\/uploads\/2024\/05\/Omuz-Kas-Yirtigi-1024x677.jpg\" class=\"attachment-large size-large wp-image-9589\" alt=\"Omuz Kas Y\u0131rt\u0131\u011f\u0131\" srcset=\"http:\/\/msmklinik.com.tr\/wp-content\/uploads\/2024\/05\/Omuz-Kas-Yirtigi-1024x677.jpg 1024w, http:\/\/msmklinik.com.tr\/wp-content\/uploads\/2024\/05\/Omuz-Kas-Yirtigi-300x198.jpg 300w, http:\/\/msmklinik.com.tr\/wp-content\/uploads\/2024\/05\/Omuz-Kas-Yirtigi-768x508.jpg 768w, http:\/\/msmklinik.com.tr\/wp-content\/uploads\/2024\/05\/Omuz-Kas-Yirtigi.jpg 1200w\" sizes=\"(max-width: 800px) 100vw, 800px\" \/>\t\t\t\t\t\t\t\t\t\t\t\t\t\t\t<\/div>\n\t\t\t\t<\/div>\n\t\t\t\t\t<\/div>\n\t\t\t\t<\/div>\n\t\t\t\t\t<\/div>\n\t\t\t\t<\/div>\n\t\t<div class=\"elementor-element elementor-element-28cf8e7f e-flex e-con-boxed e-con e-parent\" data-id=\"28cf8e7f\" data-element_type=\"container\" data-e-type=\"container\">\n\t\t\t\t\t<div class=\"e-con-inner\">\n\t\t\t\t<div class=\"elementor-element elementor-element-5d36867d elementor-widget elementor-widget-text-editor\" data-id=\"5d36867d\" data-element_type=\"widget\" data-e-type=\"widget\" data-widget_type=\"text-editor.default\">\n\t\t\t\t<div class=\"elementor-widget-container\">\n\t\t\t\t\t\t\t\t\t<p><strong>Was sind die Ursachen f\u00fcr einen Schulter Muskelriss?<\/strong><\/p><ul><li><strong> Pl\u00f6tzliche Verletzungen: <\/strong>Ein direkter Schlag auf die Schulter beim Sport oder bei einem Unfall kann zu einem Muskelriss f\u00fchren. Besonders h\u00e4ufig treten solche Verletzungen bei Aktivit\u00e4ten wie Kontaktsportarten oder schwerem Heben auf.<\/li><li><strong> Wiederholte Bewegungen: <\/strong>Wenn die Schultermuskulatur wiederholten Bewegungen ausgesetzt wird, kann dies mit der Zeit zu Verschlei\u00df f\u00fchren. Situationen, die eine st\u00e4ndige Belastung der Schulter erfordern, insbesondere bei bestimmten Sportarten oder Berufen, k\u00f6nnen solche Risse verursachen.<\/li><li><strong> Alter<\/strong>: Mit dem Alterungsprozess nimmt die Elastizit\u00e4t des Muskelgewebes ab und es kann leichter rei\u00dfen. Daher steigt das Risiko eines Schulter Muskelrisses bei \u00e4lteren Menschen.<\/li><li><strong> Muskelschw\u00e4che oder -ungleichgewicht: <\/strong>Schwache Muskeln oder Ungleichgewichte im K\u00f6rper k\u00f6nnen zu einer st\u00e4rkeren Belastung der Schultermuskulatur f\u00fchren und das Risiko eines Risses erh\u00f6hen.<\/li><li><strong> Sehnenschw\u00e4che: <\/strong>Eine Schw\u00e4che oder Degeneration der Sehnen in der Schulter kann ebenfalls das Risiko von Muskelrissen erh\u00f6hen. Erkrankungen wie Sehnenentz\u00fcndungen k\u00f6nnen dazu f\u00fchren, dass sich die Sehnen abnutzen und schw\u00e4chen<strong>.<\/strong><\/li><\/ul>\t\t\t\t\t\t\t\t<\/div>\n\t\t\t\t<\/div>\n\t\t\t\t\t<\/div>\n\t\t\t\t<\/div>\n\t\t<div class=\"elementor-element elementor-element-42ca0b83 e-flex e-con-boxed e-con e-parent\" data-id=\"42ca0b83\" data-element_type=\"container\" data-e-type=\"container\">\n\t\t\t\t\t<div class=\"e-con-inner\">\n\t\t\t\t<div class=\"elementor-element elementor-element-54af331a elementor-mobile-align-justify elementor-widget__width-auto elementor-align-left elementor-widget elementor-widget-button\" data-id=\"54af331a\" data-element_type=\"widget\" data-e-type=\"widget\" data-widget_type=\"button.default\">\n\t\t\t\t<div class=\"elementor-widget-container\">\n\t\t\t\t\t\t\t\t\t<div class=\"elementor-button-wrapper\">\n\t\t\t\t\t<a class=\"elementor-button elementor-button-link elementor-size-sm\" href=\"#elementor-action%3Aaction%3Dpopup%3Aopen%26settings%3DeyJpZCI6NzA3OCwidG9nZ2xlIjpmYWxzZX0%3D\">\n\t\t\t\t\t\t<span class=\"elementor-button-content-wrapper\">\n\t\t\t\t\t\t\t\t\t<span class=\"elementor-button-text\">Information<\/span>\n\t\t\t\t\t<\/span>\n\t\t\t\t\t<\/a>\n\t\t\t\t<\/div>\n\t\t\t\t\t\t\t\t<\/div>\n\t\t\t\t<\/div>\n\t\t\t\t\t<\/div>\n\t\t\t\t<\/div>\n\t\t<div class=\"elementor-element elementor-element-745b5de0 e-flex e-con-boxed e-con e-parent\" data-id=\"745b5de0\" data-element_type=\"container\" data-e-type=\"container\">\n\t\t\t\t\t<div class=\"e-con-inner\">\n\t\t\t\t<div class=\"elementor-element elementor-element-60bf81b0 elementor-widget elementor-widget-heading\" data-id=\"60bf81b0\" data-element_type=\"widget\" data-e-type=\"widget\" id=\"2\" data-widget_type=\"heading.default\">\n\t\t\t\t<div class=\"elementor-widget-container\">\n\t\t\t\t\t<h2 class=\"elementor-heading-title elementor-size-default\">Was sind die Symptome eines Schulter Muskelrisses?<\/h2>\t\t\t\t<\/div>\n\t\t\t\t<\/div>\n\t\t\t\t<div class=\"elementor-element elementor-element-20fa8de5 elementor-widget elementor-widget-text-editor\" data-id=\"20fa8de5\" data-element_type=\"widget\" data-e-type=\"widget\" data-widget_type=\"text-editor.default\">\n\t\t\t\t<div class=\"elementor-widget-container\">\n\t\t\t\t\t\t\t\t\t<p>Schulter muskelrisse entstehen meist als Folge von Faktoren wie pl\u00f6tzlichen Verletzungen, sich wiederholenden Bewegungen, dem Alterungsprozess, Muskelschw\u00e4che oder Sehnenschw\u00e4che. Dieser Zustand kann Symptome wie starke Schmerzen, eingeschr\u00e4nkte Mobilit\u00e4t und Schwierigkeiten bei t\u00e4glichen Aktivit\u00e4ten verursachen. Die Behandlung kann in der Regel Ruhe, Physiotherapie, Medikamente und selten eine Operation umfassen. Bei Verdacht auf einen Schultermuskelriss ist es wichtig, einen Facharzt aufzusuchen, da eine fr\u00fchzeitige Diagnose und Behandlung den Heilungsprozess beschleunigen und Langzeitkomplikationen verhindern kann.<\/p><p>\u00a0<\/p><p><strong>Symptome eines Schulter muskelrisses:<\/strong><\/p><ul><li><strong> Schmerzen: <\/strong>Ein gerissener Schultermuskel verursacht normalerweise erhebliche Schmerzen. Dieser Schmerz kann in die Schulter, die Seite oder den Arm ausstrahlen. Der Schmerz kann sich verst\u00e4rken, insbesondere wenn Sie sich bewegen oder Druck auf Ihre Schulter aus\u00fcben.<\/li><li><strong> Eingeschr\u00e4nkte Beweglichkeit: <\/strong>Menschen mit Schulter muskelrissen k\u00f6nnen ihre Schultern oft nicht vollst\u00e4ndig bewegen. M\u00f6glicherweise haben Sie Schwierigkeiten, Ihren Arm anzuheben, nach hinten zu dr\u00fccken oder zur Seite zu ziehen.<\/li><li><strong> Kraftverlust: <\/strong>Menschen mit Schulter muskelrissen k\u00f6nnen bei der Nutzung ihrer Schultermuskulatur einen Kraftverlust versp\u00fcren. Beispielsweise kann es schwieriger werden, einen Gegenstand anzuheben oder zu bewegen<strong>.<\/strong><\/li><li><strong> Schwellung und Druckempfindlichkeit: <\/strong>Im gerissenen Muskelbereich k\u00f6nnen Schwellungen, R\u00f6tungen und Druckempfindlichkeit auftreten. Diese Symptome k\u00f6nnen je nach Schwere der Verletzung variieren.<\/li><li><strong> Knackendes Ger\u00e4usch: <\/strong>Ein Schulter muskelriss kann zum Zeitpunkt der Verletzung oft von einem \u201eknallenden\u201c oder \u201eknirschenden\u201c Ger\u00e4usch begleitet sein. Dieses Ger\u00e4usch tritt jedoch m\u00f6glicherweise nicht immer auf.<\/li><li><strong> Schlafprobleme: <\/strong>Menschen mit Schulter muskelrissen haben oft Schwierigkeiten, beim Schlafen eine bequeme Position zu finden. Das Liegen auf den Schultern oder das Bewegen des Arms in eine bestimmte Richtung kann Schmerzen verursachen.<\/li><\/ul><p>\u00a0<\/p><p>Diese Symptome k\u00f6nnen ein Zeichen f\u00fcr einen Schulter muskelriss sein, f\u00fcr eine definitive Diagnose ist es jedoch wichtig, einen Orthop\u00e4den und Traumatologen zu konsultieren. Eine fr\u00fchzeitige Diagnose durch das Expertenteam der MSM Klinik kann den Beginn einer geeigneten Behandlung erm\u00f6glichen, den Genesungsprozess beschleunigen und langfristige Komplikationen verhindern.<\/p>\t\t\t\t\t\t\t\t<\/div>\n\t\t\t\t<\/div>\n\t\t\t\t<div class=\"elementor-element elementor-element-7e268dff elementor-mobile-align-justify elementor-widget__width-auto elementor-align-left elementor-widget elementor-widget-button\" data-id=\"7e268dff\" data-element_type=\"widget\" data-e-type=\"widget\" data-widget_type=\"button.default\">\n\t\t\t\t<div class=\"elementor-widget-container\">\n\t\t\t\t\t\t\t\t\t<div class=\"elementor-button-wrapper\">\n\t\t\t\t\t<a class=\"elementor-button elementor-button-link elementor-size-sm\" href=\"#elementor-action%3Aaction%3Dpopup%3Aopen%26settings%3DeyJpZCI6NzA3OCwidG9nZ2xlIjpmYWxzZX0%3D\">\n\t\t\t\t\t\t<span class=\"elementor-button-content-wrapper\">\n\t\t\t\t\t\t\t\t\t<span class=\"elementor-button-text\">Information<\/span>\n\t\t\t\t\t<\/span>\n\t\t\t\t\t<\/a>\n\t\t\t\t<\/div>\n\t\t\t\t\t\t\t\t<\/div>\n\t\t\t\t<\/div>\n\t\t\t\t<div class=\"elementor-element elementor-element-4995389 elementor-widget elementor-widget-heading\" data-id=\"4995389\" data-element_type=\"widget\" data-e-type=\"widget\" id=\"3\" data-widget_type=\"heading.default\">\n\t\t\t\t<div class=\"elementor-widget-container\">\n\t\t\t\t\t<h2 class=\"elementor-heading-title elementor-size-default\">Wie diagnostiziert man einen Schulter Muskelriss?<\/h2>\t\t\t\t<\/div>\n\t\t\t\t<\/div>\n\t\t\t\t<div class=\"elementor-element elementor-element-202e89d elementor-widget elementor-widget-text-editor\" data-id=\"202e89d\" data-element_type=\"widget\" data-e-type=\"widget\" data-widget_type=\"text-editor.default\">\n\t\t\t\t<div class=\"elementor-widget-container\">\n\t\t\t\t\t\t\t\t\t<p>Der erste Schritt zur Diagnose eines Schulter muskelrisses ist eine ausf\u00fchrliche k\u00f6rperliche Untersuchung durch unser erfahrenes und sachkundiges Team. Wir untersuchen die Schulter unseres Patienten sorgf\u00e4ltig und beurteilen Symptome wie Schwellung, R\u00f6tung und Bewegungseinschr\u00e4nkung. Anschlie\u00dfend pr\u00fcfen wir mit speziell entwickelten Bewegungstests den Bewegungsumfang und die Kraft der Schulter.<\/p><p>Wir k\u00f6nnen die notwendigen bildgebenden Untersuchungen durchf\u00fchren, um die Diagnose zu best\u00e4tigen und den Ort und die Gr\u00f6\u00dfe des Risses zu bestimmen. Wir tun unser Bestes, um die richtige Diagnose zu stellen, indem wir Weichteile mithilfe von Technologien wie R\u00f6ntgen, MRT und Ultraschall detailliert abbilden.<\/p><p>Als MSM-Klinik entwickeln wir st\u00e4ndig innovative Ans\u00e4tze, um sicherzustellen, dass unsere Patienten so schnell wie m\u00f6glich eine genaue Diagnose und eine wirksame Behandlung erhalten. Wenn ein Schulter muskelriss diagnostiziert wird, leitet unser Expertenteam den Behandlungsprozess auf die am besten geeignete Weise und bietet unseren Patienten jede Art von Unterst\u00fctzung bei der Wiederherstellung ihrer Gesundheit.<\/p>\t\t\t\t\t\t\t\t<\/div>\n\t\t\t\t<\/div>\n\t\t\t\t<div class=\"elementor-element elementor-element-9ae3ceb elementor-mobile-align-justify elementor-widget__width-auto elementor-align-left elementor-widget elementor-widget-button\" data-id=\"9ae3ceb\" data-element_type=\"widget\" data-e-type=\"widget\" data-widget_type=\"button.default\">\n\t\t\t\t<div class=\"elementor-widget-container\">\n\t\t\t\t\t\t\t\t\t<div class=\"elementor-button-wrapper\">\n\t\t\t\t\t<a class=\"elementor-button elementor-button-link elementor-size-sm\" href=\"#elementor-action%3Aaction%3Dpopup%3Aopen%26settings%3DeyJpZCI6NzA3OCwidG9nZ2xlIjpmYWxzZX0%3D\">\n\t\t\t\t\t\t<span class=\"elementor-button-content-wrapper\">\n\t\t\t\t\t\t\t\t\t<span class=\"elementor-button-text\">Information<\/span>\n\t\t\t\t\t<\/span>\n\t\t\t\t\t<\/a>\n\t\t\t\t<\/div>\n\t\t\t\t\t\t\t\t<\/div>\n\t\t\t\t<\/div>\n\t\t\t\t<div class=\"elementor-element elementor-element-6b09ed3 elementor-widget elementor-widget-heading\" data-id=\"6b09ed3\" data-element_type=\"widget\" data-e-type=\"widget\" id=\"4\" data-widget_type=\"heading.default\">\n\t\t\t\t<div class=\"elementor-widget-container\">\n\t\t\t\t\t<h2 class=\"elementor-heading-title elementor-size-default\">Wie wird ein Schulter Muskelriss behandelt?<\/h2>\t\t\t\t<\/div>\n\t\t\t\t<\/div>\n\t\t\t\t<div class=\"elementor-element elementor-element-09e74d2 elementor-widget elementor-widget-text-editor\" data-id=\"09e74d2\" data-element_type=\"widget\" data-e-type=\"widget\" data-widget_type=\"text-editor.default\">\n\t\t\t\t<div class=\"elementor-widget-container\">\n\t\t\t\t\t\t\t\t\t<p>Die Behandlung eines Schulter muskelrisses h\u00e4ngt vom Zustand des Patienten, der Schwere des Risses und dem Lebensstil des Patienten ab. Die Behandlung umfasst oft unterschiedliche Methoden, unser Ziel ist jedoch immer, die Schmerzen des Patienten zu lindern, die Beweglichkeit wiederherzustellen und die Schulter wieder zu st\u00e4rken.<\/p><p>\u00a0<\/p><p><strong>Die Behandlungsm\u00f6glichkeiten k\u00f6nnen im Allgemeinen wie folgenden sein:<\/strong><\/p><p><strong>Ruhe und Aktivit\u00e4t vermeiden:<\/strong><\/p><ul><li>Ruhe ist wichtig, um die Heilung des verletzten Schultermuskels zu f\u00f6rdern.<\/li><li>\u00dcberm\u00e4\u00dfige Belastungen bei Aktivit\u00e4ten sollten vermieden und die Belastung der Schulter reduziert werden.<\/li><\/ul><p>Entz\u00fcndungshemmende Medikamente:<\/p><ul><li>Entz\u00fcndungshemmende Medikamente k\u00f6nnen zur Schmerzlinderung und Entz\u00fcndungskontrolle eingesetzt werden.<\/li><li>Die Einnahme sollte auf Empfehlung eines Arztes erfolgen.<\/li><\/ul><p><strong>Physiotherapie:<\/strong><\/p><ul><li>Spezielle \u00dcbungsprogramme sind wichtig, um die Schultermuskulatur zu st\u00e4rken und die Flexibilit\u00e4t zu erh\u00f6hen.<\/li><li>Manuelle Therapietechniken unterst\u00fctzen den Heilungsprozess.<\/li><\/ul><p>Hei\u00dfe und kalte Behandlungen:<\/p><ul><li>Hei\u00dfe und kalte Kompressen k\u00f6nnen verwendet werden, um Schmerzen zu lindern und Schwellungen in der Schulter zu reduzieren.<\/li><li>Es sollte gem\u00e4\u00df dem Behandlungsplan angewendet werden.<\/li><\/ul><p><strong>Steroidinjektionen:<\/strong><\/p><ul><li>In manchen F\u00e4llen k\u00f6nnen Steroidinjektionen zur Linderung von Schmerzen und Entz\u00fcndungen eingesetzt werden.<\/li><li>Angesichts der langfristigen Auswirkungen sollte dies jedoch unter \u00e4rztlicher Aufsicht erfolgen.<\/li><\/ul><p><strong>Operativer Eingriff:<\/strong><\/p><ul><li>Eine Operation kann in Betracht gezogen werden, wenn andere Behandlungsm\u00f6glichkeiten wirkungslos sind oder der Riss sehr schwerwiegend ist.<\/li><li>Es kann eine Operation durchgef\u00fchrt werden, um den gerissenen Muskel zu reparieren oder die Sehne wieder anzubringen.<\/li><\/ul><p><strong>Nachsorge und Rehabilitation:<\/strong><\/p><ul><li>Regelm\u00e4\u00dfige \u00e4rztliche Kontrollen sind w\u00e4hrend des gesamten Behandlungsprozesses wichtig.<\/li><li>Rehabilitationsprogramme tragen zur Wiederherstellung der Kraft und Beweglichkeit der Schulter bei.<\/li><\/ul><p>\u00a0<\/p><p>Als MSM-Klinik nutzen wir die neuesten Techniken und Behandlungsmethoden, um sicherzustellen, dass unsere Patienten so schnell wie m\u00f6glich wieder gesund werden, indem wir f\u00fcr jeden Patienten einen individuellen Behandlungsplan erstellen.<\/p>\t\t\t\t\t\t\t\t<\/div>\n\t\t\t\t<\/div>\n\t\t\t\t<div class=\"elementor-element elementor-element-a09d9ad elementor-mobile-align-justify elementor-widget__width-auto elementor-align-left elementor-widget elementor-widget-button\" data-id=\"a09d9ad\" data-element_type=\"widget\" data-e-type=\"widget\" data-widget_type=\"button.default\">\n\t\t\t\t<div class=\"elementor-widget-container\">\n\t\t\t\t\t\t\t\t\t<div class=\"elementor-button-wrapper\">\n\t\t\t\t\t<a class=\"elementor-button elementor-button-link elementor-size-sm\" href=\"#elementor-action%3Aaction%3Dpopup%3Aopen%26settings%3DeyJpZCI6NzA3OCwidG9nZ2xlIjpmYWxzZX0%3D\">\n\t\t\t\t\t\t<span class=\"elementor-button-content-wrapper\">\n\t\t\t\t\t\t\t\t\t<span class=\"elementor-button-text\">Information<\/span>\n\t\t\t\t\t<\/span>\n\t\t\t\t\t<\/a>\n\t\t\t\t<\/div>\n\t\t\t\t\t\t\t\t<\/div>\n\t\t\t\t<\/div>\n\t\t\t\t\t<\/div>\n\t\t\t\t<\/div>\n\t\t\t\t<\/div>\n\t\t","protected":false},"excerpt":{"rendered":"<p>Was ist ein Schultermuskelriss? Warum passiert das? Was sind die Symptome eines Schulter Muskelrisses? Wie diagnostiziert man einen Schulter Muskelriss? Wie wird ein Schulter Muskelriss behandelt? Was ist ein Schultermuskelriss? Warum passiert das? Unter Schultermuskelriss versteht man den teilweisen oder vollst\u00e4ndigen Riss des Muskelgewebes im Schulterbereich. Dieser Zustand tritt normalerweise als Folge eines pl\u00f6tzlichen k\u00f6rperlichen [&hellip;]<\/p>\n","protected":false},"author":1,"featured_media":9589,"parent":0,"menu_order":0,"comment_status":"closed","ping_status":"closed","template":"","meta":{"footnotes":""},"class_list":["post-9622","page","type-page","status-publish","has-post-thumbnail","hentry"],"_links":{"self":[{"href":"https:\/\/msmklinik.com.tr\/de\/wp-json\/wp\/v2\/pages\/9622","targetHints":{"allow":["GET"]}}],"collection":[{"href":"https:\/\/msmklinik.com.tr\/de\/wp-json\/wp\/v2\/pages"}],"about":[{"href":"https:\/\/msmklinik.com.tr\/de\/wp-json\/wp\/v2\/types\/page"}],"author":[{"embeddable":true,"href":"https:\/\/msmklinik.com.tr\/de\/wp-json\/wp\/v2\/users\/1"}],"replies":[{"embeddable":true,"href":"https:\/\/msmklinik.com.tr\/de\/wp-json\/wp\/v2\/comments?post=9622"}],"version-history":[{"count":10,"href":"https:\/\/msmklinik.com.tr\/de\/wp-json\/wp\/v2\/pages\/9622\/revisions"}],"predecessor-version":[{"id":9633,"href":"https:\/\/msmklinik.com.tr\/de\/wp-json\/wp\/v2\/pages\/9622\/revisions\/9633"}],"wp:featuredmedia":[{"embeddable":true,"href":"https:\/\/msmklinik.com.tr\/de\/wp-json\/wp\/v2\/media\/9589"}],"wp:attachment":[{"href":"https:\/\/msmklinik.com.tr\/de\/wp-json\/wp\/v2\/media?parent=9622"}],"curies":[{"name":"wp","href":"https:\/\/api.w.org\/{rel}","templated":true}]}}