{"id":9907,"date":"2023-05-31T17:45:36","date_gmt":"2023-05-31T14:45:36","guid":{"rendered":"https:\/\/msmklinik.com.tr\/?page_id=9907"},"modified":"2025-05-20T14:12:13","modified_gmt":"2025-05-20T11:12:13","slug":"lendenwirbelhernie","status":"publish","type":"page","link":"https:\/\/msmklinik.com.tr\/de\/lendenwirbelhernie\/","title":{"rendered":"\u00a0Lendenwirbelhernie"},"content":{"rendered":"\t\t<div data-elementor-type=\"wp-page\" data-elementor-id=\"9907\" class=\"elementor elementor-9907 elementor-4494\" data-elementor-post-type=\"page\">\n\t\t\t\t<div class=\"elementor-element elementor-element-10319a73 e-flex e-con-boxed e-con e-parent\" data-id=\"10319a73\" data-element_type=\"container\" data-e-type=\"container\">\n\t\t\t\t\t<div class=\"e-con-inner\">\n\t\t\t\t<div class=\"elementor-element elementor-element-3a02bb5c elementor-icon-list--layout-traditional elementor-list-item-link-full_width elementor-widget elementor-widget-icon-list\" data-id=\"3a02bb5c\" data-element_type=\"widget\" data-e-type=\"widget\" data-widget_type=\"icon-list.default\">\n\t\t\t\t<div class=\"elementor-widget-container\">\n\t\t\t\t\t\t\t<ul class=\"elementor-icon-list-items\">\n\t\t\t\t\t\t\t<li class=\"elementor-icon-list-item\">\n\t\t\t\t\t\t\t\t\t\t\t<a href=\"#1\">\n\n\t\t\t\t\t\t\t\t\t\t\t\t<span class=\"elementor-icon-list-icon\">\n\t\t\t\t\t\t\t<svg aria-hidden=\"true\" class=\"e-font-icon-svg e-fas-angle-right\" viewBox=\"0 0 256 512\" xmlns=\"http:\/\/www.w3.org\/2000\/svg\"><path d=\"M224.3 273l-136 136c-9.4 9.4-24.6 9.4-33.9 0l-22.6-22.6c-9.4-9.4-9.4-24.6 0-33.9l96.4-96.4-96.4-96.4c-9.4-9.4-9.4-24.6 0-33.9L54.3 103c9.4-9.4 24.6-9.4 33.9 0l136 136c9.5 9.4 9.5 24.6.1 34z\"><\/path><\/svg>\t\t\t\t\t\t<\/span>\n\t\t\t\t\t\t\t\t\t\t<span class=\"elementor-icon-list-text\">Was Ist Ein Lendenwirbelhernie?<\/span>\n\t\t\t\t\t\t\t\t\t\t\t<\/a>\n\t\t\t\t\t\t\t\t\t<\/li>\n\t\t\t\t\t\t\t\t<li class=\"elementor-icon-list-item\">\n\t\t\t\t\t\t\t\t\t\t\t<a href=\"#2\">\n\n\t\t\t\t\t\t\t\t\t\t\t\t<span class=\"elementor-icon-list-icon\">\n\t\t\t\t\t\t\t<svg aria-hidden=\"true\" class=\"e-font-icon-svg e-fas-angle-right\" viewBox=\"0 0 256 512\" xmlns=\"http:\/\/www.w3.org\/2000\/svg\"><path d=\"M224.3 273l-136 136c-9.4 9.4-24.6 9.4-33.9 0l-22.6-22.6c-9.4-9.4-9.4-24.6 0-33.9l96.4-96.4-96.4-96.4c-9.4-9.4-9.4-24.6 0-33.9L54.3 103c9.4-9.4 24.6-9.4 33.9 0l136 136c9.5 9.4 9.5 24.6.1 34z\"><\/path><\/svg>\t\t\t\t\t\t<\/span>\n\t\t\t\t\t\t\t\t\t\t<span class=\"elementor-icon-list-text\">Was Sind Die Ursachen F\u00fcr Einen Lendenwirbelhernie?<\/span>\n\t\t\t\t\t\t\t\t\t\t\t<\/a>\n\t\t\t\t\t\t\t\t\t<\/li>\n\t\t\t\t\t\t\t\t<li class=\"elementor-icon-list-item\">\n\t\t\t\t\t\t\t\t\t\t\t<a href=\"#3\">\n\n\t\t\t\t\t\t\t\t\t\t\t\t<span class=\"elementor-icon-list-icon\">\n\t\t\t\t\t\t\t<svg aria-hidden=\"true\" class=\"e-font-icon-svg e-fas-angle-right\" viewBox=\"0 0 256 512\" xmlns=\"http:\/\/www.w3.org\/2000\/svg\"><path d=\"M224.3 273l-136 136c-9.4 9.4-24.6 9.4-33.9 0l-22.6-22.6c-9.4-9.4-9.4-24.6 0-33.9l96.4-96.4-96.4-96.4c-9.4-9.4-9.4-24.6 0-33.9L54.3 103c9.4-9.4 24.6-9.4 33.9 0l136 136c9.5 9.4 9.5 24.6.1 34z\"><\/path><\/svg>\t\t\t\t\t\t<\/span>\n\t\t\t\t\t\t\t\t\t\t<span class=\"elementor-icon-list-text\">Was Sind Die Symptome Eines Lendenwirbelhernie?<\/span>\n\t\t\t\t\t\t\t\t\t\t\t<\/a>\n\t\t\t\t\t\t\t\t\t<\/li>\n\t\t\t\t\t\t\t\t<li class=\"elementor-icon-list-item\">\n\t\t\t\t\t\t\t\t\t\t\t<a href=\"#4\">\n\n\t\t\t\t\t\t\t\t\t\t\t\t<span class=\"elementor-icon-list-icon\">\n\t\t\t\t\t\t\t<svg aria-hidden=\"true\" class=\"e-font-icon-svg e-fas-angle-right\" viewBox=\"0 0 256 512\" xmlns=\"http:\/\/www.w3.org\/2000\/svg\"><path d=\"M224.3 273l-136 136c-9.4 9.4-24.6 9.4-33.9 0l-22.6-22.6c-9.4-9.4-9.4-24.6 0-33.9l96.4-96.4-96.4-96.4c-9.4-9.4-9.4-24.6 0-33.9L54.3 103c9.4-9.4 24.6-9.4 33.9 0l136 136c9.5 9.4 9.5 24.6.1 34z\"><\/path><\/svg>\t\t\t\t\t\t<\/span>\n\t\t\t\t\t\t\t\t\t\t<span class=\"elementor-icon-list-text\">Wie Diagnostiziert Man Einen Lendenwirbelhernie?<\/span>\n\t\t\t\t\t\t\t\t\t\t\t<\/a>\n\t\t\t\t\t\t\t\t\t<\/li>\n\t\t\t\t\t\t\t\t<li class=\"elementor-icon-list-item\">\n\t\t\t\t\t\t\t\t\t\t\t<a href=\"#5\">\n\n\t\t\t\t\t\t\t\t\t\t\t\t<span class=\"elementor-icon-list-icon\">\n\t\t\t\t\t\t\t<svg aria-hidden=\"true\" class=\"e-font-icon-svg e-fas-angle-right\" viewBox=\"0 0 256 512\" xmlns=\"http:\/\/www.w3.org\/2000\/svg\"><path d=\"M224.3 273l-136 136c-9.4 9.4-24.6 9.4-33.9 0l-22.6-22.6c-9.4-9.4-9.4-24.6 0-33.9l96.4-96.4-96.4-96.4c-9.4-9.4-9.4-24.6 0-33.9L54.3 103c9.4-9.4 24.6-9.4 33.9 0l136 136c9.5 9.4 9.5 24.6.1 34z\"><\/path><\/svg>\t\t\t\t\t\t<\/span>\n\t\t\t\t\t\t\t\t\t\t<span class=\"elementor-icon-list-text\">Welche Behandlungsmethoden Gibt Es Bei Einem Lendenwirbelhernie?<\/span>\n\t\t\t\t\t\t\t\t\t\t\t<\/a>\n\t\t\t\t\t\t\t\t\t<\/li>\n\t\t\t\t\t\t<\/ul>\n\t\t\t\t\t\t<\/div>\n\t\t\t\t<\/div>\n\t\t\t\t\t<\/div>\n\t\t\t\t<\/div>\n\t\t<div class=\"elementor-element elementor-element-37dd3340 e-flex e-con-boxed e-con e-parent\" data-id=\"37dd3340\" data-element_type=\"container\" data-e-type=\"container\">\n\t\t\t\t\t<div class=\"e-con-inner\">\n\t\t<div class=\"elementor-element elementor-element-260612f7 e-con-full e-flex e-con e-child\" data-id=\"260612f7\" data-element_type=\"container\" data-e-type=\"container\">\n\t\t\t\t<div class=\"elementor-element elementor-element-320e7a75 elementor-widget elementor-widget-heading\" data-id=\"320e7a75\" data-element_type=\"widget\" data-e-type=\"widget\" id=\"1\" data-widget_type=\"heading.default\">\n\t\t\t\t<div class=\"elementor-widget-container\">\n\t\t\t\t\t<h2 class=\"elementor-heading-title elementor-size-default\">Was ist ein Lendenwirbelhernie?<\/h2>\t\t\t\t<\/div>\n\t\t\t\t<\/div>\n\t\t\t\t<div class=\"elementor-element elementor-element-24af2d16 elementor-widget elementor-widget-text-editor\" data-id=\"24af2d16\" data-element_type=\"widget\" data-e-type=\"widget\" data-widget_type=\"text-editor.default\">\n\t\t\t\t<div class=\"elementor-widget-container\">\n\t\t\t\t\t\t\t\t\t<p>Ein Lendenwirbelhernie oder anders genannt Bandscheibenvorfall ist eine Erkrankung, die durch Abnutzung, Riss oder Verrutschen der Bandscheiben zwischen den Wirbeln, die die Lendenwirbels\u00e4ule bilden, entsteht und Druck auf das R\u00fcckenmark und die Nerven aus\u00fcbt. Wenn sich die f\u00fcnf Wirbel der Lendenwirbels\u00e4ule abnutzen, rei\u00dfen oder verrutschen, k\u00f6nnen die Bandscheiben Druck auf das R\u00fcckenmark und die von dort ausgehenden Nerven aus\u00fcben und einen Bandscheibenvorfall\u00a0 &#8211; Lendenwirbelhernie verursachen.<\/p>\t\t\t\t\t\t\t\t<\/div>\n\t\t\t\t<\/div>\n\t\t\t\t<div class=\"elementor-element elementor-element-6fdc2fa elementor-mobile-align-justify elementor-widget__width-auto elementor-align-left elementor-widget elementor-widget-button\" data-id=\"6fdc2fa\" data-element_type=\"widget\" data-e-type=\"widget\" data-widget_type=\"button.default\">\n\t\t\t\t<div class=\"elementor-widget-container\">\n\t\t\t\t\t\t\t\t\t<div class=\"elementor-button-wrapper\">\n\t\t\t\t\t<a class=\"elementor-button elementor-button-link elementor-size-sm\" href=\"#elementor-action%3Aaction%3Dpopup%3Aopen%26settings%3DeyJpZCI6NzA3OCwidG9nZ2xlIjpmYWxzZX0%3D\">\n\t\t\t\t\t\t<span class=\"elementor-button-content-wrapper\">\n\t\t\t\t\t\t\t\t\t<span class=\"elementor-button-text\">Information<\/span>\n\t\t\t\t\t<\/span>\n\t\t\t\t\t<\/a>\n\t\t\t\t<\/div>\n\t\t\t\t\t\t\t\t<\/div>\n\t\t\t\t<\/div>\n\t\t\t\t<\/div>\n\t\t<div class=\"elementor-element elementor-element-5acb0a3c e-flex e-con-boxed e-con e-child\" data-id=\"5acb0a3c\" data-element_type=\"container\" data-e-type=\"container\">\n\t\t\t\t\t<div class=\"e-con-inner\">\n\t\t\t\t<div class=\"elementor-element elementor-element-6af046b0 elementor-widget elementor-widget-image\" data-id=\"6af046b0\" data-element_type=\"widget\" data-e-type=\"widget\" data-widget_type=\"image.default\">\n\t\t\t\t<div class=\"elementor-widget-container\">\n\t\t\t\t\t\t\t\t\t\t\t\t\t\t\t<img fetchpriority=\"high\" decoding=\"async\" width=\"800\" height=\"530\" src=\"https:\/\/msmklinik.com.tr\/wp-content\/uploads\/2024\/05\/MSM-Klinik-Bel-Fitigi-IMG-1024x679.webp\" class=\"attachment-large size-large wp-image-9887\" alt=\"MSM Klinik - Bel F\u0131t\u0131g\u0306\u0131\" srcset=\"https:\/\/msmklinik.com.tr\/wp-content\/uploads\/2024\/05\/MSM-Klinik-Bel-Fitigi-IMG-1024x679.webp 1024w, https:\/\/msmklinik.com.tr\/wp-content\/uploads\/2024\/05\/MSM-Klinik-Bel-Fitigi-IMG-300x199.webp 300w, https:\/\/msmklinik.com.tr\/wp-content\/uploads\/2024\/05\/MSM-Klinik-Bel-Fitigi-IMG-768x509.webp 768w, https:\/\/msmklinik.com.tr\/wp-content\/uploads\/2024\/05\/MSM-Klinik-Bel-Fitigi-IMG-1536x1018.webp 1536w, https:\/\/msmklinik.com.tr\/wp-content\/uploads\/2024\/05\/MSM-Klinik-Bel-Fitigi-IMG-2048x1357.webp 2048w\" sizes=\"(max-width: 800px) 100vw, 800px\" \/>\t\t\t\t\t\t\t\t\t\t\t\t\t\t\t<\/div>\n\t\t\t\t<\/div>\n\t\t\t\t\t<\/div>\n\t\t\t\t<\/div>\n\t\t\t\t\t<\/div>\n\t\t\t\t<\/div>\n\t\t<div class=\"elementor-element elementor-element-6859b2ad e-flex e-con-boxed e-con e-parent\" data-id=\"6859b2ad\" data-element_type=\"container\" data-e-type=\"container\">\n\t\t\t\t\t<div class=\"e-con-inner\">\n\t\t\t\t<div class=\"elementor-element elementor-element-d0e6a74 elementor-widget elementor-widget-video\" data-id=\"d0e6a74\" data-element_type=\"widget\" data-e-type=\"widget\" data-settings=\"{&quot;youtube_url&quot;:&quot;https:\\\/\\\/youtu.be\\\/J853ABA1fw0&quot;,&quot;video_type&quot;:&quot;youtube&quot;,&quot;controls&quot;:&quot;yes&quot;}\" data-widget_type=\"video.default\">\n\t\t\t\t<div class=\"elementor-widget-container\">\n\t\t\t\t\t\t\t<div class=\"elementor-wrapper elementor-open-inline\">\n\t\t\t<div class=\"elementor-video\"><\/div>\t\t<\/div>\n\t\t\t\t\t\t<\/div>\n\t\t\t\t<\/div>\n\t\t\t\t<div class=\"elementor-element elementor-element-d59e29a elementor-widget elementor-widget-heading\" data-id=\"d59e29a\" data-element_type=\"widget\" data-e-type=\"widget\" id=\"2\" data-widget_type=\"heading.default\">\n\t\t\t\t<div class=\"elementor-widget-container\">\n\t\t\t\t\t<h2 class=\"elementor-heading-title elementor-size-default\">Was sind die Ursachen f\u00fcr einen Lendenwirbelhernie?<\/h2>\t\t\t\t<\/div>\n\t\t\t\t<\/div>\n\t\t\t\t<div class=\"elementor-element elementor-element-37a0d3fa elementor-widget elementor-widget-text-editor\" data-id=\"37a0d3fa\" data-element_type=\"widget\" data-e-type=\"widget\" data-widget_type=\"text-editor.default\">\n\t\t\t\t<div class=\"elementor-widget-container\">\n\t\t\t\t\t\t\t\t\t<p>Mit der Zeit und mit zunehmendem Alter nimmt der Fl\u00fcssigkeitsgehalt in den Bandscheiben ab, wodurch die Belastbarkeit der Bandscheiben sinkt. Traumata wie schweres Heben, pl\u00f6tzliche und unkontrollierte Bewegungen der Taille, langes Stehen, St\u00fcrze und St\u00f6\u00dfe erh\u00f6hen das Risiko eines Lendenwirbelhernie. Diese Traumata k\u00f6nnen zum Bruch der Bandscheibe f\u00fchren. Obwohl ein Bandscheibenvorfall am h\u00e4ufigsten bei Menschen mittleren Alters und \u00e4lteren Menschen auftritt, ist er bei jungen Menschen und sogar Kindern nicht ungew\u00f6hnlich. Das Risiko eines Bandscheibenvorfalls, der sowohl M\u00e4nner als auch Frauen gleicherma\u00dfen betrifft, steigt mit einer schnellen Gewichtszunahme w\u00e4hrend der Schwangerschaft. Auch \u00dcbergewicht ist ein wichtiger Risikofaktor. Rauchen kann zu einer Unterern\u00e4hrung der Bandscheiben f\u00fchren, was zu Dehydrierung und dem Risiko eines Bandscheibenvorfalls f\u00fchren kann. Auch l\u00e4ngeres Rauchen kann den Heilungsprozess verl\u00e4ngern.<\/p><p>Weitere Faktoren, die das Risiko eines Lendenwirbelhernie erh\u00f6hen, sind langes Sitzen am Schreibtisch, langes Autofahren, eine sitzende Lebensweise, Bewegungen und Aktivit\u00e4ten, die die Wirbels\u00e4ule \u00fcberm\u00e4\u00dfig belasten, sowie unangemessene k\u00f6rperliche Bet\u00e4tigung. Wenn die Muskeln rund um die Wirbels\u00e4ule sowie die Rumpf- und Bauchmuskulatur schw\u00e4cher werden, erh\u00f6ht sich der Druck auf die Bandscheiben und die Bandscheiben werden anf\u00e4llig f\u00fcr einen Lendenwirbelhernie.<\/p>\t\t\t\t\t\t\t\t<\/div>\n\t\t\t\t<\/div>\n\t\t\t\t<div class=\"elementor-element elementor-element-6b7b1ff2 elementor-mobile-align-justify elementor-widget__width-auto elementor-align-left elementor-widget elementor-widget-button\" data-id=\"6b7b1ff2\" data-element_type=\"widget\" data-e-type=\"widget\" data-widget_type=\"button.default\">\n\t\t\t\t<div class=\"elementor-widget-container\">\n\t\t\t\t\t\t\t\t\t<div class=\"elementor-button-wrapper\">\n\t\t\t\t\t<a class=\"elementor-button elementor-button-link elementor-size-sm\" href=\"#elementor-action%3Aaction%3Dpopup%3Aopen%26settings%3DeyJpZCI6NzA3OCwidG9nZ2xlIjpmYWxzZX0%3D\">\n\t\t\t\t\t\t<span class=\"elementor-button-content-wrapper\">\n\t\t\t\t\t\t\t\t\t<span class=\"elementor-button-text\">Information<\/span>\n\t\t\t\t\t<\/span>\n\t\t\t\t\t<\/a>\n\t\t\t\t<\/div>\n\t\t\t\t\t\t\t\t<\/div>\n\t\t\t\t<\/div>\n\t\t\t\t<div class=\"elementor-element elementor-element-66d1abf elementor-widget elementor-widget-heading\" data-id=\"66d1abf\" data-element_type=\"widget\" data-e-type=\"widget\" data-widget_type=\"heading.default\">\n\t\t\t\t<div class=\"elementor-widget-container\">\n\t\t\t\t\t<h2 class=\"elementor-heading-title elementor-size-default\"><a href=\"https:\/\/msmklinik.com.tr\/de\/nicht-operative-bandscheibenvorfallbehandlung\/\">&gt;&gt;&gt; Nicht-operative Bandscheibenvorfallbehandlung &lt;&lt;&lt;\n<\/a><\/h2>\t\t\t\t<\/div>\n\t\t\t\t<\/div>\n\t\t\t\t<div class=\"elementor-element elementor-element-66a64870 elementor-widget elementor-widget-heading\" data-id=\"66a64870\" data-element_type=\"widget\" data-e-type=\"widget\" id=\"3\" data-widget_type=\"heading.default\">\n\t\t\t\t<div class=\"elementor-widget-container\">\n\t\t\t\t\t<h2 class=\"elementor-heading-title elementor-size-default\">Was sind die Symptome eines Lendenwirbelhernie?<\/h2>\t\t\t\t<\/div>\n\t\t\t\t<\/div>\n\t\t\t\t<div class=\"elementor-element elementor-element-13967bac elementor-widget elementor-widget-text-editor\" data-id=\"13967bac\" data-element_type=\"widget\" data-e-type=\"widget\" data-widget_type=\"text-editor.default\">\n\t\t\t\t<div class=\"elementor-widget-container\">\n\t\t\t\t\t\t\t\t\t<p>Obwohl die Symptome eines Lendenwirbelhernie je nach Schwere der Erkrankung und ihrer Ursache variieren, k\u00f6nnen allgemeine Symptome wie folgt aufgef\u00fchrt werden:<\/p><ul><li><strong> Schmerzen: <\/strong>Das offensichtlichste Symptom einer Hernie sind Schmerzen, die vom unteren R\u00fccken bis zum Bein ausstrahlen (sogenannte Ausstrahlung) und normalerweise auf einer Seite zu sp\u00fcren sind. Der Schmerz kann scharfer, stechender oder bet\u00e4ubender Natur sein. Aktivit\u00e4ten wie Husten, Niesen oder Pressen k\u00f6nnen die Schmerzen verst\u00e4rken.<\/li><li><strong> Taubheitsgef\u00fchl und Kribbeln: <\/strong>Wenn der Leistenbruch Druck auf die Nerven in den Beinen aus\u00fcbt, kann es zu Taubheitsgef\u00fchl und Kribbeln kommen. Diese Symptome treten meist auf der Seite auf, auf der der Schmerz auftritt.<\/li><li><strong> Schwierigkeiten beim Gehen: <\/strong>Nervendruck kann das Gehen erschweren und ein Schw\u00e4chegef\u00fchl in den Beinen hervorrufen. In einigen F\u00e4llen kann es beim Patienten zu Hinken oder Gleichgewichtsverlust kommen.<\/li><li><strong> Schwierigkeiten beim Anheben des Fu\u00dfes: <\/strong>Patienten k\u00f6nnen Schwierigkeiten haben, ihr Bein gerade anzuheben. Dieser Zustand wird mit einem klinischen Test namens Lasegue-Test beurteilt<strong>.<\/strong><\/li><li><strong> Muskelschw\u00e4che: <\/strong>Nervendruck kann zu Muskelschw\u00e4che im betroffenen Bein f\u00fchren. Dieser Zustand kann dazu f\u00fchren, dass der Patient Schwierigkeiten bei einfachen Aktivit\u00e4ten wie dem Treppensteigen oder dem Gehen auf Zehenspitzen hat.<\/li><li><strong> Bovic-Dysfunktion: <\/strong>In einigen seltenen F\u00e4llen kann ein Leistenbruch Druck auf die Nerven aus\u00fcben, die die Blase oder den Darm betreffen, was zu Problemen bei der Harn- oder Darmkontrolle f\u00fchren kann.<\/li><\/ul>\t\t\t\t\t\t\t\t<\/div>\n\t\t\t\t<\/div>\n\t\t\t\t<div class=\"elementor-element elementor-element-1e817808 elementor-mobile-align-justify elementor-widget__width-auto elementor-align-left elementor-widget elementor-widget-button\" data-id=\"1e817808\" data-element_type=\"widget\" data-e-type=\"widget\" data-widget_type=\"button.default\">\n\t\t\t\t<div class=\"elementor-widget-container\">\n\t\t\t\t\t\t\t\t\t<div class=\"elementor-button-wrapper\">\n\t\t\t\t\t<a class=\"elementor-button elementor-button-link elementor-size-sm\" href=\"#elementor-action%3Aaction%3Dpopup%3Aopen%26settings%3DeyJpZCI6NzA3OCwidG9nZ2xlIjpmYWxzZX0%3D\">\n\t\t\t\t\t\t<span class=\"elementor-button-content-wrapper\">\n\t\t\t\t\t\t\t\t\t<span class=\"elementor-button-text\">Information<\/span>\n\t\t\t\t\t<\/span>\n\t\t\t\t\t<\/a>\n\t\t\t\t<\/div>\n\t\t\t\t\t\t\t\t<\/div>\n\t\t\t\t<\/div>\n\t\t\t\t<div class=\"elementor-element elementor-element-5e7bec1 elementor-widget elementor-widget-heading\" data-id=\"5e7bec1\" data-element_type=\"widget\" data-e-type=\"widget\" id=\"4\" data-widget_type=\"heading.default\">\n\t\t\t\t<div class=\"elementor-widget-container\">\n\t\t\t\t\t<h2 class=\"elementor-heading-title elementor-size-default\">Wie diagnostiziert man einen Lendenwirbelhernie?<\/h2>\t\t\t\t<\/div>\n\t\t\t\t<\/div>\n\t\t\t\t<div class=\"elementor-element elementor-element-76fc616d elementor-widget elementor-widget-text-editor\" data-id=\"76fc616d\" data-element_type=\"widget\" data-e-type=\"widget\" data-widget_type=\"text-editor.default\">\n\t\t\t\t<div class=\"elementor-widget-container\">\n\t\t\t\t\t\t\t\t\t<p>Als MSM Klinik befassen wir uns ganzheitlich und detailliert mit der Behandlung von Bandscheibenvorf\u00e4llen. Die Schritte, die wir bei der Diagnosestellung befolgen, sind wie folgt:<\/p><ol><li><strong> Krankengeschichte:<\/strong><\/li><\/ol><ul><li>Unser Arzt wird Sie fragen, wann Ihre Schmerzen begonnen haben, wie stark sie sind, wann sie schlimmer geworden sind und was sie ausgel\u00f6st hat.<\/li><li>Er oder sie wird Sie auch fragen, ob Sie in der Vergangenheit R\u00fcckenschmerzen, eine Verletzung oder eine Operation hatten.<\/li><li>Es wird nach Ihrem Beruf und Ihren t\u00e4glichen Aktivit\u00e4ten gefragt.<\/li><\/ul><ol start=\"2\"><li><strong> K\u00f6rperliche Untersuchung:<\/strong><\/li><\/ol><ul><li>Unser Arzt \u00fcberpr\u00fcft die Beweglichkeit und Empfindlichkeit Ihrer Taille.<\/li><li>Es testet die Kraft und Reflexe Ihrer Beinmuskulatur.<\/li><li>Pr\u00fcft auf Taubheitsgef\u00fchl oder Kribbeln.<\/li><\/ul><p><strong>\u00a0<\/strong><\/p><ol start=\"3\"><li><strong> Bildgebende Tests:<\/strong><\/li><\/ol><ul><li><strong> R\u00f6ntgen: <\/strong>Unser Arzt kann eine R\u00f6ntgenaufnahme anordnen, um einen allgemeinen \u00dcberblick \u00fcber Ihre Wirbels\u00e4ule zu erhalten.<\/li><li><strong> CT (Computertomographie): <\/strong>Ein CT-Scan kann ein detaillierteres Bild Ihrer Wirbels\u00e4ule und Ihrer Nerven liefern.<\/li><li><strong> MRT (Magnetresonanztomographie): <\/strong>Die MRT kann das detaillierteste Bild Ihrer Bandscheibe, Knochen und Nerven liefern.<\/li><\/ul><ol start=\"4\"><li><strong> Neurologische Tests:<\/strong><\/li><\/ol><ul><li><strong> Neurologische Tests: Unser <\/strong>Arzt kann neurologische Tests durchf\u00fchren, um festzustellen, wie stark Ihre Nerven betroffen sind. Diese Tests k\u00f6nnen Folgendes umfassen:<\/li><li><strong> Elektromyographie (EMG): <\/strong>Mit diesem Test wird beurteilt, wie gut Ihre Muskeln funktionieren.<\/li><li><strong> Neuroleitungsstudien: <\/strong>Mit diesen Tests wird beurteilt, wie gut Ihre Nerven Signale \u00fcbertragen<strong>.<\/strong><\/li><\/ul><p>Anhand all dieser Informationen ermittelt die MSM-Klinik, ob ein Leistenbruch vorliegt und wenn ja, um welche Art von Leistenbruch es sich handelt.<\/p>\t\t\t\t\t\t\t\t<\/div>\n\t\t\t\t<\/div>\n\t\t\t\t<div class=\"elementor-element elementor-element-410db3e2 elementor-mobile-align-justify elementor-widget__width-auto elementor-align-left elementor-widget elementor-widget-button\" data-id=\"410db3e2\" data-element_type=\"widget\" data-e-type=\"widget\" data-widget_type=\"button.default\">\n\t\t\t\t<div class=\"elementor-widget-container\">\n\t\t\t\t\t\t\t\t\t<div class=\"elementor-button-wrapper\">\n\t\t\t\t\t<a class=\"elementor-button elementor-button-link elementor-size-sm\" href=\"#elementor-action%3Aaction%3Dpopup%3Aopen%26settings%3DeyJpZCI6NzA3OCwidG9nZ2xlIjpmYWxzZX0%3D\">\n\t\t\t\t\t\t<span class=\"elementor-button-content-wrapper\">\n\t\t\t\t\t\t\t\t\t<span class=\"elementor-button-text\">Information<\/span>\n\t\t\t\t\t<\/span>\n\t\t\t\t\t<\/a>\n\t\t\t\t<\/div>\n\t\t\t\t\t\t\t\t<\/div>\n\t\t\t\t<\/div>\n\t\t\t\t<div class=\"elementor-element elementor-element-3c898496 elementor-widget elementor-widget-heading\" data-id=\"3c898496\" data-element_type=\"widget\" data-e-type=\"widget\" id=\"5\" data-widget_type=\"heading.default\">\n\t\t\t\t<div class=\"elementor-widget-container\">\n\t\t\t\t\t<h2 class=\"elementor-heading-title elementor-size-default\">Welche Behandlungsmethoden gibt es bei einem Lendenwirbelhernie?<\/h2>\t\t\t\t<\/div>\n\t\t\t\t<\/div>\n\t\t\t\t<div class=\"elementor-element elementor-element-2f2bd2d elementor-widget elementor-widget-text-editor\" data-id=\"2f2bd2d\" data-element_type=\"widget\" data-e-type=\"widget\" data-widget_type=\"text-editor.default\">\n\t\t\t\t<div class=\"elementor-widget-container\">\n\t\t\t\t\t\t\t\t\t<p>Die Behandlung eines Lendenwirbelhernie wird an die individuelle Situation jedes Patienten angepasst und der Patient wird ausf\u00fchrlich aufgekl\u00e4rt. Im Folgenden sind h\u00e4ufig verwendete Behandlungsmethoden f\u00fcr einen Lendenwirbelhernie aufgef\u00fchrt:<\/p><ol><li><strong> Ruhe:<\/strong><\/li><\/ol><ul><li>Ruhe ist zun\u00e4chst der wichtigste Schritt bei der Behandlung eines Bandscheibenvorfalls.<\/li><li>Es wurde festgestellt, dass l\u00e4ngeres Ruhen sch\u00e4dlich sein kann.<\/li><li>Typischerweise sind Ruhezeiten und Bewegungseinschr\u00e4nkungen begrenzt.<\/li><li>In sehr schmerzhaften F\u00e4llen kann eine kurzfristige Bettruhe erforderlich sein.<\/li><li>Ihr Arzt beurteilt, ob Sie wieder arbeiten k\u00f6nnen.<\/li><\/ul><ol start=\"2\"><li><strong> Medikament\u00f6se Behandlung:<\/strong><\/li><\/ol><ul><li>Es werden Schmerzmittel und Muskelrelaxantien eingesetzt.<\/li><li>In einigen F\u00e4llen kann auch eine Steroidbehandlung durchgef\u00fchrt werden.<\/li><\/ul><ol start=\"3\"><li><strong> Unterst\u00fctzung:<\/strong><\/li><\/ol><ul><li>Bei Bedarf kann ein Taillenkorsett oder eine Bandage verwendet werden.<\/li><\/ul><ol start=\"4\"><li><strong> Physiotherapie:<\/strong><\/li><\/ol><ul><li>Zum Einsatz kommen Methoden wie W\u00e4rmetherapie, Ultraschall, Lasertherapie, elektrische Behandlungen, Massage, Mobilisation, manuelle Therapie, Dry Needling, Taping und Traktion.<\/li><li>\u00dcbungs\u00fcbungen sind sehr wichtig und sollten fr\u00fchzeitig begonnen werden.<\/li><li>Es werden Dehn\u00fcbungen, Haltungs\u00fcbungen und andere \u00dcbungen durchgef\u00fchrt, die die Schmerzen nicht verst\u00e4rken.<\/li><li>Mit \u00dcbungen zur Steigerung von Ausdauer und Kraft wird nach und nach begonnen.<\/li><\/ul><ol start=\"5\"><li><strong> Chirurgische Eingriffe und Injektionen<\/strong><\/li><\/ol><ul><li>Bei geeigneten Patienten werden Injektionen rund um die Wirbels\u00e4ule und in den Kanal vorgenommen.<\/li><li>Bei schwerwiegenden Symptomen wie fortschreitendem Kraftverlust oder Inkontinenz kann ein chirurgischer Eingriff erforderlich sein.<\/li><\/ul><p>\u00a0<\/p><p>Die meisten Patienten k\u00f6nnen ohne Operation behandelt werden und k\u00f6nnen ihren Alltag bequem und schmerzfrei verbringen.<\/p>\t\t\t\t\t\t\t\t<\/div>\n\t\t\t\t<\/div>\n\t\t\t\t<div class=\"elementor-element elementor-element-50e53b87 elementor-mobile-align-justify elementor-widget__width-auto elementor-align-left elementor-widget elementor-widget-button\" data-id=\"50e53b87\" data-element_type=\"widget\" data-e-type=\"widget\" data-widget_type=\"button.default\">\n\t\t\t\t<div class=\"elementor-widget-container\">\n\t\t\t\t\t\t\t\t\t<div class=\"elementor-button-wrapper\">\n\t\t\t\t\t<a class=\"elementor-button elementor-button-link elementor-size-sm\" href=\"#elementor-action%3Aaction%3Dpopup%3Aopen%26settings%3DeyJpZCI6NzA3OCwidG9nZ2xlIjpmYWxzZX0%3D\">\n\t\t\t\t\t\t<span class=\"elementor-button-content-wrapper\">\n\t\t\t\t\t\t\t\t\t<span class=\"elementor-button-text\">Information<\/span>\n\t\t\t\t\t<\/span>\n\t\t\t\t\t<\/a>\n\t\t\t\t<\/div>\n\t\t\t\t\t\t\t\t<\/div>\n\t\t\t\t<\/div>\n\t\t\t\t\t<\/div>\n\t\t\t\t<\/div>\n\t\t\t\t<\/div>\n\t\t","protected":false},"excerpt":{"rendered":"<p>Was Ist Ein Lendenwirbelhernie? Was Sind Die Ursachen F\u00fcr Einen Lendenwirbelhernie? Was Sind Die Symptome Eines Lendenwirbelhernie? Wie Diagnostiziert Man Einen Lendenwirbelhernie? Welche Behandlungsmethoden Gibt Es Bei Einem Lendenwirbelhernie? Was ist ein Lendenwirbelhernie? Ein Lendenwirbelhernie oder anders genannt Bandscheibenvorfall ist eine Erkrankung, die durch Abnutzung, Riss oder Verrutschen der Bandscheiben zwischen den Wirbeln, die die [&hellip;]<\/p>\n","protected":false},"author":1,"featured_media":0,"parent":0,"menu_order":0,"comment_status":"closed","ping_status":"closed","template":"","meta":{"footnotes":""},"class_list":["post-9907","page","type-page","status-publish","hentry"],"_links":{"self":[{"href":"https:\/\/msmklinik.com.tr\/de\/wp-json\/wp\/v2\/pages\/9907","targetHints":{"allow":["GET"]}}],"collection":[{"href":"https:\/\/msmklinik.com.tr\/de\/wp-json\/wp\/v2\/pages"}],"about":[{"href":"https:\/\/msmklinik.com.tr\/de\/wp-json\/wp\/v2\/types\/page"}],"author":[{"embeddable":true,"href":"https:\/\/msmklinik.com.tr\/de\/wp-json\/wp\/v2\/users\/1"}],"replies":[{"embeddable":true,"href":"https:\/\/msmklinik.com.tr\/de\/wp-json\/wp\/v2\/comments?post=9907"}],"version-history":[{"count":13,"href":"https:\/\/msmklinik.com.tr\/de\/wp-json\/wp\/v2\/pages\/9907\/revisions"}],"predecessor-version":[{"id":12214,"href":"https:\/\/msmklinik.com.tr\/de\/wp-json\/wp\/v2\/pages\/9907\/revisions\/12214"}],"wp:attachment":[{"href":"https:\/\/msmklinik.com.tr\/de\/wp-json\/wp\/v2\/media?parent=9907"}],"curies":[{"name":"wp","href":"https:\/\/api.w.org\/{rel}","templated":true}]}}