{"id":10987,"date":"2024-08-21T11:04:27","date_gmt":"2024-08-21T08:04:27","guid":{"rendered":"https:\/\/msmklinik.com.tr\/?page_id=10987"},"modified":"2024-08-21T11:18:27","modified_gmt":"2024-08-21T08:18:27","slug":"nerve-compression","status":"publish","type":"page","link":"https:\/\/msmklinik.com.tr\/en\/nerve-compression\/","title":{"rendered":"Nerve compression"},"content":{"rendered":"\t\t<div data-elementor-type=\"wp-page\" data-elementor-id=\"10987\" class=\"elementor elementor-10987 elementor-10973\" data-elementor-post-type=\"page\">\n\t\t\t\t<div class=\"elementor-element elementor-element-134bba9e e-flex e-con-boxed e-con e-parent\" data-id=\"134bba9e\" data-element_type=\"container\" data-e-type=\"container\">\n\t\t\t\t\t<div class=\"e-con-inner\">\n\t\t\t\t<div class=\"elementor-element elementor-element-245c361f elementor-icon-list--layout-traditional elementor-list-item-link-full_width elementor-widget elementor-widget-icon-list\" data-id=\"245c361f\" data-element_type=\"widget\" data-e-type=\"widget\" data-widget_type=\"icon-list.default\">\n\t\t\t\t<div class=\"elementor-widget-container\">\n\t\t\t\t\t\t\t<ul class=\"elementor-icon-list-items\">\n\t\t\t\t\t\t\t<li class=\"elementor-icon-list-item\">\n\t\t\t\t\t\t\t\t\t\t\t<a href=\"#1\">\n\n\t\t\t\t\t\t\t\t\t\t\t\t<span class=\"elementor-icon-list-icon\">\n\t\t\t\t\t\t\t<svg aria-hidden=\"true\" class=\"e-font-icon-svg e-fas-angle-right\" viewBox=\"0 0 256 512\" xmlns=\"http:\/\/www.w3.org\/2000\/svg\"><path d=\"M224.3 273l-136 136c-9.4 9.4-24.6 9.4-33.9 0l-22.6-22.6c-9.4-9.4-9.4-24.6 0-33.9l96.4-96.4-96.4-96.4c-9.4-9.4-9.4-24.6 0-33.9L54.3 103c9.4-9.4 24.6-9.4 33.9 0l136 136c9.5 9.4 9.5 24.6.1 34z\"><\/path><\/svg>\t\t\t\t\t\t<\/span>\n\t\t\t\t\t\t\t\t\t\t<span class=\"elementor-icon-list-text\">What is nerve compression?<\/span>\n\t\t\t\t\t\t\t\t\t\t\t<\/a>\n\t\t\t\t\t\t\t\t\t<\/li>\n\t\t\t\t\t\t\t\t<li class=\"elementor-icon-list-item\">\n\t\t\t\t\t\t\t\t\t\t\t<a href=\"#2\">\n\n\t\t\t\t\t\t\t\t\t\t\t\t<span class=\"elementor-icon-list-icon\">\n\t\t\t\t\t\t\t<svg aria-hidden=\"true\" class=\"e-font-icon-svg e-fas-angle-right\" viewBox=\"0 0 256 512\" xmlns=\"http:\/\/www.w3.org\/2000\/svg\"><path d=\"M224.3 273l-136 136c-9.4 9.4-24.6 9.4-33.9 0l-22.6-22.6c-9.4-9.4-9.4-24.6 0-33.9l96.4-96.4-96.4-96.4c-9.4-9.4-9.4-24.6 0-33.9L54.3 103c9.4-9.4 24.6-9.4 33.9 0l136 136c9.5 9.4 9.5 24.6.1 34z\"><\/path><\/svg>\t\t\t\t\t\t<\/span>\n\t\t\t\t\t\t\t\t\t\t<span class=\"elementor-icon-list-text\">What causes nerve compression?<\/span>\n\t\t\t\t\t\t\t\t\t\t\t<\/a>\n\t\t\t\t\t\t\t\t\t<\/li>\n\t\t\t\t\t\t\t\t<li class=\"elementor-icon-list-item\">\n\t\t\t\t\t\t\t\t\t\t\t<a href=\"#3\">\n\n\t\t\t\t\t\t\t\t\t\t\t\t<span class=\"elementor-icon-list-icon\">\n\t\t\t\t\t\t\t<svg aria-hidden=\"true\" class=\"e-font-icon-svg e-fas-angle-right\" viewBox=\"0 0 256 512\" xmlns=\"http:\/\/www.w3.org\/2000\/svg\"><path d=\"M224.3 273l-136 136c-9.4 9.4-24.6 9.4-33.9 0l-22.6-22.6c-9.4-9.4-9.4-24.6 0-33.9l96.4-96.4-96.4-96.4c-9.4-9.4-9.4-24.6 0-33.9L54.3 103c9.4-9.4 24.6-9.4 33.9 0l136 136c9.5 9.4 9.5 24.6.1 34z\"><\/path><\/svg>\t\t\t\t\t\t<\/span>\n\t\t\t\t\t\t\t\t\t\t<span class=\"elementor-icon-list-text\">What are the types of nerve compression and what are their symptoms and causes?<\/span>\n\t\t\t\t\t\t\t\t\t\t\t<\/a>\n\t\t\t\t\t\t\t\t\t<\/li>\n\t\t\t\t\t\t\t\t<li class=\"elementor-icon-list-item\">\n\t\t\t\t\t\t\t\t\t\t\t<a href=\"#4\">\n\n\t\t\t\t\t\t\t\t\t\t\t\t<span class=\"elementor-icon-list-icon\">\n\t\t\t\t\t\t\t<svg aria-hidden=\"true\" class=\"e-font-icon-svg e-fas-angle-right\" viewBox=\"0 0 256 512\" xmlns=\"http:\/\/www.w3.org\/2000\/svg\"><path d=\"M224.3 273l-136 136c-9.4 9.4-24.6 9.4-33.9 0l-22.6-22.6c-9.4-9.4-9.4-24.6 0-33.9l96.4-96.4-96.4-96.4c-9.4-9.4-9.4-24.6 0-33.9L54.3 103c9.4-9.4 24.6-9.4 33.9 0l136 136c9.5 9.4 9.5 24.6.1 34z\"><\/path><\/svg>\t\t\t\t\t\t<\/span>\n\t\t\t\t\t\t\t\t\t\t<span class=\"elementor-icon-list-text\">Nerve compression: What are the symptoms of carpal tunnel syndrome, tarsal tunnel and cubital tunnel syndrome?<\/span>\n\t\t\t\t\t\t\t\t\t\t\t<\/a>\n\t\t\t\t\t\t\t\t\t<\/li>\n\t\t\t\t\t\t\t\t<li class=\"elementor-icon-list-item\">\n\t\t\t\t\t\t\t\t\t\t\t<a href=\"#5\">\n\n\t\t\t\t\t\t\t\t\t\t\t\t<span class=\"elementor-icon-list-icon\">\n\t\t\t\t\t\t\t<svg aria-hidden=\"true\" class=\"e-font-icon-svg e-fas-angle-right\" viewBox=\"0 0 256 512\" xmlns=\"http:\/\/www.w3.org\/2000\/svg\"><path d=\"M224.3 273l-136 136c-9.4 9.4-24.6 9.4-33.9 0l-22.6-22.6c-9.4-9.4-9.4-24.6 0-33.9l96.4-96.4-96.4-96.4c-9.4-9.4-9.4-24.6 0-33.9L54.3 103c9.4-9.4 24.6-9.4 33.9 0l136 136c9.5 9.4 9.5 24.6.1 34z\"><\/path><\/svg>\t\t\t\t\t\t<\/span>\n\t\t\t\t\t\t\t\t\t\t<span class=\"elementor-icon-list-text\">How is nerve compression diagnosed?<\/span>\n\t\t\t\t\t\t\t\t\t\t\t<\/a>\n\t\t\t\t\t\t\t\t\t<\/li>\n\t\t\t\t\t\t\t\t<li class=\"elementor-icon-list-item\">\n\t\t\t\t\t\t\t\t\t\t\t<a href=\"#6\">\n\n\t\t\t\t\t\t\t\t\t\t\t\t<span class=\"elementor-icon-list-icon\">\n\t\t\t\t\t\t\t<svg aria-hidden=\"true\" class=\"e-font-icon-svg e-fas-angle-right\" viewBox=\"0 0 256 512\" xmlns=\"http:\/\/www.w3.org\/2000\/svg\"><path d=\"M224.3 273l-136 136c-9.4 9.4-24.6 9.4-33.9 0l-22.6-22.6c-9.4-9.4-9.4-24.6 0-33.9l96.4-96.4-96.4-96.4c-9.4-9.4-9.4-24.6 0-33.9L54.3 103c9.4-9.4 24.6-9.4 33.9 0l136 136c9.5 9.4 9.5 24.6.1 34z\"><\/path><\/svg>\t\t\t\t\t\t<\/span>\n\t\t\t\t\t\t\t\t\t\t<span class=\"elementor-icon-list-text\">How is nerve compression treated?<\/span>\n\t\t\t\t\t\t\t\t\t\t\t<\/a>\n\t\t\t\t\t\t\t\t\t<\/li>\n\t\t\t\t\t\t<\/ul>\n\t\t\t\t\t\t<\/div>\n\t\t\t\t<\/div>\n\t\t\t\t\t<\/div>\n\t\t\t\t<\/div>\n\t\t<div class=\"elementor-element elementor-element-53a4ad39 e-flex e-con-boxed e-con e-parent\" data-id=\"53a4ad39\" data-element_type=\"container\" data-e-type=\"container\">\n\t\t\t\t\t<div class=\"e-con-inner\">\n\t\t<div class=\"elementor-element elementor-element-212b440c e-con-full e-flex e-con e-child\" data-id=\"212b440c\" data-element_type=\"container\" data-e-type=\"container\">\n\t\t\t\t<div class=\"elementor-element elementor-element-2986673a elementor-widget elementor-widget-heading\" data-id=\"2986673a\" data-element_type=\"widget\" data-e-type=\"widget\" id=\"1\" data-widget_type=\"heading.default\">\n\t\t\t\t<div class=\"elementor-widget-container\">\n\t\t\t\t\t<h2 class=\"elementor-heading-title elementor-size-default\">What is nerve compression?<\/h2>\t\t\t\t<\/div>\n\t\t\t\t<\/div>\n\t\t\t\t<div class=\"elementor-element elementor-element-72ed660b elementor-widget elementor-widget-text-editor\" data-id=\"72ed660b\" data-element_type=\"widget\" data-e-type=\"widget\" data-widget_type=\"text-editor.default\">\n\t\t\t\t<div class=\"elementor-widget-container\">\n\t\t\t\t\t\t\t\t\t<p>Nerve compression is a situation where the nerve is compressed due to a narrowing of the canal or bone structure through which the nerve passes, thereby disrupting the nerve&#8217;s functions. The most common nerve compressions include carpal tunnel syndrome, tarsal tunnel syndrome, and cubital tunnel syndrome. These conditions can cause symptoms such as limited hand and arm movement, numbness, tingling, and pain.<\/p>\t\t\t\t\t\t\t\t<\/div>\n\t\t\t\t<\/div>\n\t\t\t\t<\/div>\n\t\t<div class=\"elementor-element elementor-element-1211a170 e-flex e-con-boxed e-con e-child\" data-id=\"1211a170\" data-element_type=\"container\" data-e-type=\"container\">\n\t\t\t\t\t<div class=\"e-con-inner\">\n\t\t\t\t<div class=\"elementor-element elementor-element-6265a63b elementor-widget elementor-widget-image\" data-id=\"6265a63b\" data-element_type=\"widget\" data-e-type=\"widget\" data-widget_type=\"image.default\">\n\t\t\t\t<div class=\"elementor-widget-container\">\n\t\t\t\t\t\t\t\t\t\t\t\t\t\t\t<img fetchpriority=\"high\" decoding=\"async\" width=\"800\" height=\"530\" src=\"https:\/\/msmklinik.com.tr\/wp-content\/uploads\/2024\/08\/sinir-sikismasi.png\" class=\"attachment-large size-large wp-image-10978\" alt=\"Sinir s\u0131k\u0131\u015fmas\u0131\" srcset=\"https:\/\/msmklinik.com.tr\/wp-content\/uploads\/2024\/08\/sinir-sikismasi.png 848w, https:\/\/msmklinik.com.tr\/wp-content\/uploads\/2024\/08\/sinir-sikismasi-300x199.png 300w, https:\/\/msmklinik.com.tr\/wp-content\/uploads\/2024\/08\/sinir-sikismasi-768x509.png 768w\" sizes=\"(max-width: 800px) 100vw, 800px\" \/>\t\t\t\t\t\t\t\t\t\t\t\t\t\t\t<\/div>\n\t\t\t\t<\/div>\n\t\t\t\t\t<\/div>\n\t\t\t\t<\/div>\n\t\t\t\t\t<\/div>\n\t\t\t\t<\/div>\n\t\t<div class=\"elementor-element elementor-element-72f4868d e-flex e-con-boxed e-con e-parent\" data-id=\"72f4868d\" data-element_type=\"container\" data-e-type=\"container\">\n\t\t\t\t\t<div class=\"e-con-inner\">\n\t\t\t\t<div class=\"elementor-element elementor-element-5ffa2704 elementor-widget elementor-widget-heading\" data-id=\"5ffa2704\" data-element_type=\"widget\" data-e-type=\"widget\" id=\"2\" data-widget_type=\"heading.default\">\n\t\t\t\t<div class=\"elementor-widget-container\">\n\t\t\t\t\t<h2 class=\"elementor-heading-title elementor-size-default\">What causes nerve compression?<\/h2>\t\t\t\t<\/div>\n\t\t\t\t<\/div>\n\t\t\t\t<div class=\"elementor-element elementor-element-599684c3 elementor-widget elementor-widget-text-editor\" data-id=\"599684c3\" data-element_type=\"widget\" data-e-type=\"widget\" data-widget_type=\"text-editor.default\">\n\t\t\t\t<div class=\"elementor-widget-container\">\n\t\t\t\t\t\t\t\t\t<p>The main causes of nerve compression are:<\/p><ul><li><strong>Repetitive motion:<\/strong> Repetitive motion such as using a computer or playing a musical instrument can put strain on nerves.<\/li><li><strong>Trauma: Injuries<\/strong> to the hand or arm can damage nerves.<\/li><li><strong>Rheumatologic disorders:<\/strong> Conditions such as rheumatoid arthritis can cause nerve compression.<\/li><li><strong>Diabetes:<\/strong> Diabetes can cause nerve damage and lead to nerve compression.<\/li><li><strong>Pregnancy:<\/strong> Hormones and fluid buildup during pregnancy can trigger nerve compression.<\/li><li><strong>Obesity:<\/strong> Being overweight can put pressure on nerves and cause compression.<\/li><li><strong>Thyroid disorders:<\/strong> Inadequate or excessive thyroid function can lead to nerve compression.<\/li><li><strong>Tumors or cysts:<\/strong> Tumors or cysts that form in the channels through which nerves pass can compress nerves.<\/li><li><strong>Genetic factors:<\/strong> In some people, the predisposition to nerve compression may be genetic.<\/li><\/ul>\t\t\t\t\t\t\t\t<\/div>\n\t\t\t\t<\/div>\n\t\t\t\t<div class=\"elementor-element elementor-element-6ec05fa7 elementor-mobile-align-justify elementor-widget__width-auto elementor-align-left elementor-widget elementor-widget-button\" data-id=\"6ec05fa7\" data-element_type=\"widget\" data-e-type=\"widget\" data-widget_type=\"button.default\">\n\t\t\t\t<div class=\"elementor-widget-container\">\n\t\t\t\t\t\t\t\t\t<div class=\"elementor-button-wrapper\">\n\t\t\t\t\t<a class=\"elementor-button elementor-button-link elementor-size-sm\" href=\"#elementor-action%3Aaction%3Dpopup%3Aopen%26settings%3DeyJpZCI6NzA3NiwidG9nZ2xlIjpmYWxzZX0%3D\">\n\t\t\t\t\t\t<span class=\"elementor-button-content-wrapper\">\n\t\t\t\t\t\t\t\t\t<span class=\"elementor-button-text\">More Information<\/span>\n\t\t\t\t\t<\/span>\n\t\t\t\t\t<\/a>\n\t\t\t\t<\/div>\n\t\t\t\t\t\t\t\t<\/div>\n\t\t\t\t<\/div>\n\t\t\t\t<div class=\"elementor-element elementor-element-4e704042 elementor-widget elementor-widget-heading\" data-id=\"4e704042\" data-element_type=\"widget\" data-e-type=\"widget\" id=\"3\" data-widget_type=\"heading.default\">\n\t\t\t\t<div class=\"elementor-widget-container\">\n\t\t\t\t\t<h2 class=\"elementor-heading-title elementor-size-default\">What are the types of nerve compression and what are their symptoms and causes?<\/h2>\t\t\t\t<\/div>\n\t\t\t\t<\/div>\n\t\t\t\t<div class=\"elementor-element elementor-element-868c684 elementor-widget elementor-widget-text-editor\" data-id=\"868c684\" data-element_type=\"widget\" data-e-type=\"widget\" data-widget_type=\"text-editor.default\">\n\t\t\t\t<div class=\"elementor-widget-container\">\n\t\t\t\t\t\t\t\t\t<p>If we divide nerve compression into carpal tunnel, tarsal tunnel and cubital tunnel, the most common causes of these compressions are:<\/p><ul><li><strong>Carpal tunnel syndrome:<\/strong> repetitive hand movements (computer use, writing), conditions such as rheumatoid arthritis, pregnancy, diabetes, kidney failure.<\/li><li><strong>Tarsal tunnel syndrome:<\/strong> ankle injuries, diabetes, rheumatoid arthritis.<\/li><li><strong>Cubital tunnel syndrome:<\/strong> pressure on the elbow, elbow fractures, rheumatoid arthritis, diabetes.<\/li><\/ul><p>In summary, nerve compression can have many causes and these causes can occur individually or in combination. A specialist should be consulted for diagnosis and treatment.<\/p>\t\t\t\t\t\t\t\t<\/div>\n\t\t\t\t<\/div>\n\t\t\t\t<div class=\"elementor-element elementor-element-6e5a9a92 elementor-mobile-align-justify elementor-widget__width-auto elementor-align-left elementor-widget elementor-widget-button\" data-id=\"6e5a9a92\" data-element_type=\"widget\" data-e-type=\"widget\" data-widget_type=\"button.default\">\n\t\t\t\t<div class=\"elementor-widget-container\">\n\t\t\t\t\t\t\t\t\t<div class=\"elementor-button-wrapper\">\n\t\t\t\t\t<a class=\"elementor-button elementor-button-link elementor-size-sm\" href=\"#elementor-action%3Aaction%3Dpopup%3Aopen%26settings%3DeyJpZCI6NzA3NiwidG9nZ2xlIjpmYWxzZX0%3D\">\n\t\t\t\t\t\t<span class=\"elementor-button-content-wrapper\">\n\t\t\t\t\t\t\t\t\t<span class=\"elementor-button-text\">More Information<\/span>\n\t\t\t\t\t<\/span>\n\t\t\t\t\t<\/a>\n\t\t\t\t<\/div>\n\t\t\t\t\t\t\t\t<\/div>\n\t\t\t\t<\/div>\n\t\t\t\t<div class=\"elementor-element elementor-element-13e2b0f0 elementor-widget elementor-widget-heading\" data-id=\"13e2b0f0\" data-element_type=\"widget\" data-e-type=\"widget\" id=\"4\" data-widget_type=\"heading.default\">\n\t\t\t\t<div class=\"elementor-widget-container\">\n\t\t\t\t\t<h2 class=\"elementor-heading-title elementor-size-default\">Nerve compression: What are the symptoms of carpal tunnel syndrome, tarsal tunnel and cubital tunnel syndrome?<\/h2>\t\t\t\t<\/div>\n\t\t\t\t<\/div>\n\t\t\t\t<div class=\"elementor-element elementor-element-42339e91 elementor-widget elementor-widget-text-editor\" data-id=\"42339e91\" data-element_type=\"widget\" data-e-type=\"widget\" data-widget_type=\"text-editor.default\">\n\t\t\t\t<div class=\"elementor-widget-container\">\n\t\t\t\t\t\t\t\t\t<p>Depending on the degree of narrowing of the canal or bone structure through which the nerve passes, symptoms of nerve compression may vary from person to person and may be confused with symptoms of other health problems. The most common nerve compressions include carpal tunnel syndrome, tarsal tunnel syndrome, and cubital tunnel syndrome. These syndromes can occur with different symptoms depending on the nerve affected and the severity of the compression.<\/p><p><strong><u>Symptoms of carpal tunnel syndrome<\/u><\/strong><\/p><ul><li><strong>Numbness and tingling in the wrist and fingers:<\/strong> It can be felt especially in the thumb, index finger, middle finger and the tip of the ring finger.<\/li><li><strong>Nighttime pain:<\/strong> numbness and tingling increase at night and disturb sleep.<\/li><li><strong>Weakness<\/strong> in the hand: Difficulty holding objects, especially small ones.<\/li><li><strong>Swelling in the wrist:<\/strong> In some cases, slight swelling in the wrist may be observed.<\/li><li><strong>Increased symptoms<\/strong> in cold or hot weather: Weather changes or contact with hot or cold water may worsen symptoms.<\/li><\/ul><p><strong><u>Symptoms of Tarsal Tunnel Syndrome<\/u><\/strong><\/p><ul><li><strong>Numbness <\/strong>and tingling in the sole of the foot: It is felt especially in the inner part of the sole of the foot.<\/li><li><strong>Ankle and back of the foot pain:<\/strong> There may be a burning or stinging sensation in the ankle and back of the foot.<\/li><li><strong>Weakness in the feet:<\/strong> There may be difficulty moving the toes.<\/li><li><strong>Difficulty walking:<\/strong> Walking may become difficult due to pain in the sole of the foot.<\/li><\/ul><p><strong><u>Symptoms of Cubital Tunnel Syndrome<\/u><\/strong><\/p><ul><li><strong>Numbness and tingling<\/strong> in half of the little finger and ring finger: Numbness may occur that is Elbow.<\/li><li><strong>Pain on the inside of the elbow:<\/strong> Pain may increase when bending the elbow or applying pressure to the elbow.<\/li><li><strong>Weakness in the hand:<\/strong> Weakness may occur, particularly in the movements of the little finger and ring finger. \u2022 Swelling in the elbow: In some cases, slight swelling may be observed on the inside of the elbow.<\/li><\/ul><p><strong><u>General Symptoms<\/u><\/strong><\/p><p>In addition to the symptoms listed above, common symptoms caused by nerve compression include:<\/p><ul><li><strong>Pain:<\/strong> A burning, stabbing, or electric shock-like sensation in the affected area.<\/li><li><strong>Muscle weakness:<\/strong> Weakness in the muscles controlled by the affected nerve.<\/li><li><strong>Restricted range of motion:<\/strong> Restricted range of motion in the affected area.<\/li><li><strong>Sensory loss:<\/strong> reduction in sensations such as touch, heat and cold in the affected area.<\/li><\/ul>\t\t\t\t\t\t\t\t<\/div>\n\t\t\t\t<\/div>\n\t\t\t\t<div class=\"elementor-element elementor-element-2b8b17 elementor-mobile-align-justify elementor-widget__width-auto elementor-align-left elementor-widget elementor-widget-button\" data-id=\"2b8b17\" data-element_type=\"widget\" data-e-type=\"widget\" data-widget_type=\"button.default\">\n\t\t\t\t<div class=\"elementor-widget-container\">\n\t\t\t\t\t\t\t\t\t<div class=\"elementor-button-wrapper\">\n\t\t\t\t\t<a class=\"elementor-button elementor-button-link elementor-size-sm\" href=\"#elementor-action%3Aaction%3Dpopup%3Aopen%26settings%3DeyJpZCI6NzA3NiwidG9nZ2xlIjpmYWxzZX0%3D\">\n\t\t\t\t\t\t<span class=\"elementor-button-content-wrapper\">\n\t\t\t\t\t\t\t\t\t<span class=\"elementor-button-text\">More Information<\/span>\n\t\t\t\t\t<\/span>\n\t\t\t\t\t<\/a>\n\t\t\t\t<\/div>\n\t\t\t\t\t\t\t\t<\/div>\n\t\t\t\t<\/div>\n\t\t\t\t<div class=\"elementor-element elementor-element-7e71c429 elementor-widget elementor-widget-heading\" data-id=\"7e71c429\" data-element_type=\"widget\" data-e-type=\"widget\" id=\"5\" data-widget_type=\"heading.default\">\n\t\t\t\t<div class=\"elementor-widget-container\">\n\t\t\t\t\t<h2 class=\"elementor-heading-title elementor-size-default\">How is nerve compression diagnosed?<\/h2>\t\t\t\t<\/div>\n\t\t\t\t<\/div>\n\t\t\t\t<div class=\"elementor-element elementor-element-79a17bd3 elementor-widget elementor-widget-text-editor\" data-id=\"79a17bd3\" data-element_type=\"widget\" data-e-type=\"widget\" data-widget_type=\"text-editor.default\">\n\t\t\t\t<div class=\"elementor-widget-container\">\n\t\t\t\t\t\t\t\t\t<ol><li><strong><u> Physical examination:<\/u><\/strong><\/li><\/ol><p>o <strong>Tenderness:<\/strong> The affected area is checked for hypersensitivity or tenderness to touch.<\/p><p>o <strong>Weakness:<\/strong> It is assessed whether there is a loss of strength in the affected muscles. For example, in carpal tunnel syndrome, there may be difficulty in connecting the thumb and other fingers.<\/p><p>o <strong>Numbness and tingling:<\/strong> Check the affected area for numbness, tingling or stabbing.<\/p><p>o <strong>Limitation of movement<\/strong>: It is assessed whether there is a limitation of movement in the affected joint.<\/p><p>o <strong>Reflexes:<\/strong> The deep tendon reflexes are checked.<\/p><p>o <strong>Skin condition:<\/strong> It is assessed whether there is any color change, temperature difference or dryness of the skin in the affected area.<\/p><ol start=\"2\"><li><strong><u>Electromyography (EMG):<\/u><\/strong><\/li><\/ol><p>o It determines the location, size and severity of nerve damage by measuring the electrical activity of the nerves.<\/p><p>o Needle electrodes are used to record electrical activities in muscles and potentials in nerves.<\/p><p>o It determines the type of nerve damage by measuring nerve conduction velocity.<\/p><ol start=\"3\"><li><strong><u> Neurography:<\/u><\/strong><\/li><\/ol><p>o It determines the location and severity of nerve damage by measuring nerve conduction velocity.<\/p><p>o It involves stimulating the nerves with electrodes placed on the surface of the skin and measuring the resulting electrical activity.<\/p><ol start=\"4\"><li><strong><u>Magnetic resonance imaging (MR):<\/u><\/strong><\/li><\/ol><p>It shows in detail the anatomical structures in the area of \u200b\u200bnerve compression.<\/p><p>o Detects structures such as bony protrusions, cysts or tumors that cause nerve compression.<\/p><p>o It indicates swelling or inflammation of the soft tissues around the nerve.<\/p>\t\t\t\t\t\t\t\t<\/div>\n\t\t\t\t<\/div>\n\t\t\t\t<div class=\"elementor-element elementor-element-d98712d elementor-mobile-align-justify elementor-widget__width-auto elementor-align-left elementor-widget elementor-widget-button\" data-id=\"d98712d\" data-element_type=\"widget\" data-e-type=\"widget\" data-widget_type=\"button.default\">\n\t\t\t\t<div class=\"elementor-widget-container\">\n\t\t\t\t\t\t\t\t\t<div class=\"elementor-button-wrapper\">\n\t\t\t\t\t<a class=\"elementor-button elementor-button-link elementor-size-sm\" href=\"#elementor-action%3Aaction%3Dpopup%3Aopen%26settings%3DeyJpZCI6NzA3NiwidG9nZ2xlIjpmYWxzZX0%3D\">\n\t\t\t\t\t\t<span class=\"elementor-button-content-wrapper\">\n\t\t\t\t\t\t\t\t\t<span class=\"elementor-button-text\">More Information<\/span>\n\t\t\t\t\t<\/span>\n\t\t\t\t\t<\/a>\n\t\t\t\t<\/div>\n\t\t\t\t\t\t\t\t<\/div>\n\t\t\t\t<\/div>\n\t\t\t\t<div class=\"elementor-element elementor-element-b207e1e elementor-widget elementor-widget-heading\" data-id=\"b207e1e\" data-element_type=\"widget\" data-e-type=\"widget\" id=\"6\" data-widget_type=\"heading.default\">\n\t\t\t\t<div class=\"elementor-widget-container\">\n\t\t\t\t\t<h2 class=\"elementor-heading-title elementor-size-default\">How is nerve compression treated?<\/h2>\t\t\t\t<\/div>\n\t\t\t\t<\/div>\n\t\t\t\t<div class=\"elementor-element elementor-element-185b376e elementor-widget elementor-widget-text-editor\" data-id=\"185b376e\" data-element_type=\"widget\" data-e-type=\"widget\" data-widget_type=\"text-editor.default\">\n\t\t\t\t<div class=\"elementor-widget-container\">\n\t\t\t\t\t\t\t\t\t<p>The treatment of nerve compression varies depending on the severity, duration and cause of the compression. In general, the following methods are used:<\/p><ul><li><strong><u> Conservative treatments:<\/u><\/strong><\/li><\/ul><p>o <strong>Medications:<\/strong> medications such as painkillers and cortisone shots.<\/p><p>o <strong>Physical therapy:<\/strong> strengthening the muscles around the nerves and increasing their flexibility through exercise, massage and other physical therapy methods.<\/p><p>o <strong>Using a splint or orthosis:<\/strong> it reduces the pressure on the nerve by supporting the affected area.<\/p><ul><li><strong><u> Surgical treatment:<\/u><\/strong><\/li><\/ul><p>o <strong>Nerve decompression:<\/strong> it reduces the pressure on the nerve by widening the canal in which the nerve is compressed.<\/p><p>o <strong>Nerve transfer:<\/strong> it restores nerve functions by replacing the function of the damaged nerve with another nerve.<\/p><p><strong><u>Hand surgery and the role of microsurgery<\/u><\/strong><\/p><p>Nerve compression surgery is typically performed using microsurgical techniques. Microsurgery is a special surgical method that allows the exposure and repair of very small nerve structures. The hand surgeon determines the cause of the nerve compression and creates an individual surgical plan.<\/p>\t\t\t\t\t\t\t\t<\/div>\n\t\t\t\t<\/div>\n\t\t\t\t<div class=\"elementor-element elementor-element-6f406074 elementor-mobile-align-justify elementor-widget__width-auto elementor-align-left elementor-widget elementor-widget-button\" data-id=\"6f406074\" data-element_type=\"widget\" data-e-type=\"widget\" data-widget_type=\"button.default\">\n\t\t\t\t<div class=\"elementor-widget-container\">\n\t\t\t\t\t\t\t\t\t<div class=\"elementor-button-wrapper\">\n\t\t\t\t\t<a class=\"elementor-button elementor-button-link elementor-size-sm\" href=\"#elementor-action%3Aaction%3Dpopup%3Aopen%26settings%3DeyJpZCI6NzA3NiwidG9nZ2xlIjpmYWxzZX0%3D\">\n\t\t\t\t\t\t<span class=\"elementor-button-content-wrapper\">\n\t\t\t\t\t\t\t\t\t<span class=\"elementor-button-text\">More Information<\/span>\n\t\t\t\t\t<\/span>\n\t\t\t\t\t<\/a>\n\t\t\t\t<\/div>\n\t\t\t\t\t\t\t\t<\/div>\n\t\t\t\t<\/div>\n\t\t\t\t\t<\/div>\n\t\t\t\t<\/div>\n\t\t\t\t<\/div>\n\t\t","protected":false},"excerpt":{"rendered":"<p>What is nerve compression? What causes nerve compression? What are the types of nerve compression and what are their symptoms and causes? Nerve compression: What are the symptoms of carpal tunnel syndrome, tarsal tunnel and cubital tunnel syndrome? How is nerve compression diagnosed? How is nerve compression treated? What is nerve compression? Nerve compression is [&hellip;]<\/p>\n","protected":false},"author":1,"featured_media":0,"parent":0,"menu_order":0,"comment_status":"closed","ping_status":"closed","template":"","meta":{"footnotes":""},"class_list":["post-10987","page","type-page","status-publish","hentry"],"_links":{"self":[{"href":"https:\/\/msmklinik.com.tr\/en\/wp-json\/wp\/v2\/pages\/10987","targetHints":{"allow":["GET"]}}],"collection":[{"href":"https:\/\/msmklinik.com.tr\/en\/wp-json\/wp\/v2\/pages"}],"about":[{"href":"https:\/\/msmklinik.com.tr\/en\/wp-json\/wp\/v2\/types\/page"}],"author":[{"embeddable":true,"href":"https:\/\/msmklinik.com.tr\/en\/wp-json\/wp\/v2\/users\/1"}],"replies":[{"embeddable":true,"href":"https:\/\/msmklinik.com.tr\/en\/wp-json\/wp\/v2\/comments?post=10987"}],"version-history":[{"count":7,"href":"https:\/\/msmklinik.com.tr\/en\/wp-json\/wp\/v2\/pages\/10987\/revisions"}],"predecessor-version":[{"id":10995,"href":"https:\/\/msmklinik.com.tr\/en\/wp-json\/wp\/v2\/pages\/10987\/revisions\/10995"}],"wp:attachment":[{"href":"https:\/\/msmklinik.com.tr\/en\/wp-json\/wp\/v2\/media?parent=10987"}],"curies":[{"name":"wp","href":"https:\/\/api.w.org\/{rel}","templated":true}]}}