{"id":12628,"date":"2025-09-30T16:36:14","date_gmt":"2025-09-30T13:36:14","guid":{"rendered":"https:\/\/msmklinik.com.tr\/boy-uzatma-ve-kisaltma\/"},"modified":"2025-09-30T16:50:31","modified_gmt":"2025-09-30T13:50:31","slug":"boy-uzatma-ve-kisaltma","status":"publish","type":"page","link":"https:\/\/msmklinik.com.tr\/en\/boy-uzatma-ve-kisaltma\/","title":{"rendered":"Limb Lengthening &amp; Limb Shortening"},"content":{"rendered":"\t\t<div data-elementor-type=\"wp-page\" data-elementor-id=\"12628\" class=\"elementor elementor-12628 elementor-12615\" data-elementor-post-type=\"page\">\n\t\t\t\t<div class=\"elementor-element elementor-element-95db381 e-flex e-con-boxed e-con e-parent\" data-id=\"95db381\" data-element_type=\"container\" data-e-type=\"container\">\n\t\t\t\t\t<div class=\"e-con-inner\">\n\t\t\t\t<div class=\"elementor-element elementor-element-0e52367 elementor-grid-2 elementor-grid-tablet-2 elementor-grid-mobile-1 elementor-posts--thumbnail-top elementor-card-shadow-yes elementor-posts__hover-gradient elementor-widget elementor-widget-posts\" data-id=\"0e52367\" data-element_type=\"widget\" data-e-type=\"widget\" data-settings=\"{&quot;cards_columns&quot;:&quot;2&quot;,&quot;cards_columns_tablet&quot;:&quot;2&quot;,&quot;cards_columns_mobile&quot;:&quot;1&quot;,&quot;cards_row_gap&quot;:{&quot;unit&quot;:&quot;px&quot;,&quot;size&quot;:35,&quot;sizes&quot;:[]},&quot;cards_row_gap_tablet&quot;:{&quot;unit&quot;:&quot;px&quot;,&quot;size&quot;:&quot;&quot;,&quot;sizes&quot;:[]},&quot;cards_row_gap_mobile&quot;:{&quot;unit&quot;:&quot;px&quot;,&quot;size&quot;:&quot;&quot;,&quot;sizes&quot;:[]}}\" data-widget_type=\"posts.cards\">\n\t\t\t\t<div class=\"elementor-widget-container\">\n\t\t\t\t\t\t\t<div class=\"elementor-posts-container elementor-posts elementor-posts--skin-cards elementor-grid\" role=\"list\">\n\t\t\t\t<article class=\"elementor-post elementor-grid-item post-12585 page type-page status-publish has-post-thumbnail hentry\" role=\"listitem\">\n\t\t\t<div class=\"elementor-post__card\">\n\t\t\t\t<a class=\"elementor-post__thumbnail__link\" href=\"https:\/\/msmklinik.com.tr\/en\/limb-shortening-surgery-in-turkey\/\" tabindex=\"-1\" ><div class=\"elementor-post__thumbnail\"><img fetchpriority=\"high\" decoding=\"async\" width=\"1248\" height=\"832\" src=\"https:\/\/msmklinik.com.tr\/wp-content\/uploads\/2025\/09\/Boy-kisaltma-ameliyati-gorsel-1.jpg\" class=\"attachment-full size-full wp-image-12569\" alt=\"Boy k\u0131saltma ameliyat\u0131 g\u00f6rsel 1\" srcset=\"https:\/\/msmklinik.com.tr\/wp-content\/uploads\/2025\/09\/Boy-kisaltma-ameliyati-gorsel-1.jpg 1248w, https:\/\/msmklinik.com.tr\/wp-content\/uploads\/2025\/09\/Boy-kisaltma-ameliyati-gorsel-1-300x200.jpg 300w, https:\/\/msmklinik.com.tr\/wp-content\/uploads\/2025\/09\/Boy-kisaltma-ameliyati-gorsel-1-1024x683.jpg 1024w, https:\/\/msmklinik.com.tr\/wp-content\/uploads\/2025\/09\/Boy-kisaltma-ameliyati-gorsel-1-768x512.jpg 768w\" sizes=\"(max-width: 1248px) 100vw, 1248px\" \/><\/div><\/a>\n\t\t\t\t<div class=\"elementor-post__text\">\n\t\t\t\t<h3 class=\"elementor-post__title\">\n\t\t\t<a href=\"https:\/\/msmklinik.com.tr\/en\/limb-shortening-surgery-in-turkey\/\" >\n\t\t\t\tLimb Shortening Surgery in Turkey\t\t\t<\/a>\n\t\t<\/h3>\n\t\t\t\t<div class=\"elementor-post__excerpt\">\n\t\t\t<p>What Is Limb Shortening Surgery in Turkey? Who Is A Candidate For Limb Shortening Surgery in Turkey? How Is Limb Shortening Surgery Performed And What Methods Are Used? What Does The Recovery Process After Limb Shortening Surgery Look Like? What Should Be Considered After A Limb Shortening Surgery? Frequently Asked Questions What Is Limb Shortening Surgery in Turkey? Limb Shortening Surgery in Turkey is a surgical procedure performed to decrease a person&#8217;s body height. This procedure is generally carried out by removing a specific segment of bone from the thighbone (femur) or the shinbone (tibia). The aim is to correct a leg length discrepancy that is either congenital or developed later in life, or to achieve a more balanced body proportion.In contrast to the leg lengthening procedure, this surgical technique is a comprehensive decision with both physical and emotional aspects. Therefore, it is important for candidates to research the procedure in detail and consult with a surgeon who is an<\/p>\n\t\t<\/div>\n\t\t\n\t\t<a class=\"elementor-post__read-more\" href=\"https:\/\/msmklinik.com.tr\/en\/limb-shortening-surgery-in-turkey\/\" aria-label=\"Read more about Limb Shortening Surgery in Turkey\" tabindex=\"-1\" >\n\t\t\tRead More \u00bb\t\t<\/a>\n\n\t\t\t\t<\/div>\n\t\t\t\t\t<\/div>\n\t\t<\/article>\n\t\t\t\t<article class=\"elementor-post elementor-grid-item post-11904 page type-page status-publish has-post-thumbnail hentry\" role=\"listitem\">\n\t\t\t<div class=\"elementor-post__card\">\n\t\t\t\t<a class=\"elementor-post__thumbnail__link\" href=\"https:\/\/msmklinik.com.tr\/en\/height-lengthening-surgery\/\" tabindex=\"-1\" ><div class=\"elementor-post__thumbnail\"><img decoding=\"async\" width=\"1792\" height=\"1344\" src=\"https:\/\/msmklinik.com.tr\/wp-content\/uploads\/2025\/07\/boy-uzatma.jpg\" class=\"attachment-full size-full wp-image-12526\" alt=\"Boy Uzatma Ameliyat\u0131 MSM\" srcset=\"https:\/\/msmklinik.com.tr\/wp-content\/uploads\/2025\/07\/boy-uzatma.jpg 1792w, https:\/\/msmklinik.com.tr\/wp-content\/uploads\/2025\/07\/boy-uzatma-300x225.jpg 300w, https:\/\/msmklinik.com.tr\/wp-content\/uploads\/2025\/07\/boy-uzatma-1024x768.jpg 1024w, https:\/\/msmklinik.com.tr\/wp-content\/uploads\/2025\/07\/boy-uzatma-768x576.jpg 768w, https:\/\/msmklinik.com.tr\/wp-content\/uploads\/2025\/07\/boy-uzatma-1536x1152.jpg 1536w\" sizes=\"(max-width: 1792px) 100vw, 1792px\" \/><\/div><\/a>\n\t\t\t\t<div class=\"elementor-post__text\">\n\t\t\t\t<h3 class=\"elementor-post__title\">\n\t\t\t<a href=\"https:\/\/msmklinik.com.tr\/en\/height-lengthening-surgery\/\" >\n\t\t\t\tHeight Lengthening Surgery\t\t\t<\/a>\n\t\t<\/h3>\n\t\t\t\t<div class=\"elementor-post__excerpt\">\n\t\t\t<p>Height Lengthening Surgery is Much More Than Aesthetic Concerns What Are the Methods and Techniques Used in Limb Lengthening? External Method: Externally Controlled Bone Lengthening Internal Method: Internally Controlled Bone Lengthening Combined (LON) Method What Are the Non-Surgical Methods in Limb Lengthening? What Is the Recovery Process Like After Limb Lengthening Surgery? Frequently Asked Questions Height Lengthening Surgery is Much More Than Aesthetic Concerns Contrary to popular belief, Height Lengthening Surgery is not only an aesthetic intervention. Cosmetic concerns, which are seen as the only reason for this treatment in the society, reflect only a part of the truth. Bone and spine health are fundamental elements that directly affect an individual&#8217;s quality of life. Lengthening procedures play a critical role in solving a variety of orthopedic problems such as unequal bone lengths, non-healing fractures or malunited bones. Lengthening Surgery aims not only to improve the external appearance, but also to improve the functionality and health of the skeletal system. When<\/p>\n\t\t<\/div>\n\t\t\n\t\t<a class=\"elementor-post__read-more\" href=\"https:\/\/msmklinik.com.tr\/en\/height-lengthening-surgery\/\" aria-label=\"Read more about Height Lengthening Surgery\" tabindex=\"-1\" >\n\t\t\tRead More \u00bb\t\t<\/a>\n\n\t\t\t\t<\/div>\n\t\t\t\t\t<\/div>\n\t\t<\/article>\n\t\t\t\t<\/div>\n\t\t\n\t\t\t\t\t\t<\/div>\n\t\t\t\t<\/div>\n\t\t\t\t\t<\/div>\n\t\t\t\t<\/div>\n\t\t\t\t<\/div>\n\t\t","protected":false},"excerpt":{"rendered":"","protected":false},"author":1,"featured_media":12569,"parent":0,"menu_order":0,"comment_status":"closed","ping_status":"closed","template":"","meta":{"footnotes":""},"class_list":["post-12628","page","type-page","status-publish","has-post-thumbnail","hentry"],"_links":{"self":[{"href":"https:\/\/msmklinik.com.tr\/en\/wp-json\/wp\/v2\/pages\/12628","targetHints":{"allow":["GET"]}}],"collection":[{"href":"https:\/\/msmklinik.com.tr\/en\/wp-json\/wp\/v2\/pages"}],"about":[{"href":"https:\/\/msmklinik.com.tr\/en\/wp-json\/wp\/v2\/types\/page"}],"author":[{"embeddable":true,"href":"https:\/\/msmklinik.com.tr\/en\/wp-json\/wp\/v2\/users\/1"}],"replies":[{"embeddable":true,"href":"https:\/\/msmklinik.com.tr\/en\/wp-json\/wp\/v2\/comments?post=12628"}],"version-history":[{"count":5,"href":"https:\/\/msmklinik.com.tr\/en\/wp-json\/wp\/v2\/pages\/12628\/revisions"}],"predecessor-version":[{"id":12636,"href":"https:\/\/msmklinik.com.tr\/en\/wp-json\/wp\/v2\/pages\/12628\/revisions\/12636"}],"wp:featuredmedia":[{"embeddable":true,"href":"https:\/\/msmklinik.com.tr\/en\/wp-json\/wp\/v2\/media\/12569"}],"wp:attachment":[{"href":"https:\/\/msmklinik.com.tr\/en\/wp-json\/wp\/v2\/media?parent=12628"}],"curies":[{"name":"wp","href":"https:\/\/api.w.org\/{rel}","templated":true}]}}