{"id":5647,"date":"2022-04-13T13:12:18","date_gmt":"2022-04-13T10:12:18","guid":{"rendered":"https:\/\/msmklinik.com.tr\/about-us\/"},"modified":"2024-10-15T13:26:17","modified_gmt":"2024-10-15T10:26:17","slug":"about-us","status":"publish","type":"page","link":"https:\/\/msmklinik.com.tr\/en\/about-us\/","title":{"rendered":"About US"},"content":{"rendered":"\t\t<div data-elementor-type=\"wp-page\" data-elementor-id=\"5647\" class=\"elementor elementor-5647 elementor-1309\" data-elementor-post-type=\"page\">\n\t\t\t\t\t\t<section class=\"elementor-section elementor-top-section elementor-element elementor-element-76a31ae elementor-reverse-mobile elementor-section-boxed elementor-section-height-default elementor-section-height-default\" data-id=\"76a31ae\" data-element_type=\"section\" data-e-type=\"section\" data-settings=\"{&quot;background_background&quot;:&quot;classic&quot;}\">\n\t\t\t\t\t\t\t<div class=\"elementor-background-overlay\"><\/div>\n\t\t\t\t\t\t\t<div class=\"elementor-container elementor-column-gap-default\">\n\t\t\t\t\t<div class=\"elementor-column elementor-col-50 elementor-top-column elementor-element elementor-element-63736e2\" data-id=\"63736e2\" data-element_type=\"column\" data-e-type=\"column\">\n\t\t\t<div class=\"elementor-widget-wrap elementor-element-populated\">\n\t\t\t\t\t\t<div class=\"elementor-element elementor-element-a5ceb56 elementor-widget elementor-widget-heading\" data-id=\"a5ceb56\" data-element_type=\"widget\" data-e-type=\"widget\" data-widget_type=\"heading.default\">\n\t\t\t\t<div class=\"elementor-widget-container\">\n\t\t\t\t\t<h2 class=\"elementor-heading-title elementor-size-default\">Opr. Dr. Mesut San\u00e7m\u0131\u015f<\/h2>\t\t\t\t<\/div>\n\t\t\t\t<\/div>\n\t\t\t\t<div class=\"elementor-element elementor-element-6c2dbf5 elementor-widget elementor-widget-heading\" data-id=\"6c2dbf5\" data-element_type=\"widget\" data-e-type=\"widget\" data-widget_type=\"heading.default\">\n\t\t\t\t<div class=\"elementor-widget-container\">\n\t\t\t\t\t<h5 class=\"elementor-heading-title elementor-size-default\">Orthopedics &amp; Traumatology<\/h5>\t\t\t\t<\/div>\n\t\t\t\t<\/div>\n\t\t\t\t<div class=\"elementor-element elementor-element-b970a2e elementor-mobile-align-center elementor-icon-list--layout-traditional elementor-list-item-link-full_width elementor-widget elementor-widget-icon-list\" data-id=\"b970a2e\" data-element_type=\"widget\" data-e-type=\"widget\" data-widget_type=\"icon-list.default\">\n\t\t\t\t<div class=\"elementor-widget-container\">\n\t\t\t\t\t\t\t<ul class=\"elementor-icon-list-items\">\n\t\t\t\t\t\t\t<li class=\"elementor-icon-list-item\">\n\t\t\t\t\t\t\t\t\t\t\t<span class=\"elementor-icon-list-icon\">\n\t\t\t\t\t\t\t<svg aria-hidden=\"true\" class=\"e-font-icon-svg e-fas-phone-alt\" viewBox=\"0 0 512 512\" xmlns=\"http:\/\/www.w3.org\/2000\/svg\"><path d=\"M497.39 361.8l-112-48a24 24 0 0 0-28 6.9l-49.6 60.6A370.66 370.66 0 0 1 130.6 204.11l60.6-49.6a23.94 23.94 0 0 0 6.9-28l-48-112A24.16 24.16 0 0 0 122.6.61l-104 24A24 24 0 0 0 0 48c0 256.5 207.9 464 464 464a24 24 0 0 0 23.4-18.6l24-104a24.29 24.29 0 0 0-14.01-27.6z\"><\/path><\/svg>\t\t\t\t\t\t<\/span>\n\t\t\t\t\t\t\t\t\t\t<span class=\"elementor-icon-list-text\">+90 533 780 30 33<\/span>\n\t\t\t\t\t\t\t\t\t<\/li>\n\t\t\t\t\t\t\t\t<li class=\"elementor-icon-list-item\">\n\t\t\t\t\t\t\t\t\t\t\t<span class=\"elementor-icon-list-icon\">\n\t\t\t\t\t\t\t<svg aria-hidden=\"true\" class=\"e-font-icon-svg e-fas-envelope\" viewBox=\"0 0 512 512\" xmlns=\"http:\/\/www.w3.org\/2000\/svg\"><path d=\"M502.3 190.8c3.9-3.1 9.7-.2 9.7 4.7V400c0 26.5-21.5 48-48 48H48c-26.5 0-48-21.5-48-48V195.6c0-5 5.7-7.8 9.7-4.7 22.4 17.4 52.1 39.5 154.1 113.6 21.1 15.4 56.7 47.8 92.2 47.6 35.7.3 72-32.8 92.3-47.6 102-74.1 131.6-96.3 154-113.7zM256 320c23.2.4 56.6-29.2 73.4-41.4 132.7-96.3 142.8-104.7 173.4-128.7 5.8-4.5 9.2-11.5 9.2-18.9v-19c0-26.5-21.5-48-48-48H48C21.5 64 0 85.5 0 112v19c0 7.4 3.4 14.3 9.2 18.9 30.6 23.9 40.7 32.4 173.4 128.7 16.8 12.2 50.2 41.8 73.4 41.4z\"><\/path><\/svg>\t\t\t\t\t\t<\/span>\n\t\t\t\t\t\t\t\t\t\t<span class=\"elementor-icon-list-text\">mesut.sancmis@msmklinik.com<\/span>\n\t\t\t\t\t\t\t\t\t<\/li>\n\t\t\t\t\t\t<\/ul>\n\t\t\t\t\t\t<\/div>\n\t\t\t\t<\/div>\n\t\t\t\t<div class=\"elementor-element elementor-element-5428250 elementor-widget elementor-widget-heading\" data-id=\"5428250\" data-element_type=\"widget\" data-e-type=\"widget\" data-widget_type=\"heading.default\">\n\t\t\t\t<div class=\"elementor-widget-container\">\n\t\t\t\t\t<h4 class=\"elementor-heading-title elementor-size-default\">Biography<\/h4>\t\t\t\t<\/div>\n\t\t\t\t<\/div>\n\t\t\t\t<div class=\"elementor-element elementor-element-439cfd5 elementor-widget elementor-widget-text-editor\" data-id=\"439cfd5\" data-element_type=\"widget\" data-e-type=\"widget\" data-widget_type=\"text-editor.default\">\n\t\t\t\t<div class=\"elementor-widget-container\">\n\t\t\t\t\t\t\t\t\t<p>Dr. Mesut San\u00e7m\u0131\u015f was born in 1983 in Erzincan, Turkey. After completing his secondary education at Bal\u0131kesir Cumhuriyet High School, he began his studies at the Faculty of Medicine of \u0130zmir Dokuz Eylul University in 2000 and graduated in 2006.<\/p><p>Following his graduation, he worked as a General Practitioner at Giresun Ya\u011fl\u0131dere State Hospital from 2006 to 2009. In 2009, he joined the Department of Orthopedics and Traumatology at Akdeniz University Faculty of Medicine as a research assistant, where he earned his specialization in Orthopedics and Traumatology in 2015. After working in Hakkari for five months from 2015 to 2016, he was assigned to Manavgat State Hospital. He continued his practice there until 2018, after which he served at Antalya Atat\u00fcrk State Hospital from 2018 to 2022. In 2022, he established MSM Clinic.<\/p><p>He is an Assistant Professor at Alanya University.<\/p>\t\t\t\t\t\t\t\t<\/div>\n\t\t\t\t<\/div>\n\t\t\t\t\t<\/div>\n\t\t<\/div>\n\t\t\t\t<div class=\"elementor-column elementor-col-50 elementor-top-column elementor-element elementor-element-ad8df77\" data-id=\"ad8df77\" data-element_type=\"column\" data-e-type=\"column\">\n\t\t\t<div class=\"elementor-widget-wrap elementor-element-populated\">\n\t\t\t\t\t\t<div class=\"elementor-element elementor-element-2be4698 elementor-widget elementor-widget-image\" data-id=\"2be4698\" data-element_type=\"widget\" data-e-type=\"widget\" data-widget_type=\"image.default\">\n\t\t\t\t<div class=\"elementor-widget-container\">\n\t\t\t\t\t\t\t\t\t\t\t\t\t\t\t<img fetchpriority=\"high\" decoding=\"async\" width=\"765\" height=\"1024\" src=\"https:\/\/msmklinik.com.tr\/wp-content\/uploads\/2024\/01\/Opr.-Dr.-Mesut-Sancmis-765x1024.jpg\" class=\"attachment-large size-large wp-image-6870\" alt=\"\" srcset=\"https:\/\/msmklinik.com.tr\/wp-content\/uploads\/2024\/01\/Opr.-Dr.-Mesut-Sancmis-765x1024.jpg.webp 765w, https:\/\/msmklinik.com.tr\/wp-content\/uploads\/2024\/01\/Opr.-Dr.-Mesut-Sancmis-224x300.jpg.webp 224w, https:\/\/msmklinik.com.tr\/wp-content\/uploads\/2024\/01\/Opr.-Dr.-Mesut-Sancmis-768x1028.jpg.webp 768w, https:\/\/msmklinik.com.tr\/wp-content\/uploads\/2024\/01\/Opr.-Dr.-Mesut-Sancmis-1147x1536.jpg.webp 1147w, https:\/\/msmklinik.com.tr\/wp-content\/uploads\/2024\/01\/Opr.-Dr.-Mesut-Sancmis.jpg.webp 1195w\" sizes=\"(max-width: 765px) 100vw, 765px\" \/>\t\t\t\t\t\t\t\t\t\t\t\t\t\t\t<\/div>\n\t\t\t\t<\/div>\n\t\t\t\t\t<\/div>\n\t\t<\/div>\n\t\t\t\t\t<\/div>\n\t\t<\/section>\n\t\t\t\t<\/div>\n\t\t","protected":false},"excerpt":{"rendered":"<p>Opr. Dr. Mesut San\u00e7m\u0131\u015f Orthopedics &amp; Traumatology +90 533 780 30 33 mesut.sancmis@msmklinik.com Biography Dr. Mesut San\u00e7m\u0131\u015f was born in 1983 in Erzincan, Turkey. After completing his secondary education at Bal\u0131kesir Cumhuriyet High School, he began his studies at the Faculty of Medicine of \u0130zmir Dokuz Eylul University in 2000 and graduated in 2006. Following [&hellip;]<\/p>\n","protected":false},"author":1,"featured_media":0,"parent":0,"menu_order":0,"comment_status":"closed","ping_status":"closed","template":"","meta":{"footnotes":""},"class_list":["post-5647","page","type-page","status-publish","hentry"],"_links":{"self":[{"href":"https:\/\/msmklinik.com.tr\/en\/wp-json\/wp\/v2\/pages\/5647","targetHints":{"allow":["GET"]}}],"collection":[{"href":"https:\/\/msmklinik.com.tr\/en\/wp-json\/wp\/v2\/pages"}],"about":[{"href":"https:\/\/msmklinik.com.tr\/en\/wp-json\/wp\/v2\/types\/page"}],"author":[{"embeddable":true,"href":"https:\/\/msmklinik.com.tr\/en\/wp-json\/wp\/v2\/users\/1"}],"replies":[{"embeddable":true,"href":"https:\/\/msmklinik.com.tr\/en\/wp-json\/wp\/v2\/comments?post=5647"}],"version-history":[{"count":10,"href":"https:\/\/msmklinik.com.tr\/en\/wp-json\/wp\/v2\/pages\/5647\/revisions"}],"predecessor-version":[{"id":11814,"href":"https:\/\/msmklinik.com.tr\/en\/wp-json\/wp\/v2\/pages\/5647\/revisions\/11814"}],"wp:attachment":[{"href":"https:\/\/msmklinik.com.tr\/en\/wp-json\/wp\/v2\/media?parent=5647"}],"curies":[{"name":"wp","href":"https:\/\/api.w.org\/{rel}","templated":true}]}}