{"id":7256,"date":"2022-04-14T22:14:17","date_gmt":"2022-04-14T19:14:17","guid":{"rendered":"https:\/\/www.msmklinik.com.tr\/?page_id=7256"},"modified":"2024-10-07T15:43:21","modified_gmt":"2024-10-07T12:43:21","slug":"blog","status":"publish","type":"page","link":"https:\/\/msmklinik.com.tr\/en\/blog\/","title":{"rendered":"Blog"},"content":{"rendered":"\t\t<div data-elementor-type=\"wp-page\" data-elementor-id=\"7256\" class=\"elementor elementor-7256 elementor-1699\" data-elementor-post-type=\"page\">\n\t\t\t\t<div class=\"elementor-element elementor-element-1dee22f e-flex e-con-boxed e-con e-parent\" data-id=\"1dee22f\" data-element_type=\"container\" data-e-type=\"container\">\n\t\t\t\t\t<div class=\"e-con-inner\">\n\t\t\t\t<div class=\"elementor-element elementor-element-7fb777a elementor-grid-3 elementor-grid-tablet-2 elementor-grid-mobile-1 elementor-posts--thumbnail-top elementor-card-shadow-yes elementor-posts__hover-gradient elementor-widget elementor-widget-posts\" data-id=\"7fb777a\" data-element_type=\"widget\" data-e-type=\"widget\" data-settings=\"{&quot;cards_columns&quot;:&quot;3&quot;,&quot;cards_columns_tablet&quot;:&quot;2&quot;,&quot;cards_columns_mobile&quot;:&quot;1&quot;,&quot;cards_row_gap&quot;:{&quot;unit&quot;:&quot;px&quot;,&quot;size&quot;:35,&quot;sizes&quot;:[]},&quot;cards_row_gap_tablet&quot;:{&quot;unit&quot;:&quot;px&quot;,&quot;size&quot;:&quot;&quot;,&quot;sizes&quot;:[]},&quot;cards_row_gap_mobile&quot;:{&quot;unit&quot;:&quot;px&quot;,&quot;size&quot;:&quot;&quot;,&quot;sizes&quot;:[]}}\" data-widget_type=\"posts.cards\">\n\t\t\t\t<div class=\"elementor-widget-container\">\n\t\t\t\t\t\t\t<div class=\"elementor-posts-container elementor-posts elementor-posts--skin-cards elementor-grid\" role=\"list\">\n\t\t\t\t<article class=\"elementor-post elementor-grid-item post-11763 post type-post status-publish format-standard has-post-thumbnail hentry category-blog-en category-blog-de\" role=\"listitem\">\n\t\t\t<div class=\"elementor-post__card\">\n\t\t\t\t<a class=\"elementor-post__thumbnail__link\" href=\"https:\/\/msmklinik.com.tr\/en\/meniscus-tears\/\" tabindex=\"-1\" ><div class=\"elementor-post__thumbnail\"><img fetchpriority=\"high\" decoding=\"async\" width=\"677\" height=\"453\" src=\"https:\/\/msmklinik.com.tr\/wp-content\/uploads\/2024\/10\/Meniskus-Yirtiklari.jpg\" class=\"attachment-large size-large wp-image-11756\" alt=\"Menisk\u00fcs Y\u0131rt\u0131klar\u0131\" srcset=\"https:\/\/msmklinik.com.tr\/wp-content\/uploads\/2024\/10\/Meniskus-Yirtiklari.jpg 677w, https:\/\/msmklinik.com.tr\/wp-content\/uploads\/2024\/10\/Meniskus-Yirtiklari-300x201.jpg 300w\" sizes=\"(max-width: 677px) 100vw, 677px\" \/><\/div><\/a>\n\t\t\t\t<div class=\"elementor-post__text\">\n\t\t\t\t<h3 class=\"elementor-post__title\">\n\t\t\t<a href=\"https:\/\/msmklinik.com.tr\/en\/meniscus-tears\/\" >\n\t\t\t\tMeniscus Tears\t\t\t<\/a>\n\t\t<\/h3>\n\t\t\t\t<div class=\"elementor-post__excerpt\">\n\t\t\t<p>What is a meniscus tear? The meniscus is made up of two crescent-shaped pieces of cartilage tissue located in the knee joint. These cartilages help<\/p>\n\t\t<\/div>\n\t\t\n\t\t<a class=\"elementor-post__read-more\" href=\"https:\/\/msmklinik.com.tr\/en\/meniscus-tears\/\" aria-label=\"Read more about Meniscus Tears\" tabindex=\"-1\" >\n\t\t\tRead More \u00bb\t\t<\/a>\n\n\t\t\t\t<\/div>\n\t\t\t\t\t<\/div>\n\t\t<\/article>\n\t\t\t\t<article class=\"elementor-post elementor-grid-item post-11731 post type-post status-publish format-standard has-post-thumbnail hentry category-blog-en\" role=\"listitem\">\n\t\t\t<div class=\"elementor-post__card\">\n\t\t\t\t<a class=\"elementor-post__thumbnail__link\" href=\"https:\/\/msmklinik.com.tr\/en\/hip-prosthesis01\/\" tabindex=\"-1\" ><div class=\"elementor-post__thumbnail\"><img decoding=\"async\" width=\"677\" height=\"453\" src=\"https:\/\/msmklinik.com.tr\/wp-content\/uploads\/2024\/10\/Kalca-Protezi.jpg\" class=\"attachment-large size-large wp-image-11725\" alt=\"Kal\u00e7a Protezi\" srcset=\"https:\/\/msmklinik.com.tr\/wp-content\/uploads\/2024\/10\/Kalca-Protezi.jpg 677w, https:\/\/msmklinik.com.tr\/wp-content\/uploads\/2024\/10\/Kalca-Protezi-300x201.jpg 300w\" sizes=\"(max-width: 677px) 100vw, 677px\" \/><\/div><\/a>\n\t\t\t\t<div class=\"elementor-post__text\">\n\t\t\t\t<h3 class=\"elementor-post__title\">\n\t\t\t<a href=\"https:\/\/msmklinik.com.tr\/en\/hip-prosthesis01\/\" >\n\t\t\t\tHip prosthesis\t\t\t<\/a>\n\t\t<\/h3>\n\t\t\t\t<div class=\"elementor-post__excerpt\">\n\t\t\t<p>Hip prosthesis treatment at MSM Clinic Antalya Hip pain is a very insidious condition that affects almost every aspect of daily life. Even simple movements<\/p>\n\t\t<\/div>\n\t\t\n\t\t<a class=\"elementor-post__read-more\" href=\"https:\/\/msmklinik.com.tr\/en\/hip-prosthesis01\/\" aria-label=\"Read more about Hip prosthesis\" tabindex=\"-1\" >\n\t\t\tRead More \u00bb\t\t<\/a>\n\n\t\t\t\t<\/div>\n\t\t\t\t\t<\/div>\n\t\t<\/article>\n\t\t\t\t<article class=\"elementor-post elementor-grid-item post-11703 post type-post status-publish format-standard has-post-thumbnail hentry category-blog-en\" role=\"listitem\">\n\t\t\t<div class=\"elementor-post__card\">\n\t\t\t\t<a class=\"elementor-post__thumbnail__link\" href=\"https:\/\/msmklinik.com.tr\/en\/knee-prosthesis01\/\" tabindex=\"-1\" ><div class=\"elementor-post__thumbnail\"><img decoding=\"async\" width=\"634\" height=\"484\" src=\"https:\/\/msmklinik.com.tr\/wp-content\/uploads\/2024\/10\/diz-protezi.jpg\" class=\"attachment-large size-large wp-image-11671\" alt=\"Diz Protezi\" srcset=\"https:\/\/msmklinik.com.tr\/wp-content\/uploads\/2024\/10\/diz-protezi.jpg 634w, https:\/\/msmklinik.com.tr\/wp-content\/uploads\/2024\/10\/diz-protezi-300x229.jpg 300w\" sizes=\"(max-width: 634px) 100vw, 634px\" \/><\/div><\/a>\n\t\t\t\t<div class=\"elementor-post__text\">\n\t\t\t\t<h3 class=\"elementor-post__title\">\n\t\t\t<a href=\"https:\/\/msmklinik.com.tr\/en\/knee-prosthesis01\/\" >\n\t\t\t\tKnee Prosthesis\t\t\t<\/a>\n\t\t<\/h3>\n\t\t\t\t<div class=\"elementor-post__excerpt\">\n\t\t\t<p>Knee prosthesis surgery at MSM Clinic Antalya Pain and wear and tear in the knee joints can limit your daily activities and significantly affect your<\/p>\n\t\t<\/div>\n\t\t\n\t\t<a class=\"elementor-post__read-more\" href=\"https:\/\/msmklinik.com.tr\/en\/knee-prosthesis01\/\" aria-label=\"Read more about Knee Prosthesis\" tabindex=\"-1\" >\n\t\t\tRead More \u00bb\t\t<\/a>\n\n\t\t\t\t<\/div>\n\t\t\t\t\t<\/div>\n\t\t<\/article>\n\t\t\t\t<article class=\"elementor-post elementor-grid-item post-7082 post type-post status-publish format-standard has-post-thumbnail hentry category-blog-en\" role=\"listitem\">\n\t\t\t<div class=\"elementor-post__card\">\n\t\t\t\t<a class=\"elementor-post__thumbnail__link\" href=\"https:\/\/msmklinik.com.tr\/en\/what-is-kyphosis\/\" tabindex=\"-1\" ><div class=\"elementor-post__thumbnail\"><img loading=\"lazy\" decoding=\"async\" width=\"800\" height=\"424\" src=\"https:\/\/msmklinik.com.tr\/wp-content\/uploads\/2023\/04\/Kyphosis-1-850x450-1.webp\" class=\"attachment-large size-large wp-image-6494\" alt=\"\" srcset=\"https:\/\/msmklinik.com.tr\/wp-content\/uploads\/2023\/04\/Kyphosis-1-850x450-1.webp 850w, https:\/\/msmklinik.com.tr\/wp-content\/uploads\/2023\/04\/Kyphosis-1-850x450-1-300x159.webp 300w, https:\/\/msmklinik.com.tr\/wp-content\/uploads\/2023\/04\/Kyphosis-1-850x450-1-768x407.webp 768w\" sizes=\"(max-width: 800px) 100vw, 800px\" \/><\/div><\/a>\n\t\t\t\t<div class=\"elementor-post__text\">\n\t\t\t\t<h3 class=\"elementor-post__title\">\n\t\t\t<a href=\"https:\/\/msmklinik.com.tr\/en\/what-is-kyphosis\/\" >\n\t\t\t\tWhat is Kyphosis\t\t\t<\/a>\n\t\t<\/h3>\n\t\t\t\t<div class=\"elementor-post__excerpt\">\n\t\t\t<p>Kyphosis is the condition that can be seen as a greater curvature or sharper contour of the spine when viewed from the side. It most<\/p>\n\t\t<\/div>\n\t\t\n\t\t<a class=\"elementor-post__read-more\" href=\"https:\/\/msmklinik.com.tr\/en\/what-is-kyphosis\/\" aria-label=\"Read more about What is Kyphosis\" tabindex=\"-1\" >\n\t\t\tRead More \u00bb\t\t<\/a>\n\n\t\t\t\t<\/div>\n\t\t\t\t\t<\/div>\n\t\t<\/article>\n\t\t\t\t<article class=\"elementor-post elementor-grid-item post-7086 post type-post status-publish format-standard has-post-thumbnail hentry category-blog-en\" role=\"listitem\">\n\t\t\t<div class=\"elementor-post__card\">\n\t\t\t\t<a class=\"elementor-post__thumbnail__link\" href=\"https:\/\/msmklinik.com.tr\/en\/what-is-scoliosis\/\" tabindex=\"-1\" ><div class=\"elementor-post__thumbnail\"><img loading=\"lazy\" decoding=\"async\" width=\"800\" height=\"423\" src=\"https:\/\/msmklinik.com.tr\/wp-content\/uploads\/2022\/04\/Skolyoz-Image-1024x542.jpg\" class=\"attachment-large size-large wp-image-6517\" alt=\"\" srcset=\"https:\/\/msmklinik.com.tr\/wp-content\/uploads\/2022\/04\/Skolyoz-Image-1024x542.jpg 1024w, https:\/\/msmklinik.com.tr\/wp-content\/uploads\/2022\/04\/Skolyoz-Image-300x159.jpg 300w, https:\/\/msmklinik.com.tr\/wp-content\/uploads\/2022\/04\/Skolyoz-Image-768x406.jpg 768w, https:\/\/msmklinik.com.tr\/wp-content\/uploads\/2022\/04\/Skolyoz-Image.jpg 1134w\" sizes=\"(max-width: 800px) 100vw, 800px\" \/><\/div><\/a>\n\t\t\t\t<div class=\"elementor-post__text\">\n\t\t\t\t<h3 class=\"elementor-post__title\">\n\t\t\t<a href=\"https:\/\/msmklinik.com.tr\/en\/what-is-scoliosis\/\" >\n\t\t\t\tWhat is Scoliosis?\t\t\t<\/a>\n\t\t<\/h3>\n\t\t\t\t<div class=\"elementor-post__excerpt\">\n\t\t\t<p>Scoliosis is a condition known as a lateral curvature of the spine and can occur in the thoracic (upper back) or lumbar (lower back) area.<\/p>\n\t\t<\/div>\n\t\t\n\t\t<a class=\"elementor-post__read-more\" href=\"https:\/\/msmklinik.com.tr\/en\/what-is-scoliosis\/\" aria-label=\"Read more about What is Scoliosis?\" tabindex=\"-1\" >\n\t\t\tRead More \u00bb\t\t<\/a>\n\n\t\t\t\t<\/div>\n\t\t\t\t\t<\/div>\n\t\t<\/article>\n\t\t\t\t<article class=\"elementor-post elementor-grid-item post-7090 post type-post status-publish format-standard has-post-thumbnail hentry category-blog-en\" role=\"listitem\">\n\t\t\t<div class=\"elementor-post__card\">\n\t\t\t\t<a class=\"elementor-post__thumbnail__link\" href=\"https:\/\/msmklinik.com.tr\/en\/spine-fractures\/\" tabindex=\"-1\" ><div class=\"elementor-post__thumbnail\"><img loading=\"lazy\" decoding=\"async\" width=\"800\" height=\"424\" src=\"https:\/\/msmklinik.com.tr\/wp-content\/uploads\/2022\/04\/Omurga-Image.webp\" class=\"attachment-large size-large wp-image-6521\" alt=\"\" srcset=\"https:\/\/msmklinik.com.tr\/wp-content\/uploads\/2022\/04\/Omurga-Image.webp 850w, https:\/\/msmklinik.com.tr\/wp-content\/uploads\/2022\/04\/Omurga-Image-300x159.webp 300w, https:\/\/msmklinik.com.tr\/wp-content\/uploads\/2022\/04\/Omurga-Image-768x407.webp 768w\" sizes=\"(max-width: 800px) 100vw, 800px\" \/><\/div><\/a>\n\t\t\t\t<div class=\"elementor-post__text\">\n\t\t\t\t<h3 class=\"elementor-post__title\">\n\t\t\t<a href=\"https:\/\/msmklinik.com.tr\/en\/spine-fractures\/\" >\n\t\t\t\tSpine Fractures\t\t\t<\/a>\n\t\t<\/h3>\n\t\t\t\t<div class=\"elementor-post__excerpt\">\n\t\t\t<p>Spinal fractures often occur after spinal trauma (e.g., fall from a height, motorcycle accident, or sports injury), particularly in the thoracolumbar junction area, but can<\/p>\n\t\t<\/div>\n\t\t\n\t\t<a class=\"elementor-post__read-more\" href=\"https:\/\/msmklinik.com.tr\/en\/spine-fractures\/\" aria-label=\"Read more about Spine Fractures\" tabindex=\"-1\" >\n\t\t\tRead More \u00bb\t\t<\/a>\n\n\t\t\t\t<\/div>\n\t\t\t\t\t<\/div>\n\t\t<\/article>\n\t\t\t\t<\/div>\n\t\t\n\t\t\t\t\t\t<\/div>\n\t\t\t\t<\/div>\n\t\t\t\t\t<\/div>\n\t\t\t\t<\/div>\n\t\t\t\t<\/div>\n\t\t","protected":false},"excerpt":{"rendered":"","protected":false},"author":1,"featured_media":0,"parent":0,"menu_order":0,"comment_status":"closed","ping_status":"closed","template":"","meta":{"footnotes":""},"class_list":["post-7256","page","type-page","status-publish","hentry"],"_links":{"self":[{"href":"https:\/\/msmklinik.com.tr\/en\/wp-json\/wp\/v2\/pages\/7256","targetHints":{"allow":["GET"]}}],"collection":[{"href":"https:\/\/msmklinik.com.tr\/en\/wp-json\/wp\/v2\/pages"}],"about":[{"href":"https:\/\/msmklinik.com.tr\/en\/wp-json\/wp\/v2\/types\/page"}],"author":[{"embeddable":true,"href":"https:\/\/msmklinik.com.tr\/en\/wp-json\/wp\/v2\/users\/1"}],"replies":[{"embeddable":true,"href":"https:\/\/msmklinik.com.tr\/en\/wp-json\/wp\/v2\/comments?post=7256"}],"version-history":[{"count":7,"href":"https:\/\/msmklinik.com.tr\/en\/wp-json\/wp\/v2\/pages\/7256\/revisions"}],"predecessor-version":[{"id":11789,"href":"https:\/\/msmklinik.com.tr\/en\/wp-json\/wp\/v2\/pages\/7256\/revisions\/11789"}],"wp:attachment":[{"href":"https:\/\/msmklinik.com.tr\/en\/wp-json\/wp\/v2\/media?parent=7256"}],"curies":[{"name":"wp","href":"https:\/\/api.w.org\/{rel}","templated":true}]}}