{"id":7460,"date":"2024-02-19T13:10:05","date_gmt":"2024-02-19T10:10:05","guid":{"rendered":"https:\/\/msmklinik.com.tr\/carpik-bacak-ameliyati\/"},"modified":"2024-02-22T16:17:48","modified_gmt":"2024-02-22T13:17:48","slug":"osteotomy-surgery-in-turkey","status":"publish","type":"page","link":"https:\/\/msmklinik.com.tr\/en\/osteotomy-surgery-in-turkey\/","title":{"rendered":"Osteotomy Surgery in Turkey"},"content":{"rendered":"\t\t<div data-elementor-type=\"wp-page\" data-elementor-id=\"7460\" class=\"elementor elementor-7460 elementor-7436\" data-elementor-post-type=\"page\">\n\t\t\t\t<div class=\"elementor-element elementor-element-45a8419a e-flex e-con-boxed e-con e-parent\" data-id=\"45a8419a\" data-element_type=\"container\" data-e-type=\"container\">\n\t\t\t\t\t<div class=\"e-con-inner\">\n\t\t<div class=\"elementor-element elementor-element-2f1f36c8 e-con-full e-flex e-con e-child\" data-id=\"2f1f36c8\" data-element_type=\"container\" data-e-type=\"container\">\n\t\t\t\t<div class=\"elementor-element elementor-element-2148ada0 elementor-widget elementor-widget-text-editor\" data-id=\"2148ada0\" data-element_type=\"widget\" data-e-type=\"widget\" data-widget_type=\"text-editor.default\">\n\t\t\t\t<div class=\"elementor-widget-container\">\n\t\t\t\t\t\t\t\t\t<p><strong>Take advantage of secure and precise Osteotomy Surgery provided by the Expert Doctors at MSM Clinic Antalya, available at reasonable prices. Contact us today to learn about the benefits of undergoing Osteotomy Operation in Turkey.<\/strong><\/p>\t\t\t\t\t\t\t\t<\/div>\n\t\t\t\t<\/div>\n\t\t\t\t<div class=\"elementor-element elementor-element-1dbdfe1 elementor-mobile-align-justify elementor-widget__width-auto elementor-align-left elementor-tablet-align-center elementor-widget elementor-widget-button\" data-id=\"1dbdfe1\" data-element_type=\"widget\" data-e-type=\"widget\" data-widget_type=\"button.default\">\n\t\t\t\t<div class=\"elementor-widget-container\">\n\t\t\t\t\t\t\t\t\t<div class=\"elementor-button-wrapper\">\n\t\t\t\t\t<a class=\"elementor-button elementor-button-link elementor-size-sm\" href=\"#elementor-action%3Aaction%3Dpopup%3Aopen%26settings%3DeyJpZCI6NzA3NiwidG9nZ2xlIjpmYWxzZX0%3D\">\n\t\t\t\t\t\t<span class=\"elementor-button-content-wrapper\">\n\t\t\t\t\t\t\t\t\t<span class=\"elementor-button-text\">More Information<\/span>\n\t\t\t\t\t<\/span>\n\t\t\t\t\t<\/a>\n\t\t\t\t<\/div>\n\t\t\t\t\t\t\t\t<\/div>\n\t\t\t\t<\/div>\n\t\t\t\t<\/div>\n\t\t<div class=\"elementor-element elementor-element-2a8c0464 e-flex e-con-boxed e-con e-child\" data-id=\"2a8c0464\" data-element_type=\"container\" data-e-type=\"container\">\n\t\t\t\t\t<div class=\"e-con-inner\">\n\t\t\t\t<div class=\"elementor-element elementor-element-4133b1d elementor-widget elementor-widget-image\" data-id=\"4133b1d\" data-element_type=\"widget\" data-e-type=\"widget\" data-widget_type=\"image.default\">\n\t\t\t\t<div class=\"elementor-widget-container\">\n\t\t\t\t\t\t\t\t\t\t\t\t\t\t\t<img fetchpriority=\"high\" decoding=\"async\" width=\"800\" height=\"526\" src=\"https:\/\/msmklinik.com.tr\/wp-content\/uploads\/2024\/02\/Mesut-Sancmis-Img2-kopya-1024x673.jpg\" class=\"attachment-large size-large wp-image-7541\" alt=\"Mesut San\u00e7m\u0131\u015f\" srcset=\"https:\/\/msmklinik.com.tr\/wp-content\/uploads\/2024\/02\/Mesut-Sancmis-Img2-kopya-1024x673.jpg 1024w, https:\/\/msmklinik.com.tr\/wp-content\/uploads\/2024\/02\/Mesut-Sancmis-Img2-kopya-300x197.jpg 300w, https:\/\/msmklinik.com.tr\/wp-content\/uploads\/2024\/02\/Mesut-Sancmis-Img2-kopya-768x504.jpg 768w, https:\/\/msmklinik.com.tr\/wp-content\/uploads\/2024\/02\/Mesut-Sancmis-Img2-kopya.jpg 1276w\" sizes=\"(max-width: 800px) 100vw, 800px\" \/>\t\t\t\t\t\t\t\t\t\t\t\t\t\t\t<\/div>\n\t\t\t\t<\/div>\n\t\t\t\t\t<\/div>\n\t\t\t\t<\/div>\n\t\t\t\t\t<\/div>\n\t\t\t\t<\/div>\n\t\t<div class=\"elementor-element elementor-element-3da8d51b e-flex e-con-boxed e-con e-parent\" data-id=\"3da8d51b\" data-element_type=\"container\" data-e-type=\"container\">\n\t\t\t\t\t<div class=\"e-con-inner\">\n\t\t\t\t<div class=\"elementor-element elementor-element-7dde9526 elementor-icon-list--layout-traditional elementor-list-item-link-full_width elementor-widget elementor-widget-icon-list\" data-id=\"7dde9526\" data-element_type=\"widget\" data-e-type=\"widget\" data-widget_type=\"icon-list.default\">\n\t\t\t\t<div class=\"elementor-widget-container\">\n\t\t\t\t\t\t\t<ul class=\"elementor-icon-list-items\">\n\t\t\t\t\t\t\t<li class=\"elementor-icon-list-item\">\n\t\t\t\t\t\t\t\t\t\t\t<a href=\"#1\">\n\n\t\t\t\t\t\t\t\t\t\t\t\t<span class=\"elementor-icon-list-icon\">\n\t\t\t\t\t\t\t<svg aria-hidden=\"true\" class=\"e-font-icon-svg e-fas-angle-right\" viewBox=\"0 0 256 512\" xmlns=\"http:\/\/www.w3.org\/2000\/svg\"><path d=\"M224.3 273l-136 136c-9.4 9.4-24.6 9.4-33.9 0l-22.6-22.6c-9.4-9.4-9.4-24.6 0-33.9l96.4-96.4-96.4-96.4c-9.4-9.4-9.4-24.6 0-33.9L54.3 103c9.4-9.4 24.6-9.4 33.9 0l136 136c9.5 9.4 9.5 24.6.1 34z\"><\/path><\/svg>\t\t\t\t\t\t<\/span>\n\t\t\t\t\t\t\t\t\t\t<span class=\"elementor-icon-list-text\">What Is Osteotomy (Bowleg Surgery) ? In Which Situations Is Osteotomy (Bowleg Surgery) Performed?<\/span>\n\t\t\t\t\t\t\t\t\t\t\t<\/a>\n\t\t\t\t\t\t\t\t\t<\/li>\n\t\t\t\t\t\t\t\t<li class=\"elementor-icon-list-item\">\n\t\t\t\t\t\t\t\t\t\t\t<a href=\"#2\">\n\n\t\t\t\t\t\t\t\t\t\t\t\t<span class=\"elementor-icon-list-icon\">\n\t\t\t\t\t\t\t<svg aria-hidden=\"true\" class=\"e-font-icon-svg e-fas-angle-right\" viewBox=\"0 0 256 512\" xmlns=\"http:\/\/www.w3.org\/2000\/svg\"><path d=\"M224.3 273l-136 136c-9.4 9.4-24.6 9.4-33.9 0l-22.6-22.6c-9.4-9.4-9.4-24.6 0-33.9l96.4-96.4-96.4-96.4c-9.4-9.4-9.4-24.6 0-33.9L54.3 103c9.4-9.4 24.6-9.4 33.9 0l136 136c9.5 9.4 9.5 24.6.1 34z\"><\/path><\/svg>\t\t\t\t\t\t<\/span>\n\t\t\t\t\t\t\t\t\t\t<span class=\"elementor-icon-list-text\">What Are The Symptoms Of Bowlegs And Complaints Of Patients?<\/span>\n\t\t\t\t\t\t\t\t\t\t\t<\/a>\n\t\t\t\t\t\t\t\t\t<\/li>\n\t\t\t\t\t\t\t\t<li class=\"elementor-icon-list-item\">\n\t\t\t\t\t\t\t\t\t\t\t<a href=\"#3\">\n\n\t\t\t\t\t\t\t\t\t\t\t\t<span class=\"elementor-icon-list-icon\">\n\t\t\t\t\t\t\t<svg aria-hidden=\"true\" class=\"e-font-icon-svg e-fas-angle-right\" viewBox=\"0 0 256 512\" xmlns=\"http:\/\/www.w3.org\/2000\/svg\"><path d=\"M224.3 273l-136 136c-9.4 9.4-24.6 9.4-33.9 0l-22.6-22.6c-9.4-9.4-9.4-24.6 0-33.9l96.4-96.4-96.4-96.4c-9.4-9.4-9.4-24.6 0-33.9L54.3 103c9.4-9.4 24.6-9.4 33.9 0l136 136c9.5 9.4 9.5 24.6.1 34z\"><\/path><\/svg>\t\t\t\t\t\t<\/span>\n\t\t\t\t\t\t\t\t\t\t<span class=\"elementor-icon-list-text\">What Is The Bowleg Surgery (Osteotomy) Recovery Process?<\/span>\n\t\t\t\t\t\t\t\t\t\t\t<\/a>\n\t\t\t\t\t\t\t\t\t<\/li>\n\t\t\t\t\t\t<\/ul>\n\t\t\t\t\t\t<\/div>\n\t\t\t\t<\/div>\n\t\t\t\t<div class=\"elementor-element elementor-element-1209999 elementor-widget elementor-widget-video\" data-id=\"1209999\" data-element_type=\"widget\" data-e-type=\"widget\" data-settings=\"{&quot;youtube_url&quot;:&quot;https:\\\/\\\/youtu.be\\\/2QAVs-IQA28?si=X6DTyXIoqiPl2Bpv&quot;,&quot;video_type&quot;:&quot;youtube&quot;,&quot;controls&quot;:&quot;yes&quot;}\" data-widget_type=\"video.default\">\n\t\t\t\t<div class=\"elementor-widget-container\">\n\t\t\t\t\t\t\t<div class=\"elementor-wrapper elementor-open-inline\">\n\t\t\t<div class=\"elementor-video\"><\/div>\t\t<\/div>\n\t\t\t\t\t\t<\/div>\n\t\t\t\t<\/div>\n\t\t\t\t\t<\/div>\n\t\t\t\t<\/div>\n\t\t<div class=\"elementor-element elementor-element-67a56d9a e-flex e-con-boxed e-con e-parent\" data-id=\"67a56d9a\" data-element_type=\"container\" data-e-type=\"container\">\n\t\t\t\t\t<div class=\"e-con-inner\">\n\t\t\t\t<div class=\"elementor-element elementor-element-7acf7d28 elementor-widget elementor-widget-heading\" data-id=\"7acf7d28\" data-element_type=\"widget\" data-e-type=\"widget\" id=\"1\" data-widget_type=\"heading.default\">\n\t\t\t\t<div class=\"elementor-widget-container\">\n\t\t\t\t\t<h3 class=\"elementor-heading-title elementor-size-default\"><b>What is Osteotomy (Bowleg Surgery) ?<\/b> In Which Situations Is Osteotomy (Bowleg Surgery) Performed?<\/h3>\t\t\t\t<\/div>\n\t\t\t\t<\/div>\n\t\t\t\t<div class=\"elementor-element elementor-element-2189e136 elementor-widget elementor-widget-text-editor\" data-id=\"2189e136\" data-element_type=\"widget\" data-e-type=\"widget\" data-widget_type=\"text-editor.default\">\n\t\t\t\t<div class=\"elementor-widget-container\">\n\t\t\t\t\t\t\t\t\t<p>Osteotomy surgery is a surgical intervention performed to correct the natural alignment of the legs and restore their normal functions. This surgery is performed using different techniques depending on the age of the patient, the severity and cause of the deformity.<\/p><p>Surgery may be necessary to treat severe pain, instability, walking problems, and other complications caused by bowlegs. Additionally, aesthetic concerns or other factors affecting quality of life may also influence the decision for surgery.<\/p><p>Bowleg are generally characterized by the knees curving more inwards (varus) or outwards (valgus) than normal. Legs that curve inward are called bowlegs, while legs that curve outward are called knock-knees. Osteotomy is generally considered by the specialist doctors of our clinic in patients with severe or progressive bow leg deformity or in cases that do not respond to conservative treatments. Osteotomy can be performed with different techniques depending on the patient&#8217;s age, health status, bow leg severity and symptoms.<\/p><p>\u00a0<\/p><ul><li><u><b>Osteotomy<\/b>:<\/u> Osteotomy is the process of cutting and realigning bone. This procedure is used to restore correct alignment of the kneecap or femur to correct a bowleg deformity. Different osteotomy techniques can be applied depending on the type and severity of the bowleg deformity. Osteotomies are also referred to as joint-preserving surgery. It is done to balance the load carried by the hip and ankle joints, especially the knee joint.<\/li><li><u><b>Joint Prosthesis Implantation<\/b>:<\/u> In cases of bowleg deformities resulting from severe osteoarthritis or joint damage, knee or hip joint prosthesis implantation may be considered. This procedure is performed by removing damaged tissues in the joint and replacing them with artificial joint prostheses. In this way, pain and deformity in the joint are relieved and the patient&#8217;s functional capacity is increased. This procedure is performed on patients with both deformity and advanced joint calcification.<\/li><li><b>Joint Correction Operations<\/b><u>:<\/u> In some cases, bow leg deformity may occur due to abnormal growth or weakening of the ligaments or tissues in the joint. In these cases, joint correction operations may be required. These operations aim to provide correct alignment by correcting structural problems in the joint. These Operations are aimed at meniscus repair, anterior-posterior cruciate ligament surgeries or the treatment of cartilage pathologies within the joint.<\/li><li><u><b>Fixation Devices<\/b>:<\/u> Fixation devices can also be used to correct bow leg deformities. These devices are used to ensure proper alignment of bones and promote healing after ste Operation. Fixation devices can be used to fix and stabilize bones, especially after the osteotomy procedures.<\/li><\/ul><p>\u00a0<\/p><p>As MSM Clinic, we aim to offer the most appropriate treatment options to our patients&#8217; individual needs and conditions, with a team of experts in the treatment of bowleg deformities. In cases requiring surgery, we support our patients for a healthy and functional life by applying the safest and most effective surgical techniques.<\/p>\t\t\t\t\t\t\t\t<\/div>\n\t\t\t\t<\/div>\n\t\t\t\t<div class=\"elementor-element elementor-element-5237049 elementor-mobile-align-justify elementor-widget__width-auto elementor-align-left elementor-tablet-align-center elementor-widget elementor-widget-button\" data-id=\"5237049\" data-element_type=\"widget\" data-e-type=\"widget\" data-widget_type=\"button.default\">\n\t\t\t\t<div class=\"elementor-widget-container\">\n\t\t\t\t\t\t\t\t\t<div class=\"elementor-button-wrapper\">\n\t\t\t\t\t<a class=\"elementor-button elementor-button-link elementor-size-sm\" href=\"#elementor-action%3Aaction%3Dpopup%3Aopen%26settings%3DeyJpZCI6NzA3NiwidG9nZ2xlIjpmYWxzZX0%3D\">\n\t\t\t\t\t\t<span class=\"elementor-button-content-wrapper\">\n\t\t\t\t\t\t\t\t\t<span class=\"elementor-button-text\">More Information<\/span>\n\t\t\t\t\t<\/span>\n\t\t\t\t\t<\/a>\n\t\t\t\t<\/div>\n\t\t\t\t\t\t\t\t<\/div>\n\t\t\t\t<\/div>\n\t\t\t\t<div class=\"elementor-element elementor-element-2253d4f8 elementor-widget elementor-widget-heading\" data-id=\"2253d4f8\" data-element_type=\"widget\" data-e-type=\"widget\" id=\"2\" data-widget_type=\"heading.default\">\n\t\t\t\t<div class=\"elementor-widget-container\">\n\t\t\t\t\t<h3 class=\"elementor-heading-title elementor-size-default\"><b>What are the Symptoms of Bowlegs<\/b> and Complaints of Patients?<\/h3>\t\t\t\t<\/div>\n\t\t\t\t<\/div>\n\t\t<div class=\"elementor-element elementor-element-af1d040 e-flex e-con-boxed e-con e-child\" data-id=\"af1d040\" data-element_type=\"container\" data-e-type=\"container\">\n\t\t\t\t\t<div class=\"e-con-inner\">\n\t\t\t\t<div class=\"elementor-element elementor-element-62445cd elementor-widget__width-initial elementor-widget elementor-widget-text-editor\" data-id=\"62445cd\" data-element_type=\"widget\" data-e-type=\"widget\" data-widget_type=\"text-editor.default\">\n\t\t\t\t<div class=\"elementor-widget-container\">\n\t\t\t\t\t\t\t\t\t<p>Bow legs are generally characterized by the knees curving more inwards (varus) or outwards (valgus) than normal. In the varus type, the knees bend towards each other, while in the valgus type, the knees move away from each other. Bowlegs can often be congenital or develop with age. However, bow legs can also occur as a result of other health problems, such as bone deformities, cartilage damage, or joint problems. Symptoms and complaints of bow legs may vary from person to person, but generally include:<\/p><ul><li>A significant gap or closeness between the knees (depending on the type of varus or valgus).<\/li><li>\u00a0Pain or discomfort in the knees, especially after prolonged standing or walking.<\/li><li>\u00a0Feeling of looseness or instability in the knees.<\/li><li>Joint pain or cartilage damage that may occur as a result of excessive wear of the kneecap or other structures under it.<\/li><li>In cases of excessively spread legs, restriction or difficulty in normal movements of the legs.<\/li><li>Cosmetic visual disturbance.<\/li><li>Stuck, jumping and edema due to intra-knee soft tissue injuries.<\/li><\/ul>\t\t\t\t\t\t\t\t<\/div>\n\t\t\t\t<\/div>\n\t\t\t\t<div class=\"elementor-element elementor-element-a375174 elementor-widget elementor-widget-image\" data-id=\"a375174\" data-element_type=\"widget\" data-e-type=\"widget\" data-widget_type=\"image.default\">\n\t\t\t\t<div class=\"elementor-widget-container\">\n\t\t\t\t\t\t\t\t\t\t\t\t\t\t\t<img decoding=\"async\" width=\"634\" height=\"484\" src=\"https:\/\/msmklinik.com.tr\/wp-content\/uploads\/2024\/02\/Carpik-Bacak-Ameliyeati-4.jpg\" class=\"attachment-full size-full wp-image-7753\" alt=\"\u00c7arp\u0131k Bacak Ameliyat\u0131\" srcset=\"https:\/\/msmklinik.com.tr\/wp-content\/uploads\/2024\/02\/Carpik-Bacak-Ameliyeati-4.jpg 634w, https:\/\/msmklinik.com.tr\/wp-content\/uploads\/2024\/02\/Carpik-Bacak-Ameliyeati-4-300x229.jpg 300w\" sizes=\"(max-width: 634px) 100vw, 634px\" \/>\t\t\t\t\t\t\t\t\t\t\t\t\t\t\t<\/div>\n\t\t\t\t<\/div>\n\t\t\t\t\t<\/div>\n\t\t\t\t<\/div>\n\t\t\t\t<div class=\"elementor-element elementor-element-0e3d8c7 elementor-mobile-align-justify elementor-widget__width-auto elementor-align-left elementor-tablet-align-center elementor-widget elementor-widget-button\" data-id=\"0e3d8c7\" data-element_type=\"widget\" data-e-type=\"widget\" data-widget_type=\"button.default\">\n\t\t\t\t<div class=\"elementor-widget-container\">\n\t\t\t\t\t\t\t\t\t<div class=\"elementor-button-wrapper\">\n\t\t\t\t\t<a class=\"elementor-button elementor-button-link elementor-size-sm\" href=\"#elementor-action%3Aaction%3Dpopup%3Aopen%26settings%3DeyJpZCI6NzA3NiwidG9nZ2xlIjpmYWxzZX0%3D\">\n\t\t\t\t\t\t<span class=\"elementor-button-content-wrapper\">\n\t\t\t\t\t\t\t\t\t<span class=\"elementor-button-text\">More Information<\/span>\n\t\t\t\t\t<\/span>\n\t\t\t\t\t<\/a>\n\t\t\t\t<\/div>\n\t\t\t\t\t\t\t\t<\/div>\n\t\t\t\t<\/div>\n\t\t\t\t<div class=\"elementor-element elementor-element-3a0258a0 elementor-widget elementor-widget-heading\" data-id=\"3a0258a0\" data-element_type=\"widget\" data-e-type=\"widget\" id=\"3\" data-widget_type=\"heading.default\">\n\t\t\t\t<div class=\"elementor-widget-container\">\n\t\t\t\t\t<h2 class=\"elementor-heading-title elementor-size-default\"><b>What is the Bowleg Surgery<\/b> (Osteotomy) Recovery Process?<\/h2>\t\t\t\t<\/div>\n\t\t\t\t<\/div>\n\t\t<div class=\"elementor-element elementor-element-f1957f8 e-flex e-con-boxed e-con e-child\" data-id=\"f1957f8\" data-element_type=\"container\" data-e-type=\"container\">\n\t\t\t\t\t<div class=\"e-con-inner\">\n\t\t\t\t<div class=\"elementor-element elementor-element-ef805b1 elementor-widget__width-initial elementor-widget elementor-widget-text-editor\" data-id=\"ef805b1\" data-element_type=\"widget\" data-e-type=\"widget\" data-widget_type=\"text-editor.default\">\n\t\t\t\t<div class=\"elementor-widget-container\">\n\t\t\t\t\t\t\t\t\t<p>The recovery process after bowleg surgery is of great importance to us. As MSM Clinic, we aim to manage your post-operative process in the most comfortable and effective way. Although the recovery process after bow leg surgery varies for each patient, it is generally as follows:<\/p><ol><li><strong>First Days After Surgery:<\/strong><\/li><\/ol><p>You may need to be under observation in the hospital for the first few days after the surgery. During this process, necessary precautions are taken to manage pain and prevent the risk of infection. It is important that you regularly use the medications recommended by our specialist doctor. The patient is discharged after ensuring the safety of the wound and providing the necessary training.<\/p><ol start=\"2\"><li><strong>Physical Therapy and Exercises:<\/strong><\/li><\/ol><p>After a certain period of time after the surgery, a physical therapy program can be started with our physiotherapist. This program may include muscle strengthening exercises, stretching and walking exercises. These exercises help strengthen the muscles and bring the leg into correct alignment. The FTR program starts on the first day after surgery.<\/p><ol start=\"3\"><li><strong>Movement and Cargo Restrictions:<\/strong><\/li><\/ol><p>Lifting heavy loads should be avoided for a certain period of time after surgery. Complying with the restrictions recommended by our MSM Clinic doctor will accelerate your recovery process. You may also need to use special supports or splints to keep your leg in the correct position. It varies depending on the method applied.<\/p><ol start=\"4\"><li><strong>Doctor Checks and Follow-up:<\/strong><\/li><\/ol><p>It is important to go to regular doctor check-ups after surgery. Our clinician will monitor your recovery and update the treatment plan as necessary. If you have any doubts or problems, do not hesitate to consult our specialist doctor.<\/p><p>\u00a0<\/p><p>As MSM Clinic, we are here to be with you and provide support during your post-operative recovery process. We prioritize your health above all else and strive to provide the best service. Whenever you have any questions or needs, feel free to contact us.<\/p>\t\t\t\t\t\t\t\t<\/div>\n\t\t\t\t<\/div>\n\t\t\t\t<div class=\"elementor-element elementor-element-03c22cf elementor-widget elementor-widget-image\" data-id=\"03c22cf\" data-element_type=\"widget\" data-e-type=\"widget\" data-widget_type=\"image.default\">\n\t\t\t\t<div class=\"elementor-widget-container\">\n\t\t\t\t\t\t\t\t\t\t\t\t\t\t\t<img decoding=\"async\" width=\"619\" height=\"495\" src=\"https:\/\/msmklinik.com.tr\/wp-content\/uploads\/2024\/02\/Carpik-Bacak-Ameliyeati-2.jpg\" class=\"attachment-full size-full wp-image-7745\" alt=\"\u00c7arp\u0131k Bacak Ameliyat\u0131\" srcset=\"https:\/\/msmklinik.com.tr\/wp-content\/uploads\/2024\/02\/Carpik-Bacak-Ameliyeati-2.jpg 619w, https:\/\/msmklinik.com.tr\/wp-content\/uploads\/2024\/02\/Carpik-Bacak-Ameliyeati-2-300x240.jpg 300w\" sizes=\"(max-width: 619px) 100vw, 619px\" \/>\t\t\t\t\t\t\t\t\t\t\t\t\t\t\t<\/div>\n\t\t\t\t<\/div>\n\t\t\t\t\t<\/div>\n\t\t\t\t<\/div>\n\t\t\t\t<div class=\"elementor-element elementor-element-a3092cd elementor-widget elementor-widget-heading\" data-id=\"a3092cd\" data-element_type=\"widget\" data-e-type=\"widget\" data-widget_type=\"heading.default\">\n\t\t\t\t<div class=\"elementor-widget-container\">\n\t\t\t\t\t<h2 class=\"elementor-heading-title elementor-size-default\"><b>Before - After<\/b><\/h2>\t\t\t\t<\/div>\n\t\t\t\t<\/div>\n\t\t\t\t<div class=\"elementor-element elementor-element-7b1d140 elementor-widget elementor-widget-gallery\" data-id=\"7b1d140\" data-element_type=\"widget\" data-e-type=\"widget\" data-settings=\"{&quot;columns&quot;:3,&quot;aspect_ratio&quot;:&quot;9:16&quot;,&quot;lazyload&quot;:&quot;yes&quot;,&quot;gallery_layout&quot;:&quot;grid&quot;,&quot;columns_tablet&quot;:2,&quot;columns_mobile&quot;:1,&quot;gap&quot;:{&quot;unit&quot;:&quot;px&quot;,&quot;size&quot;:10,&quot;sizes&quot;:[]},&quot;gap_tablet&quot;:{&quot;unit&quot;:&quot;px&quot;,&quot;size&quot;:10,&quot;sizes&quot;:[]},&quot;gap_mobile&quot;:{&quot;unit&quot;:&quot;px&quot;,&quot;size&quot;:10,&quot;sizes&quot;:[]},&quot;link_to&quot;:&quot;file&quot;,&quot;overlay_background&quot;:&quot;yes&quot;,&quot;content_hover_animation&quot;:&quot;fade-in&quot;}\" data-widget_type=\"gallery.default\">\n\t\t\t\t<div class=\"elementor-widget-container\">\n\t\t\t\t\t\t\t<div class=\"elementor-gallery__container\">\n\t\t\t\t\t\t\t<a class=\"e-gallery-item elementor-gallery-item elementor-animated-content\" href=\"https:\/\/msmklinik.com.tr\/wp-content\/uploads\/2024\/02\/Carpik-Bacak-Ameliyeati-01-1.jpg\" data-elementor-open-lightbox=\"yes\" data-elementor-lightbox-slideshow=\"7b1d140\" data-elementor-lightbox-title=\"Carpik-Bacak-Ameliyeati-01.jpg\" data-elementor-lightbox-description=\"Carpik Bacak Ameliyat\u0131\" data-e-action-hash=\"#elementor-action%3Aaction%3Dlightbox%26settings%3DeyJpZCI6Nzc2MCwidXJsIjoiaHR0cHM6XC9cL21zbWtsaW5pay5jb20udHJcL3dwLWNvbnRlbnRcL3VwbG9hZHNcLzIwMjRcLzAyXC9DYXJwaWstQmFjYWstQW1lbGl5ZWF0aS0wMS0xLmpwZyIsInNsaWRlc2hvdyI6IjdiMWQxNDAifQ%3D%3D\">\n\t\t\t\t\t<div class=\"e-gallery-image elementor-gallery-item__image\" data-thumbnail=\"https:\/\/msmklinik.com.tr\/wp-content\/uploads\/2024\/02\/Carpik-Bacak-Ameliyeati-01-1.jpg\" data-width=\"1334\" data-height=\"1600\" aria-label=\"Carpik Bacak Ameliyat\u0131\" role=\"img\" ><\/div>\n\t\t\t\t\t\t\t\t\t\t\t<div class=\"elementor-gallery-item__overlay\"><\/div>\n\t\t\t\t\t\t\t\t\t\t\t\t\t\t<\/a>\n\t\t\t\t\t\t\t<a class=\"e-gallery-item elementor-gallery-item elementor-animated-content\" href=\"https:\/\/msmklinik.com.tr\/wp-content\/uploads\/2024\/02\/Carpik-Bacak-Ameliyeati-02-1.jpg\" data-elementor-open-lightbox=\"yes\" data-elementor-lightbox-slideshow=\"7b1d140\" data-elementor-lightbox-title=\"Carpik-Bacak-Ameliyeati-02.jpg\" data-elementor-lightbox-description=\"Carpik Bacak Ameliyat\u0131\" data-e-action-hash=\"#elementor-action%3Aaction%3Dlightbox%26settings%3DeyJpZCI6Nzc2NCwidXJsIjoiaHR0cHM6XC9cL21zbWtsaW5pay5jb20udHJcL3dwLWNvbnRlbnRcL3VwbG9hZHNcLzIwMjRcLzAyXC9DYXJwaWstQmFjYWstQW1lbGl5ZWF0aS0wMi0xLmpwZyIsInNsaWRlc2hvdyI6IjdiMWQxNDAifQ%3D%3D\">\n\t\t\t\t\t<div class=\"e-gallery-image elementor-gallery-item__image\" data-thumbnail=\"https:\/\/msmklinik.com.tr\/wp-content\/uploads\/2024\/02\/Carpik-Bacak-Ameliyeati-02-1.jpg\" data-width=\"1333\" data-height=\"1600\" aria-label=\"Carpik Bacak Ameliyat\u0131\" role=\"img\" ><\/div>\n\t\t\t\t\t\t\t\t\t\t\t<div class=\"elementor-gallery-item__overlay\"><\/div>\n\t\t\t\t\t\t\t\t\t\t\t\t\t\t<\/a>\n\t\t\t\t\t\t\t<a class=\"e-gallery-item elementor-gallery-item elementor-animated-content\" href=\"https:\/\/msmklinik.com.tr\/wp-content\/uploads\/2024\/02\/Carpik-Bacak-Ameliyeati-03-scaled-1.jpg\" data-elementor-open-lightbox=\"yes\" data-elementor-lightbox-slideshow=\"7b1d140\" data-elementor-lightbox-title=\"Carpik-Bacak-Ameliyeati-03-scaled.jpg\" data-elementor-lightbox-description=\"Carpik Bacak Ameliyat\u0131\" data-e-action-hash=\"#elementor-action%3Aaction%3Dlightbox%26settings%3DeyJpZCI6Nzc3MiwidXJsIjoiaHR0cHM6XC9cL21zbWtsaW5pay5jb20udHJcL3dwLWNvbnRlbnRcL3VwbG9hZHNcLzIwMjRcLzAyXC9DYXJwaWstQmFjYWstQW1lbGl5ZWF0aS0wMy1zY2FsZWQtMS5qcGciLCJzbGlkZXNob3ciOiI3YjFkMTQwIn0%3D\">\n\t\t\t\t\t<div class=\"e-gallery-image elementor-gallery-item__image\" data-thumbnail=\"https:\/\/msmklinik.com.tr\/wp-content\/uploads\/2024\/02\/Carpik-Bacak-Ameliyeati-03-scaled-1.jpg\" data-width=\"2133\" data-height=\"2560\" aria-label=\"Carpik Bacak Ameliyat\u0131\" role=\"img\" ><\/div>\n\t\t\t\t\t\t\t\t\t\t\t<div class=\"elementor-gallery-item__overlay\"><\/div>\n\t\t\t\t\t\t\t\t\t\t\t\t\t\t<\/a>\n\t\t\t\t\t<\/div>\n\t\t\t\t\t<\/div>\n\t\t\t\t<\/div>\n\t\t\t\t<div class=\"elementor-element elementor-element-bc54828 elementor-mobile-align-justify elementor-widget__width-auto elementor-align-left elementor-tablet-align-center elementor-widget elementor-widget-button\" data-id=\"bc54828\" data-element_type=\"widget\" data-e-type=\"widget\" data-widget_type=\"button.default\">\n\t\t\t\t<div class=\"elementor-widget-container\">\n\t\t\t\t\t\t\t\t\t<div class=\"elementor-button-wrapper\">\n\t\t\t\t\t<a class=\"elementor-button elementor-button-link elementor-size-sm\" href=\"#elementor-action%3Aaction%3Dpopup%3Aopen%26settings%3DeyJpZCI6NzA3NiwidG9nZ2xlIjpmYWxzZX0%3D\">\n\t\t\t\t\t\t<span class=\"elementor-button-content-wrapper\">\n\t\t\t\t\t\t\t\t\t<span class=\"elementor-button-text\">More Information<\/span>\n\t\t\t\t\t<\/span>\n\t\t\t\t\t<\/a>\n\t\t\t\t<\/div>\n\t\t\t\t\t\t\t\t<\/div>\n\t\t\t\t<\/div>\n\t\t\t\t\t<\/div>\n\t\t\t\t<\/div>\n\t\t\t\t<\/div>\n\t\t","protected":false},"excerpt":{"rendered":"<p>Take advantage of secure and precise Osteotomy Surgery provided by the Expert Doctors at MSM Clinic Antalya, available at reasonable prices. Contact us today to learn about the benefits of undergoing Osteotomy Operation in Turkey. More Information What Is Osteotomy (Bowleg Surgery) ? In Which Situations Is Osteotomy (Bowleg Surgery) Performed? What Are The Symptoms [&hellip;]<\/p>\n","protected":false},"author":1,"featured_media":7753,"parent":0,"menu_order":0,"comment_status":"closed","ping_status":"closed","template":"","meta":{"footnotes":""},"class_list":["post-7460","page","type-page","status-publish","has-post-thumbnail","hentry"],"_links":{"self":[{"href":"https:\/\/msmklinik.com.tr\/en\/wp-json\/wp\/v2\/pages\/7460","targetHints":{"allow":["GET"]}}],"collection":[{"href":"https:\/\/msmklinik.com.tr\/en\/wp-json\/wp\/v2\/pages"}],"about":[{"href":"https:\/\/msmklinik.com.tr\/en\/wp-json\/wp\/v2\/types\/page"}],"author":[{"embeddable":true,"href":"https:\/\/msmklinik.com.tr\/en\/wp-json\/wp\/v2\/users\/1"}],"replies":[{"embeddable":true,"href":"https:\/\/msmklinik.com.tr\/en\/wp-json\/wp\/v2\/comments?post=7460"}],"version-history":[{"count":46,"href":"https:\/\/msmklinik.com.tr\/en\/wp-json\/wp\/v2\/pages\/7460\/revisions"}],"predecessor-version":[{"id":7840,"href":"https:\/\/msmklinik.com.tr\/en\/wp-json\/wp\/v2\/pages\/7460\/revisions\/7840"}],"wp:featuredmedia":[{"embeddable":true,"href":"https:\/\/msmklinik.com.tr\/en\/wp-json\/wp\/v2\/media\/7753"}],"wp:attachment":[{"href":"https:\/\/msmklinik.com.tr\/en\/wp-json\/wp\/v2\/media?parent=7460"}],"curies":[{"name":"wp","href":"https:\/\/api.w.org\/{rel}","templated":true}]}}