{"id":8261,"date":"2024-03-19T12:09:40","date_gmt":"2024-03-19T09:09:40","guid":{"rendered":"https:\/\/msmklinik.com.tr\/sporcularda-yumusak-doku-ve-bag-travmasi\/"},"modified":"2024-03-19T12:30:15","modified_gmt":"2024-03-19T09:30:15","slug":"soft-tissue-and-ligament-trauma-in-athletes","status":"publish","type":"page","link":"https:\/\/msmklinik.com.tr\/en\/soft-tissue-and-ligament-trauma-in-athletes\/","title":{"rendered":"Soft Tissue and Ligament Trauma in Athletes"},"content":{"rendered":"\t\t<div data-elementor-type=\"wp-page\" data-elementor-id=\"8261\" class=\"elementor elementor-8261 elementor-8232\" data-elementor-post-type=\"page\">\n\t\t\t\t<div class=\"elementor-element elementor-element-35ea275 e-flex e-con-boxed e-con e-parent\" data-id=\"35ea275\" data-element_type=\"container\" data-e-type=\"container\">\n\t\t\t\t\t<div class=\"e-con-inner\">\n\t\t\t\t<div class=\"elementor-element elementor-element-c8421ff elementor-icon-list--layout-traditional elementor-list-item-link-full_width elementor-widget elementor-widget-icon-list\" data-id=\"c8421ff\" data-element_type=\"widget\" data-e-type=\"widget\" data-widget_type=\"icon-list.default\">\n\t\t\t\t<div class=\"elementor-widget-container\">\n\t\t\t\t\t\t\t<ul class=\"elementor-icon-list-items\">\n\t\t\t\t\t\t\t<li class=\"elementor-icon-list-item\">\n\t\t\t\t\t\t\t\t\t\t\t<a href=\"#1\">\n\n\t\t\t\t\t\t\t\t\t\t\t\t<span class=\"elementor-icon-list-icon\">\n\t\t\t\t\t\t\t<svg aria-hidden=\"true\" class=\"e-font-icon-svg e-fas-angle-right\" viewBox=\"0 0 256 512\" xmlns=\"http:\/\/www.w3.org\/2000\/svg\"><path d=\"M224.3 273l-136 136c-9.4 9.4-24.6 9.4-33.9 0l-22.6-22.6c-9.4-9.4-9.4-24.6 0-33.9l96.4-96.4-96.4-96.4c-9.4-9.4-9.4-24.6 0-33.9L54.3 103c9.4-9.4 24.6-9.4 33.9 0l136 136c9.5 9.4 9.5 24.6.1 34z\"><\/path><\/svg>\t\t\t\t\t\t<\/span>\n\t\t\t\t\t\t\t\t\t\t<span class=\"elementor-icon-list-text\">What is Soft Tissue and Ligament Trauma in Athletes?<\/span>\n\t\t\t\t\t\t\t\t\t\t\t<\/a>\n\t\t\t\t\t\t\t\t\t<\/li>\n\t\t\t\t\t\t\t\t<li class=\"elementor-icon-list-item\">\n\t\t\t\t\t\t\t\t\t\t\t<a href=\"#2\">\n\n\t\t\t\t\t\t\t\t\t\t\t\t<span class=\"elementor-icon-list-icon\">\n\t\t\t\t\t\t\t<svg aria-hidden=\"true\" class=\"e-font-icon-svg e-fas-angle-right\" viewBox=\"0 0 256 512\" xmlns=\"http:\/\/www.w3.org\/2000\/svg\"><path d=\"M224.3 273l-136 136c-9.4 9.4-24.6 9.4-33.9 0l-22.6-22.6c-9.4-9.4-9.4-24.6 0-33.9l96.4-96.4-96.4-96.4c-9.4-9.4-9.4-24.6 0-33.9L54.3 103c9.4-9.4 24.6-9.4 33.9 0l136 136c9.5 9.4 9.5 24.6.1 34z\"><\/path><\/svg>\t\t\t\t\t\t<\/span>\n\t\t\t\t\t\t\t\t\t\t<span class=\"elementor-icon-list-text\"> What are the Types of Soft Tissue and Ligament Trauma in Athletes?<\/span>\n\t\t\t\t\t\t\t\t\t\t\t<\/a>\n\t\t\t\t\t\t\t\t\t<\/li>\n\t\t\t\t\t\t\t\t<li class=\"elementor-icon-list-item\">\n\t\t\t\t\t\t\t\t\t\t\t<a href=\"#3\">\n\n\t\t\t\t\t\t\t\t\t\t\t\t<span class=\"elementor-icon-list-icon\">\n\t\t\t\t\t\t\t<svg aria-hidden=\"true\" class=\"e-font-icon-svg e-fas-angle-right\" viewBox=\"0 0 256 512\" xmlns=\"http:\/\/www.w3.org\/2000\/svg\"><path d=\"M224.3 273l-136 136c-9.4 9.4-24.6 9.4-33.9 0l-22.6-22.6c-9.4-9.4-9.4-24.6 0-33.9l96.4-96.4-96.4-96.4c-9.4-9.4-9.4-24.6 0-33.9L54.3 103c9.4-9.4 24.6-9.4 33.9 0l136 136c9.5 9.4 9.5 24.6.1 34z\"><\/path><\/svg>\t\t\t\t\t\t<\/span>\n\t\t\t\t\t\t\t\t\t\t<span class=\"elementor-icon-list-text\">Treatment of Soft Tissue and Ligament Trauma in Athletes<\/span>\n\t\t\t\t\t\t\t\t\t\t\t<\/a>\n\t\t\t\t\t\t\t\t\t<\/li>\n\t\t\t\t\t\t\t\t<li class=\"elementor-icon-list-item\">\n\t\t\t\t\t\t\t\t\t\t\t<a href=\"#4\">\n\n\t\t\t\t\t\t\t\t\t\t\t\t<span class=\"elementor-icon-list-icon\">\n\t\t\t\t\t\t\t<svg aria-hidden=\"true\" class=\"e-font-icon-svg e-fas-angle-right\" viewBox=\"0 0 256 512\" xmlns=\"http:\/\/www.w3.org\/2000\/svg\"><path d=\"M224.3 273l-136 136c-9.4 9.4-24.6 9.4-33.9 0l-22.6-22.6c-9.4-9.4-9.4-24.6 0-33.9l96.4-96.4-96.4-96.4c-9.4-9.4-9.4-24.6 0-33.9L54.3 103c9.4-9.4 24.6-9.4 33.9 0l136 136c9.5 9.4 9.5 24.6.1 34z\"><\/path><\/svg>\t\t\t\t\t\t<\/span>\n\t\t\t\t\t\t\t\t\t\t<span class=\"elementor-icon-list-text\">How Does the Recovery Process of Soft Tissue and Ligament Trauma Happen in Athletes?<\/span>\n\t\t\t\t\t\t\t\t\t\t\t<\/a>\n\t\t\t\t\t\t\t\t\t<\/li>\n\t\t\t\t\t\t<\/ul>\n\t\t\t\t\t\t<\/div>\n\t\t\t\t<\/div>\n\t\t\t\t\t<\/div>\n\t\t\t\t<\/div>\n\t\t<div class=\"elementor-element elementor-element-5a7a720c e-flex e-con-boxed e-con e-parent\" data-id=\"5a7a720c\" data-element_type=\"container\" data-e-type=\"container\">\n\t\t\t\t\t<div class=\"e-con-inner\">\n\t\t<div class=\"elementor-element elementor-element-1a14cdf e-con-full e-flex e-con e-child\" data-id=\"1a14cdf\" data-element_type=\"container\" data-e-type=\"container\">\n\t\t\t\t<div class=\"elementor-element elementor-element-59a0396 elementor-widget elementor-widget-heading\" data-id=\"59a0396\" data-element_type=\"widget\" data-e-type=\"widget\" id=\"1\" data-widget_type=\"heading.default\">\n\t\t\t\t<div class=\"elementor-widget-container\">\n\t\t\t\t\t<h2 class=\"elementor-heading-title elementor-size-default\">What is <b>Soft Tissue and Ligament Trauma in Athletes?<\/b><\/h2>\t\t\t\t<\/div>\n\t\t\t\t<\/div>\n\t\t\t\t<div class=\"elementor-element elementor-element-7700e2fc elementor-widget elementor-widget-text-editor\" data-id=\"7700e2fc\" data-element_type=\"widget\" data-e-type=\"widget\" data-widget_type=\"text-editor.default\">\n\t\t\t\t<div class=\"elementor-widget-container\">\n\t\t\t\t\t\t\t\t\t<p>Soft tissues and ligaments are the name given to all the important structures that enable our body to move, protect and support. These structures are formed by the combination of different cell types and undertake different functions. Soft tissue is the general name of the structures that surround and support all structures of our body. Many different structures such as muscles, tendons, ligaments, fascia, fat, skin, nerves and blood vessels are classified as soft tissues. Ligaments are structures that hold and stabilize joints. These structures have a hard and elastic structure.<\/p>\t\t\t\t\t\t\t\t<\/div>\n\t\t\t\t<\/div>\n\t\t\t\t<\/div>\n\t\t<div class=\"elementor-element elementor-element-5f8eeeeb e-flex e-con-boxed e-con e-child\" data-id=\"5f8eeeeb\" data-element_type=\"container\" data-e-type=\"container\">\n\t\t\t\t\t<div class=\"e-con-inner\">\n\t\t\t\t<div class=\"elementor-element elementor-element-03d6e35 elementor-widget elementor-widget-image\" data-id=\"03d6e35\" data-element_type=\"widget\" data-e-type=\"widget\" data-widget_type=\"image.default\">\n\t\t\t\t<div class=\"elementor-widget-container\">\n\t\t\t\t\t\t\t\t\t\t\t\t\t\t\t<img fetchpriority=\"high\" decoding=\"async\" width=\"800\" height=\"450\" src=\"https:\/\/msmklinik.com.tr\/wp-content\/uploads\/2024\/03\/Yumusak-Doku-ve-Bag-Travmasi-1-1024x576.jpg\" class=\"attachment-large size-large wp-image-8235\" alt=\"porcularda Yumu\u015fak Doku ve Ba\u011f Travmas\u0131\" srcset=\"https:\/\/msmklinik.com.tr\/wp-content\/uploads\/2024\/03\/Yumusak-Doku-ve-Bag-Travmasi-1-1024x576.jpg 1024w, https:\/\/msmklinik.com.tr\/wp-content\/uploads\/2024\/03\/Yumusak-Doku-ve-Bag-Travmasi-1-300x169.jpg 300w, https:\/\/msmklinik.com.tr\/wp-content\/uploads\/2024\/03\/Yumusak-Doku-ve-Bag-Travmasi-1-768x432.jpg 768w, https:\/\/msmklinik.com.tr\/wp-content\/uploads\/2024\/03\/Yumusak-Doku-ve-Bag-Travmasi-1-1536x864.jpg 1536w, https:\/\/msmklinik.com.tr\/wp-content\/uploads\/2024\/03\/Yumusak-Doku-ve-Bag-Travmasi-1.jpg 1920w\" sizes=\"(max-width: 800px) 100vw, 800px\" \/>\t\t\t\t\t\t\t\t\t\t\t\t\t\t\t<\/div>\n\t\t\t\t<\/div>\n\t\t\t\t\t<\/div>\n\t\t\t\t<\/div>\n\t\t\t\t\t<\/div>\n\t\t\t\t<\/div>\n\t\t<div class=\"elementor-element elementor-element-3490380 e-flex e-con-boxed e-con e-parent\" data-id=\"3490380\" data-element_type=\"container\" data-e-type=\"container\">\n\t\t\t\t\t<div class=\"e-con-inner\">\n\t\t\t\t<div class=\"elementor-element elementor-element-b71769f elementor-widget elementor-widget-text-editor\" data-id=\"b71769f\" data-element_type=\"widget\" data-e-type=\"widget\" data-widget_type=\"text-editor.default\">\n\t\t\t\t<div class=\"elementor-widget-container\">\n\t\t\t\t\t\t\t\t\t<p>All these structures can be damaged for various reasons. Soft tissue and ligament trauma occurs very frequently, especially in athletes. The primary cause of soft tissue and ligament trauma in athletes is damage to the ligaments that exist to limit the movement of the joints and to prevent injuries by preventing excessive movement of the joints, as a result of sudden movements or trauma. The most common areas are the knee, ankle, shoulder and elbow areas.<\/p>\t\t\t\t\t\t\t\t<\/div>\n\t\t\t\t<\/div>\n\t\t\t\t\t<\/div>\n\t\t\t\t<\/div>\n\t\t<div class=\"elementor-element elementor-element-5f0018a8 e-flex e-con-boxed e-con e-parent\" data-id=\"5f0018a8\" data-element_type=\"container\" data-e-type=\"container\">\n\t\t\t\t\t<div class=\"e-con-inner\">\n\t\t\t\t<div class=\"elementor-element elementor-element-6d92e656 elementor-mobile-align-justify elementor-widget__width-auto elementor-align-left elementor-widget elementor-widget-button\" data-id=\"6d92e656\" data-element_type=\"widget\" data-e-type=\"widget\" data-widget_type=\"button.default\">\n\t\t\t\t<div class=\"elementor-widget-container\">\n\t\t\t\t\t\t\t\t\t<div class=\"elementor-button-wrapper\">\n\t\t\t\t\t<a class=\"elementor-button elementor-button-link elementor-size-sm\" href=\"#elementor-action%3Aaction%3Dpopup%3Aopen%26settings%3DeyJpZCI6NzA3NiwidG9nZ2xlIjpmYWxzZX0%3D\">\n\t\t\t\t\t\t<span class=\"elementor-button-content-wrapper\">\n\t\t\t\t\t\t\t\t\t<span class=\"elementor-button-text\">More Information<\/span>\n\t\t\t\t\t<\/span>\n\t\t\t\t\t<\/a>\n\t\t\t\t<\/div>\n\t\t\t\t\t\t\t\t<\/div>\n\t\t\t\t<\/div>\n\t\t\t\t\t<\/div>\n\t\t\t\t<\/div>\n\t\t<div class=\"elementor-element elementor-element-20c657d7 e-flex e-con-boxed e-con e-parent\" data-id=\"20c657d7\" data-element_type=\"container\" data-e-type=\"container\">\n\t\t\t\t\t<div class=\"e-con-inner\">\n\t\t<div class=\"elementor-element elementor-element-5df3aee3 e-flex e-con-boxed e-con e-child\" data-id=\"5df3aee3\" data-element_type=\"container\" data-e-type=\"container\">\n\t\t\t\t\t<div class=\"e-con-inner\">\n\t\t\t\t<div class=\"elementor-element elementor-element-fb8f2aa elementor-widget elementor-widget-image\" data-id=\"fb8f2aa\" data-element_type=\"widget\" data-e-type=\"widget\" data-widget_type=\"image.default\">\n\t\t\t\t<div class=\"elementor-widget-container\">\n\t\t\t\t\t\t\t\t\t\t\t\t\t\t\t<img decoding=\"async\" width=\"800\" height=\"450\" src=\"https:\/\/msmklinik.com.tr\/wp-content\/uploads\/2024\/03\/Yumusak-Doku-ve-Bag-Travmasi-4--1024x576.jpg\" class=\"attachment-large size-large wp-image-8247\" alt=\"porcularda Yumu\u015fak Doku ve Ba\u011f Travmas\u0131\" srcset=\"https:\/\/msmklinik.com.tr\/wp-content\/uploads\/2024\/03\/Yumusak-Doku-ve-Bag-Travmasi-4--1024x576.jpg 1024w, https:\/\/msmklinik.com.tr\/wp-content\/uploads\/2024\/03\/Yumusak-Doku-ve-Bag-Travmasi-4--300x169.jpg 300w, https:\/\/msmklinik.com.tr\/wp-content\/uploads\/2024\/03\/Yumusak-Doku-ve-Bag-Travmasi-4--768x432.jpg 768w, https:\/\/msmklinik.com.tr\/wp-content\/uploads\/2024\/03\/Yumusak-Doku-ve-Bag-Travmasi-4--1536x864.jpg 1536w, https:\/\/msmklinik.com.tr\/wp-content\/uploads\/2024\/03\/Yumusak-Doku-ve-Bag-Travmasi-4-.jpg 1920w\" sizes=\"(max-width: 800px) 100vw, 800px\" \/>\t\t\t\t\t\t\t\t\t\t\t\t\t\t\t<\/div>\n\t\t\t\t<\/div>\n\t\t\t\t\t<\/div>\n\t\t\t\t<\/div>\n\t\t<div class=\"elementor-element elementor-element-11c38954 e-con-full e-flex e-con e-child\" data-id=\"11c38954\" data-element_type=\"container\" data-e-type=\"container\">\n\t\t\t\t<div class=\"elementor-element elementor-element-4eb87cc3 elementor-widget elementor-widget-heading\" data-id=\"4eb87cc3\" data-element_type=\"widget\" data-e-type=\"widget\" id=\"2\" data-widget_type=\"heading.default\">\n\t\t\t\t<div class=\"elementor-widget-container\">\n\t\t\t\t\t<h2 class=\"elementor-heading-title elementor-size-default\"> What are the Types of <b>Soft Tissue and Ligament Trauma in Athletes?<\/b><\/h2>\t\t\t\t<\/div>\n\t\t\t\t<\/div>\n\t\t\t\t<div class=\"elementor-element elementor-element-ed1bd77 elementor-widget elementor-widget-text-editor\" data-id=\"ed1bd77\" data-element_type=\"widget\" data-e-type=\"widget\" data-widget_type=\"text-editor.default\">\n\t\t\t\t<div class=\"elementor-widget-container\">\n\t\t\t\t\t\t\t\t\t<p>Soft tissue problems refer to trauma in parts other than bone and hard tissue. These traumas only cover parts of the soft tissues and ligaments. Soft tissue and ligament trauma in athletes may occur as a result of a sudden event outside or as a result of long-term use of a certain part of the body inside. Soft tissue and ligament trauma types in athletes are divided into two:<\/p>\t\t\t\t\t\t\t\t<\/div>\n\t\t\t\t<\/div>\n\t\t\t\t<\/div>\n\t\t\t\t\t<\/div>\n\t\t\t\t<\/div>\n\t\t<div class=\"elementor-element elementor-element-8166410 e-flex e-con-boxed e-con e-parent\" data-id=\"8166410\" data-element_type=\"container\" data-e-type=\"container\">\n\t\t\t\t\t<div class=\"e-con-inner\">\n\t\t\t\t<div class=\"elementor-element elementor-element-13c5b471 elementor-widget elementor-widget-text-editor\" data-id=\"13c5b471\" data-element_type=\"widget\" data-e-type=\"widget\" data-widget_type=\"text-editor.default\">\n\t\t\t\t<div class=\"elementor-widget-container\">\n\t\t\t\t\t\t\t\t\t<p><strong>Acute Soft Tissue and Ligament Injuries<\/strong><br \/>Soft tissue and ligament injuries in athletes that develop acutely may require immediate intervention. This includes any sprain or soft tissue trauma, as well as a sudden injury.<br \/>In acute soft tissue and ligament injuries in athletes, effects such as crushing, bruises, cuts, and tears that occur in the tissue depending on the situation should be examined very carefully and if there is blood loss or a visible open wound, immediate intervention should be performed. Soft tissue and ligament injuries in athletes are a problem that should be taken seriously, and as MSM Clinic, we start the treatment immediately to prevent more important problems.<br \/><strong>Chronic Soft Tissue and Ligament Injuries<\/strong><br \/>It is very important for the future and performance of the athlete to take symptoms such as swelling, edema, tenderness and redness seriously and to be examined by a good orthopedic and traumatology doctor as soon as possible due to ligament and tissue trauma in athletes that develop due to non-acute use.<\/p>\t\t\t\t\t\t\t\t<\/div>\n\t\t\t\t<\/div>\n\t\t\t\t<div class=\"elementor-element elementor-element-3a77acc4 elementor-mobile-align-justify elementor-widget__width-auto elementor-align-left elementor-widget elementor-widget-button\" data-id=\"3a77acc4\" data-element_type=\"widget\" data-e-type=\"widget\" data-widget_type=\"button.default\">\n\t\t\t\t<div class=\"elementor-widget-container\">\n\t\t\t\t\t\t\t\t\t<div class=\"elementor-button-wrapper\">\n\t\t\t\t\t<a class=\"elementor-button elementor-button-link elementor-size-sm\" href=\"#elementor-action%3Aaction%3Dpopup%3Aopen%26settings%3DeyJpZCI6NzA3NiwidG9nZ2xlIjpmYWxzZX0%3D\">\n\t\t\t\t\t\t<span class=\"elementor-button-content-wrapper\">\n\t\t\t\t\t\t\t\t\t<span class=\"elementor-button-text\">More Information<\/span>\n\t\t\t\t\t<\/span>\n\t\t\t\t\t<\/a>\n\t\t\t\t<\/div>\n\t\t\t\t\t\t\t\t<\/div>\n\t\t\t\t<\/div>\n\t\t\t\t<div class=\"elementor-element elementor-element-62773507 elementor-widget elementor-widget-heading\" data-id=\"62773507\" data-element_type=\"widget\" data-e-type=\"widget\" id=\"3\" data-widget_type=\"heading.default\">\n\t\t\t\t<div class=\"elementor-widget-container\">\n\t\t\t\t\t<h2 class=\"elementor-heading-title elementor-size-default\">Treatment of <b>Soft Tissue and Ligament Trauma in Athletes<\/b><\/h2>\t\t\t\t<\/div>\n\t\t\t\t<\/div>\n\t\t<div class=\"elementor-element elementor-element-65b69ca1 e-grid e-con-boxed e-con e-child\" data-id=\"65b69ca1\" data-element_type=\"container\" data-e-type=\"container\">\n\t\t\t\t\t<div class=\"e-con-inner\">\n\t\t\t\t<div class=\"elementor-element elementor-element-74d5d965 elementor-widget elementor-widget-text-editor\" data-id=\"74d5d965\" data-element_type=\"widget\" data-e-type=\"widget\" data-widget_type=\"text-editor.default\">\n\t\t\t\t<div class=\"elementor-widget-container\">\n\t\t\t\t\t\t\t\t\t<p>Soft tissue and ligament injuries are a very common and annoying problem in athletes. These injuries can lead to pain, swelling, limitation of movement and even disability, and can have a negative impact on the athlete&#8217;s performance. Treatment of soft tissue and ligament trauma in athletes varies widely depending on the severity and location of the injury. According to the diagnosis made by MSM Clinic specialist doctors, the following measures may be sufficient in case of minor injuries:<\/p><ul><li><u> Resting: <\/u>Resting the traumatized area and keeping it at certain angles will accelerate the healing process.<\/li><li><u> Cold application: <\/u>Applying cold to the injured area will help reduce swelling and pain.<\/li><\/ul>\t\t\t\t\t\t\t\t<\/div>\n\t\t\t\t<\/div>\n\t\t\t\t<div class=\"elementor-element elementor-element-74013069 elementor-widget elementor-widget-image\" data-id=\"74013069\" data-element_type=\"widget\" data-e-type=\"widget\" data-widget_type=\"image.default\">\n\t\t\t\t<div class=\"elementor-widget-container\">\n\t\t\t\t\t\t\t\t\t\t\t\t\t\t\t<img decoding=\"async\" width=\"800\" height=\"450\" src=\"https:\/\/msmklinik.com.tr\/wp-content\/uploads\/2024\/03\/Yumusak-Doku-ve-Bag-Travmasi-3-1024x576.jpg\" class=\"attachment-large size-large wp-image-8243\" alt=\"porcularda Yumu\u015fak Doku ve Ba\u011f Travmas\u0131\" srcset=\"https:\/\/msmklinik.com.tr\/wp-content\/uploads\/2024\/03\/Yumusak-Doku-ve-Bag-Travmasi-3-1024x576.jpg 1024w, https:\/\/msmklinik.com.tr\/wp-content\/uploads\/2024\/03\/Yumusak-Doku-ve-Bag-Travmasi-3-300x169.jpg 300w, https:\/\/msmklinik.com.tr\/wp-content\/uploads\/2024\/03\/Yumusak-Doku-ve-Bag-Travmasi-3-768x432.jpg 768w, https:\/\/msmklinik.com.tr\/wp-content\/uploads\/2024\/03\/Yumusak-Doku-ve-Bag-Travmasi-3-1536x864.jpg 1536w, https:\/\/msmklinik.com.tr\/wp-content\/uploads\/2024\/03\/Yumusak-Doku-ve-Bag-Travmasi-3.jpg 1920w\" sizes=\"(max-width: 800px) 100vw, 800px\" \/>\t\t\t\t\t\t\t\t\t\t\t\t\t\t\t<\/div>\n\t\t\t\t<\/div>\n\t\t\t\t\t<\/div>\n\t\t\t\t<\/div>\n\t\t\t\t<div class=\"elementor-element elementor-element-63ee88f elementor-widget elementor-widget-text-editor\" data-id=\"63ee88f\" data-element_type=\"widget\" data-e-type=\"widget\" data-widget_type=\"text-editor.default\">\n\t\t\t\t<div class=\"elementor-widget-container\">\n\t\t\t\t\t\t\t\t\t<ul><li><u> Pressure: <\/u>Applying pressure to the injured area and applying ointments deemed appropriate by the doctor will help reduce swelling.<\/li><li><u> Elevation: <\/u>Keeping the injured area above heart level will help reduce swelling.<\/li><li><u> Physical therapy for athletes: <\/u>It is specific to the person and injury, such as manual massage and relaxation.<\/li><\/ul><p>In addition to these measures, medications prescribed by our doctor can also be used. These medications can help reduce pain and inflammation. For more severe injuries, physical therapy and rehabilitation may be required. Physical therapy will help strengthen muscles and ligaments and increase mobility. For injuries caused by overuse, some medical equipment may also be recommended. This equipment will help prevent the progression of the injury, but is used for a certain period of time. If all these treatments are inconclusive and pain and movement limitation still persist, or there may be injuries requiring surgical intervention at the time of initial diagnosis.<\/p>\t\t\t\t\t\t\t\t<\/div>\n\t\t\t\t<\/div>\n\t\t\t\t<div class=\"elementor-element elementor-element-36907527 elementor-mobile-align-justify elementor-widget__width-auto elementor-align-left elementor-widget elementor-widget-button\" data-id=\"36907527\" data-element_type=\"widget\" data-e-type=\"widget\" data-widget_type=\"button.default\">\n\t\t\t\t<div class=\"elementor-widget-container\">\n\t\t\t\t\t\t\t\t\t<div class=\"elementor-button-wrapper\">\n\t\t\t\t\t<a class=\"elementor-button elementor-button-link elementor-size-sm\" href=\"#elementor-action%3Aaction%3Dpopup%3Aopen%26settings%3DeyJpZCI6NzA3NiwidG9nZ2xlIjpmYWxzZX0%3D\">\n\t\t\t\t\t\t<span class=\"elementor-button-content-wrapper\">\n\t\t\t\t\t\t\t\t\t<span class=\"elementor-button-text\">More Information<\/span>\n\t\t\t\t\t<\/span>\n\t\t\t\t\t<\/a>\n\t\t\t\t<\/div>\n\t\t\t\t\t\t\t\t<\/div>\n\t\t\t\t<\/div>\n\t\t\t\t\t<\/div>\n\t\t\t\t<\/div>\n\t\t<div class=\"elementor-element elementor-element-9a8bdac e-flex e-con-boxed e-con e-parent\" data-id=\"9a8bdac\" data-element_type=\"container\" data-e-type=\"container\">\n\t\t\t\t\t<div class=\"e-con-inner\">\n\t\t<div class=\"elementor-element elementor-element-2b803b0 e-flex e-con-boxed e-con e-child\" data-id=\"2b803b0\" data-element_type=\"container\" data-e-type=\"container\">\n\t\t\t\t\t<div class=\"e-con-inner\">\n\t\t\t\t<div class=\"elementor-element elementor-element-07e2d56 elementor-widget elementor-widget-image\" data-id=\"07e2d56\" data-element_type=\"widget\" data-e-type=\"widget\" data-widget_type=\"image.default\">\n\t\t\t\t<div class=\"elementor-widget-container\">\n\t\t\t\t\t\t\t\t\t\t\t\t\t\t\t<img decoding=\"async\" width=\"800\" height=\"450\" src=\"https:\/\/msmklinik.com.tr\/wp-content\/uploads\/2024\/03\/Yumusak-Doku-ve-Bag-Travmasi-4--1024x576.jpg\" class=\"attachment-large size-large wp-image-8247\" alt=\"porcularda Yumu\u015fak Doku ve Ba\u011f Travmas\u0131\" srcset=\"https:\/\/msmklinik.com.tr\/wp-content\/uploads\/2024\/03\/Yumusak-Doku-ve-Bag-Travmasi-4--1024x576.jpg 1024w, https:\/\/msmklinik.com.tr\/wp-content\/uploads\/2024\/03\/Yumusak-Doku-ve-Bag-Travmasi-4--300x169.jpg 300w, https:\/\/msmklinik.com.tr\/wp-content\/uploads\/2024\/03\/Yumusak-Doku-ve-Bag-Travmasi-4--768x432.jpg 768w, https:\/\/msmklinik.com.tr\/wp-content\/uploads\/2024\/03\/Yumusak-Doku-ve-Bag-Travmasi-4--1536x864.jpg 1536w, https:\/\/msmklinik.com.tr\/wp-content\/uploads\/2024\/03\/Yumusak-Doku-ve-Bag-Travmasi-4-.jpg 1920w\" sizes=\"(max-width: 800px) 100vw, 800px\" \/>\t\t\t\t\t\t\t\t\t\t\t\t\t\t\t<\/div>\n\t\t\t\t<\/div>\n\t\t\t\t\t<\/div>\n\t\t\t\t<\/div>\n\t\t<div class=\"elementor-element elementor-element-632f629 e-con-full e-flex e-con e-child\" data-id=\"632f629\" data-element_type=\"container\" data-e-type=\"container\">\n\t\t\t\t<div class=\"elementor-element elementor-element-52a1fc6 elementor-widget elementor-widget-heading\" data-id=\"52a1fc6\" data-element_type=\"widget\" data-e-type=\"widget\" id=\"4\" data-widget_type=\"heading.default\">\n\t\t\t\t<div class=\"elementor-widget-container\">\n\t\t\t\t\t<h2 class=\"elementor-heading-title elementor-size-default\">How Does the Recovery Process of <b>Soft Tissue and Ligament Trauma Happen in Athletes?<\/b><\/h2>\t\t\t\t<\/div>\n\t\t\t\t<\/div>\n\t\t\t\t<div class=\"elementor-element elementor-element-467392e elementor-widget elementor-widget-text-editor\" data-id=\"467392e\" data-element_type=\"widget\" data-e-type=\"widget\" data-widget_type=\"text-editor.default\">\n\t\t\t\t<div class=\"elementor-widget-container\">\n\t\t\t\t\t\t\t\t\t<p>As MSM Clinical Orthopedics and Traumatology Clinic, our aim is to keep the healing process of soft tissue and ligament traumas in athletes as short as possible and to offer the most effective treatment so that the athlete can return to sports life and training as soon as possible. For this reason, it is of great importance that both the athlete and the physician work in coordination and complete the treatment process. Therefore, effective and correct team work is required. As in MSM Clinic, the relationship between physician, physiotherapist and athlete should be healthy.<\/p>\t\t\t\t\t\t\t\t<\/div>\n\t\t\t\t<\/div>\n\t\t\t\t<\/div>\n\t\t\t\t\t<\/div>\n\t\t\t\t<\/div>\n\t\t<div class=\"elementor-element elementor-element-9606805 e-flex e-con-boxed e-con e-parent\" data-id=\"9606805\" data-element_type=\"container\" data-e-type=\"container\">\n\t\t\t\t\t<div class=\"e-con-inner\">\n\t\t\t\t<div class=\"elementor-element elementor-element-6dd3eb5 elementor-widget elementor-widget-text-editor\" data-id=\"6dd3eb5\" data-element_type=\"widget\" data-e-type=\"widget\" data-widget_type=\"text-editor.default\">\n\t\t\t\t<div class=\"elementor-widget-container\">\n\t\t\t\t\t\t\t\t\t<p>Athletes often ignore soft tissue and ligament injuries and continue training with temporary measures. This can cause much greater trauma later. As MSM Clinic, we meticulously take all the necessary steps to help athletes recover from soft tissue and ligament injuries in the fastest and most effective way.<\/p>\t\t\t\t\t\t\t\t<\/div>\n\t\t\t\t<\/div>\n\t\t\t\t\t<\/div>\n\t\t\t\t<\/div>\n\t\t\t\t<\/div>\n\t\t","protected":false},"excerpt":{"rendered":"<p>What is Soft Tissue and Ligament Trauma in Athletes? What are the Types of Soft Tissue and Ligament Trauma in Athletes? Treatment of Soft Tissue and Ligament Trauma in Athletes How Does the Recovery Process of Soft Tissue and Ligament Trauma Happen in Athletes? What is Soft Tissue and Ligament Trauma in Athletes? Soft tissues [&hellip;]<\/p>\n","protected":false},"author":1,"featured_media":8235,"parent":0,"menu_order":0,"comment_status":"closed","ping_status":"closed","template":"","meta":{"footnotes":""},"class_list":["post-8261","page","type-page","status-publish","has-post-thumbnail","hentry"],"_links":{"self":[{"href":"https:\/\/msmklinik.com.tr\/en\/wp-json\/wp\/v2\/pages\/8261","targetHints":{"allow":["GET"]}}],"collection":[{"href":"https:\/\/msmklinik.com.tr\/en\/wp-json\/wp\/v2\/pages"}],"about":[{"href":"https:\/\/msmklinik.com.tr\/en\/wp-json\/wp\/v2\/types\/page"}],"author":[{"embeddable":true,"href":"https:\/\/msmklinik.com.tr\/en\/wp-json\/wp\/v2\/users\/1"}],"replies":[{"embeddable":true,"href":"https:\/\/msmklinik.com.tr\/en\/wp-json\/wp\/v2\/comments?post=8261"}],"version-history":[{"count":4,"href":"https:\/\/msmklinik.com.tr\/en\/wp-json\/wp\/v2\/pages\/8261\/revisions"}],"predecessor-version":[{"id":8265,"href":"https:\/\/msmklinik.com.tr\/en\/wp-json\/wp\/v2\/pages\/8261\/revisions\/8265"}],"wp:featuredmedia":[{"embeddable":true,"href":"https:\/\/msmklinik.com.tr\/en\/wp-json\/wp\/v2\/media\/8235"}],"wp:attachment":[{"href":"https:\/\/msmklinik.com.tr\/en\/wp-json\/wp\/v2\/media?parent=8261"}],"curies":[{"name":"wp","href":"https:\/\/api.w.org\/{rel}","templated":true}]}}