{"id":8914,"date":"2024-04-01T15:26:48","date_gmt":"2024-04-01T12:26:48","guid":{"rendered":"https:\/\/msmklinik.com.tr\/sporcularda-ortopedik-cerrahi-disi-uygulamalar\/"},"modified":"2024-04-01T16:15:55","modified_gmt":"2024-04-01T13:15:55","slug":"orthopedic-non-surgical-treatments-in-athletes","status":"publish","type":"page","link":"https:\/\/msmklinik.com.tr\/en\/orthopedic-non-surgical-treatments-in-athletes\/","title":{"rendered":"Orthopedic Non-Surgical Treatments in Athletes"},"content":{"rendered":"\t\t<div data-elementor-type=\"wp-page\" data-elementor-id=\"8914\" class=\"elementor elementor-8914 elementor-8888\" data-elementor-post-type=\"page\">\n\t\t\t\t<div class=\"elementor-element elementor-element-c812f4e e-flex e-con-boxed e-con e-parent\" data-id=\"c812f4e\" data-element_type=\"container\" data-e-type=\"container\">\n\t\t\t\t\t<div class=\"e-con-inner\">\n\t\t\t\t<div class=\"elementor-element elementor-element-7795789f elementor-icon-list--layout-traditional elementor-list-item-link-full_width elementor-widget elementor-widget-icon-list\" data-id=\"7795789f\" data-element_type=\"widget\" data-e-type=\"widget\" data-widget_type=\"icon-list.default\">\n\t\t\t\t<div class=\"elementor-widget-container\">\n\t\t\t\t\t\t\t<ul class=\"elementor-icon-list-items\">\n\t\t\t\t\t\t\t<li class=\"elementor-icon-list-item\">\n\t\t\t\t\t\t\t\t\t\t\t<a href=\"#1\">\n\n\t\t\t\t\t\t\t\t\t\t\t\t<span class=\"elementor-icon-list-icon\">\n\t\t\t\t\t\t\t<svg aria-hidden=\"true\" class=\"e-font-icon-svg e-fas-angle-right\" viewBox=\"0 0 256 512\" xmlns=\"http:\/\/www.w3.org\/2000\/svg\"><path d=\"M224.3 273l-136 136c-9.4 9.4-24.6 9.4-33.9 0l-22.6-22.6c-9.4-9.4-9.4-24.6 0-33.9l96.4-96.4-96.4-96.4c-9.4-9.4-9.4-24.6 0-33.9L54.3 103c9.4-9.4 24.6-9.4 33.9 0l136 136c9.5 9.4 9.5 24.6.1 34z\"><\/path><\/svg>\t\t\t\t\t\t<\/span>\n\t\t\t\t\t\t\t\t\t\t<span class=\"elementor-icon-list-text\">What are the Orthopedic Non-Surgery Treatments for Athletes?<\/span>\n\t\t\t\t\t\t\t\t\t\t\t<\/a>\n\t\t\t\t\t\t\t\t\t<\/li>\n\t\t\t\t\t\t\t\t<li class=\"elementor-icon-list-item\">\n\t\t\t\t\t\t\t\t\t\t\t<a href=\"#2\">\n\n\t\t\t\t\t\t\t\t\t\t\t\t<span class=\"elementor-icon-list-icon\">\n\t\t\t\t\t\t\t<svg aria-hidden=\"true\" class=\"e-font-icon-svg e-fas-angle-right\" viewBox=\"0 0 256 512\" xmlns=\"http:\/\/www.w3.org\/2000\/svg\"><path d=\"M224.3 273l-136 136c-9.4 9.4-24.6 9.4-33.9 0l-22.6-22.6c-9.4-9.4-9.4-24.6 0-33.9l96.4-96.4-96.4-96.4c-9.4-9.4-9.4-24.6 0-33.9L54.3 103c9.4-9.4 24.6-9.4 33.9 0l136 136c9.5 9.4 9.5 24.6.1 34z\"><\/path><\/svg>\t\t\t\t\t\t<\/span>\n\t\t\t\t\t\t\t\t\t\t<span class=\"elementor-icon-list-text\">In Which Situations Are Orthopedic Non-Surgical Treatments Applied to Athletes?<\/span>\n\t\t\t\t\t\t\t\t\t\t\t<\/a>\n\t\t\t\t\t\t\t\t\t<\/li>\n\t\t\t\t\t\t<\/ul>\n\t\t\t\t\t\t<\/div>\n\t\t\t\t<\/div>\n\t\t\t\t\t<\/div>\n\t\t\t\t<\/div>\n\t\t<div class=\"elementor-element elementor-element-4bd6d618 e-flex e-con-boxed e-con e-parent\" data-id=\"4bd6d618\" data-element_type=\"container\" data-e-type=\"container\">\n\t\t\t\t\t<div class=\"e-con-inner\">\n\t\t<div class=\"elementor-element elementor-element-e5bc4f2 e-con-full e-flex e-con e-child\" data-id=\"e5bc4f2\" data-element_type=\"container\" data-e-type=\"container\">\n\t\t\t\t<div class=\"elementor-element elementor-element-22ccbb66 elementor-widget elementor-widget-heading\" data-id=\"22ccbb66\" data-element_type=\"widget\" data-e-type=\"widget\" id=\"1\" data-widget_type=\"heading.default\">\n\t\t\t\t<div class=\"elementor-widget-container\">\n\t\t\t\t\t<h2 class=\"elementor-heading-title elementor-size-default\">What are the Orthopedic Non-Surgery Treatments for Athletes?<\/h2>\t\t\t\t<\/div>\n\t\t\t\t<\/div>\n\t\t\t\t<div class=\"elementor-element elementor-element-1a9c0d0d elementor-widget elementor-widget-text-editor\" data-id=\"1a9c0d0d\" data-element_type=\"widget\" data-e-type=\"widget\" data-widget_type=\"text-editor.default\">\n\t\t\t\t<div class=\"elementor-widget-container\">\n\t\t\t\t\t\t\t\t\t<p>As MSM Clinic, we offer athletes an effective treatment approach without orthopedic surgery. These practices do not require surgery and accelerate the recovery process of athletes. Here are the orthopedic\u00a0 non-surgical procedures frequently used in athletes and in which cases they are preferred:<\/p>\n<ul>\n<li><strong> Physical Therapy and Rehabilitation in Athletes: <\/strong>Physical therapy and rehabilitation play an important role in the treatment of injuries that occur in athletes. With methods such as muscle strengthening, stretching exercises, manual therapy and electrical stimulation, the healing process of injuries is accelerated and the athlete&#8217;s functional capacity is increased.<\/li>\n<\/ul>\t\t\t\t\t\t\t\t<\/div>\n\t\t\t\t<\/div>\n\t\t\t\t<\/div>\n\t\t<div class=\"elementor-element elementor-element-3a599cff e-flex e-con-boxed e-con e-child\" data-id=\"3a599cff\" data-element_type=\"container\" data-e-type=\"container\">\n\t\t\t\t\t<div class=\"e-con-inner\">\n\t\t\t\t<div class=\"elementor-element elementor-element-40c668f8 elementor-widget elementor-widget-image\" data-id=\"40c668f8\" data-element_type=\"widget\" data-e-type=\"widget\" data-widget_type=\"image.default\">\n\t\t\t\t<div class=\"elementor-widget-container\">\n\t\t\t\t\t\t\t\t\t\t\t\t\t\t\t<img fetchpriority=\"high\" decoding=\"async\" width=\"800\" height=\"538\" src=\"http:\/\/msmklinik.com.tr\/wp-content\/uploads\/2024\/04\/Sporcularda-Ortopedik-Cerrahi-Disi-Uygulamalar-2-1024x688.jpg\" class=\"attachment-large size-large wp-image-8904\" alt=\"Sporcularda Ortopedik Cerrahi D\u0131\u015f\u0131 Uygulamalar\" srcset=\"http:\/\/msmklinik.com.tr\/wp-content\/uploads\/2024\/04\/Sporcularda-Ortopedik-Cerrahi-Disi-Uygulamalar-2-1024x688.jpg 1024w, http:\/\/msmklinik.com.tr\/wp-content\/uploads\/2024\/04\/Sporcularda-Ortopedik-Cerrahi-Disi-Uygulamalar-2-300x201.jpg 300w, http:\/\/msmklinik.com.tr\/wp-content\/uploads\/2024\/04\/Sporcularda-Ortopedik-Cerrahi-Disi-Uygulamalar-2-768x516.jpg 768w, http:\/\/msmklinik.com.tr\/wp-content\/uploads\/2024\/04\/Sporcularda-Ortopedik-Cerrahi-Disi-Uygulamalar-2-1536x1032.jpg 1536w, http:\/\/msmklinik.com.tr\/wp-content\/uploads\/2024\/04\/Sporcularda-Ortopedik-Cerrahi-Disi-Uygulamalar-2.jpg 1608w\" sizes=\"(max-width: 800px) 100vw, 800px\" \/>\t\t\t\t\t\t\t\t\t\t\t\t\t\t\t<\/div>\n\t\t\t\t<\/div>\n\t\t\t\t\t<\/div>\n\t\t\t\t<\/div>\n\t\t\t\t\t<\/div>\n\t\t\t\t<\/div>\n\t\t<div class=\"elementor-element elementor-element-3d5c89ad e-flex e-con-boxed e-con e-parent\" data-id=\"3d5c89ad\" data-element_type=\"container\" data-e-type=\"container\">\n\t\t\t\t\t<div class=\"e-con-inner\">\n\t\t\t\t<div class=\"elementor-element elementor-element-8405335 elementor-widget elementor-widget-text-editor\" data-id=\"8405335\" data-element_type=\"widget\" data-e-type=\"widget\" data-widget_type=\"text-editor.default\">\n\t\t\t\t<div class=\"elementor-widget-container\">\n\t\t\t\t\t\t\t\t\t<ul>\n<li><strong> Medical Treatments in Athletes: <\/strong>Medical treatments can be applied to manage pain and reduce inflammation. Methods such as non-steroidal anti-inflammatory drugs (NSAIDs), steroid injections, PRP (Platelet Rich Plasma) therapy and cold wraps help control pain and inflammation that occur in athletes.<\/li>\n<li><strong> Exercise and Movement Regimes for Athletes: <\/strong>Appropriate exercise and movement regimes are of great importance in the post-injury rehabilitation process. These regimens are determined by the type and severity of the injury and promote recovery by increasing muscle strength, increasing flexibility, and restoring the athlete&#8217;s functional capacity.<\/li>\n<li><strong> Nutrition Counseling for Athletes: <\/strong>Proper nutrition is of great importance in the post-injury recovery process for athletes. Proper nutrition supports the body&#8217;s healing process, regenerates tissues and increases energy levels. Nutritional counseling helps athletes create an optimal post-injury nutrition plan.<\/li>\n<li><strong> Exercise Recommendations and Ergonomics Consultancy for Athletes: <\/strong>Athletes can be offered appropriate exercise recommendations and ergonomics consultancy to prevent injuries and increase their performance. Learning correct exercise techniques and correct use of sports equipment reduces the risk of injury and increases athlete performance.<\/li>\n<\/ul>\n<p>\u00a0<\/p>\n<p>These treatments are effective methods that do not require surgical intervention in the treatment of injuries that occur in athletes. As MSM Clinic, we work with our expert team to determine and implement the most appropriate treatment plan that suits the needs of athletes. Remember, orthopedic non-surgery for athletes is important for a healthy recovery process, and with the right treatment plan, we ensure that athletes regain their health as soon as possible.<\/p>\t\t\t\t\t\t\t\t<\/div>\n\t\t\t\t<\/div>\n\t\t\t\t<div class=\"elementor-element elementor-element-5766d87d elementor-mobile-align-justify elementor-widget__width-auto elementor-align-left elementor-widget elementor-widget-button\" data-id=\"5766d87d\" data-element_type=\"widget\" data-e-type=\"widget\" data-widget_type=\"button.default\">\n\t\t\t\t<div class=\"elementor-widget-container\">\n\t\t\t\t\t\t\t\t\t<div class=\"elementor-button-wrapper\">\n\t\t\t\t\t<a class=\"elementor-button elementor-button-link elementor-size-sm\" href=\"#elementor-action%3Aaction%3Dpopup%3Aopen%26settings%3DeyJpZCI6NzA3NiwidG9nZ2xlIjpmYWxzZX0%3D\">\n\t\t\t\t\t\t<span class=\"elementor-button-content-wrapper\">\n\t\t\t\t\t\t\t\t\t<span class=\"elementor-button-text\">More Information<\/span>\n\t\t\t\t\t<\/span>\n\t\t\t\t\t<\/a>\n\t\t\t\t<\/div>\n\t\t\t\t\t\t\t\t<\/div>\n\t\t\t\t<\/div>\n\t\t\t\t<div class=\"elementor-element elementor-element-23e2886e elementor-widget elementor-widget-heading\" data-id=\"23e2886e\" data-element_type=\"widget\" data-e-type=\"widget\" id=\"2\" data-widget_type=\"heading.default\">\n\t\t\t\t<div class=\"elementor-widget-container\">\n\t\t\t\t\t<h2 class=\"elementor-heading-title elementor-size-default\">In Which Situations Are Orthopedic Non-Surgical Treatments Applied to Athletes?<\/h2>\t\t\t\t<\/div>\n\t\t\t\t<\/div>\n\t\t<div class=\"elementor-element elementor-element-7956240b e-flex e-con-boxed e-con e-child\" data-id=\"7956240b\" data-element_type=\"container\" data-e-type=\"container\">\n\t\t\t\t\t<div class=\"e-con-inner\">\n\t\t\t\t<div class=\"elementor-element elementor-element-44ed8c39 elementor-widget__width-initial elementor-widget elementor-widget-image\" data-id=\"44ed8c39\" data-element_type=\"widget\" data-e-type=\"widget\" data-widget_type=\"image.default\">\n\t\t\t\t<div class=\"elementor-widget-container\">\n\t\t\t\t\t\t\t\t\t\t\t\t\t\t\t<img decoding=\"async\" width=\"800\" height=\"450\" src=\"http:\/\/msmklinik.com.tr\/wp-content\/uploads\/2024\/04\/Sporcularda-Ortopedik-Cerrahi-Disi-Uygulamalar-3-1024x576.jpg\" class=\"attachment-large size-large wp-image-8908\" alt=\"Sporcularda Ortopedik Cerrahi D\u0131\u015f\u0131 Uygulamalar\" srcset=\"http:\/\/msmklinik.com.tr\/wp-content\/uploads\/2024\/04\/Sporcularda-Ortopedik-Cerrahi-Disi-Uygulamalar-3-1024x576.jpg 1024w, http:\/\/msmklinik.com.tr\/wp-content\/uploads\/2024\/04\/Sporcularda-Ortopedik-Cerrahi-Disi-Uygulamalar-3-300x169.jpg 300w, http:\/\/msmklinik.com.tr\/wp-content\/uploads\/2024\/04\/Sporcularda-Ortopedik-Cerrahi-Disi-Uygulamalar-3-768x432.jpg 768w, http:\/\/msmklinik.com.tr\/wp-content\/uploads\/2024\/04\/Sporcularda-Ortopedik-Cerrahi-Disi-Uygulamalar-3-1536x864.jpg 1536w, http:\/\/msmklinik.com.tr\/wp-content\/uploads\/2024\/04\/Sporcularda-Ortopedik-Cerrahi-Disi-Uygulamalar-3.jpg 1920w\" sizes=\"(max-width: 800px) 100vw, 800px\" \/>\t\t\t\t\t\t\t\t\t\t\t\t\t\t\t<\/div>\n\t\t\t\t<\/div>\n\t\t\t\t<div class=\"elementor-element elementor-element-9cc31cb elementor-widget elementor-widget-text-editor\" data-id=\"9cc31cb\" data-element_type=\"widget\" data-e-type=\"widget\" data-widget_type=\"text-editor.default\">\n\t\t\t\t<div class=\"elementor-widget-container\">\n\t\t\t\t\t\t\t\t\t<p>As MSM Clinic, we know that orthopedic non-surgical treatments are effective in various situations in athletes. These practices do not require surgical intervention and accelerate the recovery process of athletes. Here is an overview of which orthopedic non-surgical procedures can be applied in which situations:<\/p>\n<ul>\n<li><strong> Minor Injuries and Pains in Athletes: <\/strong>In cases of minor injuries, sprains, strains or muscle strains that are common in athletes, orthopedic non-surgical treatments are preferred. These practices include medical treatments (anti-inflammatory drugs, steroid injections), physical therapy and exercise programs.<\/li>\n<\/ul>\t\t\t\t\t\t\t\t<\/div>\n\t\t\t\t<\/div>\n\t\t\t\t\t<\/div>\n\t\t\t\t<\/div>\n\t\t\t\t<div class=\"elementor-element elementor-element-149268da elementor-widget elementor-widget-text-editor\" data-id=\"149268da\" data-element_type=\"widget\" data-e-type=\"widget\" data-widget_type=\"text-editor.default\">\n\t\t\t\t<div class=\"elementor-widget-container\">\n\t\t\t\t\t\t\t\t\t<ul>\n<li><strong> Overuse Injuries in Athletes: <\/strong>Orthopedic non-surgical treatments may be effective in cases of injuries experienced by athletes as a result of overuse, especially tendonitis or stress fractures. These cases are treated with appropriate rest, physical therapy and rehabilitation programs.<\/li>\n<li><strong> Inflammatory Conditions in Athletes: <\/strong>Inflammatory conditions such as tendonitis, bursitis or peritendonitis can be treated with medical treatments (anti-inflammatory drugs, PRP therapy), physical therapy and exercise programs. With these methods, which do not require surgical intervention, inflammation is controlled and the healing process is accelerated.<\/li>\n<li><strong> Performance Increase and Protection in Athletes: <\/strong>Orthopedic non-surgical treatments can also be used to increase performance and reduce the risk of injury in athletes. These practices may include special exercise programs for the athlete, strength training, balance and coordination exercises.<\/li>\n<li><strong> Rehabilitation and Injury Prevention in Athletes: <\/strong>Orthopedic non-surgical treatments are important for the rehabilitation of injuries in athletes and the prevention of future injuries. Physical therapy, exercise regimens, and ergonomics counseling can be used to maintain athletes&#8217; health and improve their performance.<\/li>\n<\/ul>\n<p>\u00a0<\/p>\n<p>As MSM Clinic, we work with our expert team to determine situations in which orthopedic non-surgery is appropriate for athletes and to create the most effective treatment plan. By adopting a personalized approach for each athlete, we support healthy recovery and increased performance in athletes.<\/p>\t\t\t\t\t\t\t\t<\/div>\n\t\t\t\t<\/div>\n\t\t\t\t<div class=\"elementor-element elementor-element-459693b0 elementor-mobile-align-justify elementor-widget__width-auto elementor-align-left elementor-widget elementor-widget-button\" data-id=\"459693b0\" data-element_type=\"widget\" data-e-type=\"widget\" data-widget_type=\"button.default\">\n\t\t\t\t<div class=\"elementor-widget-container\">\n\t\t\t\t\t\t\t\t\t<div class=\"elementor-button-wrapper\">\n\t\t\t\t\t<a class=\"elementor-button elementor-button-link elementor-size-sm\" href=\"#elementor-action%3Aaction%3Dpopup%3Aopen%26settings%3DeyJpZCI6NzA3NiwidG9nZ2xlIjpmYWxzZX0%3D\">\n\t\t\t\t\t\t<span class=\"elementor-button-content-wrapper\">\n\t\t\t\t\t\t\t\t\t<span class=\"elementor-button-text\">More Information<\/span>\n\t\t\t\t\t<\/span>\n\t\t\t\t\t<\/a>\n\t\t\t\t<\/div>\n\t\t\t\t\t\t\t\t<\/div>\n\t\t\t\t<\/div>\n\t\t\t\t\t<\/div>\n\t\t\t\t<\/div>\n\t\t\t\t<\/div>\n\t\t","protected":false},"excerpt":{"rendered":"<p>What are the Orthopedic Non-Surgery Treatments for Athletes? In Which Situations Are Orthopedic Non-Surgical Treatments Applied to Athletes? What are the Orthopedic Non-Surgery Treatments for Athletes? As MSM Clinic, we offer athletes an effective treatment approach without orthopedic surgery. These practices do not require surgery and accelerate the recovery process of athletes. Here are the [&hellip;]<\/p>\n","protected":false},"author":1,"featured_media":0,"parent":0,"menu_order":0,"comment_status":"closed","ping_status":"closed","template":"","meta":{"footnotes":""},"class_list":["post-8914","page","type-page","status-publish","hentry"],"_links":{"self":[{"href":"https:\/\/msmklinik.com.tr\/en\/wp-json\/wp\/v2\/pages\/8914","targetHints":{"allow":["GET"]}}],"collection":[{"href":"https:\/\/msmklinik.com.tr\/en\/wp-json\/wp\/v2\/pages"}],"about":[{"href":"https:\/\/msmklinik.com.tr\/en\/wp-json\/wp\/v2\/types\/page"}],"author":[{"embeddable":true,"href":"https:\/\/msmklinik.com.tr\/en\/wp-json\/wp\/v2\/users\/1"}],"replies":[{"embeddable":true,"href":"https:\/\/msmklinik.com.tr\/en\/wp-json\/wp\/v2\/comments?post=8914"}],"version-history":[{"count":4,"href":"https:\/\/msmklinik.com.tr\/en\/wp-json\/wp\/v2\/pages\/8914\/revisions"}],"predecessor-version":[{"id":8920,"href":"https:\/\/msmklinik.com.tr\/en\/wp-json\/wp\/v2\/pages\/8914\/revisions\/8920"}],"wp:attachment":[{"href":"https:\/\/msmklinik.com.tr\/en\/wp-json\/wp\/v2\/media?parent=8914"}],"curies":[{"name":"wp","href":"https:\/\/api.w.org\/{rel}","templated":true}]}}