{"id":9559,"date":"2023-05-31T13:16:01","date_gmt":"2023-05-31T10:16:01","guid":{"rendered":"https:\/\/msmklinik.com.tr\/?page_id=9559"},"modified":"2024-05-15T11:08:55","modified_gmt":"2024-05-15T08:08:55","slug":"shoulder-dislocation","status":"publish","type":"page","link":"https:\/\/msmklinik.com.tr\/en\/shoulder-dislocation\/","title":{"rendered":"Shoulder Dislocation"},"content":{"rendered":"\t\t<div data-elementor-type=\"wp-page\" data-elementor-id=\"9559\" class=\"elementor elementor-9559 elementor-4456\" data-elementor-post-type=\"page\">\n\t\t\t\t<div class=\"elementor-element elementor-element-468990c4 e-flex e-con-boxed e-con e-parent\" data-id=\"468990c4\" data-element_type=\"container\" data-e-type=\"container\">\n\t\t\t\t\t<div class=\"e-con-inner\">\n\t\t\t\t<div class=\"elementor-element elementor-element-6fb18810 elementor-icon-list--layout-traditional elementor-list-item-link-full_width elementor-widget elementor-widget-icon-list\" data-id=\"6fb18810\" data-element_type=\"widget\" data-e-type=\"widget\" data-widget_type=\"icon-list.default\">\n\t\t\t\t<div class=\"elementor-widget-container\">\n\t\t\t\t\t\t\t<ul class=\"elementor-icon-list-items\">\n\t\t\t\t\t\t\t<li class=\"elementor-icon-list-item\">\n\t\t\t\t\t\t\t\t\t\t\t<a href=\"#1\">\n\n\t\t\t\t\t\t\t\t\t\t\t\t<span class=\"elementor-icon-list-icon\">\n\t\t\t\t\t\t\t<svg aria-hidden=\"true\" class=\"e-font-icon-svg e-fas-angle-right\" viewBox=\"0 0 256 512\" xmlns=\"http:\/\/www.w3.org\/2000\/svg\"><path d=\"M224.3 273l-136 136c-9.4 9.4-24.6 9.4-33.9 0l-22.6-22.6c-9.4-9.4-9.4-24.6 0-33.9l96.4-96.4-96.4-96.4c-9.4-9.4-9.4-24.6 0-33.9L54.3 103c9.4-9.4 24.6-9.4 33.9 0l136 136c9.5 9.4 9.5 24.6.1 34z\"><\/path><\/svg>\t\t\t\t\t\t<\/span>\n\t\t\t\t\t\t\t\t\t\t<span class=\"elementor-icon-list-text\">What is Shoulder Dislocation? Why Does It Happen?<\/span>\n\t\t\t\t\t\t\t\t\t\t\t<\/a>\n\t\t\t\t\t\t\t\t\t<\/li>\n\t\t\t\t\t\t\t\t<li class=\"elementor-icon-list-item\">\n\t\t\t\t\t\t\t\t\t\t\t<a href=\"#2\">\n\n\t\t\t\t\t\t\t\t\t\t\t\t<span class=\"elementor-icon-list-icon\">\n\t\t\t\t\t\t\t<svg aria-hidden=\"true\" class=\"e-font-icon-svg e-fas-angle-right\" viewBox=\"0 0 256 512\" xmlns=\"http:\/\/www.w3.org\/2000\/svg\"><path d=\"M224.3 273l-136 136c-9.4 9.4-24.6 9.4-33.9 0l-22.6-22.6c-9.4-9.4-9.4-24.6 0-33.9l96.4-96.4-96.4-96.4c-9.4-9.4-9.4-24.6 0-33.9L54.3 103c9.4-9.4 24.6-9.4 33.9 0l136 136c9.5 9.4 9.5 24.6.1 34z\"><\/path><\/svg>\t\t\t\t\t\t<\/span>\n\t\t\t\t\t\t\t\t\t\t<span class=\"elementor-icon-list-text\">How is Shoulder Dislocation Treated?<\/span>\n\t\t\t\t\t\t\t\t\t\t\t<\/a>\n\t\t\t\t\t\t\t\t\t<\/li>\n\t\t\t\t\t\t<\/ul>\n\t\t\t\t\t\t<\/div>\n\t\t\t\t<\/div>\n\t\t\t\t\t<\/div>\n\t\t\t\t<\/div>\n\t\t<div class=\"elementor-element elementor-element-5263af8a e-flex e-con-boxed e-con e-parent\" data-id=\"5263af8a\" data-element_type=\"container\" data-e-type=\"container\">\n\t\t\t\t\t<div class=\"e-con-inner\">\n\t\t<div class=\"elementor-element elementor-element-22b70082 e-con-full e-flex e-con e-child\" data-id=\"22b70082\" data-element_type=\"container\" data-e-type=\"container\">\n\t\t\t\t<div class=\"elementor-element elementor-element-10936c4e elementor-widget elementor-widget-heading\" data-id=\"10936c4e\" data-element_type=\"widget\" data-e-type=\"widget\" id=\"1\" data-widget_type=\"heading.default\">\n\t\t\t\t<div class=\"elementor-widget-container\">\n\t\t\t\t\t<h2 class=\"elementor-heading-title elementor-size-default\">What is Shoulder Dislocation? <b>Why Does It Happen?<\/b><\/h2>\t\t\t\t<\/div>\n\t\t\t\t<\/div>\n\t\t\t\t<div class=\"elementor-element elementor-element-316f35e8 elementor-widget elementor-widget-text-editor\" data-id=\"316f35e8\" data-element_type=\"widget\" data-e-type=\"widget\" data-widget_type=\"text-editor.default\">\n\t\t\t\t<div class=\"elementor-widget-container\">\n\t\t\t\t\t\t\t\t\t<p>Shoulder dislocation is a condition in which the shoulder joint moves out of its normal position. This condition means that the bones in the shoulder joint (upper arm bone and shoulder blade) move or move out of their normal positions. Shoulder dislocation can usually occur as a result of trauma, the impact of a sudden force, or weakness of the muscles around the shoulder joint.<\/p><p>The most common type of shoulder dislocation is the anterior shoulder dislocation. This means that the humerus bone, located in the front of the shoulder, slides over the shoulder blade. Posterior and lower shoulder dislocations can also occur, but these are less common.<\/p><p>Traumatic shoulder dislocation usually occurs during sports activities or as a result of accidents. For example, contact sports such as football, basketball, skiing or falls can lead to shoulder dislocations. Additionally, lifting weights suddenly or receiving a sudden blow to the shoulder may also cause shoulder dislocation.<\/p><p>Recurrence of shoulder dislocation is also common. In this case, people with shoulder dislocations have poor shoulder joint stability and their shoulders may dislocate repeatedly.<\/p>\t\t\t\t\t\t\t\t<\/div>\n\t\t\t\t<\/div>\n\t\t\t\t<\/div>\n\t\t<div class=\"elementor-element elementor-element-68982c37 e-flex e-con-boxed e-con e-child\" data-id=\"68982c37\" data-element_type=\"container\" data-e-type=\"container\">\n\t\t\t\t\t<div class=\"e-con-inner\">\n\t\t\t\t<div class=\"elementor-element elementor-element-557136c4 elementor-widget elementor-widget-image\" data-id=\"557136c4\" data-element_type=\"widget\" data-e-type=\"widget\" data-widget_type=\"image.default\">\n\t\t\t\t<div class=\"elementor-widget-container\">\n\t\t\t\t\t\t\t\t\t\t\t\t\t\t\t<img fetchpriority=\"high\" decoding=\"async\" width=\"800\" height=\"800\" src=\"http:\/\/msmklinik.com.tr\/wp-content\/uploads\/2024\/05\/Omuz-Cikigi-1024x1024.jpg\" class=\"attachment-large size-large wp-image-9528\" alt=\"Omuz \u00c7\u0131k\u0131\u011f\u0131 Msm Klinik\" srcset=\"http:\/\/msmklinik.com.tr\/wp-content\/uploads\/2024\/05\/Omuz-Cikigi-1024x1024.jpg 1024w, http:\/\/msmklinik.com.tr\/wp-content\/uploads\/2024\/05\/Omuz-Cikigi-300x300.jpg 300w, http:\/\/msmklinik.com.tr\/wp-content\/uploads\/2024\/05\/Omuz-Cikigi-150x150.jpg 150w, http:\/\/msmklinik.com.tr\/wp-content\/uploads\/2024\/05\/Omuz-Cikigi-768x768.jpg 768w, http:\/\/msmklinik.com.tr\/wp-content\/uploads\/2024\/05\/Omuz-Cikigi.jpg 1200w\" sizes=\"(max-width: 800px) 100vw, 800px\" \/>\t\t\t\t\t\t\t\t\t\t\t\t\t\t\t<\/div>\n\t\t\t\t<\/div>\n\t\t\t\t\t<\/div>\n\t\t\t\t<\/div>\n\t\t\t\t\t<\/div>\n\t\t\t\t<\/div>\n\t\t<div class=\"elementor-element elementor-element-2d616c3 e-flex e-con-boxed e-con e-parent\" data-id=\"2d616c3\" data-element_type=\"container\" data-e-type=\"container\">\n\t\t\t\t\t<div class=\"e-con-inner\">\n\t\t\t\t<div class=\"elementor-element elementor-element-504c1f60 elementor-widget elementor-widget-text-editor\" data-id=\"504c1f60\" data-element_type=\"widget\" data-e-type=\"widget\" data-widget_type=\"text-editor.default\">\n\t\t\t\t<div class=\"elementor-widget-container\">\n\t\t\t\t\t\t\t\t\t<p>When we, MSM Clinic, evaluate shoulder dislocation cases, we take into account the patient&#8217;s past trauma history and make the correct diagnosis by performing a physical examination of the shoulder. Imaging tests such as x-ray, magnetic resonance imaging (MRI) or computed tomography (CT) may also be used when necessary. Treatment options may include surgery, physical therapy, use of a sling or splint to stabilize the shoulder, and muscle strengthening exercises. Our goal is to provide the most effective treatment plan to help our patients live healthy and active lives.<\/p>\t\t\t\t\t\t\t\t<\/div>\n\t\t\t\t<\/div>\n\t\t\t\t\t<\/div>\n\t\t\t\t<\/div>\n\t\t<div class=\"elementor-element elementor-element-445fed9f e-flex e-con-boxed e-con e-parent\" data-id=\"445fed9f\" data-element_type=\"container\" data-e-type=\"container\">\n\t\t\t\t\t<div class=\"e-con-inner\">\n\t\t\t\t<div class=\"elementor-element elementor-element-fadc98e elementor-mobile-align-justify elementor-widget__width-auto elementor-align-left elementor-widget elementor-widget-button\" data-id=\"fadc98e\" data-element_type=\"widget\" data-e-type=\"widget\" data-widget_type=\"button.default\">\n\t\t\t\t<div class=\"elementor-widget-container\">\n\t\t\t\t\t\t\t\t\t<div class=\"elementor-button-wrapper\">\n\t\t\t\t\t<a class=\"elementor-button elementor-button-link elementor-size-sm\" href=\"#elementor-action%3Aaction%3Dpopup%3Aopen%26settings%3DeyJpZCI6NzA3NiwidG9nZ2xlIjpmYWxzZX0%3D\">\n\t\t\t\t\t\t<span class=\"elementor-button-content-wrapper\">\n\t\t\t\t\t\t\t\t\t<span class=\"elementor-button-text\">More Information<\/span>\n\t\t\t\t\t<\/span>\n\t\t\t\t\t<\/a>\n\t\t\t\t<\/div>\n\t\t\t\t\t\t\t\t<\/div>\n\t\t\t\t<\/div>\n\t\t\t\t\t<\/div>\n\t\t\t\t<\/div>\n\t\t<div class=\"elementor-element elementor-element-57c2a3b5 e-flex e-con-boxed e-con e-parent\" data-id=\"57c2a3b5\" data-element_type=\"container\" data-e-type=\"container\">\n\t\t\t\t\t<div class=\"e-con-inner\">\n\t\t\t\t<div class=\"elementor-element elementor-element-2c4fd073 elementor-widget elementor-widget-heading\" data-id=\"2c4fd073\" data-element_type=\"widget\" data-e-type=\"widget\" id=\"2\" data-widget_type=\"heading.default\">\n\t\t\t\t<div class=\"elementor-widget-container\">\n\t\t\t\t\t<h2 class=\"elementor-heading-title elementor-size-default\">How is <b>Shoulder Dislocation Treated?<\/b><\/h2>\t\t\t\t<\/div>\n\t\t\t\t<\/div>\n\t\t\t\t<div class=\"elementor-element elementor-element-57d77a03 elementor-widget elementor-widget-text-editor\" data-id=\"57d77a03\" data-element_type=\"widget\" data-e-type=\"widget\" data-widget_type=\"text-editor.default\">\n\t\t\t\t<div class=\"elementor-widget-container\">\n\t\t\t\t\t\t\t\t\t<p><a href=\"https:\/\/msmklinik.com.tr\/wp-content\/uploads\/2024\/05\/Omuz-Cikigi-2.webp\"><img decoding=\"async\" class=\"alignright wp-image-9543\" src=\"https:\/\/msmklinik.com.tr\/wp-content\/uploads\/2024\/05\/Omuz-Cikigi-2-683x1024.webp\" alt=\"Omuz \u00c7\u0131k\u0131\u011f\u0131 Tedavisi\" width=\"450\" height=\"675\" srcset=\"https:\/\/msmklinik.com.tr\/wp-content\/uploads\/2024\/05\/Omuz-Cikigi-2-683x1024.webp 683w, https:\/\/msmklinik.com.tr\/wp-content\/uploads\/2024\/05\/Omuz-Cikigi-2-200x300.webp 200w, https:\/\/msmklinik.com.tr\/wp-content\/uploads\/2024\/05\/Omuz-Cikigi-2-768x1152.webp 768w, https:\/\/msmklinik.com.tr\/wp-content\/uploads\/2024\/05\/Omuz-Cikigi-2-1024x1536.webp 1024w, https:\/\/msmklinik.com.tr\/wp-content\/uploads\/2024\/05\/Omuz-Cikigi-2-1366x2048.webp 1366w, https:\/\/msmklinik.com.tr\/wp-content\/uploads\/2024\/05\/Omuz-Cikigi-2.webp 1707w\" sizes=\"(max-width: 450px) 100vw, 450px\" \/><\/a><\/p><p>Treatment of shoulder dislocation may vary depending on the type of dislocation, its severity, and the patient&#8217;s general health condition. Treatment usually begins with conservative methods, and surgical intervention is preferred only when necessary. Here are the treatment options for shoulder dislocation:<\/p><p>Conservative Treatment:<\/p><p>Replacement (Reduction): When the shoulder is dislocated, replacement may be performed by the doctor to return the shoulder to its normal position. This procedure is an emergency and can relieve the patient&#8217;s pain.<\/p><p>Rest: Patients suffering from shoulder dislocation may be advised to rest for a period of time to protect their shoulders and promote healing. This may often involve the use of a sling.<\/p><p>Medications: Medications such as nonsteroidal anti-inflammatory drugs (NSAIDs) may be prescribed to keep pain and inflammation under control.<\/p><p>Physical Therapy: Physical therapy programs can be applied to strengthen the shoulder, increase its flexibility and restore its function.<\/p><p>Surgical treatment:<\/p><p>Arthroscopic Surgery: In cases of recurrence or severe cases of shoulder dislocation, arthroscopic surgery may be performed. In this method, the procedure is performed by inserting a thin camera (arthroscope) and surgical instruments into the shoulder through small incisions. This makes it easier to see and correct the internal structure of the shoulder.<\/p><p>Open Surgery: Rarely, open surgery may be required for complex or recurrent shoulder dislocations. In this case, the surgeon has direct access to the shoulder joint and makes the necessary repairs. It is generally applied to patients with excessive bone loss.<\/p><p>The treatment plan is determined according to the individual needs of the patient and the characteristics of the shoulder dislocation. As MSM Clinic, we create a special treatment plan for each patient and help our patients heal their shoulders in a healthy way.<\/p>\t\t\t\t\t\t\t\t<\/div>\n\t\t\t\t<\/div>\n\t\t\t\t<div class=\"elementor-element elementor-element-3e772c1 elementor-mobile-align-justify elementor-widget__width-auto elementor-align-left elementor-widget elementor-widget-button\" data-id=\"3e772c1\" data-element_type=\"widget\" data-e-type=\"widget\" data-widget_type=\"button.default\">\n\t\t\t\t<div class=\"elementor-widget-container\">\n\t\t\t\t\t\t\t\t\t<div class=\"elementor-button-wrapper\">\n\t\t\t\t\t<a class=\"elementor-button elementor-button-link elementor-size-sm\" href=\"#elementor-action%3Aaction%3Dpopup%3Aopen%26settings%3DeyJpZCI6NzA3NiwidG9nZ2xlIjpmYWxzZX0%3D\">\n\t\t\t\t\t\t<span class=\"elementor-button-content-wrapper\">\n\t\t\t\t\t\t\t\t\t<span class=\"elementor-button-text\">More Information<\/span>\n\t\t\t\t\t<\/span>\n\t\t\t\t\t<\/a>\n\t\t\t\t<\/div>\n\t\t\t\t\t\t\t\t<\/div>\n\t\t\t\t<\/div>\n\t\t\t\t\t<\/div>\n\t\t\t\t<\/div>\n\t\t\t\t<\/div>\n\t\t","protected":false},"excerpt":{"rendered":"<p>What is Shoulder Dislocation? Why Does It Happen? How is Shoulder Dislocation Treated? What is Shoulder Dislocation? Why Does It Happen? Shoulder dislocation is a condition in which the shoulder joint moves out of its normal position. This condition means that the bones in the shoulder joint (upper arm bone and shoulder blade) move or [&hellip;]<\/p>\n","protected":false},"author":1,"featured_media":9528,"parent":0,"menu_order":0,"comment_status":"closed","ping_status":"closed","template":"","meta":{"footnotes":""},"class_list":["post-9559","page","type-page","status-publish","has-post-thumbnail","hentry"],"_links":{"self":[{"href":"https:\/\/msmklinik.com.tr\/en\/wp-json\/wp\/v2\/pages\/9559","targetHints":{"allow":["GET"]}}],"collection":[{"href":"https:\/\/msmklinik.com.tr\/en\/wp-json\/wp\/v2\/pages"}],"about":[{"href":"https:\/\/msmklinik.com.tr\/en\/wp-json\/wp\/v2\/types\/page"}],"author":[{"embeddable":true,"href":"https:\/\/msmklinik.com.tr\/en\/wp-json\/wp\/v2\/users\/1"}],"replies":[{"embeddable":true,"href":"https:\/\/msmklinik.com.tr\/en\/wp-json\/wp\/v2\/comments?post=9559"}],"version-history":[{"count":7,"href":"https:\/\/msmklinik.com.tr\/en\/wp-json\/wp\/v2\/pages\/9559\/revisions"}],"predecessor-version":[{"id":9567,"href":"https:\/\/msmklinik.com.tr\/en\/wp-json\/wp\/v2\/pages\/9559\/revisions\/9567"}],"wp:featuredmedia":[{"embeddable":true,"href":"https:\/\/msmklinik.com.tr\/en\/wp-json\/wp\/v2\/media\/9528"}],"wp:attachment":[{"href":"https:\/\/msmklinik.com.tr\/en\/wp-json\/wp\/v2\/media?parent=9559"}],"curies":[{"name":"wp","href":"https:\/\/api.w.org\/{rel}","templated":true}]}}